{"id":613,"date":"2026-01-14T02:10:35","date_gmt":"2026-01-14T02:10:35","guid":{"rendered":"https:\/\/www.qingfaceramic.com\/?post_type=product&#038;p=613"},"modified":"2026-01-31T02:37:44","modified_gmt":"2026-01-31T02:37:44","slug":"custom-coffee-mug-sets-arabic-handmade-ceramic","status":"publish","type":"product","link":"https:\/\/www.qingfaceramic.com\/de\/produkt\/custom-coffee-mug-sets-arabic-handmade-ceramic\/","title":{"rendered":"Benutzerdefinierte Kaffeebecher Sets Arabisch Handmade Keramik Espresso Cup Set"},"content":{"rendered":"<h2 class=\"wp-block-heading\">Merkmale der individuellen Kaffeebecher-Sets<\/h2>\n\n\n\n<div class=\"wp-block-columns is-layout-flex wp-container-core-columns-is-layout-9d6595d7 wp-block-columns-is-layout-flex\">\n<div class=\"wp-block-column is-layout-flow wp-block-column-is-layout-flow\">\n<ol class=\"wp-block-list\">\n<li><strong>Authentisches arabisches handgefertigtes Design<\/strong> - Jedes Tassenset zeigt traditionelles nah\u00f6stliches Design mit handgefertigtem Charme, ideal f\u00fcr kulturell reiche M\u00e4rkte und hochwertige Kollektionen.<\/li>\n\n\n\n<li><strong>Individuelle Kaffeebecher-Sets<\/strong> - Die Unterst\u00fctzung f\u00fcr den individuellen Logodruck und die Erstellung von Mustern bietet Gro\u00dfh\u00e4ndlern und Firmenkunden einzigartige M\u00f6glichkeiten der Markenbildung.<\/li>\n\n\n\n<li><strong>Hochwertige keramische Konstruktion<\/strong> - Aus hochwertigem Keramikmaterial hergestellt, lebensmittelecht und langlebig f\u00fcr den t\u00e4glichen Gebrauch in Caf\u00e9s und Gastronomiebetrieben.<\/li>\n\n\n\n<li><strong>Vielseitige Verwendung<\/strong> - Ideal zum Servieren von Espresso, arabischem Kaffee, Tee oder anderen Getr\u00e4nken in Hotels, Restaurants und bei kulturellen Veranstaltungen.<\/li>\n\n\n\n<li><strong>OEM\/ODM-F\u00e4higkeit<\/strong> - Flexible Anpassungsm\u00f6glichkeiten, einschlie\u00dflich Druck, Farbe und Verpackung, die auf Ihre Markenanforderungen zugeschnitten sind.<\/li>\n\n\n\n<li><strong>Ideal f\u00fcr Gro\u00dfbestellungen<\/strong> - Konzipiert f\u00fcr den Gro\u00dfhandel und Gro\u00dfbestellungen, um Einzelh\u00e4ndlern und Importeuren eine gleichbleibende Qualit\u00e4t und Lieferung zu gew\u00e4hrleisten.<\/li>\n<\/ol>\n\n\n\n<figure class=\"wp-block-image size-full\"><img decoding=\"async\" width=\"1230\" height=\"842\" src=\"https:\/\/www.qingfaceramic.com\/wp-content\/uploads\/2026\/01\/Custom-Coffee-Mug-Sets8.webp\" alt=\"individuelle Kaffeebecher-Sets6\" class=\"wp-image-618\" srcset=\"https:\/\/www.qingfaceramic.com\/wp-content\/uploads\/2026\/01\/Custom-Coffee-Mug-Sets8.webp 1230w, https:\/\/www.qingfaceramic.com\/wp-content\/uploads\/2026\/01\/Custom-Coffee-Mug-Sets8-300x205.webp 300w, https:\/\/www.qingfaceramic.com\/wp-content\/uploads\/2026\/01\/Custom-Coffee-Mug-Sets8-768x526.webp 768w, https:\/\/www.qingfaceramic.com\/wp-content\/uploads\/2026\/01\/Custom-Coffee-Mug-Sets8-1200x821.webp 1200w, https:\/\/www.qingfaceramic.com\/wp-content\/uploads\/2026\/01\/Custom-Coffee-Mug-Sets8-600x411.webp 600w\" sizes=\"(max-width: 1230px) 100vw, 1230px\" \/><\/figure>\n<\/div>\n\n\n\n<div class=\"wp-block-column is-layout-flow wp-block-column-is-layout-flow\">\n<figure class=\"wp-block-image size-full\"><img decoding=\"async\" width=\"1358\" height=\"1480\" src=\"https:\/\/www.qingfaceramic.com\/wp-content\/uploads\/2026\/01\/custom-coffee-mug-sets6.webp\" alt=\"individuelle Kaffeebecher-Sets6\" class=\"wp-image-617\" srcset=\"https:\/\/www.qingfaceramic.com\/wp-content\/uploads\/2026\/01\/custom-coffee-mug-sets6.webp 1358w, https:\/\/www.qingfaceramic.com\/wp-content\/uploads\/2026\/01\/custom-coffee-mug-sets6-275x300.webp 275w, https:\/\/www.qingfaceramic.com\/wp-content\/uploads\/2026\/01\/custom-coffee-mug-sets6-768x837.webp 768w, https:\/\/www.qingfaceramic.com\/wp-content\/uploads\/2026\/01\/custom-coffee-mug-sets6-1200x1308.webp 1200w, https:\/\/www.qingfaceramic.com\/wp-content\/uploads\/2026\/01\/custom-coffee-mug-sets6-600x654.webp 600w\" sizes=\"(max-width: 1358px) 100vw, 1358px\" \/><\/figure>\n\n\n\n<figure class=\"wp-block-image size-full\"><img decoding=\"async\" width=\"750\" height=\"531\" src=\"https:\/\/www.qingfaceramic.com\/wp-content\/uploads\/2026\/01\/custom-ceramic-coffee-mug6.webp\" alt=\"individuelle Keramik-Kaffeetasse6\" class=\"wp-image-609\" srcset=\"https:\/\/www.qingfaceramic.com\/wp-content\/uploads\/2026\/01\/custom-ceramic-coffee-mug6.webp 750w, https:\/\/www.qingfaceramic.com\/wp-content\/uploads\/2026\/01\/custom-ceramic-coffee-mug6-300x212.webp 300w, https:\/\/www.qingfaceramic.com\/wp-content\/uploads\/2026\/01\/custom-ceramic-coffee-mug6-600x425.webp 600w\" sizes=\"(max-width: 750px) 100vw, 750px\" \/><\/figure>\n<\/div>\n<\/div>\n\n\n\n<div class=\"wp-block-columns is-layout-flex wp-container-core-columns-is-layout-9d6595d7 wp-block-columns-is-layout-flex\">\n<div class=\"wp-block-column is-layout-flow wp-block-column-is-layout-flow\">\n<figure class=\"wp-block-image size-full\"><img decoding=\"async\" width=\"750\" height=\"582\" src=\"https:\/\/www.qingfaceramic.com\/wp-content\/uploads\/2026\/01\/custom-ceramic-coffee-mug8.webp\" alt=\"individuelle Keramik-Kaffeetasse8\" class=\"wp-image-611\" srcset=\"https:\/\/www.qingfaceramic.com\/wp-content\/uploads\/2026\/01\/custom-ceramic-coffee-mug8.webp 750w, https:\/\/www.qingfaceramic.com\/wp-content\/uploads\/2026\/01\/custom-ceramic-coffee-mug8-300x233.webp 300w, https:\/\/www.qingfaceramic.com\/wp-content\/uploads\/2026\/01\/custom-ceramic-coffee-mug8-600x466.webp 600w\" sizes=\"(max-width: 750px) 100vw, 750px\" \/><\/figure>\n<\/div>\n\n\n\n<div class=\"wp-block-column is-layout-flow wp-block-column-is-layout-flow\">\n<figure class=\"wp-block-image size-full\"><img decoding=\"async\" width=\"988\" height=\"988\" src=\"https:\/\/www.qingfaceramic.com\/wp-content\/uploads\/2026\/01\/Custom-Ceramic-Coffee-Mug1.webp\" alt=\"Individueller Keramik-Kaffeebecher1\" class=\"wp-image-608\" srcset=\"https:\/\/www.qingfaceramic.com\/wp-content\/uploads\/2026\/01\/Custom-Ceramic-Coffee-Mug1.webp 988w, https:\/\/www.qingfaceramic.com\/wp-content\/uploads\/2026\/01\/Custom-Ceramic-Coffee-Mug1-300x300.webp 300w, https:\/\/www.qingfaceramic.com\/wp-content\/uploads\/2026\/01\/Custom-Ceramic-Coffee-Mug1-150x150.webp 150w, https:\/\/www.qingfaceramic.com\/wp-content\/uploads\/2026\/01\/Custom-Ceramic-Coffee-Mug1-768x768.webp 768w, https:\/\/www.qingfaceramic.com\/wp-content\/uploads\/2026\/01\/Custom-Ceramic-Coffee-Mug1-600x600.webp 600w, https:\/\/www.qingfaceramic.com\/wp-content\/uploads\/2026\/01\/Custom-Ceramic-Coffee-Mug1-100x100.webp 100w\" sizes=\"(max-width: 988px) 100vw, 988px\" \/><\/figure>\n<\/div>\n<\/div>","protected":false},"excerpt":{"rendered":"<p>Werten Sie Ihr Getr\u00e4nkeangebot mit unseren individuellen Kaffeebechersets auf, die aus handgefertigten arabischen Keramik-Espressotassen mit individuell bedruckbaren Logos bestehen. Die aus hochwertiger Keramik und authentischen nah\u00f6stlichen Designelementen gefertigten Sets sind perfekt f\u00fcr Caf\u00e9s, Hotels, Souvenirl\u00e4den und den Einzelhandel mit OEM\/ODM-Unterst\u00fctzung.<\/p>\n<h2>Individuelle Kaffeebecher-Sets Parameter<\/h2>\n<table>\n<thead>\n<tr>\n<th>Hersteller<\/th>\n<th>Qingfa Keramiken<\/th>\n<\/tr>\n<\/thead>\n<tbody>\n<tr>\n<td>Produktname<\/td>\n<td>Arabische handgefertigte Keramik Espresso Tasse Set \/ Custom Kaffeebecher Sets<\/td>\n<\/tr>\n<tr>\n<td>Material<\/td>\n<td>Hochwertige Keramik<\/td>\n<\/tr>\n<tr>\n<td>Das Set enth\u00e4lt<\/td>\n<td>Mehrere Espressotassen (individuelle Konfiguration)<\/td>\n<\/tr>\n<tr>\n<td>Design \/ Stil<\/td>\n<td>Arabisches handgefertigtes Trinkgeschirr mit individuellem Druck\/Logo<\/td>\n<\/tr>\n<tr>\n<td>Oberfl\u00e4che<\/td>\n<td>Glatt glasierte Keramik, lebensmittelecht<\/td>\n<\/tr>\n<tr>\n<td>Farboptionen<\/td>\n<td>Individuelle Farbglasur\/Druck m\u00f6glich<\/td>\n<\/tr>\n<tr>\n<td>Personalisierung<\/td>\n<td>Logodruck, Entwurf von Druckvorlagen, Verpackung, OEM\/ODM<\/td>\n<\/tr>\n<tr>\n<td>Verwendung<\/td>\n<td>Espresso, arabischer Kaffee, Tee, Getr\u00e4nke f\u00fcr Caf\u00e9s, Hotels, Souvenirl\u00e4den, Einzelhandel<\/td>\n<\/tr>\n<tr>\n<td>Zertifizierungen<\/td>\n<td>FDA, LFGB, ISO (je nach Kundenanpassung)<\/td>\n<\/tr>\n<\/tbody>\n<\/table>\n<p>&nbsp;<\/p>","protected":false},"featured_media":614,"comment_status":"closed","ping_status":"closed","template":"","meta":{"_acf_changed":false},"market":[42],"product_brand":[],"product_cat":[17,28],"product_tag":[],"class_list":{"0":"post-613","1":"product","2":"type-product","3":"status-publish","4":"has-post-thumbnail","6":"market-middle-east-market","7":"product_cat-custom-coffee-cups","8":"product_cat-custom-coffee-mugs","10":"first","11":"instock","12":"shipping-taxable","13":"product-type-simple"},"acf":[],"_links":{"self":[{"href":"https:\/\/www.qingfaceramic.com\/de\/wp-json\/wp\/v2\/product\/613","targetHints":{"allow":["GET"]}}],"collection":[{"href":"https:\/\/www.qingfaceramic.com\/de\/wp-json\/wp\/v2\/product"}],"about":[{"href":"https:\/\/www.qingfaceramic.com\/de\/wp-json\/wp\/v2\/types\/product"}],"replies":[{"embeddable":true,"href":"https:\/\/www.qingfaceramic.com\/de\/wp-json\/wp\/v2\/comments?post=613"}],"wp:featuredmedia":[{"embeddable":true,"href":"https:\/\/www.qingfaceramic.com\/de\/wp-json\/wp\/v2\/media\/614"}],"wp:attachment":[{"href":"https:\/\/www.qingfaceramic.com\/de\/wp-json\/wp\/v2\/media?parent=613"}],"wp:term":[{"taxonomy":"market","embeddable":true,"href":"https:\/\/www.qingfaceramic.com\/de\/wp-json\/wp\/v2\/market?post=613"},{"taxonomy":"product_brand","embeddable":true,"href":"https:\/\/www.qingfaceramic.com\/de\/wp-json\/wp\/v2\/product_brand?post=613"},{"taxonomy":"product_cat","embeddable":true,"href":"https:\/\/www.qingfaceramic.com\/de\/wp-json\/wp\/v2\/product_cat?post=613"},{"taxonomy":"product_tag","embeddable":true,"href":"https:\/\/www.qingfaceramic.com\/de\/wp-json\/wp\/v2\/product_tag?post=613"}],"curies":[{"name":"wp","href":"https:\/\/api.w.org\/{rel}","templated":true}]}}