{"id":594,"date":"2026-01-14T01:07:49","date_gmt":"2026-01-14T01:07:49","guid":{"rendered":"https:\/\/www.qingfaceramic.com\/?post_type=product&#038;p=594"},"modified":"2026-01-31T02:30:20","modified_gmt":"2026-01-31T02:30:20","slug":"customized-ceramic-mugs-in-bulk","status":"publish","type":"product","link":"https:\/\/www.qingfaceramic.com\/de\/produkt\/customized-ceramic-mugs-in-bulk\/","title":{"rendered":"Customized Keramik Becher europ\u00e4ischen Donut Form Splash Ink Kaffeebecher in Bulk"},"content":{"rendered":"<h2 class=\"wp-block-heading\">Eigenschaften von kundenspezifischen Keramikbechern<\/h2>\n\n\n\n<div class=\"wp-block-columns is-layout-flex wp-container-core-columns-is-layout-9d6595d7 wp-block-columns-is-layout-flex\">\n<div class=\"wp-block-column is-layout-flow wp-block-column-is-layout-flow\">\n<ol class=\"wp-block-list\">\n<li><strong>Einzigartige europ\u00e4ische Donut-Form<\/strong> - Auff\u00e4lliges, von der europ\u00e4ischen \u00c4sthetik inspiriertes Design, das in Caf\u00e9s, Hotels und im Einzelhandel auff\u00e4llt.<\/li>\n\n\n\n<li><strong>Splash Ink Finish<\/strong> - Das k\u00fcnstlerische Spritzmuster verleiht jedem Becher einen kreativen Touch und macht ihn perfekt f\u00fcr Lifestyle-Getr\u00e4nkekollektionen.<\/li>\n\n\n\n<li><strong>Hochwertige keramische Konstruktion<\/strong> - Gefertigt aus hochwertigem Keramikmaterial f\u00fcr lange Haltbarkeit und Leistung im t\u00e4glichen Gebrauch.<\/li>\n\n\n\n<li><strong>Bequemer Handgriff<\/strong> - Das ergonomische Design des Griffs sorgt f\u00fcr einen sicheren und bequemen Halt w\u00e4hrend der Benutzung.<\/li>\n\n\n\n<li><strong>Kundenspezifische Optionen verf\u00fcgbar<\/strong> - Unterst\u00fctzt vollst\u00e4ndig <strong>OEM\/ODM-Anpassung<\/strong>, einschlie\u00dflich Logos, Aufkleber, Glasurfarben und Verpackungen f\u00fcr die Markenidentit\u00e4t.<\/li>\n\n\n\n<li><strong>Ideal f\u00fcr Gro\u00dfbestellungen<\/strong> - Konzipiert f\u00fcr die Belieferung von Caf\u00e9s, Gastronomiebetrieben und Einzelh\u00e4ndlern, die auf der Suche nach au\u00dfergew\u00f6hnlichem Trinkgeschirr sind.<\/li>\n<\/ol>\n\n\n\n<figure class=\"wp-block-image size-full\"><img decoding=\"async\" width=\"854\" height=\"854\" src=\"https:\/\/www.qingfaceramic.com\/wp-content\/uploads\/2026\/01\/Customized-Ceramic-Mugs-European-Donut-Shape-Splash-Ink-Coffee-Mug-in-Bulk8.webp\" alt=\"Customized Keramik Becher europ\u00e4ischen Donut Form Splash Ink Kaffeebecher in Bulk8\" class=\"wp-image-596\" srcset=\"https:\/\/www.qingfaceramic.com\/wp-content\/uploads\/2026\/01\/Customized-Ceramic-Mugs-European-Donut-Shape-Splash-Ink-Coffee-Mug-in-Bulk8.webp 854w, https:\/\/www.qingfaceramic.com\/wp-content\/uploads\/2026\/01\/Customized-Ceramic-Mugs-European-Donut-Shape-Splash-Ink-Coffee-Mug-in-Bulk8-300x300.webp 300w, https:\/\/www.qingfaceramic.com\/wp-content\/uploads\/2026\/01\/Customized-Ceramic-Mugs-European-Donut-Shape-Splash-Ink-Coffee-Mug-in-Bulk8-150x150.webp 150w, https:\/\/www.qingfaceramic.com\/wp-content\/uploads\/2026\/01\/Customized-Ceramic-Mugs-European-Donut-Shape-Splash-Ink-Coffee-Mug-in-Bulk8-768x768.webp 768w, https:\/\/www.qingfaceramic.com\/wp-content\/uploads\/2026\/01\/Customized-Ceramic-Mugs-European-Donut-Shape-Splash-Ink-Coffee-Mug-in-Bulk8-600x600.webp 600w, https:\/\/www.qingfaceramic.com\/wp-content\/uploads\/2026\/01\/Customized-Ceramic-Mugs-European-Donut-Shape-Splash-Ink-Coffee-Mug-in-Bulk8-100x100.webp 100w\" sizes=\"(max-width: 854px) 100vw, 854px\" \/><\/figure>\n<\/div>\n\n\n\n<div class=\"wp-block-column is-layout-flow wp-block-column-is-layout-flow\">\n<figure class=\"wp-block-image size-full\"><img decoding=\"async\" width=\"750\" height=\"1084\" src=\"https:\/\/www.qingfaceramic.com\/wp-content\/uploads\/2026\/01\/Customized-Ceramic-Mugs3.webp\" alt=\"Individuell gestaltete Keramikbecher3\" class=\"wp-image-597\" srcset=\"https:\/\/www.qingfaceramic.com\/wp-content\/uploads\/2026\/01\/Customized-Ceramic-Mugs3.webp 750w, https:\/\/www.qingfaceramic.com\/wp-content\/uploads\/2026\/01\/Customized-Ceramic-Mugs3-208x300.webp 208w, https:\/\/www.qingfaceramic.com\/wp-content\/uploads\/2026\/01\/Customized-Ceramic-Mugs3-600x867.webp 600w\" sizes=\"(max-width: 750px) 100vw, 750px\" \/><\/figure>\n\n\n\n<figure class=\"wp-block-image size-full\"><img decoding=\"async\" width=\"746\" height=\"382\" src=\"https:\/\/www.qingfaceramic.com\/wp-content\/uploads\/2026\/01\/Customized-Ceramic-Mugs9.webp\" alt=\"Individuell gestaltete Keramikbecher6\" class=\"wp-image-600\" srcset=\"https:\/\/www.qingfaceramic.com\/wp-content\/uploads\/2026\/01\/Customized-Ceramic-Mugs9.webp 746w, https:\/\/www.qingfaceramic.com\/wp-content\/uploads\/2026\/01\/Customized-Ceramic-Mugs9-300x154.webp 300w, https:\/\/www.qingfaceramic.com\/wp-content\/uploads\/2026\/01\/Customized-Ceramic-Mugs9-600x307.webp 600w\" sizes=\"(max-width: 746px) 100vw, 746px\" \/><\/figure>\n<\/div>\n<\/div>\n\n\n\n<div class=\"wp-block-columns is-layout-flex wp-container-core-columns-is-layout-9d6595d7 wp-block-columns-is-layout-flex\">\n<div class=\"wp-block-column is-layout-flow wp-block-column-is-layout-flow\">\n<figure class=\"wp-block-image size-full\"><img decoding=\"async\" width=\"750\" height=\"1694\" src=\"https:\/\/www.qingfaceramic.com\/wp-content\/uploads\/2026\/01\/Custom-Ceramic-Coffee-Mug-in-Bulk4.webp\" alt=\"Individueller Keramik-Kaffeebecher in Bulk4\" class=\"wp-image-591\" srcset=\"https:\/\/www.qingfaceramic.com\/wp-content\/uploads\/2026\/01\/Custom-Ceramic-Coffee-Mug-in-Bulk4.webp 750w, https:\/\/www.qingfaceramic.com\/wp-content\/uploads\/2026\/01\/Custom-Ceramic-Coffee-Mug-in-Bulk4-133x300.webp 133w, https:\/\/www.qingfaceramic.com\/wp-content\/uploads\/2026\/01\/Custom-Ceramic-Coffee-Mug-in-Bulk4-600x1355.webp 600w\" sizes=\"(max-width: 750px) 100vw, 750px\" \/><\/figure>\n<\/div>\n\n\n\n<div class=\"wp-block-column is-layout-flow wp-block-column-is-layout-flow\">\n<figure class=\"wp-block-image size-full\"><img decoding=\"async\" width=\"750\" height=\"1166\" src=\"https:\/\/www.qingfaceramic.com\/wp-content\/uploads\/2026\/01\/Custom-Ceramic-Coffee-Mug-in-Bulk5.webp\" alt=\"Individuelle Keramik-Kaffeebecher in Bulk5\" class=\"wp-image-592\" srcset=\"https:\/\/www.qingfaceramic.com\/wp-content\/uploads\/2026\/01\/Custom-Ceramic-Coffee-Mug-in-Bulk5.webp 750w, https:\/\/www.qingfaceramic.com\/wp-content\/uploads\/2026\/01\/Custom-Ceramic-Coffee-Mug-in-Bulk5-193x300.webp 193w, https:\/\/www.qingfaceramic.com\/wp-content\/uploads\/2026\/01\/Custom-Ceramic-Coffee-Mug-in-Bulk5-600x933.webp 600w\" sizes=\"(max-width: 750px) 100vw, 750px\" \/><\/figure>\n<\/div>\n<\/div>","protected":false},"excerpt":{"rendered":"<p>Entdecken Sie unsere individuell gestalteten Keramikbecher in einer von europ\u00e4ischen Donuts inspirierten Form mit Spritztinte-Akzenten. Dieser Kaffeebecher aus hochwertiger Keramik verbindet k\u00fcnstlerisches Design mit allt\u00e4glicher Funktionalit\u00e4t und ist ideal f\u00fcr Caf\u00e9s, Hotels, Einzelh\u00e4ndler und Marken-Gro\u00dfbestellungen mit OEM\/ODM-Anpassung.<\/p>\n<h2>Individuell gestaltete Keramikbecher Parameter<\/h2>\n<table style=\"border-collapse: collapse; width: 359.02pt;\" border=\"0\" width=\"359\" cellspacing=\"0\" cellpadding=\"0\">\n<tbody>\n<tr style=\"height: 17.75pt;\">\n<td class=\"et2\" style=\"height: 17.75pt; width: 139.95pt;\" width=\"139\" height=\"17\">Hersteller<\/td>\n<td class=\"et2\" style=\"width: 219.15pt;\" width=\"219\">Qingfa Keramiken<\/td>\n<\/tr>\n<tr style=\"height: 32.00pt;\">\n<td class=\"et2\" style=\"height: 32.00pt; width: 139.95pt;\" width=\"139\" height=\"32\">Produktname<\/td>\n<td class=\"et2\" style=\"width: 219.15pt;\" width=\"219\">Donut Form keramische Kaffeetasse \/ kundenspezifische keramische Tasse<\/td>\n<\/tr>\n<tr style=\"height: 32.00pt;\">\n<td class=\"et2\" style=\"height: 32.00pt; width: 139.95pt;\" width=\"139\" height=\"32\">Material<\/td>\n<td class=\"et2\" style=\"width: 219.15pt;\" width=\"219\">Hochwertige glasierte Keramik<\/td>\n<\/tr>\n<tr style=\"height: 32.00pt;\">\n<td class=\"et2\" style=\"height: 32.00pt; width: 139.95pt;\" width=\"139\" height=\"32\">Kapazit\u00e4t<\/td>\n<td class=\"et2\" style=\"width: 219.15pt;\" width=\"219\">Ca. 250 ml (anpassbar)<\/td>\n<\/tr>\n<tr style=\"height: 32.00pt;\">\n<td class=\"et2\" style=\"height: 32.00pt; width: 139.95pt;\" width=\"139\" height=\"32\">Design\/Gestaltung<\/td>\n<td class=\"et2\" style=\"width: 219.15pt;\" width=\"219\">Von europ\u00e4ischen Donuts inspirierte Form mit kunstvollen Farbspritzern<\/td>\n<\/tr>\n<tr style=\"height: 32.00pt;\">\n<td class=\"et2\" style=\"height: 32.00pt; width: 139.95pt;\" width=\"139\" height=\"32\">Oberfl\u00e4che<\/td>\n<td class=\"et2\" style=\"width: 219.15pt;\" width=\"219\">Handaufgetragene Spritztintenglasur, glatt und lebensmittelecht<\/td>\n<\/tr>\n<tr style=\"height: 32.00pt;\">\n<td class=\"et2\" style=\"height: 32.00pt; width: 139.95pt;\" width=\"139\" height=\"32\">Farboptionen<\/td>\n<td class=\"et2\" style=\"width: 219.15pt;\" width=\"219\">Wei\u00dfer Sockel mit Spritztinte, individuelle Farben m\u00f6glich<\/td>\n<\/tr>\n<tr style=\"height: 32.00pt;\">\n<td class=\"et2\" style=\"height: 32.00pt; width: 139.95pt;\" width=\"139\" height=\"32\">Handgriff<\/td>\n<td class=\"et2\" style=\"width: 219.15pt;\" width=\"219\">Ergonomischer Griff f\u00fcr bequemen Halt<\/td>\n<\/tr>\n<tr style=\"height: 32.00pt;\">\n<td class=\"et2\" style=\"height: 32.00pt; width: 139.95pt;\" width=\"139\" height=\"32\">Personalisierung<\/td>\n<td class=\"et2\" style=\"width: 219.15pt;\" width=\"219\">Logodruck, Musteranpassung, Glasurfarbe, Verpackung, OEM\/ODM<\/td>\n<\/tr>\n<tr style=\"height: 32.00pt;\">\n<td class=\"et2\" style=\"height: 32.00pt; width: 139.95pt;\" width=\"139\" height=\"32\">Verwendung<\/td>\n<td class=\"et2\" style=\"width: 219.15pt;\" width=\"219\">Kaffee, Tee und Getr\u00e4nke f\u00fcr Caf\u00e9s, Hotels, Einzelhandel und Markenkollektionen<\/td>\n<\/tr>\n<tr style=\"height: 32.00pt;\">\n<td class=\"et2\" style=\"height: 32.00pt; width: 139.95pt;\" width=\"139\" height=\"32\">Zertifizierungen<\/td>\n<td class=\"et2\" style=\"width: 219.15pt;\" width=\"219\">FDA, LFGB, ISO (je nach Kundenanpassung)<\/td>\n<\/tr>\n<\/tbody>\n<\/table>\n<p>&nbsp;<\/p>","protected":false},"featured_media":598,"comment_status":"closed","ping_status":"closed","template":"","meta":{"_acf_changed":false},"market":[],"product_brand":[],"product_cat":[17,28],"product_tag":[],"class_list":{"0":"post-594","1":"product","2":"type-product","3":"status-publish","4":"has-post-thumbnail","6":"product_cat-custom-coffee-cups","7":"product_cat-custom-coffee-mugs","9":"first","10":"instock","11":"shipping-taxable","12":"product-type-simple"},"acf":[],"_links":{"self":[{"href":"https:\/\/www.qingfaceramic.com\/de\/wp-json\/wp\/v2\/product\/594","targetHints":{"allow":["GET"]}}],"collection":[{"href":"https:\/\/www.qingfaceramic.com\/de\/wp-json\/wp\/v2\/product"}],"about":[{"href":"https:\/\/www.qingfaceramic.com\/de\/wp-json\/wp\/v2\/types\/product"}],"replies":[{"embeddable":true,"href":"https:\/\/www.qingfaceramic.com\/de\/wp-json\/wp\/v2\/comments?post=594"}],"wp:featuredmedia":[{"embeddable":true,"href":"https:\/\/www.qingfaceramic.com\/de\/wp-json\/wp\/v2\/media\/598"}],"wp:attachment":[{"href":"https:\/\/www.qingfaceramic.com\/de\/wp-json\/wp\/v2\/media?parent=594"}],"wp:term":[{"taxonomy":"market","embeddable":true,"href":"https:\/\/www.qingfaceramic.com\/de\/wp-json\/wp\/v2\/market?post=594"},{"taxonomy":"product_brand","embeddable":true,"href":"https:\/\/www.qingfaceramic.com\/de\/wp-json\/wp\/v2\/product_brand?post=594"},{"taxonomy":"product_cat","embeddable":true,"href":"https:\/\/www.qingfaceramic.com\/de\/wp-json\/wp\/v2\/product_cat?post=594"},{"taxonomy":"product_tag","embeddable":true,"href":"https:\/\/www.qingfaceramic.com\/de\/wp-json\/wp\/v2\/product_tag?post=594"}],"curies":[{"name":"wp","href":"https:\/\/api.w.org\/{rel}","templated":true}]}}