{"id":586,"date":"2026-01-15T02:14:28","date_gmt":"2026-01-15T02:14:28","guid":{"rendered":"https:\/\/www.qingfaceramic.com\/?post_type=product&#038;p=586"},"modified":"2026-01-31T03:17:09","modified_gmt":"2026-01-31T03:17:09","slug":"custom-ceramic-coffee-mug-in-bulk","status":"publish","type":"product","link":"https:\/\/www.qingfaceramic.com\/de\/produkt\/custom-ceramic-coffee-mug-in-bulk\/","title":{"rendered":"Kundenspezifische Keramik-Kaffeebecher in Bulk von Qingfa Ceramics, OEM\/ODM verf\u00fcgbar"},"content":{"rendered":"<h2 class=\"wp-block-heading\">Merkmale von Custom Ceramic Coffee Mug in Bulk<\/h2>\n\n\n\n<div class=\"wp-block-columns is-layout-flex wp-container-core-columns-is-layout-9d6595d7 wp-block-columns-is-layout-flex\">\n<div class=\"wp-block-column is-layout-flow wp-block-column-is-layout-flow\">\n<p><strong>Mikrowellen- und ofenfest Keramik<\/strong> - Die hitzebest\u00e4ndige Keramikkonstruktion erm\u00f6glicht sicheres Aufw\u00e4rmen und Garen in der Mikrowelle und im Backofen, ohne dass Risse oder Sch\u00e4den entstehen.<\/p>\n\n\n\n<p><strong>Dauerhafte Glasur-Oberfl\u00e4che<\/strong> - Die glatte, hochwertig glasierte Oberfl\u00e4che ist flecken- und verschlei\u00dfbest\u00e4ndig und eignet sich ideal f\u00fcr den h\u00e4ufigen t\u00e4glichen Gebrauch im gewerblichen Bereich.<\/p>\n\n\n\n<p><strong>Vielseitige Verwendung<\/strong> - Dieser Becher eignet sich f\u00fcr Kaffee, Tee, Wasser und andere Getr\u00e4nke und bew\u00e4hrt sich zuverl\u00e4ssig im Haushalt, in Hotels, Caf\u00e9s, B\u00fcros und im Gastgewerbe.<\/p>\n\n\n\n<p><strong>Stapelbares Design<\/strong> - Durchdachtes Design f\u00fcr platzsparende Aufbewahrung in K\u00fcchenschr\u00e4nken, Caf\u00e9s und Foodservice-Stationen.<\/p>\n\n\n\n<p><strong>Kundenspezifisches Branding verf\u00fcgbar<\/strong> - Unterst\u00fctzt OEM\/ODM-Services und kundenspezifische Logos\/Dekore f\u00fcr Gro\u00dfbestellungen, um Ihre Markenidentit\u00e4t zu st\u00e4rken.<\/p>\n\n\n\n<p><strong>Umweltfreundlich und lebensmittelecht<\/strong> - Hergestellt aus bleifreier Keramik mit einer sicheren Glasur, die ein gesundes Getr\u00e4nkeservice und ein ruhiges Gewissen garantiert.<\/p>\n\n\n\n<figure class=\"wp-block-image size-full\"><img decoding=\"async\" width=\"1496\" height=\"704\" src=\"https:\/\/www.qingfaceramic.com\/wp-content\/uploads\/2026\/01\/Custom-Ceramic-Coffee-Mug-in-Bulk7.webp\" alt=\"Individueller Keramik-Kaffeebecher in Bulk7\" class=\"wp-image-593\" srcset=\"https:\/\/www.qingfaceramic.com\/wp-content\/uploads\/2026\/01\/Custom-Ceramic-Coffee-Mug-in-Bulk7.webp 1496w, https:\/\/www.qingfaceramic.com\/wp-content\/uploads\/2026\/01\/Custom-Ceramic-Coffee-Mug-in-Bulk7-300x141.webp 300w, https:\/\/www.qingfaceramic.com\/wp-content\/uploads\/2026\/01\/Custom-Ceramic-Coffee-Mug-in-Bulk7-768x361.webp 768w, https:\/\/www.qingfaceramic.com\/wp-content\/uploads\/2026\/01\/Custom-Ceramic-Coffee-Mug-in-Bulk7-1200x565.webp 1200w, https:\/\/www.qingfaceramic.com\/wp-content\/uploads\/2026\/01\/Custom-Ceramic-Coffee-Mug-in-Bulk7-600x282.webp 600w\" sizes=\"(max-width: 1496px) 100vw, 1496px\" \/><\/figure>\n<\/div>\n\n\n\n<div class=\"wp-block-column is-layout-flow wp-block-column-is-layout-flow\">\n<figure class=\"wp-block-image size-full\"><img decoding=\"async\" width=\"750\" height=\"1128\" src=\"https:\/\/www.qingfaceramic.com\/wp-content\/uploads\/2026\/01\/Custom-Ceramic-Coffee-Mug-in-Bulk3.webp\" alt=\"Individuelle Keramik-Kaffeebecher in Bulk3\" class=\"wp-image-590\" srcset=\"https:\/\/www.qingfaceramic.com\/wp-content\/uploads\/2026\/01\/Custom-Ceramic-Coffee-Mug-in-Bulk3.webp 750w, https:\/\/www.qingfaceramic.com\/wp-content\/uploads\/2026\/01\/Custom-Ceramic-Coffee-Mug-in-Bulk3-199x300.webp 199w, https:\/\/www.qingfaceramic.com\/wp-content\/uploads\/2026\/01\/Custom-Ceramic-Coffee-Mug-in-Bulk3-600x902.webp 600w\" sizes=\"(max-width: 750px) 100vw, 750px\" \/><\/figure>\n<\/div>\n<\/div>\n\n\n\n<div class=\"wp-block-columns is-layout-flex wp-container-core-columns-is-layout-9d6595d7 wp-block-columns-is-layout-flex\">\n<div class=\"wp-block-column is-layout-flow wp-block-column-is-layout-flow\">\n<figure class=\"wp-block-image size-full\"><img decoding=\"async\" width=\"750\" height=\"1694\" src=\"https:\/\/www.qingfaceramic.com\/wp-content\/uploads\/2026\/01\/Custom-Ceramic-Coffee-Mug-in-Bulk4.webp\" alt=\"Individueller Keramik-Kaffeebecher in Bulk4\" class=\"wp-image-591\" srcset=\"https:\/\/www.qingfaceramic.com\/wp-content\/uploads\/2026\/01\/Custom-Ceramic-Coffee-Mug-in-Bulk4.webp 750w, https:\/\/www.qingfaceramic.com\/wp-content\/uploads\/2026\/01\/Custom-Ceramic-Coffee-Mug-in-Bulk4-133x300.webp 133w, https:\/\/www.qingfaceramic.com\/wp-content\/uploads\/2026\/01\/Custom-Ceramic-Coffee-Mug-in-Bulk4-600x1355.webp 600w\" sizes=\"(max-width: 750px) 100vw, 750px\" \/><\/figure>\n<\/div>\n\n\n\n<div class=\"wp-block-column is-layout-flow wp-block-column-is-layout-flow\">\n<figure class=\"wp-block-image size-full\"><img decoding=\"async\" width=\"750\" height=\"1166\" src=\"https:\/\/www.qingfaceramic.com\/wp-content\/uploads\/2026\/01\/Custom-Ceramic-Coffee-Mug-in-Bulk5.webp\" alt=\"Individuelle Keramik-Kaffeebecher in Bulk5\" class=\"wp-image-592\" srcset=\"https:\/\/www.qingfaceramic.com\/wp-content\/uploads\/2026\/01\/Custom-Ceramic-Coffee-Mug-in-Bulk5.webp 750w, https:\/\/www.qingfaceramic.com\/wp-content\/uploads\/2026\/01\/Custom-Ceramic-Coffee-Mug-in-Bulk5-193x300.webp 193w, https:\/\/www.qingfaceramic.com\/wp-content\/uploads\/2026\/01\/Custom-Ceramic-Coffee-Mug-in-Bulk5-600x933.webp 600w\" sizes=\"(max-width: 750px) 100vw, 750px\" \/><\/figure>\n\n\n\n<figure class=\"wp-block-image size-full\"><img decoding=\"async\" width=\"1707\" height=\"1280\" src=\"https:\/\/www.qingfaceramic.com\/wp-content\/uploads\/2026\/01\/Integrated-Craftsmanship-Capability-1.webp\" alt=\"Integrierte handwerkliche F\u00e4higkeiten\" class=\"wp-image-571\" srcset=\"https:\/\/www.qingfaceramic.com\/wp-content\/uploads\/2026\/01\/Integrated-Craftsmanship-Capability-1.webp 1707w, https:\/\/www.qingfaceramic.com\/wp-content\/uploads\/2026\/01\/Integrated-Craftsmanship-Capability-1-300x225.webp 300w, https:\/\/www.qingfaceramic.com\/wp-content\/uploads\/2026\/01\/Integrated-Craftsmanship-Capability-1-768x576.webp 768w, https:\/\/www.qingfaceramic.com\/wp-content\/uploads\/2026\/01\/Integrated-Craftsmanship-Capability-1-1200x900.webp 1200w, https:\/\/www.qingfaceramic.com\/wp-content\/uploads\/2026\/01\/Integrated-Craftsmanship-Capability-1-600x450.webp 600w\" sizes=\"(max-width: 1707px) 100vw, 1707px\" \/><\/figure>\n<\/div>\n<\/div>","protected":false},"excerpt":{"rendered":"<p>Dieser individuelle Keramik-Kaffeebecher aus hochwertiger glasierter Keramik ist perfekt f\u00fcr Caf\u00e9s, Hotels, B\u00fcros und den Einzelhandel. Er ist langlebig, mikrowellen- und sp\u00fclmaschinengeeignet, kombiniert Stil und Zweckm\u00e4\u00dfigkeit und unterst\u00fctzt OEM\/ODM-Anpassungen, um Ihre Marken- und Gro\u00dfbestellungsanforderungen zu erf\u00fcllen.<\/p>\n<h2>Benutzerdefinierte Keramik-Kaffeebecher in Bulk Parameter<\/h2>\n<table>\n<thead>\n<tr>\n<th style=\"text-align: center;\">Hersteller<\/th>\n<th style=\"text-align: center;\">Qingfa<\/th>\n<\/tr>\n<\/thead>\n<tbody>\n<tr>\n<td><strong>Produktname<\/strong><\/td>\n<td>Keramik-Kaffeebecher \/ Individueller Keramikbecher<\/td>\n<\/tr>\n<tr>\n<td><strong>Material<\/strong><\/td>\n<td>Hochwertige glasierte Keramik<\/td>\n<\/tr>\n<tr>\n<td><strong>Kapazit\u00e4t\/Volumen<\/strong><\/td>\n<td>350 ml (Standard) - anpassbar<\/td>\n<\/tr>\n<tr>\n<td><strong>Abmessungen<\/strong><\/td>\n<td>Durchmesser: 8,2 cm \u00d7 H\u00f6he: 9,5 cm - pro Bestellung einstellbar<\/td>\n<\/tr>\n<tr>\n<td><strong>Gewicht<\/strong><\/td>\n<td>320 g (ca.)<\/td>\n<\/tr>\n<tr>\n<td><strong>Farboptionen<\/strong><\/td>\n<td>Wei\u00df, gebrochenes Wei\u00df oder benutzerdefinierte Farben<\/td>\n<\/tr>\n<tr>\n<td><strong>Design\/Gestaltung<\/strong><\/td>\n<td>Klassischer Zylinder, stapelbar, ergonomischer Griff<\/td>\n<\/tr>\n<tr>\n<td><strong>Personalisierung<\/strong><\/td>\n<td>Logodruck, Aufkleberdesign, Verpackung, OEM\/ODM verf\u00fcgbar<\/td>\n<\/tr>\n<tr>\n<td><strong>Zertifizierungen<\/strong><\/td>\n<td>FDA, LFGB, ISO (je nach Charge und Anpassung)<\/td>\n<\/tr>\n<\/tbody>\n<\/table>\n<p>&nbsp;<\/p>","protected":false},"featured_media":588,"comment_status":"closed","ping_status":"closed","template":"","meta":{"_acf_changed":false},"market":[],"product_brand":[],"product_cat":[17,28],"product_tag":[],"class_list":{"0":"post-586","1":"product","2":"type-product","3":"status-publish","4":"has-post-thumbnail","6":"product_cat-custom-coffee-cups","7":"product_cat-custom-coffee-mugs","9":"first","10":"instock","11":"shipping-taxable","12":"product-type-simple"},"acf":[],"_links":{"self":[{"href":"https:\/\/www.qingfaceramic.com\/de\/wp-json\/wp\/v2\/product\/586","targetHints":{"allow":["GET"]}}],"collection":[{"href":"https:\/\/www.qingfaceramic.com\/de\/wp-json\/wp\/v2\/product"}],"about":[{"href":"https:\/\/www.qingfaceramic.com\/de\/wp-json\/wp\/v2\/types\/product"}],"replies":[{"embeddable":true,"href":"https:\/\/www.qingfaceramic.com\/de\/wp-json\/wp\/v2\/comments?post=586"}],"wp:featuredmedia":[{"embeddable":true,"href":"https:\/\/www.qingfaceramic.com\/de\/wp-json\/wp\/v2\/media\/588"}],"wp:attachment":[{"href":"https:\/\/www.qingfaceramic.com\/de\/wp-json\/wp\/v2\/media?parent=586"}],"wp:term":[{"taxonomy":"market","embeddable":true,"href":"https:\/\/www.qingfaceramic.com\/de\/wp-json\/wp\/v2\/market?post=586"},{"taxonomy":"product_brand","embeddable":true,"href":"https:\/\/www.qingfaceramic.com\/de\/wp-json\/wp\/v2\/product_brand?post=586"},{"taxonomy":"product_cat","embeddable":true,"href":"https:\/\/www.qingfaceramic.com\/de\/wp-json\/wp\/v2\/product_cat?post=586"},{"taxonomy":"product_tag","embeddable":true,"href":"https:\/\/www.qingfaceramic.com\/de\/wp-json\/wp\/v2\/product_tag?post=586"}],"curies":[{"name":"wp","href":"https:\/\/api.w.org\/{rel}","templated":true}]}}