{"id":1706,"date":"2026-04-20T08:49:07","date_gmt":"2026-04-20T08:49:07","guid":{"rendered":"https:\/\/www.qingfaceramic.com\/?post_type=product&#038;p=1706"},"modified":"2026-04-20T08:57:17","modified_gmt":"2026-04-20T08:57:17","slug":"custom-halloween-mug-3d-relief-ceramic-coffee-cup","status":"publish","type":"product","link":"https:\/\/www.qingfaceramic.com\/de\/produkt\/custom-halloween-mug-3d-relief-ceramic-coffee-cup\/","title":{"rendered":"Benutzerdefinierte Halloween-Becher | 3D-Relief-Keramik-Kaffeetasse"},"content":{"rendered":"<h2 class=\"wp-block-heading\">Merkmale der individuellen Halloween-Tasse<\/h2>\n\n\n\n<div class=\"wp-block-columns is-layout-flex wp-container-core-columns-is-layout-9d6595d7 wp-block-columns-is-layout-flex\">\n<div class=\"wp-block-column is-layout-flow wp-block-column-is-layout-flow\">\n<p><strong>Taktile 3D-Relief-Symbole:<\/strong> Dekoriert mit handgemalten, gepr\u00e4gten Symbolen (Geist, K\u00fcrbis, Fledermaus, Sch\u00e4del) f\u00fcr ein erstklassiges dreidimensionales Aussehen und Gef\u00fchl.<\/p>\n\n\n\n<p><strong>Kunsthandwerklich geh\u00e4mmerte Textur:<\/strong> Die unregelm\u00e4\u00dfige, geh\u00e4mmerte Oberfl\u00e4che imitiert handgefertigte T\u00f6pferwaren und verleiht dem festlichen Thema eine moderne \u00c4sthetik.<\/p>\n\n\n\n<p><strong>Lebendige, verblassungsresistente Glasur:<\/strong> Mit professioneller Hochglanzglasur in klassischem Schwarz und Wei\u00df veredelt, bleiben die Farben auch nach langem Gebrauch lebendig.<\/p>\n\n\n\n<p><strong>Hervorragende W\u00e4rmespeicherung:<\/strong> Gefertigt aus dickwandiger, verst\u00e4rkter Keramik, damit saisonale Getr\u00e4nke l\u00e4nger warm bleiben.<\/p>\n\n\n\n<p><strong>Professionelle B2B-Anpassung:<\/strong> Volle OEM\/ODM-Flexibilit\u00e4t mit Optionen f\u00fcr kundenspezifische Reliefdesigns, private Logoplatzierung und ma\u00dfgeschneiderte Geschenkverpackungen.<\/p>\n<\/div>\n\n\n\n<div class=\"wp-block-column is-layout-flow wp-block-column-is-layout-flow\">\n<figure class=\"wp-block-image size-full\"><img decoding=\"async\" width=\"800\" height=\"800\" src=\"https:\/\/www.qingfaceramic.com\/wp-content\/uploads\/2026\/04\/Custom-Halloween-Mug1.webp\" alt=\"Individuelle Halloween-Tasse1\" class=\"wp-image-1707\" srcset=\"https:\/\/www.qingfaceramic.com\/wp-content\/uploads\/2026\/04\/Custom-Halloween-Mug1.webp 800w, https:\/\/www.qingfaceramic.com\/wp-content\/uploads\/2026\/04\/Custom-Halloween-Mug1-300x300.webp 300w, https:\/\/www.qingfaceramic.com\/wp-content\/uploads\/2026\/04\/Custom-Halloween-Mug1-150x150.webp 150w, https:\/\/www.qingfaceramic.com\/wp-content\/uploads\/2026\/04\/Custom-Halloween-Mug1-768x768.webp 768w, https:\/\/www.qingfaceramic.com\/wp-content\/uploads\/2026\/04\/Custom-Halloween-Mug1-12x12.webp 12w, https:\/\/www.qingfaceramic.com\/wp-content\/uploads\/2026\/04\/Custom-Halloween-Mug1-600x600.webp 600w, https:\/\/www.qingfaceramic.com\/wp-content\/uploads\/2026\/04\/Custom-Halloween-Mug1-100x100.webp 100w\" sizes=\"(max-width: 800px) 100vw, 800px\" \/><\/figure>\n\n\n\n<figure class=\"wp-block-image size-full\"><img decoding=\"async\" width=\"800\" height=\"800\" src=\"https:\/\/www.qingfaceramic.com\/wp-content\/uploads\/2026\/04\/Custom-Halloween-Mug3.webp\" alt=\"Benutzerdefinierte Halloween-Tasse3\" class=\"wp-image-1709\" srcset=\"https:\/\/www.qingfaceramic.com\/wp-content\/uploads\/2026\/04\/Custom-Halloween-Mug3.webp 800w, https:\/\/www.qingfaceramic.com\/wp-content\/uploads\/2026\/04\/Custom-Halloween-Mug3-300x300.webp 300w, https:\/\/www.qingfaceramic.com\/wp-content\/uploads\/2026\/04\/Custom-Halloween-Mug3-150x150.webp 150w, https:\/\/www.qingfaceramic.com\/wp-content\/uploads\/2026\/04\/Custom-Halloween-Mug3-768x768.webp 768w, https:\/\/www.qingfaceramic.com\/wp-content\/uploads\/2026\/04\/Custom-Halloween-Mug3-12x12.webp 12w, https:\/\/www.qingfaceramic.com\/wp-content\/uploads\/2026\/04\/Custom-Halloween-Mug3-600x600.webp 600w, https:\/\/www.qingfaceramic.com\/wp-content\/uploads\/2026\/04\/Custom-Halloween-Mug3-100x100.webp 100w\" sizes=\"(max-width: 800px) 100vw, 800px\" \/><\/figure>\n<\/div>\n<\/div>\n\n\n\n<div class=\"wp-block-columns is-layout-flex wp-container-core-columns-is-layout-9d6595d7 wp-block-columns-is-layout-flex\">\n<div class=\"wp-block-column is-layout-flow wp-block-column-is-layout-flow\"><\/div>\n\n\n\n<div class=\"wp-block-column is-layout-flow wp-block-column-is-layout-flow\"><\/div>\n<\/div>","protected":false},"excerpt":{"rendered":"<p data-start=\"428\" data-end=\"756\">Unsere individuelle Halloween-Tasse zeichnet sich durch einzigartige geh\u00e4mmerte Texturen und handgemalte 3D-Reliefmotive aus. Diese farbenfrohe, festliche Kollektion ist aus hochwertiger, verst\u00e4rkter Keramik gefertigt und bietet eine anspruchsvolle, ma\u00dfgeschneiderte L\u00f6sung f\u00fcr das saisonale Branding und den Weihnachtsgeschenkemarkt.<\/p>\n<h2>Benutzerdefinierte Halloween-Tasse Parameter<\/h2>\n<table data-path-to-node=\"11\">\n<thead>\n<tr>\n<td><strong>Artikel<\/strong><\/td>\n<td><strong>Technische Details<\/strong><\/td>\n<\/tr>\n<\/thead>\n<tbody>\n<tr>\n<td><span data-path-to-node=\"11,1,0,0\"><b data-path-to-node=\"11,1,0,0\" data-index-in-node=\"0\">Produktname<\/b><\/span><\/td>\n<td><span data-path-to-node=\"11,1,1,0\">Individueller Halloween-Becher<\/span><\/td>\n<\/tr>\n<tr>\n<td><span data-path-to-node=\"11,2,0,0\"><b data-path-to-node=\"11,2,0,0\" data-index-in-node=\"0\">Material<\/b><\/span><\/td>\n<td><span data-path-to-node=\"11,2,1,0\">Hochwertige verst\u00e4rkte Keramik\/Steingut<\/span><\/td>\n<\/tr>\n<tr>\n<td><span data-path-to-node=\"11,3,0,0\"><b data-path-to-node=\"11,3,0,0\" data-index-in-node=\"0\">Gepr\u00e4gtes Motiv<\/b><\/span><\/td>\n<td><span data-path-to-node=\"11,3,1,0\">3D-Relief (K\u00fcrbis, Geist, Fledermaus, Sch\u00e4del)<\/span><\/td>\n<\/tr>\n<tr>\n<td><span data-path-to-node=\"11,4,0,0\"><b data-path-to-node=\"11,4,0,0\" data-index-in-node=\"0\">Oberfl\u00e4che<\/b><\/span><\/td>\n<td><span data-path-to-node=\"11,4,1,0\">Geh\u00e4mmerte Textur mit hochgl\u00e4nzender Glasur<\/span><\/td>\n<\/tr>\n<tr>\n<td><span data-path-to-node=\"11,5,0,0\"><b data-path-to-node=\"11,5,0,0\" data-index-in-node=\"0\">Farboptionen<\/b><\/span><\/td>\n<td><span data-path-to-node=\"11,5,1,0\">Obsidianschwarz, Arktiswei\u00df<\/span><\/td>\n<\/tr>\n<tr>\n<td><span data-path-to-node=\"11,6,0,0\"><b data-path-to-node=\"11,6,0,0\" data-index-in-node=\"0\">Design der Griffe<\/b><\/span><\/td>\n<td><span data-path-to-node=\"11,6,1,0\">Ergonomischer, griffiger C-Griff<\/span><\/td>\n<\/tr>\n<tr>\n<td><span data-path-to-node=\"11,7,0,0\"><b data-path-to-node=\"11,7,0,0\" data-index-in-node=\"0\">Handwerkliches K\u00f6nnen<\/b><\/span><\/td>\n<td><span data-path-to-node=\"11,7,1,0\">Hochtemperatur-Brennverfahren + handbemalte Details<\/span><\/td>\n<\/tr>\n<tr>\n<td><span data-path-to-node=\"11,8,0,0\"><b data-path-to-node=\"11,8,0,0\" data-index-in-node=\"0\">Wesentliche Merkmale<\/b><\/span><\/td>\n<td><span data-path-to-node=\"11,8,1,0\"><b data-path-to-node=\"11,8,1,0\" data-index-in-node=\"0\">Chip-Resistent<\/b>, <b data-path-to-node=\"11,8,1,0\" data-index-in-node=\"16\">Thermische Retention<\/b>, <b data-path-to-node=\"11,8,1,0\" data-index-in-node=\"35\">Ausbleichsicher<\/b><\/span><\/td>\n<\/tr>\n<tr>\n<td><span data-path-to-node=\"11,9,0,0\"><b data-path-to-node=\"11,9,0,0\" data-index-in-node=\"0\">Personalisierung<\/b><\/span><\/td>\n<td><span data-path-to-node=\"11,9,1,0\">Unterst\u00fctzt Bulk OEM\/ODM, ma\u00dfgeschneiderte Icons und Verpackungen<\/span><\/td>\n<\/tr>\n<tr>\n<td><span data-path-to-node=\"11,10,0,0\"><b data-path-to-node=\"11,10,0,0\" data-index-in-node=\"0\">Sicherheitsstandard<\/b><\/span><\/td>\n<td><span data-path-to-node=\"11,10,1,0\">Bleifrei, kadmiumfrei und lebensmittelecht zertifiziert<\/span><\/td>\n<\/tr>\n<\/tbody>\n<\/table>","protected":false},"featured_media":1710,"comment_status":"closed","ping_status":"closed","template":"","meta":{"_acf_changed":false},"market":[],"product_brand":[],"product_cat":[17,28],"product_tag":[],"class_list":{"0":"post-1706","1":"product","2":"type-product","3":"status-publish","4":"has-post-thumbnail","6":"product_cat-custom-coffee-cups","7":"product_cat-custom-coffee-mugs","9":"first","10":"instock","11":"shipping-taxable","12":"product-type-simple"},"acf":[],"_links":{"self":[{"href":"https:\/\/www.qingfaceramic.com\/de\/wp-json\/wp\/v2\/product\/1706","targetHints":{"allow":["GET"]}}],"collection":[{"href":"https:\/\/www.qingfaceramic.com\/de\/wp-json\/wp\/v2\/product"}],"about":[{"href":"https:\/\/www.qingfaceramic.com\/de\/wp-json\/wp\/v2\/types\/product"}],"replies":[{"embeddable":true,"href":"https:\/\/www.qingfaceramic.com\/de\/wp-json\/wp\/v2\/comments?post=1706"}],"wp:featuredmedia":[{"embeddable":true,"href":"https:\/\/www.qingfaceramic.com\/de\/wp-json\/wp\/v2\/media\/1710"}],"wp:attachment":[{"href":"https:\/\/www.qingfaceramic.com\/de\/wp-json\/wp\/v2\/media?parent=1706"}],"wp:term":[{"taxonomy":"market","embeddable":true,"href":"https:\/\/www.qingfaceramic.com\/de\/wp-json\/wp\/v2\/market?post=1706"},{"taxonomy":"product_brand","embeddable":true,"href":"https:\/\/www.qingfaceramic.com\/de\/wp-json\/wp\/v2\/product_brand?post=1706"},{"taxonomy":"product_cat","embeddable":true,"href":"https:\/\/www.qingfaceramic.com\/de\/wp-json\/wp\/v2\/product_cat?post=1706"},{"taxonomy":"product_tag","embeddable":true,"href":"https:\/\/www.qingfaceramic.com\/de\/wp-json\/wp\/v2\/product_tag?post=1706"}],"curies":[{"name":"wp","href":"https:\/\/api.w.org\/{rel}","templated":true}]}}