{"id":1694,"date":"2026-04-20T08:42:36","date_gmt":"2026-04-20T08:42:36","guid":{"rendered":"https:\/\/www.qingfaceramic.com\/?post_type=product&#038;p=1694"},"modified":"2026-04-20T08:48:26","modified_gmt":"2026-04-20T08:48:26","slug":"custom-christmas-tree-tableware","status":"publish","type":"product","link":"https:\/\/www.qingfaceramic.com\/de\/produkt\/custom-christmas-tree-tableware\/","title":{"rendered":"Individuelles Weihnachtsbaum-Geschirr | Rustikales Keramik-Geschirrset"},"content":{"rendered":"<h2 class=\"wp-block-heading\">Merkmale von individuellem Weihnachtsbaum-Geschirr<\/h2>\n\n\n\n<div class=\"wp-block-columns is-layout-flex wp-container-core-columns-is-layout-9d6595d7 wp-block-columns-is-layout-flex\">\n<div class=\"wp-block-column is-layout-flow wp-block-column-is-layout-flow\">\n<ol class=\"wp-block-list\">\n<li><strong>Handwerklich-rustikale \u00c4sthetik:<\/strong> Der Rand im Vintage-Terrakotta-Stil und die von Hand aufgetragenen Schneetexturen sorgen f\u00fcr einen zeitlosen Bauernhof-Look.<\/li>\n\n\n\n<li><strong>Taktiles, gepr\u00e4gtes Design:<\/strong> Jedes St\u00fcck zeigt einen erhabenen, gepr\u00e4gten Weihnachtsbaum, der f\u00fcr k\u00fcnstlerische Tiefe und eine hochwertige Haptik sorgt.<\/li>\n\n\n\n<li><strong>\u00dcberlegene keramische Festigkeit:<\/strong> Gefertigt aus hochgebranntem, verst\u00e4rktem Steingut, das eine ausgezeichnete Widerstandsf\u00e4higkeit gegen Splitter und eine lange Lebensdauer f\u00fcr den h\u00e4ufigen saisonalen Gebrauch gew\u00e4hrleistet.<\/li>\n\n\n\n<li><strong>Einzigartige gesprenkelte Oberfl\u00e4che:<\/strong> Die kreativ gesprenkelte Innenglasur ahmt fallenden Schnee nach und bietet eine atemberaubende Kulisse f\u00fcr festliche Mahlzeiten.<\/li>\n\n\n\n<li><strong>Professionelle B2B-Unterst\u00fctzung:<\/strong> Volle OEM\/ODM-Flexibilit\u00e4t mit Optionen f\u00fcr kundenspezifische Logoplatzierung, ma\u00dfgeschneiderte Farben und Weihnachtsgeschenkverpackungen.<\/li>\n<\/ol>\n\n\n\n<figure class=\"wp-block-image size-full\"><img decoding=\"async\" width=\"800\" height=\"800\" src=\"https:\/\/www.qingfaceramic.com\/wp-content\/uploads\/2026\/04\/Custom-Christmas-Tree-Tableware8.webp\" alt=\"Individuelles Weihnachtsbaum-Geschirr8\" class=\"wp-image-1702\" srcset=\"https:\/\/www.qingfaceramic.com\/wp-content\/uploads\/2026\/04\/Custom-Christmas-Tree-Tableware8.webp 800w, https:\/\/www.qingfaceramic.com\/wp-content\/uploads\/2026\/04\/Custom-Christmas-Tree-Tableware8-300x300.webp 300w, https:\/\/www.qingfaceramic.com\/wp-content\/uploads\/2026\/04\/Custom-Christmas-Tree-Tableware8-150x150.webp 150w, https:\/\/www.qingfaceramic.com\/wp-content\/uploads\/2026\/04\/Custom-Christmas-Tree-Tableware8-768x768.webp 768w, https:\/\/www.qingfaceramic.com\/wp-content\/uploads\/2026\/04\/Custom-Christmas-Tree-Tableware8-12x12.webp 12w, https:\/\/www.qingfaceramic.com\/wp-content\/uploads\/2026\/04\/Custom-Christmas-Tree-Tableware8-600x600.webp 600w, https:\/\/www.qingfaceramic.com\/wp-content\/uploads\/2026\/04\/Custom-Christmas-Tree-Tableware8-100x100.webp 100w\" sizes=\"(max-width: 800px) 100vw, 800px\" \/><\/figure>\n<\/div>\n\n\n\n<div class=\"wp-block-column is-layout-flow wp-block-column-is-layout-flow\">\n<figure class=\"wp-block-image size-full\"><img decoding=\"async\" width=\"800\" height=\"800\" src=\"https:\/\/www.qingfaceramic.com\/wp-content\/uploads\/2026\/04\/Custom-Christmas-Tree-Tableware11.webp\" alt=\"Individuelles Weihnachtsbaum-Geschirr11\" class=\"wp-image-1705\" srcset=\"https:\/\/www.qingfaceramic.com\/wp-content\/uploads\/2026\/04\/Custom-Christmas-Tree-Tableware11.webp 800w, https:\/\/www.qingfaceramic.com\/wp-content\/uploads\/2026\/04\/Custom-Christmas-Tree-Tableware11-300x300.webp 300w, https:\/\/www.qingfaceramic.com\/wp-content\/uploads\/2026\/04\/Custom-Christmas-Tree-Tableware11-150x150.webp 150w, https:\/\/www.qingfaceramic.com\/wp-content\/uploads\/2026\/04\/Custom-Christmas-Tree-Tableware11-768x768.webp 768w, https:\/\/www.qingfaceramic.com\/wp-content\/uploads\/2026\/04\/Custom-Christmas-Tree-Tableware11-12x12.webp 12w, https:\/\/www.qingfaceramic.com\/wp-content\/uploads\/2026\/04\/Custom-Christmas-Tree-Tableware11-600x600.webp 600w, https:\/\/www.qingfaceramic.com\/wp-content\/uploads\/2026\/04\/Custom-Christmas-Tree-Tableware11-100x100.webp 100w\" sizes=\"(max-width: 800px) 100vw, 800px\" \/><\/figure>\n\n\n\n<figure class=\"wp-block-image size-full\"><img decoding=\"async\" width=\"800\" height=\"800\" src=\"https:\/\/www.qingfaceramic.com\/wp-content\/uploads\/2026\/04\/Custom-Christmas-Tree-Tableware10.webp\" alt=\"Individuelles Weihnachtsbaum-Geschirr10\" class=\"wp-image-1704\" srcset=\"https:\/\/www.qingfaceramic.com\/wp-content\/uploads\/2026\/04\/Custom-Christmas-Tree-Tableware10.webp 800w, https:\/\/www.qingfaceramic.com\/wp-content\/uploads\/2026\/04\/Custom-Christmas-Tree-Tableware10-300x300.webp 300w, https:\/\/www.qingfaceramic.com\/wp-content\/uploads\/2026\/04\/Custom-Christmas-Tree-Tableware10-150x150.webp 150w, https:\/\/www.qingfaceramic.com\/wp-content\/uploads\/2026\/04\/Custom-Christmas-Tree-Tableware10-768x768.webp 768w, https:\/\/www.qingfaceramic.com\/wp-content\/uploads\/2026\/04\/Custom-Christmas-Tree-Tableware10-12x12.webp 12w, https:\/\/www.qingfaceramic.com\/wp-content\/uploads\/2026\/04\/Custom-Christmas-Tree-Tableware10-600x600.webp 600w, https:\/\/www.qingfaceramic.com\/wp-content\/uploads\/2026\/04\/Custom-Christmas-Tree-Tableware10-100x100.webp 100w\" sizes=\"(max-width: 800px) 100vw, 800px\" \/><\/figure>\n<\/div>\n<\/div>\n\n\n\n<div class=\"wp-block-columns is-layout-flex wp-container-core-columns-is-layout-9d6595d7 wp-block-columns-is-layout-flex\">\n<div class=\"wp-block-column is-layout-flow wp-block-column-is-layout-flow\"><\/div>\n\n\n\n<div class=\"wp-block-column is-layout-flow wp-block-column-is-layout-flow\"><\/div>\n\n\n\n<div class=\"wp-block-column is-layout-flow wp-block-column-is-layout-flow\"><\/div>\n<\/div>\n\n\n\n<div class=\"wp-block-columns is-layout-flex wp-container-core-columns-is-layout-9d6595d7 wp-block-columns-is-layout-flex\">\n<div class=\"wp-block-column is-layout-flow wp-block-column-is-layout-flow\"><\/div>\n\n\n\n<div class=\"wp-block-column is-layout-flow wp-block-column-is-layout-flow\"><\/div>\n<\/div>","protected":false},"excerpt":{"rendered":"<p data-start=\"441\" data-end=\"787\">Unser individuelles Weihnachtsbaumgeschirr kombiniert eine gem\u00fctliche Urlaubs\u00e4sthetik mit professioneller Haltbarkeit. Mit eleganten, gepr\u00e4gten Tannenbaummotiven und einer einzigartigen, rustikalen, schneebedeckten Oberfl\u00e4che ist diese Premium-Keramikkollektion die ideale Wahl f\u00fcr hochwertiges, saisonales Branding und ma\u00dfgeschneiderte Geschenkl\u00f6sungen.<\/p>\n<h2>Individuelles Weihnachtsbaum-Geschirr Parameter<\/h2>\n<table data-path-to-node=\"11\">\n<thead>\n<tr>\n<td><strong>Artikel<\/strong><\/td>\n<td><strong>Technische Details<\/strong><\/td>\n<\/tr>\n<\/thead>\n<tbody>\n<tr>\n<td><span data-path-to-node=\"11,1,0,0\"><b data-path-to-node=\"11,1,0,0\" data-index-in-node=\"0\">Produktname<\/b><\/span><\/td>\n<td><span data-path-to-node=\"11,1,1,0\">Individuelles Weihnachtsbaum-Geschirr<\/span><\/td>\n<\/tr>\n<tr>\n<td><span data-path-to-node=\"11,2,0,0\"><b data-path-to-node=\"11,2,0,0\" data-index-in-node=\"0\">Material<\/b><\/span><\/td>\n<td><span data-path-to-node=\"11,2,1,0\">Hochwertige verst\u00e4rkte Keramik \/ Steingut<\/span><\/td>\n<\/tr>\n<tr>\n<td><span data-path-to-node=\"11,3,0,0\"><b data-path-to-node=\"11,3,0,0\" data-index-in-node=\"0\">Design-Motiv<\/b><\/span><\/td>\n<td><span data-path-to-node=\"11,3,1,0\">Gepr\u00e4gtes Immergr\u00fcn \/ Schneegest\u00e4ubte Kiefer<\/span><\/td>\n<\/tr>\n<tr>\n<td><span data-path-to-node=\"11,4,0,0\"><b data-path-to-node=\"11,4,0,0\" data-index-in-node=\"0\">Kante Detail<\/b><\/span><\/td>\n<td><span data-path-to-node=\"11,4,1,0\">Rustikaler braun-glasierter Rand (Terrakotta-Stil)<\/span><\/td>\n<\/tr>\n<tr>\n<td><span data-path-to-node=\"11,5,0,0\"><b data-path-to-node=\"11,5,0,0\" data-index-in-node=\"0\">Fertigstellung<\/b><\/span><\/td>\n<td><span data-path-to-node=\"11,5,1,0\">Mattes \u00c4u\u00dferes \/ Hochglanzgesprenkeltes Inneres<\/span><\/td>\n<\/tr>\n<tr>\n<td><span data-path-to-node=\"11,6,0,0\"><b data-path-to-node=\"11,6,0,0\" data-index-in-node=\"0\">Farbpalette<\/b><\/span><\/td>\n<td><span data-path-to-node=\"11,6,1,0\">Tannengr\u00fcn, Erdiges Braun, Schneewei\u00df<\/span><\/td>\n<\/tr>\n<tr>\n<td><span data-path-to-node=\"11,7,0,0\"><b data-path-to-node=\"11,7,0,0\" data-index-in-node=\"0\">Handwerkliches K\u00f6nnen<\/b><\/span><\/td>\n<td><span data-path-to-node=\"11,7,1,0\">Hochtemperatur-Reliefgie\u00dfen<\/span><\/td>\n<\/tr>\n<tr>\n<td><span data-path-to-node=\"11,8,0,0\"><b data-path-to-node=\"11,8,0,0\" data-index-in-node=\"0\">Wesentliche Merkmale<\/b><\/span><\/td>\n<td><span data-path-to-node=\"11,8,1,0\"><b data-path-to-node=\"11,8,1,0\" data-index-in-node=\"0\">Chip-Resistent<\/b>, <b data-path-to-node=\"11,8,1,0\" data-index-in-node=\"16\">Thermische Stabilit\u00e4t<\/b>, <b data-path-to-node=\"11,8,1,0\" data-index-in-node=\"35\">Ausbleichsicher<\/b><\/span><\/td>\n<\/tr>\n<tr>\n<td><span data-path-to-node=\"11,9,0,0\"><b data-path-to-node=\"11,9,0,0\" data-index-in-node=\"0\">Personalisierung<\/b><\/span><\/td>\n<td><span data-path-to-node=\"11,9,1,0\">Unterst\u00fctzt Bulk OEM\/ODM, privates Logo und Verpackung<\/span><\/td>\n<\/tr>\n<tr>\n<td><span data-path-to-node=\"11,10,0,0\"><b data-path-to-node=\"11,10,0,0\" data-index-in-node=\"0\">Sicherheitsstandard<\/b><\/span><\/td>\n<td><span data-path-to-node=\"11,10,1,0\">Bleifrei, kadmiumfrei und lebensmittelecht zertifiziert<\/span><\/td>\n<\/tr>\n<\/tbody>\n<\/table>","protected":false},"featured_media":1696,"comment_status":"closed","ping_status":"closed","template":"","meta":{"_acf_changed":false},"market":[],"product_brand":[],"product_cat":[19,35],"product_tag":[],"class_list":{"0":"post-1694","1":"product","2":"type-product","3":"status-publish","4":"has-post-thumbnail","6":"product_cat-custom-dinnerware-manufacturer","7":"product_cat-custom-dinnerware-sets","9":"first","10":"instock","11":"shipping-taxable","12":"product-type-simple"},"acf":[],"_links":{"self":[{"href":"https:\/\/www.qingfaceramic.com\/de\/wp-json\/wp\/v2\/product\/1694","targetHints":{"allow":["GET"]}}],"collection":[{"href":"https:\/\/www.qingfaceramic.com\/de\/wp-json\/wp\/v2\/product"}],"about":[{"href":"https:\/\/www.qingfaceramic.com\/de\/wp-json\/wp\/v2\/types\/product"}],"replies":[{"embeddable":true,"href":"https:\/\/www.qingfaceramic.com\/de\/wp-json\/wp\/v2\/comments?post=1694"}],"wp:featuredmedia":[{"embeddable":true,"href":"https:\/\/www.qingfaceramic.com\/de\/wp-json\/wp\/v2\/media\/1696"}],"wp:attachment":[{"href":"https:\/\/www.qingfaceramic.com\/de\/wp-json\/wp\/v2\/media?parent=1694"}],"wp:term":[{"taxonomy":"market","embeddable":true,"href":"https:\/\/www.qingfaceramic.com\/de\/wp-json\/wp\/v2\/market?post=1694"},{"taxonomy":"product_brand","embeddable":true,"href":"https:\/\/www.qingfaceramic.com\/de\/wp-json\/wp\/v2\/product_brand?post=1694"},{"taxonomy":"product_cat","embeddable":true,"href":"https:\/\/www.qingfaceramic.com\/de\/wp-json\/wp\/v2\/product_cat?post=1694"},{"taxonomy":"product_tag","embeddable":true,"href":"https:\/\/www.qingfaceramic.com\/de\/wp-json\/wp\/v2\/product_tag?post=1694"}],"curies":[{"name":"wp","href":"https:\/\/api.w.org\/{rel}","templated":true}]}}