{"id":1685,"date":"2026-04-20T08:34:16","date_gmt":"2026-04-20T08:34:16","guid":{"rendered":"https:\/\/www.qingfaceramic.com\/?post_type=product&#038;p=1685"},"modified":"2026-04-20T08:39:43","modified_gmt":"2026-04-20T08:39:43","slug":"custom-christmas-plaid-dinnerware","status":"publish","type":"product","link":"https:\/\/www.qingfaceramic.com\/de\/produkt\/custom-christmas-plaid-dinnerware\/","title":{"rendered":"Benutzerdefinierte Weihnachten Plaid Geschirr | Checkered Weihnachten Geschirr"},"content":{"rendered":"<h2 class=\"wp-block-heading\">Merkmale von Custom Christmas Plaid-Geschirr<\/h2>\n\n\n\n<div class=\"wp-block-columns is-layout-flex wp-container-core-columns-is-layout-9d6595d7 wp-block-columns-is-layout-flex\">\n<div class=\"wp-block-column is-layout-flow wp-block-column-is-layout-flow\">\n<ol class=\"wp-block-list\">\n<li><strong>Klassische Tartan-\u00c4sthetik:<\/strong> Das zeitlose rot-gr\u00fcne Karomuster f\u00e4ngt die traditionelle Weihnachtsstimmung perfekt ein und sorgt f\u00fcr eine warme, vom Landhausstil inspirierte Tischdekoration.<\/li>\n\n\n\n<li><strong>Luxury Vitrified Finish:<\/strong> Beschichtet mit einer professionellen Hochglanzglasur, die resistent gegen Kratzer und Flecken ist und daf\u00fcr sorgt, dass das lebendige Gittermuster klar und blass bleibt.<\/li>\n\n\n\n<li><strong>Langlebigkeit auf kommerzieller Ebene:<\/strong> Hergestellt aus verst\u00e4rkter Keramik, die bei hohen Temperaturen gebrannt wird, bietet sie eine hervorragende Sp\u00e4newiderstandsf\u00e4higkeit und thermische Stabilit\u00e4t f\u00fcr den langfristigen Gebrauch.<\/li>\n\n\n\n<li><strong>Vielseitiges Mix-and-Match-Design:<\/strong> Das schlichte, aber festliche Karomotiv l\u00e4sst sich problemlos mit anderen Festtagsdekorationen kombinieren und ist somit eine vielseitige Wahl f\u00fcr den Einzelhandel und das Gastgewerbe.<\/li>\n\n\n\n<li><strong>Professionelle B2B-Anpassung:<\/strong> Das Produkt unterst\u00fctzt Private Labeling, individuelle Farbanpassungen des Karomusters und ma\u00dfgeschneiderte Verpackungen f\u00fcr Weihnachtsgeschenke, um die einzigartige Identit\u00e4t Ihrer Marke zu unterstreichen.<\/li>\n<\/ol>\n<\/div>\n\n\n\n<div class=\"wp-block-column is-layout-flow wp-block-column-is-layout-flow\">\n<figure class=\"wp-block-image size-full\"><img decoding=\"async\" width=\"800\" height=\"800\" src=\"https:\/\/www.qingfaceramic.com\/wp-content\/uploads\/2026\/04\/Custom-Christmas-Plaid-Dinnerware8.webp\" alt=\"Individuelles kariertes Weihnachtsgeschirr8\" class=\"wp-image-1693\" srcset=\"https:\/\/www.qingfaceramic.com\/wp-content\/uploads\/2026\/04\/Custom-Christmas-Plaid-Dinnerware8.webp 800w, https:\/\/www.qingfaceramic.com\/wp-content\/uploads\/2026\/04\/Custom-Christmas-Plaid-Dinnerware8-300x300.webp 300w, https:\/\/www.qingfaceramic.com\/wp-content\/uploads\/2026\/04\/Custom-Christmas-Plaid-Dinnerware8-150x150.webp 150w, https:\/\/www.qingfaceramic.com\/wp-content\/uploads\/2026\/04\/Custom-Christmas-Plaid-Dinnerware8-768x768.webp 768w, https:\/\/www.qingfaceramic.com\/wp-content\/uploads\/2026\/04\/Custom-Christmas-Plaid-Dinnerware8-12x12.webp 12w, https:\/\/www.qingfaceramic.com\/wp-content\/uploads\/2026\/04\/Custom-Christmas-Plaid-Dinnerware8-600x600.webp 600w, https:\/\/www.qingfaceramic.com\/wp-content\/uploads\/2026\/04\/Custom-Christmas-Plaid-Dinnerware8-100x100.webp 100w\" sizes=\"(max-width: 800px) 100vw, 800px\" \/><\/figure>\n\n\n\n<figure class=\"wp-block-image size-full\"><img decoding=\"async\" width=\"800\" height=\"800\" src=\"https:\/\/www.qingfaceramic.com\/wp-content\/uploads\/2026\/04\/Custom-Christmas-Tableware-with-Embossed-Heart-Love-Motif6.webp\" alt=\"Individuelles Weihnachtsgeschirr mit gepr\u00e4gtem Herz- und Liebesmotiv6\" class=\"wp-image-1671\" srcset=\"https:\/\/www.qingfaceramic.com\/wp-content\/uploads\/2026\/04\/Custom-Christmas-Tableware-with-Embossed-Heart-Love-Motif6.webp 800w, https:\/\/www.qingfaceramic.com\/wp-content\/uploads\/2026\/04\/Custom-Christmas-Tableware-with-Embossed-Heart-Love-Motif6-300x300.webp 300w, https:\/\/www.qingfaceramic.com\/wp-content\/uploads\/2026\/04\/Custom-Christmas-Tableware-with-Embossed-Heart-Love-Motif6-150x150.webp 150w, https:\/\/www.qingfaceramic.com\/wp-content\/uploads\/2026\/04\/Custom-Christmas-Tableware-with-Embossed-Heart-Love-Motif6-768x768.webp 768w, https:\/\/www.qingfaceramic.com\/wp-content\/uploads\/2026\/04\/Custom-Christmas-Tableware-with-Embossed-Heart-Love-Motif6-12x12.webp 12w, https:\/\/www.qingfaceramic.com\/wp-content\/uploads\/2026\/04\/Custom-Christmas-Tableware-with-Embossed-Heart-Love-Motif6-600x600.webp 600w, https:\/\/www.qingfaceramic.com\/wp-content\/uploads\/2026\/04\/Custom-Christmas-Tableware-with-Embossed-Heart-Love-Motif6-100x100.webp 100w\" sizes=\"(max-width: 800px) 100vw, 800px\" \/><\/figure>\n<\/div>\n<\/div>\n\n\n\n<div class=\"wp-block-columns is-layout-flex wp-container-core-columns-is-layout-9d6595d7 wp-block-columns-is-layout-flex\">\n<div class=\"wp-block-column is-layout-flow wp-block-column-is-layout-flow\"><\/div>\n\n\n\n<div class=\"wp-block-column is-layout-flow wp-block-column-is-layout-flow\"><\/div>\n\n\n\n<div class=\"wp-block-column is-layout-flow wp-block-column-is-layout-flow\"><\/div>\n<\/div>\n\n\n\n<div class=\"wp-block-columns is-layout-flex wp-container-core-columns-is-layout-9d6595d7 wp-block-columns-is-layout-flex\">\n<div class=\"wp-block-column is-layout-flow wp-block-column-is-layout-flow\"><\/div>\n\n\n\n<div class=\"wp-block-column is-layout-flow wp-block-column-is-layout-flow\"><\/div>\n<\/div>","protected":false},"excerpt":{"rendered":"<p data-start=\"441\" data-end=\"787\">Peppen Sie Ihre Festtagskollektionen mit diesem individuell gestalteten, karierten Weihnachtsgeschirr auf. Mit seinem zeitlosen rot-gr\u00fcnen Schottenmuster und der hochwertigen verglasten Oberfl\u00e4che bietet dieses langlebige Keramikset eine raffinierte Landhaus\u00e4sthetik f\u00fcr hochwertige saisonale Branding- und Geschenkkollektionen.<\/p>\n<h2>Individuelles kariertes Weihnachtsgeschirr Parameter<\/h2>\n<table data-path-to-node=\"13\">\n<thead>\n<tr>\n<td><strong>Artikel<\/strong><\/td>\n<td><strong>Technische Details<\/strong><\/td>\n<\/tr>\n<\/thead>\n<tbody>\n<tr>\n<td><span data-path-to-node=\"13,1,0,0\"><b data-path-to-node=\"13,1,0,0\" data-index-in-node=\"0\">Produktname<\/b><\/span><\/td>\n<td><span data-path-to-node=\"13,1,1,0\">Individuelles kariertes Weihnachtsgeschirr<\/span><\/td>\n<\/tr>\n<tr>\n<td><span data-path-to-node=\"13,2,0,0\"><b data-path-to-node=\"13,2,0,0\" data-index-in-node=\"0\">Material<\/b><\/span><\/td>\n<td><span data-path-to-node=\"13,2,1,0\">Premium-Verst\u00e4rkungskeramik \/ Hochwertiges Steingut<\/span><\/td>\n<\/tr>\n<tr>\n<td><span data-path-to-node=\"13,3,0,0\"><b data-path-to-node=\"13,3,0,0\" data-index-in-node=\"0\">Muster Typ<\/b><\/span><\/td>\n<td><span data-path-to-node=\"13,3,1,0\">Klassisches Tartan \/ Karo-Gittermuster<\/span><\/td>\n<\/tr>\n<tr>\n<td><span data-path-to-node=\"13,4,0,0\"><b data-path-to-node=\"13,4,0,0\" data-index-in-node=\"0\">Fertigstellung<\/b><\/span><\/td>\n<td><span data-path-to-node=\"13,4,1,0\">Hochgl\u00e4nzende glatte keramische Glasur<\/span><\/td>\n<\/tr>\n<tr>\n<td><span data-path-to-node=\"13,5,0,0\"><b data-path-to-node=\"13,5,0,0\" data-index-in-node=\"0\">Farbpalette<\/b><\/span><\/td>\n<td><span data-path-to-node=\"13,5,1,0\">Festliches Rot, Waldgr\u00fcn und Cremewei\u00df<\/span><\/td>\n<\/tr>\n<tr>\n<td><span data-path-to-node=\"13,6,0,0\"><b data-path-to-node=\"13,6,0,0\" data-index-in-node=\"0\">Komponenten einstellen<\/b><\/span><\/td>\n<td><span data-path-to-node=\"13,6,1,0\">Speiseteller, Salatteller, Suppenschalen und Kaffeebecher<\/span><\/td>\n<\/tr>\n<tr>\n<td><span data-path-to-node=\"13,7,0,0\"><b data-path-to-node=\"13,7,0,0\" data-index-in-node=\"0\">Handwerkliches K\u00f6nnen<\/b><\/span><\/td>\n<td><span data-path-to-node=\"13,7,1,0\">Underglaze Decal Technology (lebensmittelecht und lichtecht)<\/span><\/td>\n<\/tr>\n<tr>\n<td><span data-path-to-node=\"13,8,0,0\"><b data-path-to-node=\"13,8,0,0\" data-index-in-node=\"0\">Wesentliche Merkmale<\/b><\/span><\/td>\n<td><span data-path-to-node=\"13,8,1,0\"><b data-path-to-node=\"13,8,1,0\" data-index-in-node=\"0\">Stapelbares Design<\/b>, <b data-path-to-node=\"13,8,1,0\" data-index-in-node=\"18\">Kratzfeste Oberfl\u00e4che<\/b>, <b data-path-to-node=\"13,8,1,0\" data-index-in-node=\"45\">Hohe W\u00e4rmespeicherung<\/b><\/span><\/td>\n<\/tr>\n<tr>\n<td><span data-path-to-node=\"13,9,0,0\"><b data-path-to-node=\"13,9,0,0\" data-index-in-node=\"0\">Personalisierung<\/b><\/span><\/td>\n<td><span data-path-to-node=\"13,9,1,0\">Unterst\u00fctzt Massen-OEM\/ODM, private Logos und ma\u00dfgeschneiderte Musterfarben<\/span><\/td>\n<\/tr>\n<tr>\n<td><span data-path-to-node=\"13,10,0,0\"><b data-path-to-node=\"13,10,0,0\" data-index-in-node=\"0\">Sicherheitsstandard<\/b><\/span><\/td>\n<td><span data-path-to-node=\"13,10,1,0\">Bleifrei, kadmiumfrei und lebensmittelecht zertifiziert<\/span><\/td>\n<\/tr>\n<\/tbody>\n<\/table>","protected":false},"featured_media":1686,"comment_status":"closed","ping_status":"closed","template":"","meta":{"_acf_changed":false},"market":[],"product_brand":[],"product_cat":[19,35],"product_tag":[],"class_list":{"0":"post-1685","1":"product","2":"type-product","3":"status-publish","4":"has-post-thumbnail","6":"product_cat-custom-dinnerware-manufacturer","7":"product_cat-custom-dinnerware-sets","9":"first","10":"instock","11":"shipping-taxable","12":"product-type-simple"},"acf":[],"_links":{"self":[{"href":"https:\/\/www.qingfaceramic.com\/de\/wp-json\/wp\/v2\/product\/1685","targetHints":{"allow":["GET"]}}],"collection":[{"href":"https:\/\/www.qingfaceramic.com\/de\/wp-json\/wp\/v2\/product"}],"about":[{"href":"https:\/\/www.qingfaceramic.com\/de\/wp-json\/wp\/v2\/types\/product"}],"replies":[{"embeddable":true,"href":"https:\/\/www.qingfaceramic.com\/de\/wp-json\/wp\/v2\/comments?post=1685"}],"wp:featuredmedia":[{"embeddable":true,"href":"https:\/\/www.qingfaceramic.com\/de\/wp-json\/wp\/v2\/media\/1686"}],"wp:attachment":[{"href":"https:\/\/www.qingfaceramic.com\/de\/wp-json\/wp\/v2\/media?parent=1685"}],"wp:term":[{"taxonomy":"market","embeddable":true,"href":"https:\/\/www.qingfaceramic.com\/de\/wp-json\/wp\/v2\/market?post=1685"},{"taxonomy":"product_brand","embeddable":true,"href":"https:\/\/www.qingfaceramic.com\/de\/wp-json\/wp\/v2\/product_brand?post=1685"},{"taxonomy":"product_cat","embeddable":true,"href":"https:\/\/www.qingfaceramic.com\/de\/wp-json\/wp\/v2\/product_cat?post=1685"},{"taxonomy":"product_tag","embeddable":true,"href":"https:\/\/www.qingfaceramic.com\/de\/wp-json\/wp\/v2\/product_tag?post=1685"}],"curies":[{"name":"wp","href":"https:\/\/api.w.org\/{rel}","templated":true}]}}