{"id":1673,"date":"2026-04-20T08:23:18","date_gmt":"2026-04-20T08:23:18","guid":{"rendered":"https:\/\/www.qingfaceramic.com\/?post_type=product&#038;p=1673"},"modified":"2026-04-20T08:29:04","modified_gmt":"2026-04-20T08:29:04","slug":"custom-santa-claus-mug","status":"publish","type":"product","link":"https:\/\/www.qingfaceramic.com\/de\/produkt\/custom-santa-claus-mug\/","title":{"rendered":"Benutzerdefinierte Santa Claus Becher mit Deckel | 3D Figural Keramik Urlaub Tasse &amp; Geschenk-Box"},"content":{"rendered":"<h2 class=\"wp-block-heading\">Eigenschaften von Custom Santa Claus Mug<\/h2>\n\n\n\n<div class=\"wp-block-columns is-layout-flex wp-container-core-columns-is-layout-9d6595d7 wp-block-columns-is-layout-flex\">\n<div class=\"wp-block-column is-layout-flow wp-block-column-is-layout-flow\">\n<p><strong>Skurriles 3D-Figurendesign:<\/strong> Fachm\u00e4nnisch geformt zu einem vollen <strong>dreidimensionaler Weihnachtsmann<\/strong> Form, mit fr\u00f6hlichem Gesichtsausdruck und dekorativer roter Nase, die ein einzigartiges haptisches Erlebnis bietet.<\/p>\n\n\n\n<p><strong>Funktional passender Deckel:<\/strong> Der mitgelieferte Keramikdeckel in Form einer Weihnachtsmannm\u00fctze h\u00e4lt die Temperatur des Getr\u00e4nks konstant und verleiht dem Design den letzten Schliff.<\/p>\n\n\n\n<p><strong>Erstklassige handwerkliche Verarbeitung:<\/strong> Hergestellt aus hochwertiger, langlebiger Keramik, die bei extremen Temperaturen gebrannt wird, wodurch die <strong>lebendige Glasur<\/strong> Die Farben bleiben lebendig und verblassen auch bei l\u00e4ngerem Gebrauch nicht.<\/p>\n\n\n\n<p><strong>Einzelhandelsgerechte Verpackung:<\/strong> Jede Tasse wird mit einer professionell gestalteten, karierten Geschenkbox geliefert, die sich hervorragend f\u00fcr die Pr\u00e4sentation im Einzelhandel oder als eindrucksvolles Firmengeschenk eignet.<\/p>\n\n\n\n<p><strong>Volle OEM\/ODM-Flexibilit\u00e4t:<\/strong> Spezialisiert auf B2B-Kundenanpassung, bieten wir ma\u00dfgeschneiderte Farbanpassung, kundenspezifische Logo-Integration auf dem Boden und ma\u00dfgeschneiderte Geschenkbox-Designs, die zu verschiedenen Markenidentit\u00e4ten passen.<\/p>\n<\/div>\n\n\n\n<div class=\"wp-block-column is-layout-flow wp-block-column-is-layout-flow\">\n<figure class=\"wp-block-image size-full\"><img decoding=\"async\" width=\"800\" height=\"800\" src=\"https:\/\/www.qingfaceramic.com\/wp-content\/uploads\/2026\/04\/Custom-Santa-Claus-Mug-with-Lid11.webp\" alt=\"Individueller Weihnachtsmann-Becher mit Deckel11\" class=\"wp-image-1684\" srcset=\"https:\/\/www.qingfaceramic.com\/wp-content\/uploads\/2026\/04\/Custom-Santa-Claus-Mug-with-Lid11.webp 800w, https:\/\/www.qingfaceramic.com\/wp-content\/uploads\/2026\/04\/Custom-Santa-Claus-Mug-with-Lid11-300x300.webp 300w, https:\/\/www.qingfaceramic.com\/wp-content\/uploads\/2026\/04\/Custom-Santa-Claus-Mug-with-Lid11-150x150.webp 150w, https:\/\/www.qingfaceramic.com\/wp-content\/uploads\/2026\/04\/Custom-Santa-Claus-Mug-with-Lid11-768x768.webp 768w, https:\/\/www.qingfaceramic.com\/wp-content\/uploads\/2026\/04\/Custom-Santa-Claus-Mug-with-Lid11-12x12.webp 12w, https:\/\/www.qingfaceramic.com\/wp-content\/uploads\/2026\/04\/Custom-Santa-Claus-Mug-with-Lid11-600x600.webp 600w, https:\/\/www.qingfaceramic.com\/wp-content\/uploads\/2026\/04\/Custom-Santa-Claus-Mug-with-Lid11-100x100.webp 100w\" sizes=\"(max-width: 800px) 100vw, 800px\" \/><\/figure>\n<\/div>\n<\/div>\n\n\n\n<div class=\"wp-block-columns is-layout-flex wp-container-core-columns-is-layout-9d6595d7 wp-block-columns-is-layout-flex\">\n<div class=\"wp-block-column is-layout-flow wp-block-column-is-layout-flow\"><\/div>\n\n\n\n<div class=\"wp-block-column is-layout-flow wp-block-column-is-layout-flow\"><\/div>\n<\/div>","protected":false},"excerpt":{"rendered":"<p data-start=\"428\" data-end=\"756\">Feiern Sie die Saison mit dieser individuellen Weihnachtsmann-Tasse. Mit einem lebendigen, handgemalten 3D-Figurendesign und einem praktischen Keramikdeckel wird diese Premium-Festtagstasse mit einer dekorativen Geschenkbox geliefert, was sie zu einer perfekten ma\u00dfgeschneiderten L\u00f6sung f\u00fcr Boutique-Marken und saisonale Firmengeschenke macht.<\/p>\n<h2>Individuelle Weihnachtsmann-Tasse Parameter<\/h2>\n<table data-path-to-node=\"13\">\n<thead>\n<tr>\n<td><strong>Artikel<\/strong><\/td>\n<td><strong>Technische Details<\/strong><\/td>\n<\/tr>\n<\/thead>\n<tbody>\n<tr>\n<td><span data-path-to-node=\"13,1,0,0\"><b data-path-to-node=\"13,1,0,0\" data-index-in-node=\"0\">Produktname<\/b><\/span><\/td>\n<td><span data-path-to-node=\"13,1,1,0\">Individueller Weihnachtsmann-Becher mit Deckel<\/span><\/td>\n<\/tr>\n<tr>\n<td><span data-path-to-node=\"13,2,0,0\"><b data-path-to-node=\"13,2,0,0\" data-index-in-node=\"0\">Material<\/b><\/span><\/td>\n<td><span data-path-to-node=\"13,2,1,0\">Hochwertige AB-Keramik \/ Langlebiges Steingut<\/span><\/td>\n<\/tr>\n<tr>\n<td><span data-path-to-node=\"13,3,0,0\"><b data-path-to-node=\"13,3,0,0\" data-index-in-node=\"0\">Design-Stil<\/b><\/span><\/td>\n<td><span data-path-to-node=\"13,3,1,0\">3D Figuraler gemei\u00dfelter Weihnachtsmann Design<\/span><\/td>\n<\/tr>\n<tr>\n<td><span data-path-to-node=\"13,4,0,0\"><b data-path-to-node=\"13,4,0,0\" data-index-in-node=\"0\">Design des Deckels<\/b><\/span><\/td>\n<td><span data-path-to-node=\"13,4,1,0\">Passender Keramik-Weihnachtsmannm\u00fctzen-Deckel<\/span><\/td>\n<\/tr>\n<tr>\n<td><span data-path-to-node=\"13,5,0,0\"><b data-path-to-node=\"13,5,0,0\" data-index-in-node=\"0\">Handgriff Craft<\/b><\/span><\/td>\n<td><span data-path-to-node=\"13,5,1,0\">C-f\u00f6rmiger ergonomischer Griff mit roter Oberfl\u00e4che<\/span><\/td>\n<\/tr>\n<tr>\n<td><span data-path-to-node=\"13,6,0,0\"><b data-path-to-node=\"13,6,0,0\" data-index-in-node=\"0\">Fertigstellung<\/b><\/span><\/td>\n<td><span data-path-to-node=\"13,6,1,0\">Hochgl\u00e4nzende keramische Glasur<\/span><\/td>\n<\/tr>\n<tr>\n<td><span data-path-to-node=\"13,7,0,0\"><b data-path-to-node=\"13,7,0,0\" data-index-in-node=\"0\">Farbpalette<\/b><\/span><\/td>\n<td><span data-path-to-node=\"13,7,1,0\">Festliches Rot, klassisches Wei\u00df (handgemalte Details)<\/span><\/td>\n<\/tr>\n<tr>\n<td><span data-path-to-node=\"13,8,0,0\"><b data-path-to-node=\"13,8,0,0\" data-index-in-node=\"0\">Handwerkliches K\u00f6nnen<\/b><\/span><\/td>\n<td><span data-path-to-node=\"13,8,1,0\">Bei hoher Temperatur gebrannte Keramik mit Bildhauerei<\/span><\/td>\n<\/tr>\n<tr>\n<td><span data-path-to-node=\"13,9,0,0\"><b data-path-to-node=\"13,9,0,0\" data-index-in-node=\"0\">Verpackung<\/b><\/span><\/td>\n<td><span data-path-to-node=\"13,9,1,0\">Individuelle karierte Weihnachtsgeschenkbox (im Lieferumfang enthalten)<\/span><\/td>\n<\/tr>\n<tr>\n<td><span data-path-to-node=\"13,10,0,0\"><b data-path-to-node=\"13,10,0,0\" data-index-in-node=\"0\">Wesentliche Merkmale<\/b><\/span><\/td>\n<td><span data-path-to-node=\"13,10,1,0\"><b data-path-to-node=\"13,10,1,0\" data-index-in-node=\"0\">Umweltfreundlich<\/b>, <b data-path-to-node=\"13,10,1,0\" data-index-in-node=\"14\">Stapelbares Design<\/b>, <b data-path-to-node=\"13,10,1,0\" data-index-in-node=\"32\">Verblassungsresistente Farben<\/b>, <b data-path-to-node=\"13,10,1,0\" data-index-in-node=\"55\">W\u00e4rmer\u00fcckhaltung<\/b><\/span><\/td>\n<\/tr>\n<tr>\n<td><span data-path-to-node=\"13,11,0,0\"><b data-path-to-node=\"13,11,0,0\" data-index-in-node=\"0\">Personalisierung<\/b><\/span><\/td>\n<td><span data-path-to-node=\"13,11,1,0\">Unterst\u00fctzt Bulk OEM\/ODM, privates Logo, ma\u00dfgeschneiderte Farben und Verpackungen<\/span><\/td>\n<\/tr>\n<tr>\n<td><span data-path-to-node=\"13,12,0,0\"><b data-path-to-node=\"13,12,0,0\" data-index-in-node=\"0\">Sicherheitsstandard<\/b><\/span><\/td>\n<td><span data-path-to-node=\"13,12,1,0\">Bleifrei, kadmiumfrei und lebensmittelecht zertifiziert<\/span><\/td>\n<\/tr>\n<\/tbody>\n<\/table>","protected":false},"featured_media":1674,"comment_status":"closed","ping_status":"closed","template":"","meta":{"_acf_changed":false},"market":[],"product_brand":[],"product_cat":[17,28],"product_tag":[],"class_list":{"0":"post-1673","1":"product","2":"type-product","3":"status-publish","4":"has-post-thumbnail","6":"product_cat-custom-coffee-cups","7":"product_cat-custom-coffee-mugs","9":"first","10":"instock","11":"shipping-taxable","12":"product-type-simple"},"acf":[],"_links":{"self":[{"href":"https:\/\/www.qingfaceramic.com\/de\/wp-json\/wp\/v2\/product\/1673","targetHints":{"allow":["GET"]}}],"collection":[{"href":"https:\/\/www.qingfaceramic.com\/de\/wp-json\/wp\/v2\/product"}],"about":[{"href":"https:\/\/www.qingfaceramic.com\/de\/wp-json\/wp\/v2\/types\/product"}],"replies":[{"embeddable":true,"href":"https:\/\/www.qingfaceramic.com\/de\/wp-json\/wp\/v2\/comments?post=1673"}],"wp:featuredmedia":[{"embeddable":true,"href":"https:\/\/www.qingfaceramic.com\/de\/wp-json\/wp\/v2\/media\/1674"}],"wp:attachment":[{"href":"https:\/\/www.qingfaceramic.com\/de\/wp-json\/wp\/v2\/media?parent=1673"}],"wp:term":[{"taxonomy":"market","embeddable":true,"href":"https:\/\/www.qingfaceramic.com\/de\/wp-json\/wp\/v2\/market?post=1673"},{"taxonomy":"product_brand","embeddable":true,"href":"https:\/\/www.qingfaceramic.com\/de\/wp-json\/wp\/v2\/product_brand?post=1673"},{"taxonomy":"product_cat","embeddable":true,"href":"https:\/\/www.qingfaceramic.com\/de\/wp-json\/wp\/v2\/product_cat?post=1673"},{"taxonomy":"product_tag","embeddable":true,"href":"https:\/\/www.qingfaceramic.com\/de\/wp-json\/wp\/v2\/product_tag?post=1673"}],"curies":[{"name":"wp","href":"https:\/\/api.w.org\/{rel}","templated":true}]}}