{"id":1665,"date":"2026-04-20T08:12:28","date_gmt":"2026-04-20T08:12:28","guid":{"rendered":"https:\/\/www.qingfaceramic.com\/?post_type=product&#038;p=1665"},"modified":"2026-04-20T08:17:43","modified_gmt":"2026-04-20T08:17:43","slug":"custom-christmas-tableware","status":"publish","type":"product","link":"https:\/\/www.qingfaceramic.com\/de\/produkt\/custom-christmas-tableware\/","title":{"rendered":"Individuelles Weihnachtsgeschirr mit gepr\u00e4gtem Herz- und Liebesmotiv"},"content":{"rendered":"<h2 class=\"wp-block-heading\">Merkmale des individuellen Weihnachtsgeschirrs<\/h2>\n\n\n\n<div class=\"wp-block-columns is-layout-flex wp-container-core-columns-is-layout-9d6595d7 wp-block-columns-is-layout-flex\">\n<div class=\"wp-block-column is-layout-flow wp-block-column-is-layout-flow\">\n<ol class=\"wp-block-list\">\n<li><strong>Einzigartiges Doppelpr\u00e4gemotiv:<\/strong> Jedes St\u00fcck ist mit einem raffinierten <strong>Reliefgravur<\/strong> (\u201cLove\u201d-Text und elegante Herzsymbole), die eine Schicht aus taktiler Textur und Luxus hinzuf\u00fcgen, die sich von den \u00fcblichen Urlaubsdesigns abhebt.<\/li>\n\n\n\n<li><strong>Luxuri\u00f6se keramische Hochglanz-Glasur:<\/strong> Beschichtet mit einer professionellen, glatten Hochglanzglasur, die eine hervorragende Lichtreflexion bietet und resistent gegen Flecken, Kratzer und Risse in der Glasur ist.<\/li>\n\n\n\n<li><strong>Artisan Bi-Tonal &amp; Tri-Tonal-Glasur:<\/strong> Die sorgf\u00e4ltig zusammengestellte Farbpalette f\u00fcr die Weihnachtszeit - Waldgr\u00fcn, Festliches Rot und Cremegelb - schafft einen reichen, modernen Kontrast, der sowohl f\u00fcr Weihnachten als auch f\u00fcr andere Jahreszeiten geeignet ist.<\/li>\n\n\n\n<li><strong>Verst\u00e4rkte Keramik der Handelsklasse:<\/strong> Gefertigt aus hochverdichtetem, verst\u00e4rktem Steingut, das bei extremen Temperaturen gebrannt wird, ist das Geschirr besonders haltbar, bruchfest und langlebig.<\/li>\n\n\n\n<li><strong>Vollst\u00e4ndige OEM\/ODM-Branding-L\u00f6sungen:<\/strong> Spezialisiert auf B2B-Kundenanpassung, bieten wir ma\u00dfgeschneiderte Farbanpassung, kundenspezifische Logo-Integration auf dem Boden und ma\u00dfgeschneiderte Geschenkverpackungen f\u00fcr verschiedene Markenidentit\u00e4ten.<\/li>\n<\/ol>\n<\/div>\n\n\n\n<div class=\"wp-block-column is-layout-flow wp-block-column-is-layout-flow\">\n<figure class=\"wp-block-image size-full\"><img decoding=\"async\" width=\"800\" height=\"800\" src=\"https:\/\/www.qingfaceramic.com\/wp-content\/uploads\/2026\/04\/Custom-Christmas-Tableware-with-Embossed-Heart-Love-Motif7.webp\" alt=\"Individuelles Weihnachtsgeschirr mit gepr\u00e4gtem Herz- und Liebesmotiv7\" class=\"wp-image-1672\" srcset=\"https:\/\/www.qingfaceramic.com\/wp-content\/uploads\/2026\/04\/Custom-Christmas-Tableware-with-Embossed-Heart-Love-Motif7.webp 800w, https:\/\/www.qingfaceramic.com\/wp-content\/uploads\/2026\/04\/Custom-Christmas-Tableware-with-Embossed-Heart-Love-Motif7-300x300.webp 300w, https:\/\/www.qingfaceramic.com\/wp-content\/uploads\/2026\/04\/Custom-Christmas-Tableware-with-Embossed-Heart-Love-Motif7-150x150.webp 150w, https:\/\/www.qingfaceramic.com\/wp-content\/uploads\/2026\/04\/Custom-Christmas-Tableware-with-Embossed-Heart-Love-Motif7-768x768.webp 768w, https:\/\/www.qingfaceramic.com\/wp-content\/uploads\/2026\/04\/Custom-Christmas-Tableware-with-Embossed-Heart-Love-Motif7-12x12.webp 12w, https:\/\/www.qingfaceramic.com\/wp-content\/uploads\/2026\/04\/Custom-Christmas-Tableware-with-Embossed-Heart-Love-Motif7-600x600.webp 600w, https:\/\/www.qingfaceramic.com\/wp-content\/uploads\/2026\/04\/Custom-Christmas-Tableware-with-Embossed-Heart-Love-Motif7-100x100.webp 100w\" sizes=\"(max-width: 800px) 100vw, 800px\" \/><\/figure>\n\n\n\n<figure class=\"wp-block-image size-full\"><img decoding=\"async\" width=\"800\" height=\"800\" src=\"https:\/\/www.qingfaceramic.com\/wp-content\/uploads\/2026\/04\/Custom-Christmas-Tableware-with-Embossed-Heart-Love-Motif6.webp\" alt=\"Individuelles Weihnachtsgeschirr mit gepr\u00e4gtem Herz- und Liebesmotiv6\" class=\"wp-image-1671\" srcset=\"https:\/\/www.qingfaceramic.com\/wp-content\/uploads\/2026\/04\/Custom-Christmas-Tableware-with-Embossed-Heart-Love-Motif6.webp 800w, https:\/\/www.qingfaceramic.com\/wp-content\/uploads\/2026\/04\/Custom-Christmas-Tableware-with-Embossed-Heart-Love-Motif6-300x300.webp 300w, https:\/\/www.qingfaceramic.com\/wp-content\/uploads\/2026\/04\/Custom-Christmas-Tableware-with-Embossed-Heart-Love-Motif6-150x150.webp 150w, https:\/\/www.qingfaceramic.com\/wp-content\/uploads\/2026\/04\/Custom-Christmas-Tableware-with-Embossed-Heart-Love-Motif6-768x768.webp 768w, https:\/\/www.qingfaceramic.com\/wp-content\/uploads\/2026\/04\/Custom-Christmas-Tableware-with-Embossed-Heart-Love-Motif6-12x12.webp 12w, https:\/\/www.qingfaceramic.com\/wp-content\/uploads\/2026\/04\/Custom-Christmas-Tableware-with-Embossed-Heart-Love-Motif6-600x600.webp 600w, https:\/\/www.qingfaceramic.com\/wp-content\/uploads\/2026\/04\/Custom-Christmas-Tableware-with-Embossed-Heart-Love-Motif6-100x100.webp 100w\" sizes=\"(max-width: 800px) 100vw, 800px\" \/><\/figure>\n<\/div>\n<\/div>\n\n\n\n<div class=\"wp-block-columns is-layout-flex wp-container-core-columns-is-layout-9d6595d7 wp-block-columns-is-layout-flex\">\n<div class=\"wp-block-column is-layout-flow wp-block-column-is-layout-flow\"><\/div>\n\n\n\n<div class=\"wp-block-column is-layout-flow wp-block-column-is-layout-flow\"><\/div>\n\n\n\n<div class=\"wp-block-column is-layout-flow wp-block-column-is-layout-flow\"><\/div>\n<\/div>\n\n\n\n<div class=\"wp-block-columns is-layout-flex wp-container-core-columns-is-layout-9d6595d7 wp-block-columns-is-layout-flex\">\n<div class=\"wp-block-column is-layout-flow wp-block-column-is-layout-flow\"><\/div>\n\n\n\n<div class=\"wp-block-column is-layout-flow wp-block-column-is-layout-flow\"><\/div>\n<\/div>","protected":false},"excerpt":{"rendered":"<p data-start=\"441\" data-end=\"787\">Werten Sie Ihre Festtagskollektionen mit diesem individuellen Weihnachtsgeschirr auf. Mit einer luxuri\u00f6sen Hochglanzglasur und eleganten gepr\u00e4gten Motiven bietet dieses Premium-Keramikset eine raffinierte, ma\u00dfgeschneiderte L\u00f6sung f\u00fcr hochwertiges saisonales Branding und Geschenke.<\/p>\n<h2>Individuelles Weihnachtsgeschirr nach Ma\u00df<\/h2>\n<table data-path-to-node=\"13\">\n<thead>\n<tr>\n<td><strong>Artikel<\/strong><\/td>\n<td><strong>Technische Details<\/strong><\/td>\n<\/tr>\n<\/thead>\n<tbody>\n<tr>\n<td><span data-path-to-node=\"13,1,0,0\"><b data-path-to-node=\"13,1,0,0\" data-index-in-node=\"0\">Produktname<\/b><\/span><\/td>\n<td><span data-path-to-node=\"13,1,1,0\">Individuelles Weihnachtsgeschirrset<\/span><\/td>\n<\/tr>\n<tr>\n<td><span data-path-to-node=\"13,2,0,0\"><b data-path-to-node=\"13,2,0,0\" data-index-in-node=\"0\">Material<\/b><\/span><\/td>\n<td><span data-path-to-node=\"13,2,1,0\">Hochwertiges, verst\u00e4rktes Steinzeug \/ AB-Keramik<\/span><\/td>\n<\/tr>\n<tr>\n<td><span data-path-to-node=\"13,3,0,0\"><b data-path-to-node=\"13,3,0,0\" data-index-in-node=\"0\">Gepr\u00e4gtes Design<\/b><\/span><\/td>\n<td><span data-path-to-node=\"13,3,1,0\">Reliefgravur (Text \u201cLiebe\u201d &amp; elegantes Herzsymbol)<\/span><\/td>\n<\/tr>\n<tr>\n<td><span data-path-to-node=\"13,4,0,0\"><b data-path-to-node=\"13,4,0,0\" data-index-in-node=\"0\">Felgenstil<\/b><\/span><\/td>\n<td><span data-path-to-node=\"13,4,1,0\">Konzentrischer Ring Entlastung (auf Platten)<\/span><\/td>\n<\/tr>\n<tr>\n<td><span data-path-to-node=\"13,5,0,0\"><b data-path-to-node=\"13,5,0,0\" data-index-in-node=\"0\">Fertigstellung<\/b><\/span><\/td>\n<td><span data-path-to-node=\"13,5,1,0\">Hochgl\u00e4nzende keramische Glasur<\/span><\/td>\n<\/tr>\n<tr>\n<td><span data-path-to-node=\"13,6,0,0\"><b data-path-to-node=\"13,6,0,0\" data-index-in-node=\"0\">Farboptionen<\/b><\/span><\/td>\n<td><span data-path-to-node=\"13,6,1,0\">Waldgr\u00fcn, Festliches Rot, Cremefarbenes Gelb<\/span><\/td>\n<\/tr>\n<tr>\n<td><span data-path-to-node=\"13,7,0,0\"><b data-path-to-node=\"13,7,0,0\" data-index-in-node=\"0\">Handwerkliches K\u00f6nnen<\/b><\/span><\/td>\n<td><span data-path-to-node=\"13,7,1,0\">Bei hoher Temperatur gebrannte Keramik mit handwerklicher Glasur<\/span><\/td>\n<\/tr>\n<tr>\n<td><span data-path-to-node=\"13,8,0,0\"><b data-path-to-node=\"13,8,0,0\" data-index-in-node=\"0\">Komponenten einstellen<\/b><\/span><\/td>\n<td><span data-path-to-node=\"13,8,1,0\">Speiseteller, Salat-\/Dessertteller, Kaffeebecher (einzeln oder in gro\u00dfen Mengen erh\u00e4ltlich)<\/span><\/td>\n<\/tr>\n<tr>\n<td><span data-path-to-node=\"13,9,0,0\"><b data-path-to-node=\"13,9,0,0\" data-index-in-node=\"0\">Wesentliche Merkmale<\/b><\/span><\/td>\n<td><span data-path-to-node=\"13,9,1,0\"><b data-path-to-node=\"13,9,1,0\" data-index-in-node=\"0\">Fade-Resistant-Glasur<\/b>, <b data-path-to-node=\"13,9,1,0\" data-index-in-node=\"22\">Stapelbares Design<\/b>, <b data-path-to-node=\"13,9,1,0\" data-index-in-node=\"40\">Kratzfeste Oberfl\u00e4che<\/b><\/span><\/td>\n<\/tr>\n<tr>\n<td><span data-path-to-node=\"13,10,0,0\"><b data-path-to-node=\"13,10,0,0\" data-index-in-node=\"0\">Personalisierung<\/b><\/span><\/td>\n<td><span data-path-to-node=\"13,10,1,0\">Unterst\u00fctzt Bulk OEM\/ODM, privates Logo, ma\u00dfgeschneiderte Glasurfarben und Verpackungen<\/span><\/td>\n<\/tr>\n<tr>\n<td><span data-path-to-node=\"13,11,0,0\"><b data-path-to-node=\"13,11,0,0\" data-index-in-node=\"0\">Sicherheitsstandard<\/b><\/span><\/td>\n<td><span data-path-to-node=\"13,11,1,0\">Bleifrei, kadmiumfrei und lebensmittelecht zertifiziert<\/span><\/td>\n<\/tr>\n<\/tbody>\n<\/table>","protected":false},"featured_media":1670,"comment_status":"closed","ping_status":"closed","template":"","meta":{"_acf_changed":false},"market":[],"product_brand":[],"product_cat":[19,35],"product_tag":[],"class_list":{"0":"post-1665","1":"product","2":"type-product","3":"status-publish","4":"has-post-thumbnail","6":"product_cat-custom-dinnerware-manufacturer","7":"product_cat-custom-dinnerware-sets","9":"first","10":"instock","11":"shipping-taxable","12":"product-type-simple"},"acf":[],"_links":{"self":[{"href":"https:\/\/www.qingfaceramic.com\/de\/wp-json\/wp\/v2\/product\/1665","targetHints":{"allow":["GET"]}}],"collection":[{"href":"https:\/\/www.qingfaceramic.com\/de\/wp-json\/wp\/v2\/product"}],"about":[{"href":"https:\/\/www.qingfaceramic.com\/de\/wp-json\/wp\/v2\/types\/product"}],"replies":[{"embeddable":true,"href":"https:\/\/www.qingfaceramic.com\/de\/wp-json\/wp\/v2\/comments?post=1665"}],"wp:featuredmedia":[{"embeddable":true,"href":"https:\/\/www.qingfaceramic.com\/de\/wp-json\/wp\/v2\/media\/1670"}],"wp:attachment":[{"href":"https:\/\/www.qingfaceramic.com\/de\/wp-json\/wp\/v2\/media?parent=1665"}],"wp:term":[{"taxonomy":"market","embeddable":true,"href":"https:\/\/www.qingfaceramic.com\/de\/wp-json\/wp\/v2\/market?post=1665"},{"taxonomy":"product_brand","embeddable":true,"href":"https:\/\/www.qingfaceramic.com\/de\/wp-json\/wp\/v2\/product_brand?post=1665"},{"taxonomy":"product_cat","embeddable":true,"href":"https:\/\/www.qingfaceramic.com\/de\/wp-json\/wp\/v2\/product_cat?post=1665"},{"taxonomy":"product_tag","embeddable":true,"href":"https:\/\/www.qingfaceramic.com\/de\/wp-json\/wp\/v2\/product_tag?post=1665"}],"curies":[{"name":"wp","href":"https:\/\/api.w.org\/{rel}","templated":true}]}}