{"id":1655,"date":"2026-04-20T08:03:04","date_gmt":"2026-04-20T08:03:04","guid":{"rendered":"https:\/\/www.qingfaceramic.com\/?post_type=product&#038;p=1655"},"modified":"2026-04-20T08:08:36","modified_gmt":"2026-04-20T08:08:36","slug":"custom-christmas-tree-cup","status":"publish","type":"product","link":"https:\/\/www.qingfaceramic.com\/de\/produkt\/custom-christmas-tree-cup\/","title":{"rendered":"Benutzerdefinierte Weihnachtsbaum Tasse | Baum-f\u00f6rmigen keramischen Urlaub Becher mit Goldgriff"},"content":{"rendered":"<h2 class=\"wp-block-heading\">Eigenschaften von Custom Christmas Tree Cup<\/h2>\n\n\n\n<div class=\"wp-block-columns is-layout-flex wp-container-core-columns-is-layout-9d6595d7 wp-block-columns-is-layout-flex\">\n<div class=\"wp-block-column is-layout-flow wp-block-column-is-layout-flow\">\n<p><strong>Ikonische baumf\u00f6rmige Silhouette:<\/strong> Das einzigartige Stufendesign, das die Schichten eines Weihnachtsbaums nachahmt, bietet eine kreative und festliche \u00c4sthetik, die in jedem Regal auff\u00e4llt.<\/p>\n\n\n\n<p><strong>Luxuri\u00f6ser vergoldeter Griff:<\/strong> Ausgestattet mit einem ergonomischen Griff aus hochwertigem, galvanisiertem Gold, der einen raffinierten Kontrast zu der leuchtenden, festlichen Glasur bildet.<\/p>\n\n\n\n<p><strong>Premium Artisan Glaze:<\/strong> Verziert mit goldfarbenen \u201cOrnament\u201d-Punkten und einer hochgl\u00e4nzenden Oberfl\u00e4che, die daf\u00fcr sorgt, dass die Farben auch bei jahrelangem Gebrauch lebendig bleiben und nicht verblassen.<\/p>\n\n\n\n<p><strong>Gewerblich genutzte Keramik:<\/strong> Hergestellt aus verst\u00e4rktem Steingut f\u00fcr hohe Haltbarkeit und W\u00e4rmespeicherung, ideal zum Servieren von hei\u00dfem Kakao bis hin zu festlichen Milchkaffees.<\/p>\n\n\n\n<p><strong>Professionelle Anpassung:<\/strong> Vollst\u00e4ndig anpassbar f\u00fcr B2B-Bed\u00fcrfnisse, einschlie\u00dflich ma\u00dfgeschneiderter Farbgebung, Logoplatzierung auf dem Sockel und professioneller Geschenkverpackung f\u00fcr Feiertage.<\/p>\n<\/div>\n\n\n\n<div class=\"wp-block-column is-layout-flow wp-block-column-is-layout-flow\">\n<figure class=\"wp-block-image size-full\"><img decoding=\"async\" width=\"800\" height=\"800\" src=\"https:\/\/www.qingfaceramic.com\/wp-content\/uploads\/2026\/04\/Custom-Christmas-Tree-Cup11.webp\" alt=\"Individueller Weihnachtsbaum Cup11\" class=\"wp-image-1663\" srcset=\"https:\/\/www.qingfaceramic.com\/wp-content\/uploads\/2026\/04\/Custom-Christmas-Tree-Cup11.webp 800w, https:\/\/www.qingfaceramic.com\/wp-content\/uploads\/2026\/04\/Custom-Christmas-Tree-Cup11-300x300.webp 300w, https:\/\/www.qingfaceramic.com\/wp-content\/uploads\/2026\/04\/Custom-Christmas-Tree-Cup11-150x150.webp 150w, https:\/\/www.qingfaceramic.com\/wp-content\/uploads\/2026\/04\/Custom-Christmas-Tree-Cup11-768x768.webp 768w, https:\/\/www.qingfaceramic.com\/wp-content\/uploads\/2026\/04\/Custom-Christmas-Tree-Cup11-12x12.webp 12w, https:\/\/www.qingfaceramic.com\/wp-content\/uploads\/2026\/04\/Custom-Christmas-Tree-Cup11-600x600.webp 600w, https:\/\/www.qingfaceramic.com\/wp-content\/uploads\/2026\/04\/Custom-Christmas-Tree-Cup11-100x100.webp 100w\" sizes=\"(max-width: 800px) 100vw, 800px\" \/><\/figure>\n<\/div>\n<\/div>\n\n\n\n<div class=\"wp-block-columns is-layout-flex wp-container-core-columns-is-layout-9d6595d7 wp-block-columns-is-layout-flex\">\n<div class=\"wp-block-column is-layout-flow wp-block-column-is-layout-flow\"><\/div>\n\n\n\n<div class=\"wp-block-column is-layout-flow wp-block-column-is-layout-flow\"><\/div>\n<\/div>","protected":false},"excerpt":{"rendered":"<p data-start=\"428\" data-end=\"756\">Bringen Sie Weihnachtszauber auf den Tisch mit dieser individuellen Tasse mit Weihnachtsbaum. Dieser Premium-Keramikbecher mit seiner unverwechselbaren, stufenf\u00f6rmigen Silhouette, die perfekt einen festlichen Baum nachahmt, verf\u00fcgt \u00fcber einen luxuri\u00f6sen goldenen Griff und elegante Akzente, die ihn zu einem herausragenden St\u00fcck f\u00fcr saisonale Branding- und Geschenkkollektionen machen.<\/p>\n<h2>Benutzerdefinierte Weihnachtsbaum Tasse Parameter<\/h2>\n<table data-path-to-node=\"4\">\n<thead>\n<tr>\n<td><strong>Artikel<\/strong><\/td>\n<td><strong>Technische Details<\/strong><\/td>\n<\/tr>\n<\/thead>\n<tbody>\n<tr>\n<td><span data-path-to-node=\"4,1,0,0\"><b data-path-to-node=\"4,1,0,0\" data-index-in-node=\"0\">Produktname<\/b><\/span><\/td>\n<td><span data-path-to-node=\"4,1,1,0\">Individuelle Weihnachtsbaum-Tasse<\/span><\/td>\n<\/tr>\n<tr>\n<td><span data-path-to-node=\"4,2,0,0\"><b data-path-to-node=\"4,2,0,0\" data-index-in-node=\"0\">Material<\/b><\/span><\/td>\n<td><span data-path-to-node=\"4,2,1,0\">Premium-Verst\u00e4rkungskeramik \/ Hochwertiges Steingut<\/span><\/td>\n<\/tr>\n<tr>\n<td><span data-path-to-node=\"4,3,0,0\"><b data-path-to-node=\"4,3,0,0\" data-index-in-node=\"0\">Design Form<\/b><\/span><\/td>\n<td><span data-path-to-node=\"4,3,1,0\">Stilisierte gestaffelte Weihnachtsbaum-Silhouette<\/span><\/td>\n<\/tr>\n<tr>\n<td><span data-path-to-node=\"4,4,0,0\"><b data-path-to-node=\"4,4,0,0\" data-index-in-node=\"0\">Handgriff Craft<\/b><\/span><\/td>\n<td><span data-path-to-node=\"4,4,1,0\">Ergonomischer C-Griff mit luxuri\u00f6ser, galvanisch vergoldeter Oberfl\u00e4che<\/span><\/td>\n<\/tr>\n<tr>\n<td><span data-path-to-node=\"4,5,0,0\"><b data-path-to-node=\"4,5,0,0\" data-index-in-node=\"0\">Fertigstellung<\/b><\/span><\/td>\n<td><span data-path-to-node=\"4,5,1,0\">Hochgl\u00e4nzende keramische Glasur mit metallischen goldenen \u201cOrnament\u201d-Akzenten<\/span><\/td>\n<\/tr>\n<tr>\n<td><span data-path-to-node=\"4,6,0,0\"><b data-path-to-node=\"4,6,0,0\" data-index-in-node=\"0\">Felgenstil<\/b><\/span><\/td>\n<td><span data-path-to-node=\"4,6,1,0\">Wellenf\u00f6rmiger Rand (in Anlehnung an die Baumkronenschichten)<\/span><\/td>\n<\/tr>\n<tr>\n<td><span data-path-to-node=\"4,7,0,0\"><b data-path-to-node=\"4,7,0,0\" data-index-in-node=\"0\">Farboptionen<\/b><\/span><\/td>\n<td><span data-path-to-node=\"4,7,1,0\">Waldgr\u00fcn, Festliches Rot (benutzerdefinierte Glasurfarben verf\u00fcgbar)<\/span><\/td>\n<\/tr>\n<tr>\n<td><span data-path-to-node=\"4,8,0,0\"><b data-path-to-node=\"4,8,0,0\" data-index-in-node=\"0\">Textur des K\u00f6rpers<\/b><\/span><\/td>\n<td><span data-path-to-node=\"4,8,1,0\">3-stufige horizontale Wellenformung<\/span><\/td>\n<\/tr>\n<tr>\n<td><span data-path-to-node=\"4,9,0,0\"><b data-path-to-node=\"4,9,0,0\" data-index-in-node=\"0\">Wesentliche Merkmale<\/b><\/span><\/td>\n<td><span data-path-to-node=\"4,9,1,0\"><b data-path-to-node=\"4,9,1,0\" data-index-in-node=\"0\">Fade-Resistant-Glasur<\/b>, <b data-path-to-node=\"4,9,1,0\" data-index-in-node=\"22\">Hohe W\u00e4rmer\u00fcckhaltung<\/b>, <b data-path-to-node=\"4,9,1,0\" data-index-in-node=\"46\">Chip-Resistent<\/b><\/span><\/td>\n<\/tr>\n<tr>\n<td><span data-path-to-node=\"4,10,0,0\"><b data-path-to-node=\"4,10,0,0\" data-index-in-node=\"0\">Handwerkliches K\u00f6nnen<\/b><\/span><\/td>\n<td><span data-path-to-node=\"4,10,1,0\">Bei hoher Temperatur gebrannte Keramik + Vakuum-Ionen-Beschichtung<\/span><\/td>\n<\/tr>\n<tr>\n<td><span data-path-to-node=\"4,11,0,0\"><b data-path-to-node=\"4,11,0,0\" data-index-in-node=\"0\">Personalisierung<\/b><\/span><\/td>\n<td><span data-path-to-node=\"4,11,1,0\">Unterst\u00fctzt Bulk OEM\/ODM, Private Logo und ma\u00dfgeschneiderte Verpackungen<\/span><\/td>\n<\/tr>\n<tr>\n<td><span data-path-to-node=\"4,12,0,0\"><b data-path-to-node=\"4,12,0,0\" data-index-in-node=\"0\">Sicherheitsstandard<\/b><\/span><\/td>\n<td><span data-path-to-node=\"4,12,1,0\">Bleifrei, kadmiumfrei und lebensmittelecht zertifiziert<\/span><\/td>\n<\/tr>\n<\/tbody>\n<\/table>","protected":false},"featured_media":1657,"comment_status":"closed","ping_status":"closed","template":"","meta":{"_acf_changed":false},"market":[],"product_brand":[],"product_cat":[17,28],"product_tag":[],"class_list":{"0":"post-1655","1":"product","2":"type-product","3":"status-publish","4":"has-post-thumbnail","6":"product_cat-custom-coffee-cups","7":"product_cat-custom-coffee-mugs","9":"first","10":"instock","11":"shipping-taxable","12":"product-type-simple"},"acf":[],"_links":{"self":[{"href":"https:\/\/www.qingfaceramic.com\/de\/wp-json\/wp\/v2\/product\/1655","targetHints":{"allow":["GET"]}}],"collection":[{"href":"https:\/\/www.qingfaceramic.com\/de\/wp-json\/wp\/v2\/product"}],"about":[{"href":"https:\/\/www.qingfaceramic.com\/de\/wp-json\/wp\/v2\/types\/product"}],"replies":[{"embeddable":true,"href":"https:\/\/www.qingfaceramic.com\/de\/wp-json\/wp\/v2\/comments?post=1655"}],"wp:featuredmedia":[{"embeddable":true,"href":"https:\/\/www.qingfaceramic.com\/de\/wp-json\/wp\/v2\/media\/1657"}],"wp:attachment":[{"href":"https:\/\/www.qingfaceramic.com\/de\/wp-json\/wp\/v2\/media?parent=1655"}],"wp:term":[{"taxonomy":"market","embeddable":true,"href":"https:\/\/www.qingfaceramic.com\/de\/wp-json\/wp\/v2\/market?post=1655"},{"taxonomy":"product_brand","embeddable":true,"href":"https:\/\/www.qingfaceramic.com\/de\/wp-json\/wp\/v2\/product_brand?post=1655"},{"taxonomy":"product_cat","embeddable":true,"href":"https:\/\/www.qingfaceramic.com\/de\/wp-json\/wp\/v2\/product_cat?post=1655"},{"taxonomy":"product_tag","embeddable":true,"href":"https:\/\/www.qingfaceramic.com\/de\/wp-json\/wp\/v2\/product_tag?post=1655"}],"curies":[{"name":"wp","href":"https:\/\/api.w.org\/{rel}","templated":true}]}}