{"id":1646,"date":"2026-04-20T07:44:50","date_gmt":"2026-04-20T07:44:50","guid":{"rendered":"https:\/\/www.qingfaceramic.com\/?post_type=product&#038;p=1646"},"modified":"2026-04-20T07:53:58","modified_gmt":"2026-04-20T07:53:58","slug":"custom-christmas-mug-creative-ceramic-holiday-mug","status":"publish","type":"product","link":"https:\/\/www.qingfaceramic.com\/de\/produkt\/custom-christmas-mug-creative-ceramic-holiday-mug\/","title":{"rendered":"Custom Christmas Mug Kreative Keramik Urlaub Becher mit Sockel Basis"},"content":{"rendered":"<h2 class=\"wp-block-heading\">Eigenschaften von Custom Christmas Mug<\/h2>\n\n\n\n<div class=\"wp-block-columns is-layout-flex wp-container-core-columns-is-layout-9d6595d7 wp-block-columns-is-layout-flex\">\n<div class=\"wp-block-column is-layout-flow wp-block-column-is-layout-flow\">\n<p><strong>Kreatives Urlaubsdesign<\/strong><br>Der einzigartige erh\u00f6hte Sockel und die weite \u00d6ffnung sorgen f\u00fcr ein unverwechselbares und auff\u00e4lliges Festtagsgetr\u00e4nkeerlebnis.<\/p>\n\n\n\n<p><strong>Premium-Keramik-Konstruktion<\/strong><br>Hergestellt aus haltbarer Keramik oder neuem Knochenporzellan mit einer glatten, glasierten Oberfl\u00e4che f\u00fcr eine lange Lebensdauer und ein edles Aussehen.<\/p>\n\n\n\n<p><strong>Interaktives verstecktes Detail<\/strong><br>Das eingebaute 3D-Innenleben sorgt f\u00fcr Spa\u00df und \u00dcberraschung und verbessert das Benutzererlebnis und die Attraktivit\u00e4t als Geschenk.<\/p>\n\n\n\n<p><strong>Komfortabler und funktionaler Einsatz<\/strong><br>Der ergonomische C-f\u00f6rmige Griff und das w\u00e4rmeisolierende Design sorgen f\u00fcr einen bequemen Griff und ein angenehmes Trinkerlebnis.<\/p>\n\n\n\n<p><strong>OEM\/ODM-Anpassung m\u00f6glich<\/strong><br>Unterst\u00fctzt individuelle Farben, Muster, Formen und Geschenkverpackungen, ideal f\u00fcr saisonale Kollektionen und Markenartikel.<\/p>\n<\/div>\n\n\n\n<div class=\"wp-block-column is-layout-flow wp-block-column-is-layout-flow\">\n<figure class=\"wp-block-image size-full\"><img decoding=\"async\" width=\"800\" height=\"800\" src=\"https:\/\/www.qingfaceramic.com\/wp-content\/uploads\/2026\/04\/Custom-Christmas-Mug3.webp\" alt=\"Individueller Weihnachtsbecher3\" class=\"wp-image-1648\" srcset=\"https:\/\/www.qingfaceramic.com\/wp-content\/uploads\/2026\/04\/Custom-Christmas-Mug3.webp 800w, https:\/\/www.qingfaceramic.com\/wp-content\/uploads\/2026\/04\/Custom-Christmas-Mug3-300x300.webp 300w, https:\/\/www.qingfaceramic.com\/wp-content\/uploads\/2026\/04\/Custom-Christmas-Mug3-150x150.webp 150w, https:\/\/www.qingfaceramic.com\/wp-content\/uploads\/2026\/04\/Custom-Christmas-Mug3-768x768.webp 768w, https:\/\/www.qingfaceramic.com\/wp-content\/uploads\/2026\/04\/Custom-Christmas-Mug3-12x12.webp 12w, https:\/\/www.qingfaceramic.com\/wp-content\/uploads\/2026\/04\/Custom-Christmas-Mug3-600x600.webp 600w, https:\/\/www.qingfaceramic.com\/wp-content\/uploads\/2026\/04\/Custom-Christmas-Mug3-100x100.webp 100w\" sizes=\"(max-width: 800px) 100vw, 800px\" \/><\/figure>\n<\/div>\n<\/div>\n\n\n\n<div class=\"wp-block-columns is-layout-flex wp-container-core-columns-is-layout-9d6595d7 wp-block-columns-is-layout-flex\">\n<div class=\"wp-block-column is-layout-flow wp-block-column-is-layout-flow\"><\/div>\n\n\n\n<div class=\"wp-block-column is-layout-flow wp-block-column-is-layout-flow\"><\/div>\n<\/div>","protected":false},"excerpt":{"rendered":"<p data-start=\"428\" data-end=\"756\">Unsere individuelle Weihnachtstasse mit kreativem Sockeldesign und hochgl\u00e4nzender Keramikoberfl\u00e4che ist ideal f\u00fcr Festtagsgetr\u00e4nke, Weihnachtsgeschenke und individuelles OEM-Branding.<\/p>\n<h2>Individueller Weihnachtsbecher Parameter<\/h2>\n<table data-path-to-node=\"1\">\n<thead>\n<tr>\n<td><strong>Artikel<\/strong><\/td>\n<td><strong>Technische Details<\/strong><\/td>\n<\/tr>\n<\/thead>\n<tbody>\n<tr>\n<td><span data-path-to-node=\"1,1,0,0\"><b data-path-to-node=\"1,1,0,0\" data-index-in-node=\"0\">Produktname<\/b><\/span><\/td>\n<td><span data-path-to-node=\"1,1,1,0\">\u00a0Weihnachtsbecher<\/span><\/td>\n<\/tr>\n<tr>\n<td><span data-path-to-node=\"1,2,0,0\"><b data-path-to-node=\"1,2,0,0\" data-index-in-node=\"0\">Material<\/b><\/span><\/td>\n<td><span data-path-to-node=\"1,2,1,0\">Hochwertige, langlebige Keramik \/ New Bone China<\/span><\/td>\n<\/tr>\n<tr>\n<td><span data-path-to-node=\"1,3,0,0\"><b data-path-to-node=\"1,3,0,0\" data-index-in-node=\"0\">Design-Stil<\/b><\/span><\/td>\n<td><span data-path-to-node=\"1,3,1,0\">Festliche Feiertagsmotive (Lebkuchenmann, Schneeflocken, Polka Dots)<\/span><\/td>\n<\/tr>\n<tr>\n<td><span data-path-to-node=\"1,4,0,0\"><b data-path-to-node=\"1,4,0,0\" data-index-in-node=\"0\">Struktur des K\u00f6rpers<\/b><\/span><\/td>\n<td><span data-path-to-node=\"1,4,1,0\">Weitmundige Schalenform mit elegantem, erh\u00f6htem Sockel<\/span><\/td>\n<\/tr>\n<tr>\n<td><span data-path-to-node=\"1,5,0,0\"><b data-path-to-node=\"1,5,0,0\" data-index-in-node=\"0\">Handgriff Typ<\/b><\/span><\/td>\n<td><span data-path-to-node=\"1,5,1,0\">Ergonomischer C-f\u00f6rmiger, griffiger Handgriff<\/span><\/td>\n<\/tr>\n<tr>\n<td><span data-path-to-node=\"1,6,0,0\"><b data-path-to-node=\"1,6,0,0\" data-index-in-node=\"0\">Fertigstellung<\/b><\/span><\/td>\n<td><span data-path-to-node=\"1,6,1,0\">Hochgl\u00e4nzende, glatte Glasur mit Metallic-Gold-Schriftzug<\/span><\/td>\n<\/tr>\n<tr>\n<td><span data-path-to-node=\"1,7,0,0\"><b data-path-to-node=\"1,7,0,0\" data-index-in-node=\"0\">Farboptionen<\/b><\/span><\/td>\n<td><span data-path-to-node=\"1,7,1,0\">Festliches Rot, Waldgr\u00fcn, Cremewei\u00df<\/span><\/td>\n<\/tr>\n<tr>\n<td><span data-path-to-node=\"1,8,0,0\"><b data-path-to-node=\"1,8,0,0\" data-index-in-node=\"0\">Internes Detail<\/b><\/span><\/td>\n<td><span data-path-to-node=\"1,8,1,0\">Miniatur-3D-Figuren mit versteckter \u00dcberraschung (z. B. Lebkuchenmann)<\/span><\/td>\n<\/tr>\n<tr>\n<td><span data-path-to-node=\"1,9,0,0\"><b data-path-to-node=\"1,9,0,0\" data-index-in-node=\"0\">Wesentliche Merkmale<\/b><\/span><\/td>\n<td><span data-path-to-node=\"1,9,1,0\"><b data-path-to-node=\"1,9,1,0\" data-index-in-node=\"0\">Stapelbares Design<\/b>, <b data-path-to-node=\"1,9,1,0\" data-index-in-node=\"18\">W\u00e4rmed\u00e4mmung<\/b>, <b data-path-to-node=\"1,9,1,0\" data-index-in-node=\"38\">Lebendige, verblassungsresistente Farben<\/b><\/span><\/td>\n<\/tr>\n<tr>\n<td><span data-path-to-node=\"1,10,0,0\"><b data-path-to-node=\"1,10,0,0\" data-index-in-node=\"0\">Personalisierung<\/b><\/span><\/td>\n<td><span data-path-to-node=\"1,10,1,0\">Unterst\u00fctzt Bulk OEM\/ODM (kundenspezifische Muster, Formen und Geschenkverpackungen)<\/span><\/td>\n<\/tr>\n<tr>\n<td><span data-path-to-node=\"1,11,0,0\"><b data-path-to-node=\"1,11,0,0\" data-index-in-node=\"0\">Sicherheitsstandard<\/b><\/span><\/td>\n<td><span data-path-to-node=\"1,11,1,0\">Bleifrei, kadmiumfrei und lebensmittelecht zertifiziert<\/span><\/td>\n<\/tr>\n<\/tbody>\n<\/table>","protected":false},"featured_media":1649,"comment_status":"closed","ping_status":"closed","template":"","meta":{"_acf_changed":false},"market":[],"product_brand":[],"product_cat":[17,28],"product_tag":[],"class_list":{"0":"post-1646","1":"product","2":"type-product","3":"status-publish","4":"has-post-thumbnail","6":"product_cat-custom-coffee-cups","7":"product_cat-custom-coffee-mugs","9":"first","10":"instock","11":"shipping-taxable","12":"product-type-simple"},"acf":[],"_links":{"self":[{"href":"https:\/\/www.qingfaceramic.com\/de\/wp-json\/wp\/v2\/product\/1646","targetHints":{"allow":["GET"]}}],"collection":[{"href":"https:\/\/www.qingfaceramic.com\/de\/wp-json\/wp\/v2\/product"}],"about":[{"href":"https:\/\/www.qingfaceramic.com\/de\/wp-json\/wp\/v2\/types\/product"}],"replies":[{"embeddable":true,"href":"https:\/\/www.qingfaceramic.com\/de\/wp-json\/wp\/v2\/comments?post=1646"}],"wp:featuredmedia":[{"embeddable":true,"href":"https:\/\/www.qingfaceramic.com\/de\/wp-json\/wp\/v2\/media\/1649"}],"wp:attachment":[{"href":"https:\/\/www.qingfaceramic.com\/de\/wp-json\/wp\/v2\/media?parent=1646"}],"wp:term":[{"taxonomy":"market","embeddable":true,"href":"https:\/\/www.qingfaceramic.com\/de\/wp-json\/wp\/v2\/market?post=1646"},{"taxonomy":"product_brand","embeddable":true,"href":"https:\/\/www.qingfaceramic.com\/de\/wp-json\/wp\/v2\/product_brand?post=1646"},{"taxonomy":"product_cat","embeddable":true,"href":"https:\/\/www.qingfaceramic.com\/de\/wp-json\/wp\/v2\/product_cat?post=1646"},{"taxonomy":"product_tag","embeddable":true,"href":"https:\/\/www.qingfaceramic.com\/de\/wp-json\/wp\/v2\/product_tag?post=1646"}],"curies":[{"name":"wp","href":"https:\/\/api.w.org\/{rel}","templated":true}]}}