{"id":1640,"date":"2026-04-20T07:35:00","date_gmt":"2026-04-20T07:35:00","guid":{"rendered":"https:\/\/www.qingfaceramic.com\/?post_type=product&#038;p=1640"},"modified":"2026-04-20T07:43:15","modified_gmt":"2026-04-20T07:43:15","slug":"custom-christmas-dessert-plates","status":"publish","type":"product","link":"https:\/\/www.qingfaceramic.com\/de\/produkt\/custom-christmas-dessert-plates\/","title":{"rendered":"Benutzerdefinierte Weihnachten Dessertteller Dekorative Porzellan Urlaub Teller"},"content":{"rendered":"<h2 class=\"wp-block-heading\">Merkmale von individuellen Weihnachtsdesserttellern<\/h2>\n\n\n\n<div class=\"wp-block-columns is-layout-flex wp-container-core-columns-is-layout-9d6595d7 wp-block-columns-is-layout-flex\">\n<div class=\"wp-block-column is-layout-flow wp-block-column-is-layout-flow\">\n<p><strong>Elegante Urlaubs\u00e4sthetik<\/strong><br>Entworfen, um festlich gedeckte Tische mit einem raffinierten und zeitlosen Festtagslook zu bereichern, der zu verschiedenen saisonalen Themen passt.<\/p>\n\n\n\n<p><strong>Unverwechselbares Wellenschliff-Design<\/strong><br>Der gewellte Rand mit subtilen Reliefdetails verleiht der Tischpr\u00e4sentation Tiefe und Raffinesse.<\/p>\n\n\n\n<p><strong>Hochwertige Porzellanqualit\u00e4t<\/strong><br>Hergestellt aus hochwertigem Porzellan mit einer glatten, glasierten Oberfl\u00e4che, die eine lange Lebensdauer und einen langen Gebrauch garantiert.<\/p>\n\n\n\n<p><strong>Langlebig und praktisch f\u00fcr den t\u00e4glichen Gebrauch<\/strong><br>Das kratzfeste und stapelbare Design eignet sich sowohl f\u00fcr den Heimgebrauch als auch f\u00fcr die gewerbliche Nutzung in der Gastronomie.<\/p>\n\n\n\n<p><strong>OEM\/ODM-Anpassung m\u00f6glich<\/strong><br>Unterst\u00fctzt benutzerdefinierte Muster, Farben und Logo-Anwendungen, ideal f\u00fcr saisonale Produktlinien und Branding-Projekte.<\/p>\n<\/div>\n\n\n\n<div class=\"wp-block-column is-layout-flow wp-block-column-is-layout-flow\">\n<figure class=\"wp-block-image size-full\"><img decoding=\"async\" width=\"800\" height=\"800\" src=\"https:\/\/www.qingfaceramic.com\/wp-content\/uploads\/2026\/04\/Custom-Christmas-Dessert-Plates1.webp\" alt=\"Individuelle Dessertteller f\u00fcr Weihnachten1\" class=\"wp-image-1641\" srcset=\"https:\/\/www.qingfaceramic.com\/wp-content\/uploads\/2026\/04\/Custom-Christmas-Dessert-Plates1.webp 800w, https:\/\/www.qingfaceramic.com\/wp-content\/uploads\/2026\/04\/Custom-Christmas-Dessert-Plates1-300x300.webp 300w, https:\/\/www.qingfaceramic.com\/wp-content\/uploads\/2026\/04\/Custom-Christmas-Dessert-Plates1-150x150.webp 150w, https:\/\/www.qingfaceramic.com\/wp-content\/uploads\/2026\/04\/Custom-Christmas-Dessert-Plates1-768x768.webp 768w, https:\/\/www.qingfaceramic.com\/wp-content\/uploads\/2026\/04\/Custom-Christmas-Dessert-Plates1-12x12.webp 12w, https:\/\/www.qingfaceramic.com\/wp-content\/uploads\/2026\/04\/Custom-Christmas-Dessert-Plates1-600x600.webp 600w, https:\/\/www.qingfaceramic.com\/wp-content\/uploads\/2026\/04\/Custom-Christmas-Dessert-Plates1-100x100.webp 100w\" sizes=\"(max-width: 800px) 100vw, 800px\" \/><\/figure>\n<\/div>\n<\/div>\n\n\n\n<div class=\"wp-block-columns is-layout-flex wp-container-core-columns-is-layout-9d6595d7 wp-block-columns-is-layout-flex\">\n<div class=\"wp-block-column is-layout-flow wp-block-column-is-layout-flow\"><\/div>\n\n\n\n<div class=\"wp-block-column is-layout-flow wp-block-column-is-layout-flow\"><\/div>\n<\/div>","protected":false},"excerpt":{"rendered":"<p>Unsere individuellen Weihnachtsdessertteller sind aus hochwertigem Porzellan mit einem raffinierten Wellenmuster und einer gl\u00e4nzenden Oberfl\u00e4che gefertigt und eignen sich ideal f\u00fcr festliche Mahlzeiten, Festtagskollektionen und OEM-Anpassungen.<\/p>\n<h2>Individuelle Weihnachtsdessertteller Parameter<\/h2>\n<table>\n<thead>\n<tr>\n<th>Artikel<\/th>\n<th>Technische Details<\/th>\n<\/tr>\n<\/thead>\n<tbody>\n<tr>\n<td>Produktname<\/td>\n<td>Individuelle Dessertteller f\u00fcr Weihnachten<\/td>\n<\/tr>\n<tr>\n<td>Material<\/td>\n<td>Hochwertiges Feinporzellan \/ Verst\u00e4rkte Keramik<\/td>\n<\/tr>\n<tr>\n<td>Design-Stil<\/td>\n<td>Festlicher Urlaubsstil mit dekorativem Rand<\/td>\n<\/tr>\n<tr>\n<td>Randgestaltung<\/td>\n<td>Wellenf\u00f6rmig gewellter Rand mit Perlenrelief-Akzenten<\/td>\n<\/tr>\n<tr>\n<td>Fertigstellung<\/td>\n<td>Hochgl\u00e4nzende Schutzglasur<\/td>\n<\/tr>\n<tr>\n<td>Farbpalette<\/td>\n<td>Festliches Rot, Waldgr\u00fcn, K\u00f6nigsblau, Klassisches Braun<\/td>\n<\/tr>\n<tr>\n<td>Form<\/td>\n<td>Achteckige \/ gewellte runde Hybride<\/td>\n<\/tr>\n<tr>\n<td>Handwerkliches K\u00f6nnen<\/td>\n<td>Underglaze-Abziehbild-Technologie (lichtecht)<\/td>\n<\/tr>\n<tr>\n<td>Wesentliche Merkmale<\/td>\n<td>Stapelbare Lagerung, kratzfeste Oberfl\u00e4che, hohe Lebensdauer<\/td>\n<\/tr>\n<tr>\n<td>Personalisierung<\/td>\n<td>Unterst\u00fctzt Massen-OEM\/ODM, kundenspezifische Muster, Farben und Logos<\/td>\n<\/tr>\n<tr>\n<td>Sicherheitsstandard<\/td>\n<td>Bleifrei, cadmiumfrei, lebensmittelecht zertifiziert<\/td>\n<\/tr>\n<\/tbody>\n<\/table>\n<p>&nbsp;<\/p>","protected":false},"featured_media":1645,"comment_status":"closed","ping_status":"closed","template":"","meta":{"_acf_changed":false},"market":[],"product_brand":[],"product_cat":[19,33],"product_tag":[],"class_list":{"0":"post-1640","1":"product","2":"type-product","3":"status-publish","4":"has-post-thumbnail","6":"product_cat-custom-dinnerware-manufacturer","7":"product_cat-custom-ceramic-plates","9":"first","10":"instock","11":"shipping-taxable","12":"product-type-simple"},"acf":[],"_links":{"self":[{"href":"https:\/\/www.qingfaceramic.com\/de\/wp-json\/wp\/v2\/product\/1640","targetHints":{"allow":["GET"]}}],"collection":[{"href":"https:\/\/www.qingfaceramic.com\/de\/wp-json\/wp\/v2\/product"}],"about":[{"href":"https:\/\/www.qingfaceramic.com\/de\/wp-json\/wp\/v2\/types\/product"}],"replies":[{"embeddable":true,"href":"https:\/\/www.qingfaceramic.com\/de\/wp-json\/wp\/v2\/comments?post=1640"}],"wp:featuredmedia":[{"embeddable":true,"href":"https:\/\/www.qingfaceramic.com\/de\/wp-json\/wp\/v2\/media\/1645"}],"wp:attachment":[{"href":"https:\/\/www.qingfaceramic.com\/de\/wp-json\/wp\/v2\/media?parent=1640"}],"wp:term":[{"taxonomy":"market","embeddable":true,"href":"https:\/\/www.qingfaceramic.com\/de\/wp-json\/wp\/v2\/market?post=1640"},{"taxonomy":"product_brand","embeddable":true,"href":"https:\/\/www.qingfaceramic.com\/de\/wp-json\/wp\/v2\/product_brand?post=1640"},{"taxonomy":"product_cat","embeddable":true,"href":"https:\/\/www.qingfaceramic.com\/de\/wp-json\/wp\/v2\/product_cat?post=1640"},{"taxonomy":"product_tag","embeddable":true,"href":"https:\/\/www.qingfaceramic.com\/de\/wp-json\/wp\/v2\/product_tag?post=1640"}],"curies":[{"name":"wp","href":"https:\/\/api.w.org\/{rel}","templated":true}]}}