{"id":1625,"date":"2026-04-18T10:13:31","date_gmt":"2026-04-18T10:13:31","guid":{"rendered":"https:\/\/www.qingfaceramic.com\/?post_type=product&#038;p=1625"},"modified":"2026-04-20T07:44:27","modified_gmt":"2026-04-20T07:44:27","slug":"custom-jujube-bowl-coffee-cup-set","status":"publish","type":"product","link":"https:\/\/www.qingfaceramic.com\/de\/produkt\/custom-jujube-bowl-coffee-cup-set\/","title":{"rendered":"Benutzerdefinierte Jujube Sch\u00fcssel Kaffeetasse Set"},"content":{"rendered":"<h2 class=\"wp-block-heading\">Eigenschaften des Custom Jujube Bowl Coffee Cup Sets <\/h2>\n\n\n\n<div class=\"wp-block-columns is-layout-flex wp-container-core-columns-is-layout-9d6595d7 wp-block-columns-is-layout-flex\">\n<div class=\"wp-block-column is-layout-flow wp-block-column-is-layout-flow\">\n<p>1<strong>. Innovatives All-in-One-Serviersystem<\/strong><br>Eine zentrale Jujube-Schale mit Deckel und 6 integrierten Kaffeetassen, die Servieren, Aufbewahren und Pr\u00e4sentieren in einer einzigen eleganten Struktur vereint.<\/p>\n\n\n\n<p><strong>2. Hochgebrannte Premium-Keramikkonstruktion<\/strong><br>Hergestellt aus haltbarem Steinzeug, das bei hohen Temperaturen gebrannt wird, um Festigkeit, Widerstandsf\u00e4higkeit gegen Splitter und langfristige kommerzielle Verwendbarkeit zu gew\u00e4hrleisten.<\/p>\n\n\n\n<p><strong>3. Kulturell gepr\u00e4gte Palmendetails<\/strong><br>Die raffinierten Reliefs verleihen dem Werk eine unverwechselbare, vom Nahen Osten inspirierte \u00c4sthetik, die den visuellen Reichtum und die kulturelle Identit\u00e4t unterstreicht.<\/p>\n\n\n\n<p><strong>4. Hochgl\u00e4nzende keramische Glasur<\/strong><br>Die glatte, gl\u00e4nzende Oberfl\u00e4che sorgt f\u00fcr ein hochwertiges Aussehen und bietet gleichzeitig eine hervorragende Fleckenbest\u00e4ndigkeit und leichte Reinigung.<\/p>\n\n\n\n<p><strong>5. OEM\/ODM-Anpassungsunterst\u00fctzung<\/strong><br>Flexible Anpassungsm\u00f6glichkeiten, einschlie\u00dflich Glasurfarben, Logodruck und Verpackungsdesign f\u00fcr Branding- und Gro\u00dfhandelsprojekte.<\/p>\n<\/div>\n\n\n\n<div class=\"wp-block-column is-layout-flow wp-block-column-is-layout-flow\">\n<figure class=\"wp-block-image size-full\"><img decoding=\"async\" width=\"800\" height=\"800\" src=\"https:\/\/www.qingfaceramic.com\/wp-content\/uploads\/2026\/04\/Custom-Jujube-Bowl-Coffee-Cup-Set7.webp\" alt=\"Benutzerdefinierte Jujube Sch\u00fcssel Kaffeetasse Set7\" class=\"wp-image-1632\" srcset=\"https:\/\/www.qingfaceramic.com\/wp-content\/uploads\/2026\/04\/Custom-Jujube-Bowl-Coffee-Cup-Set7.webp 800w, https:\/\/www.qingfaceramic.com\/wp-content\/uploads\/2026\/04\/Custom-Jujube-Bowl-Coffee-Cup-Set7-300x300.webp 300w, https:\/\/www.qingfaceramic.com\/wp-content\/uploads\/2026\/04\/Custom-Jujube-Bowl-Coffee-Cup-Set7-150x150.webp 150w, https:\/\/www.qingfaceramic.com\/wp-content\/uploads\/2026\/04\/Custom-Jujube-Bowl-Coffee-Cup-Set7-768x768.webp 768w, https:\/\/www.qingfaceramic.com\/wp-content\/uploads\/2026\/04\/Custom-Jujube-Bowl-Coffee-Cup-Set7-12x12.webp 12w, https:\/\/www.qingfaceramic.com\/wp-content\/uploads\/2026\/04\/Custom-Jujube-Bowl-Coffee-Cup-Set7-600x600.webp 600w, https:\/\/www.qingfaceramic.com\/wp-content\/uploads\/2026\/04\/Custom-Jujube-Bowl-Coffee-Cup-Set7-100x100.webp 100w\" sizes=\"(max-width: 800px) 100vw, 800px\" \/><\/figure>\n\n\n\n<figure class=\"wp-block-image size-full\"><img decoding=\"async\" width=\"750\" height=\"531\" src=\"https:\/\/www.qingfaceramic.com\/wp-content\/uploads\/2026\/01\/custom-ceramic-coffee-mug6.webp\" alt=\"individuelle Keramik-Kaffeetasse6\" class=\"wp-image-609\" srcset=\"https:\/\/www.qingfaceramic.com\/wp-content\/uploads\/2026\/01\/custom-ceramic-coffee-mug6.webp 750w, https:\/\/www.qingfaceramic.com\/wp-content\/uploads\/2026\/01\/custom-ceramic-coffee-mug6-300x212.webp 300w, https:\/\/www.qingfaceramic.com\/wp-content\/uploads\/2026\/01\/custom-ceramic-coffee-mug6-600x425.webp 600w\" sizes=\"(max-width: 750px) 100vw, 750px\" \/><\/figure>\n<\/div>\n<\/div>\n\n\n\n<div class=\"wp-block-columns is-layout-flex wp-container-core-columns-is-layout-9d6595d7 wp-block-columns-is-layout-flex\">\n<div class=\"wp-block-column is-layout-flow wp-block-column-is-layout-flow\">\n<figure class=\"wp-block-image size-full\"><img decoding=\"async\" width=\"750\" height=\"582\" src=\"https:\/\/www.qingfaceramic.com\/wp-content\/uploads\/2026\/01\/custom-ceramic-coffee-mug8.webp\" alt=\"individuelle Keramik-Kaffeetasse8\" class=\"wp-image-611\" srcset=\"https:\/\/www.qingfaceramic.com\/wp-content\/uploads\/2026\/01\/custom-ceramic-coffee-mug8.webp 750w, https:\/\/www.qingfaceramic.com\/wp-content\/uploads\/2026\/01\/custom-ceramic-coffee-mug8-300x233.webp 300w, https:\/\/www.qingfaceramic.com\/wp-content\/uploads\/2026\/01\/custom-ceramic-coffee-mug8-600x466.webp 600w\" sizes=\"(max-width: 750px) 100vw, 750px\" \/><\/figure>\n<\/div>\n\n\n\n<div class=\"wp-block-column is-layout-flow wp-block-column-is-layout-flow\">\n<figure class=\"wp-block-image size-full\"><img decoding=\"async\" width=\"988\" height=\"988\" src=\"https:\/\/www.qingfaceramic.com\/wp-content\/uploads\/2026\/01\/Custom-Ceramic-Coffee-Mug1.webp\" alt=\"Individueller Keramik-Kaffeebecher1\" class=\"wp-image-608\" srcset=\"https:\/\/www.qingfaceramic.com\/wp-content\/uploads\/2026\/01\/Custom-Ceramic-Coffee-Mug1.webp 988w, https:\/\/www.qingfaceramic.com\/wp-content\/uploads\/2026\/01\/Custom-Ceramic-Coffee-Mug1-300x300.webp 300w, https:\/\/www.qingfaceramic.com\/wp-content\/uploads\/2026\/01\/Custom-Ceramic-Coffee-Mug1-150x150.webp 150w, https:\/\/www.qingfaceramic.com\/wp-content\/uploads\/2026\/01\/Custom-Ceramic-Coffee-Mug1-768x768.webp 768w, https:\/\/www.qingfaceramic.com\/wp-content\/uploads\/2026\/01\/Custom-Ceramic-Coffee-Mug1-600x600.webp 600w, https:\/\/www.qingfaceramic.com\/wp-content\/uploads\/2026\/01\/Custom-Ceramic-Coffee-Mug1-100x100.webp 100w\" sizes=\"(max-width: 988px) 100vw, 988px\" \/><\/figure>\n<\/div>\n<\/div>","protected":false},"excerpt":{"rendered":"<p>Unser ma\u00dfgefertigtes Jujube-Schalen-Kaffeebecherset zeichnet sich durch ein innovatives All-in-One-Servierdesign aus, das von der traditionellen Gastfreundschaft des Nahen Ostens inspiriert ist und gepr\u00e4gte Palmenkeramik mit einer modernen integrierten Struktur kombiniert. Es ist ideal f\u00fcr luxuri\u00f6sen Tee- und Kaffeeservice, Boutique-Gastronomie und hochwertige kulturelle Geschenksammlungen.<\/p>\n<h2>Benutzerdefinierte Jujube Sch\u00fcssel Kaffeetasse Set Parameter<\/h2>\n<table data-path-to-node=\"1\">\n<thead>\n<tr>\n<td><strong>Artikel<\/strong><\/td>\n<td><strong>Technische Details<\/strong><\/td>\n<\/tr>\n<\/thead>\n<tbody>\n<tr>\n<td><span data-path-to-node=\"1,1,0,0\"><b data-path-to-node=\"1,1,0,0\" data-index-in-node=\"0\">Produktname<\/b><\/span><\/td>\n<td><span data-path-to-node=\"1,1,1,0\">Jujube Schale Kaffeetasse Set<\/span><\/td>\n<\/tr>\n<tr>\n<td><span data-path-to-node=\"1,2,0,0\"><b data-path-to-node=\"1,2,0,0\" data-index-in-node=\"0\">Material<\/b><\/span><\/td>\n<td><span data-path-to-node=\"1,2,1,0\">Hochgebrannte Premium-Keramik \/ Feinsteinzeug<\/span><\/td>\n<\/tr>\n<tr>\n<td><span data-path-to-node=\"1,3,0,0\"><b data-path-to-node=\"1,3,0,0\" data-index-in-node=\"0\">Komponenten einstellen<\/b><\/span><\/td>\n<td><span data-path-to-node=\"1,3,1,0\">1 zentrale Jujube-Schale mit Deckel + 6 integrierte Kaffeetassen (Fincans)<\/span><\/td>\n<\/tr>\n<tr>\n<td><span data-path-to-node=\"1,4,0,0\"><b data-path-to-node=\"1,4,0,0\" data-index-in-node=\"0\">Design-Motiv<\/b><\/span><\/td>\n<td><span data-path-to-node=\"1,4,1,0\">Gepr\u00e4gte Palmenreliefmuster<\/span><\/td>\n<\/tr>\n<tr>\n<td><span data-path-to-node=\"1,5,0,0\"><b data-path-to-node=\"1,5,0,0\" data-index-in-node=\"0\">Fertigstellung<\/b><\/span><\/td>\n<td><span data-path-to-node=\"1,5,1,0\">Hochgl\u00e4nzende keramische Glasur<\/span><\/td>\n<\/tr>\n<tr>\n<td><span data-path-to-node=\"1,6,0,0\"><b data-path-to-node=\"1,6,0,0\" data-index-in-node=\"0\">Farboptionen<\/b><\/span><\/td>\n<td><span data-path-to-node=\"1,6,1,0\">Olivgr\u00fcn, Sandbeige, Schieferblau, Klassisches Wei\u00df<\/span><\/td>\n<\/tr>\n<tr>\n<td><span data-path-to-node=\"1,7,0,0\"><b data-path-to-node=\"1,7,0,0\" data-index-in-node=\"0\">Struktur<\/b><\/span><\/td>\n<td><span data-path-to-node=\"1,7,1,0\">All-in-One-Serviertablett-Design mit Kuppeldeckel f\u00fcr Frische<\/span><\/td>\n<\/tr>\n<tr>\n<td><span data-path-to-node=\"1,8,0,0\"><b data-path-to-node=\"1,8,0,0\" data-index-in-node=\"0\">Handwerkliches K\u00f6nnen<\/b><\/span><\/td>\n<td><span data-path-to-node=\"1,8,1,0\">Handels\u00fcbliche Haltbarkeit; sp\u00e4neresistente Oberfl\u00e4che<\/span><\/td>\n<\/tr>\n<tr>\n<td><span data-path-to-node=\"1,9,0,0\"><b data-path-to-node=\"1,9,0,0\" data-index-in-node=\"0\">Wesentliche Merkmale<\/b><\/span><\/td>\n<td><span data-path-to-node=\"1,9,1,0\"><b data-path-to-node=\"1,9,1,0\" data-index-in-node=\"0\">Platzsparendes integriertes Design<\/b>, <b data-path-to-node=\"1,9,1,0\" data-index-in-node=\"32\">Thermische Retention<\/b>, <b data-path-to-node=\"1,9,1,0\" data-index-in-node=\"51\">Kulturelle \u00c4sthetik<\/b><\/span><\/td>\n<\/tr>\n<tr>\n<td><span data-path-to-node=\"1,10,0,0\"><b data-path-to-node=\"1,10,0,0\" data-index-in-node=\"0\">Personalisierung<\/b><\/span><\/td>\n<td><span data-path-to-node=\"1,10,1,0\">Unterst\u00fctzt Bulk OEM\/ODM, ma\u00dfgeschneiderte Glasurfarben und Logodruck<\/span><\/td>\n<\/tr>\n<tr>\n<td><span data-path-to-node=\"1,11,0,0\"><b data-path-to-node=\"1,11,0,0\" data-index-in-node=\"0\">Sicherheitsstandard<\/b><\/span><\/td>\n<td><span data-path-to-node=\"1,11,1,0\">Bleifrei, kadmiumfrei und lebensmittelecht zertifiziert<\/span><\/td>\n<\/tr>\n<\/tbody>\n<\/table>","protected":false},"featured_media":1627,"comment_status":"closed","ping_status":"closed","template":"","meta":{"_acf_changed":false},"market":[42],"product_brand":[],"product_cat":[17,28],"product_tag":[],"class_list":{"0":"post-1625","1":"product","2":"type-product","3":"status-publish","4":"has-post-thumbnail","6":"market-middle-east-market","7":"product_cat-custom-coffee-cups","8":"product_cat-custom-coffee-mugs","10":"first","11":"instock","12":"shipping-taxable","13":"product-type-simple"},"acf":[],"_links":{"self":[{"href":"https:\/\/www.qingfaceramic.com\/de\/wp-json\/wp\/v2\/product\/1625","targetHints":{"allow":["GET"]}}],"collection":[{"href":"https:\/\/www.qingfaceramic.com\/de\/wp-json\/wp\/v2\/product"}],"about":[{"href":"https:\/\/www.qingfaceramic.com\/de\/wp-json\/wp\/v2\/types\/product"}],"replies":[{"embeddable":true,"href":"https:\/\/www.qingfaceramic.com\/de\/wp-json\/wp\/v2\/comments?post=1625"}],"wp:featuredmedia":[{"embeddable":true,"href":"https:\/\/www.qingfaceramic.com\/de\/wp-json\/wp\/v2\/media\/1627"}],"wp:attachment":[{"href":"https:\/\/www.qingfaceramic.com\/de\/wp-json\/wp\/v2\/media?parent=1625"}],"wp:term":[{"taxonomy":"market","embeddable":true,"href":"https:\/\/www.qingfaceramic.com\/de\/wp-json\/wp\/v2\/market?post=1625"},{"taxonomy":"product_brand","embeddable":true,"href":"https:\/\/www.qingfaceramic.com\/de\/wp-json\/wp\/v2\/product_brand?post=1625"},{"taxonomy":"product_cat","embeddable":true,"href":"https:\/\/www.qingfaceramic.com\/de\/wp-json\/wp\/v2\/product_cat?post=1625"},{"taxonomy":"product_tag","embeddable":true,"href":"https:\/\/www.qingfaceramic.com\/de\/wp-json\/wp\/v2\/product_tag?post=1625"}],"curies":[{"name":"wp","href":"https:\/\/api.w.org\/{rel}","templated":true}]}}