{"id":1617,"date":"2026-04-18T10:00:37","date_gmt":"2026-04-18T10:00:37","guid":{"rendered":"https:\/\/www.qingfaceramic.com\/?post_type=product&#038;p=1617"},"modified":"2026-04-18T10:10:29","modified_gmt":"2026-04-18T10:10:29","slug":"irregular-middle-eastern-coffee-cup-custom","status":"publish","type":"product","link":"https:\/\/www.qingfaceramic.com\/de\/produkt\/irregular-middle-eastern-coffee-cup-custom\/","title":{"rendered":"Unregelm\u00e4\u00dfige Kaffeetasse aus dem Nahen Osten Custom"},"content":{"rendered":"<h2 class=\"wp-block-heading\">Merkmale der Middle Eastern Coffee Cup Custom<\/h2>\n\n\n\n<div class=\"wp-block-columns is-layout-flex wp-container-core-columns-is-layout-9d6595d7 wp-block-columns-is-layout-flex\">\n<div class=\"wp-block-column is-layout-flow wp-block-column-is-layout-flow\">\n<p><strong>K\u00fcnstlerisches Design mit unregelm\u00e4\u00dfigen Formen:<\/strong><br>Bricht die traditionelle Symmetrie mit einer skulpturalen Silhouette und schafft so eine unverwechselbare visuelle Identit\u00e4t und einen zeitgen\u00f6ssischen k\u00fcnstlerischen Reiz.<\/p>\n\n\n\n<p><strong>Kulturell inspirierte nah\u00f6stliche \u00c4sthetik:<\/strong><br>Durchsetzt mit subtilen regionalen Designelementen, die den kulturellen Reichtum in einer modernen, minimalistischen Interpretation widerspiegeln.<\/p>\n\n\n\n<p><strong>Erstklassige handgefertigte Keramikqualit\u00e4t:<\/strong><br>Hergestellt aus hochwertigem Steinzeug mit raffinierter Verarbeitung, die Langlebigkeit, Stabilit\u00e4t und eine elegante Textur gew\u00e4hrleistet.<\/p>\n\n\n\n<p><strong>Luxus Dekorativ &amp; funktional Verwendung:<\/strong><br>Dient sowohl als funktionale Kaffeetasse als auch als k\u00fcnstlerisches Dekorationsst\u00fcck und wertet die Tischpr\u00e4sentation in hochwertigen Umgebungen auf.<\/p>\n\n\n\n<p><strong>Flexible OEM\/ODM-Anpassung:<\/strong><br>Unterst\u00fctzt benutzerdefinierte Formen, Farben, Oberfl\u00e4chentexturen und Logo-Branding f\u00fcr Gro\u00dfhandels- und Gastgewerbeprojekte.<\/p>\n\n\n\n<figure class=\"wp-block-image size-full\"><img decoding=\"async\" width=\"1230\" height=\"842\" src=\"https:\/\/www.qingfaceramic.com\/wp-content\/uploads\/2026\/01\/Custom-Coffee-Mug-Sets8.webp\" alt=\"individuelle Kaffeebecher-Sets6\" class=\"wp-image-618\" srcset=\"https:\/\/www.qingfaceramic.com\/wp-content\/uploads\/2026\/01\/Custom-Coffee-Mug-Sets8.webp 1230w, https:\/\/www.qingfaceramic.com\/wp-content\/uploads\/2026\/01\/Custom-Coffee-Mug-Sets8-300x205.webp 300w, https:\/\/www.qingfaceramic.com\/wp-content\/uploads\/2026\/01\/Custom-Coffee-Mug-Sets8-768x526.webp 768w, https:\/\/www.qingfaceramic.com\/wp-content\/uploads\/2026\/01\/Custom-Coffee-Mug-Sets8-1200x821.webp 1200w, https:\/\/www.qingfaceramic.com\/wp-content\/uploads\/2026\/01\/Custom-Coffee-Mug-Sets8-600x411.webp 600w\" sizes=\"(max-width: 1230px) 100vw, 1230px\" \/><\/figure>\n<\/div>\n\n\n\n<div class=\"wp-block-column is-layout-flow wp-block-column-is-layout-flow\">\n<figure class=\"wp-block-image size-full\"><img decoding=\"async\" width=\"800\" height=\"800\" src=\"https:\/\/www.qingfaceramic.com\/wp-content\/uploads\/2026\/04\/Irregular-Middle-Eastern-Coffee-Cup-Custom6.webp\" alt=\"Unregelm\u00e4\u00dfige Nahost-Kaffeetasse Custom6\" class=\"wp-image-1623\" srcset=\"https:\/\/www.qingfaceramic.com\/wp-content\/uploads\/2026\/04\/Irregular-Middle-Eastern-Coffee-Cup-Custom6.webp 800w, https:\/\/www.qingfaceramic.com\/wp-content\/uploads\/2026\/04\/Irregular-Middle-Eastern-Coffee-Cup-Custom6-300x300.webp 300w, https:\/\/www.qingfaceramic.com\/wp-content\/uploads\/2026\/04\/Irregular-Middle-Eastern-Coffee-Cup-Custom6-150x150.webp 150w, https:\/\/www.qingfaceramic.com\/wp-content\/uploads\/2026\/04\/Irregular-Middle-Eastern-Coffee-Cup-Custom6-768x768.webp 768w, https:\/\/www.qingfaceramic.com\/wp-content\/uploads\/2026\/04\/Irregular-Middle-Eastern-Coffee-Cup-Custom6-12x12.webp 12w, https:\/\/www.qingfaceramic.com\/wp-content\/uploads\/2026\/04\/Irregular-Middle-Eastern-Coffee-Cup-Custom6-600x600.webp 600w, https:\/\/www.qingfaceramic.com\/wp-content\/uploads\/2026\/04\/Irregular-Middle-Eastern-Coffee-Cup-Custom6-100x100.webp 100w\" sizes=\"(max-width: 800px) 100vw, 800px\" \/><\/figure>\n\n\n\n<figure class=\"wp-block-image size-full\"><img decoding=\"async\" width=\"750\" height=\"531\" src=\"https:\/\/www.qingfaceramic.com\/wp-content\/uploads\/2026\/01\/custom-ceramic-coffee-mug6.webp\" alt=\"individuelle Keramik-Kaffeetasse6\" class=\"wp-image-609\" srcset=\"https:\/\/www.qingfaceramic.com\/wp-content\/uploads\/2026\/01\/custom-ceramic-coffee-mug6.webp 750w, https:\/\/www.qingfaceramic.com\/wp-content\/uploads\/2026\/01\/custom-ceramic-coffee-mug6-300x212.webp 300w, https:\/\/www.qingfaceramic.com\/wp-content\/uploads\/2026\/01\/custom-ceramic-coffee-mug6-600x425.webp 600w\" sizes=\"(max-width: 750px) 100vw, 750px\" \/><\/figure>\n<\/div>\n<\/div>\n\n\n\n<div class=\"wp-block-columns is-layout-flex wp-container-core-columns-is-layout-9d6595d7 wp-block-columns-is-layout-flex\">\n<div class=\"wp-block-column is-layout-flow wp-block-column-is-layout-flow\">\n<figure class=\"wp-block-image size-full\"><img decoding=\"async\" width=\"750\" height=\"582\" src=\"https:\/\/www.qingfaceramic.com\/wp-content\/uploads\/2026\/01\/custom-ceramic-coffee-mug8.webp\" alt=\"individuelle Keramik-Kaffeetasse8\" class=\"wp-image-611\" srcset=\"https:\/\/www.qingfaceramic.com\/wp-content\/uploads\/2026\/01\/custom-ceramic-coffee-mug8.webp 750w, https:\/\/www.qingfaceramic.com\/wp-content\/uploads\/2026\/01\/custom-ceramic-coffee-mug8-300x233.webp 300w, https:\/\/www.qingfaceramic.com\/wp-content\/uploads\/2026\/01\/custom-ceramic-coffee-mug8-600x466.webp 600w\" sizes=\"(max-width: 750px) 100vw, 750px\" \/><\/figure>\n<\/div>\n\n\n\n<div class=\"wp-block-column is-layout-flow wp-block-column-is-layout-flow\">\n<figure class=\"wp-block-image size-full\"><img decoding=\"async\" width=\"988\" height=\"988\" src=\"https:\/\/www.qingfaceramic.com\/wp-content\/uploads\/2026\/01\/Custom-Ceramic-Coffee-Mug1.webp\" alt=\"Individueller Keramik-Kaffeebecher1\" class=\"wp-image-608\" srcset=\"https:\/\/www.qingfaceramic.com\/wp-content\/uploads\/2026\/01\/Custom-Ceramic-Coffee-Mug1.webp 988w, https:\/\/www.qingfaceramic.com\/wp-content\/uploads\/2026\/01\/Custom-Ceramic-Coffee-Mug1-300x300.webp 300w, https:\/\/www.qingfaceramic.com\/wp-content\/uploads\/2026\/01\/Custom-Ceramic-Coffee-Mug1-150x150.webp 150w, https:\/\/www.qingfaceramic.com\/wp-content\/uploads\/2026\/01\/Custom-Ceramic-Coffee-Mug1-768x768.webp 768w, https:\/\/www.qingfaceramic.com\/wp-content\/uploads\/2026\/01\/Custom-Ceramic-Coffee-Mug1-600x600.webp 600w, https:\/\/www.qingfaceramic.com\/wp-content\/uploads\/2026\/01\/Custom-Ceramic-Coffee-Mug1-100x100.webp 100w\" sizes=\"(max-width: 988px) 100vw, 988px\" \/><\/figure>\n<\/div>\n<\/div>","protected":false},"excerpt":{"rendered":"<p>Unsere unregelm\u00e4\u00dfige Kaffeetasse Custom aus dem Nahen Osten zeichnet sich durch ein k\u00fcnstlerisches, asymmetrisches Design aus, das von der regionalen \u00c4sthetik inspiriert ist und handwerkliches Keramikhandwerk mit einer modernen skulpturalen Form verbindet. Sie eignet sich ideal f\u00fcr die Luxusgastronomie, Boutique-Caf\u00e9s und hochwertige Geschenkkollektionen.<\/p>\n<h2>Nah\u00f6stliche Kaffeetasse Benutzerdefinierte Parameter<\/h2>\n<table data-path-to-node=\"2\">\n<thead>\n<tr>\n<td><strong>Artikel<\/strong><\/td>\n<td><strong>Technische Details<\/strong><\/td>\n<\/tr>\n<\/thead>\n<tbody>\n<tr>\n<td><span data-path-to-node=\"2,1,0,0\"><b data-path-to-node=\"2,1,0,0\" data-index-in-node=\"0\">Produktname<\/b><\/span><\/td>\n<td><span data-path-to-node=\"2,1,1,0\">Unregelm\u00e4\u00dfige Kaffeetasse aus dem Nahen Osten<\/span><\/td>\n<\/tr>\n<tr>\n<td><span data-path-to-node=\"2,2,0,0\"><b data-path-to-node=\"2,2,0,0\" data-index-in-node=\"0\">Material<\/b><\/span><\/td>\n<td><span data-path-to-node=\"2,2,1,0\">Hochwertiger handwerklicher Ton \/ Langlebiges Steinzeug<\/span><\/td>\n<\/tr>\n<tr>\n<td><span data-path-to-node=\"2,3,0,0\"><b data-path-to-node=\"2,3,0,0\" data-index-in-node=\"0\">Design-Stil<\/b><\/span><\/td>\n<td><span data-path-to-node=\"2,3,1,0\">Organische, unregelm\u00e4\u00dfige Felge mit handgezeichneten geometrischen Mustern<\/span><\/td>\n<\/tr>\n<tr>\n<td><span data-path-to-node=\"2,4,0,0\"><b data-path-to-node=\"2,4,0,0\" data-index-in-node=\"0\">Fertigstellung<\/b><\/span><\/td>\n<td><span data-path-to-node=\"2,4,1,0\">Matte gesprenkelte Glasur \/ Nat\u00fcrliche erdige Textur<\/span><\/td>\n<\/tr>\n<tr>\n<td><span data-path-to-node=\"2,5,0,0\"><b data-path-to-node=\"2,5,0,0\" data-index-in-node=\"0\">Farbpalette<\/b><\/span><\/td>\n<td><span data-path-to-node=\"2,5,1,0\">Sand Beige, Terracotta Orange, Soft Cream<\/span><\/td>\n<\/tr>\n<tr>\n<td><span data-path-to-node=\"2,6,0,0\"><b data-path-to-node=\"2,6,0,0\" data-index-in-node=\"0\">Felgendesign<\/b><\/span><\/td>\n<td><span data-path-to-node=\"2,6,1,0\">Einzigartiger gewellter\/gezackter Rand f\u00fcr k\u00fcnstlerische \u00c4sthetik<\/span><\/td>\n<\/tr>\n<tr>\n<td><span data-path-to-node=\"2,7,0,0\"><b data-path-to-node=\"2,7,0,0\" data-index-in-node=\"0\">Muster Detail<\/b><\/span><\/td>\n<td><span data-path-to-node=\"2,7,1,0\">Ge\u00e4tzte architektonische Motive aus dem Nahen Osten<\/span><\/td>\n<\/tr>\n<tr>\n<td><span data-path-to-node=\"2,8,0,0\"><b data-path-to-node=\"2,8,0,0\" data-index-in-node=\"0\">Handwerkliches K\u00f6nnen<\/b><\/span><\/td>\n<td><span data-path-to-node=\"2,8,1,0\">Bei hoher Temperatur gebrannt (sp\u00e4neresistent und langlebig)<\/span><\/td>\n<\/tr>\n<tr>\n<td><span data-path-to-node=\"2,9,0,0\"><b data-path-to-node=\"2,9,0,0\" data-index-in-node=\"0\">Wesentliche Merkmale<\/b><\/span><\/td>\n<td><span data-path-to-node=\"2,9,1,0\"><b data-path-to-node=\"2,9,1,0\" data-index-in-node=\"0\">Stapelbares Design<\/b>, <b data-path-to-node=\"2,9,1,0\" data-index-in-node=\"18\">Ergonomischer taktiler Griff<\/b>, <b data-path-to-node=\"2,9,1,0\" data-index-in-node=\"42\">W\u00e4rmer\u00fcckhaltung<\/b><\/span><\/td>\n<\/tr>\n<tr>\n<td><span data-path-to-node=\"2,10,0,0\"><b data-path-to-node=\"2,10,0,0\" data-index-in-node=\"0\">Personalisierung<\/b><\/span><\/td>\n<td><span data-path-to-node=\"2,10,1,0\">Unterst\u00fctzt Bulk OEM\/ODM (Muster und Farbglasur nach Ma\u00df)<\/span><\/td>\n<\/tr>\n<tr>\n<td><span data-path-to-node=\"2,11,0,0\"><b data-path-to-node=\"2,11,0,0\" data-index-in-node=\"0\">Sicherheitsstandard<\/b><\/span><\/td>\n<td><span data-path-to-node=\"2,11,1,0\">Bleifrei, kadmiumfrei und lebensmittelecht zertifiziert<\/span><\/td>\n<\/tr>\n<\/tbody>\n<\/table>\n<p>&nbsp;<\/p>","protected":false},"featured_media":1621,"comment_status":"closed","ping_status":"closed","template":"","meta":{"_acf_changed":false},"market":[42],"product_brand":[],"product_cat":[17,28],"product_tag":[],"class_list":{"0":"post-1617","1":"product","2":"type-product","3":"status-publish","4":"has-post-thumbnail","6":"market-middle-east-market","7":"product_cat-custom-coffee-cups","8":"product_cat-custom-coffee-mugs","10":"first","11":"instock","12":"shipping-taxable","13":"product-type-simple"},"acf":[],"_links":{"self":[{"href":"https:\/\/www.qingfaceramic.com\/de\/wp-json\/wp\/v2\/product\/1617","targetHints":{"allow":["GET"]}}],"collection":[{"href":"https:\/\/www.qingfaceramic.com\/de\/wp-json\/wp\/v2\/product"}],"about":[{"href":"https:\/\/www.qingfaceramic.com\/de\/wp-json\/wp\/v2\/types\/product"}],"replies":[{"embeddable":true,"href":"https:\/\/www.qingfaceramic.com\/de\/wp-json\/wp\/v2\/comments?post=1617"}],"wp:featuredmedia":[{"embeddable":true,"href":"https:\/\/www.qingfaceramic.com\/de\/wp-json\/wp\/v2\/media\/1621"}],"wp:attachment":[{"href":"https:\/\/www.qingfaceramic.com\/de\/wp-json\/wp\/v2\/media?parent=1617"}],"wp:term":[{"taxonomy":"market","embeddable":true,"href":"https:\/\/www.qingfaceramic.com\/de\/wp-json\/wp\/v2\/market?post=1617"},{"taxonomy":"product_brand","embeddable":true,"href":"https:\/\/www.qingfaceramic.com\/de\/wp-json\/wp\/v2\/product_brand?post=1617"},{"taxonomy":"product_cat","embeddable":true,"href":"https:\/\/www.qingfaceramic.com\/de\/wp-json\/wp\/v2\/product_cat?post=1617"},{"taxonomy":"product_tag","embeddable":true,"href":"https:\/\/www.qingfaceramic.com\/de\/wp-json\/wp\/v2\/product_tag?post=1617"}],"curies":[{"name":"wp","href":"https:\/\/api.w.org\/{rel}","templated":true}]}}