{"id":1610,"date":"2026-04-18T09:45:00","date_gmt":"2026-04-18T09:45:00","guid":{"rendered":"https:\/\/www.qingfaceramic.com\/?post_type=product&#038;p=1610"},"modified":"2026-04-18T09:53:48","modified_gmt":"2026-04-18T09:53:48","slug":"custom-middle-eastern-coffee-cup-and-saucer","status":"publish","type":"product","link":"https:\/\/www.qingfaceramic.com\/de\/produkt\/custom-middle-eastern-coffee-cup-and-saucer\/","title":{"rendered":"Individuelle orientalische Kaffeetasse und Untertasse mit speziell geformtem Henkel"},"content":{"rendered":"<h2 class=\"wp-block-heading\">Merkmale der Custom Middle Eastern Kaffeetasse und Untertasse <\/h2>\n\n\n\n<div class=\"wp-block-columns is-layout-flex wp-container-core-columns-is-layout-9d6595d7 wp-block-columns-is-layout-flex\">\n<div class=\"wp-block-column is-layout-flow wp-block-column-is-layout-flow\">\n<div style=\"height:0px\" aria-hidden=\"true\" class=\"wp-block-spacer\"><\/div>\n\n\n\n<p><strong>Unverwechselbares, kulturell inspiriertes Design:<\/strong><br>Es verbindet \u00e4sthetische Elemente des Nahen Ostens mit einer einzigartigen Silhouette und schafft so ein visuell auff\u00e4lliges und kulturell ausdrucksstarkes Kaffeeservice.<\/p>\n\n\n\n<p><strong>Speziell geformter Handgriff mit Unterschrift:<\/strong><br>Ergonomisch gestalteter Griff in k\u00fcnstlerischer Form, der sowohl den Komfort als auch die optische Einzigartigkeit f\u00fcr eine erstklassige Pr\u00e4sentation erh\u00f6ht.<\/p>\n\n\n\n<p><strong>Erstklassige handgefertigte Keramikqualit\u00e4t:<\/strong><br>Hergestellt aus hochwertigem Steinzeug mit raffinierter Verarbeitung, die Langlebigkeit, Stabilit\u00e4t und langfristige Nutzbarkeit gew\u00e4hrleistet.<\/p>\n\n\n\n<p><strong>Elegantes Gastgewerbe Pr\u00e4sentation:<\/strong><br>Das Design von Tasse und Untertasse hebt die \u00c4sthetik des Tisches hervor und eignet sich ideal f\u00fcr die gehobene Gastronomie und luxuri\u00f6se Servicebereiche.<\/p>\n\n\n\n<p><strong>Flexible OEM\/ODM-Anpassung:<\/strong><br>Unterst\u00fctzt benutzerdefinierte Formen, Farben, Logos und Design\u00e4nderungen f\u00fcr Branding-, Gro\u00dfhandels- und Hospitality-Projekte.<\/p>\n<\/div>\n\n\n\n<div class=\"wp-block-column is-layout-flow wp-block-column-is-layout-flow\">\n<figure class=\"wp-block-image size-full\"><img decoding=\"async\" width=\"800\" height=\"800\" src=\"https:\/\/www.qingfaceramic.com\/wp-content\/uploads\/2026\/04\/Custom-Middle-Eastern-Coffee-Cup-and-Saucer2.webp\" alt=\"Benutzerdefinierte Nahost-Kaffeetasse und Untertasse2\" class=\"wp-image-1612\" srcset=\"https:\/\/www.qingfaceramic.com\/wp-content\/uploads\/2026\/04\/Custom-Middle-Eastern-Coffee-Cup-and-Saucer2.webp 800w, https:\/\/www.qingfaceramic.com\/wp-content\/uploads\/2026\/04\/Custom-Middle-Eastern-Coffee-Cup-and-Saucer2-300x300.webp 300w, https:\/\/www.qingfaceramic.com\/wp-content\/uploads\/2026\/04\/Custom-Middle-Eastern-Coffee-Cup-and-Saucer2-150x150.webp 150w, https:\/\/www.qingfaceramic.com\/wp-content\/uploads\/2026\/04\/Custom-Middle-Eastern-Coffee-Cup-and-Saucer2-768x768.webp 768w, https:\/\/www.qingfaceramic.com\/wp-content\/uploads\/2026\/04\/Custom-Middle-Eastern-Coffee-Cup-and-Saucer2-12x12.webp 12w, https:\/\/www.qingfaceramic.com\/wp-content\/uploads\/2026\/04\/Custom-Middle-Eastern-Coffee-Cup-and-Saucer2-600x600.webp 600w, https:\/\/www.qingfaceramic.com\/wp-content\/uploads\/2026\/04\/Custom-Middle-Eastern-Coffee-Cup-and-Saucer2-100x100.webp 100w\" sizes=\"(max-width: 800px) 100vw, 800px\" \/><\/figure>\n<\/div>\n<\/div>\n\n\n\n<div class=\"wp-block-columns is-layout-flex wp-container-core-columns-is-layout-9d6595d7 wp-block-columns-is-layout-flex\">\n<div class=\"wp-block-column is-layout-flow wp-block-column-is-layout-flow\">\n<figure class=\"wp-block-image size-full\"><img decoding=\"async\" width=\"988\" height=\"988\" src=\"https:\/\/www.qingfaceramic.com\/wp-content\/uploads\/2026\/01\/Custom-Ceramic-Coffee-Mug1.webp\" alt=\"Individueller Keramik-Kaffeebecher1\" class=\"wp-image-608\" srcset=\"https:\/\/www.qingfaceramic.com\/wp-content\/uploads\/2026\/01\/Custom-Ceramic-Coffee-Mug1.webp 988w, https:\/\/www.qingfaceramic.com\/wp-content\/uploads\/2026\/01\/Custom-Ceramic-Coffee-Mug1-300x300.webp 300w, https:\/\/www.qingfaceramic.com\/wp-content\/uploads\/2026\/01\/Custom-Ceramic-Coffee-Mug1-150x150.webp 150w, https:\/\/www.qingfaceramic.com\/wp-content\/uploads\/2026\/01\/Custom-Ceramic-Coffee-Mug1-768x768.webp 768w, https:\/\/www.qingfaceramic.com\/wp-content\/uploads\/2026\/01\/Custom-Ceramic-Coffee-Mug1-600x600.webp 600w, https:\/\/www.qingfaceramic.com\/wp-content\/uploads\/2026\/01\/Custom-Ceramic-Coffee-Mug1-100x100.webp 100w\" sizes=\"(max-width: 988px) 100vw, 988px\" \/><\/figure>\n<\/div>\n\n\n\n<div class=\"wp-block-column is-layout-flow wp-block-column-is-layout-flow\">\n<figure class=\"wp-block-image size-full\"><img decoding=\"async\" width=\"750\" height=\"582\" src=\"https:\/\/www.qingfaceramic.com\/wp-content\/uploads\/2026\/01\/custom-ceramic-coffee-mug8.webp\" alt=\"individuelle Keramik-Kaffeetasse8\" class=\"wp-image-611\" srcset=\"https:\/\/www.qingfaceramic.com\/wp-content\/uploads\/2026\/01\/custom-ceramic-coffee-mug8.webp 750w, https:\/\/www.qingfaceramic.com\/wp-content\/uploads\/2026\/01\/custom-ceramic-coffee-mug8-300x233.webp 300w, https:\/\/www.qingfaceramic.com\/wp-content\/uploads\/2026\/01\/custom-ceramic-coffee-mug8-600x466.webp 600w\" sizes=\"(max-width: 750px) 100vw, 750px\" \/><\/figure>\n<\/div>\n<\/div>\n\n\n\n<p><\/p>","protected":false},"excerpt":{"rendered":"<p data-start=\"38\" data-end=\"294\">Unsere ma\u00dfgefertigte orientalische Kaffeetasse mit Untertasse und speziell geformtem Henkel verbindet kulturell inspiriertes Design mit kunstvoller Keramikverarbeitung und bietet ein unverwechselbares Serviererlebnis f\u00fcr Luxusgastronomie, Boutique-Caf\u00e9s und Premium-Geschenkem\u00e4rkte.<\/p>\n<h2>Benutzerdefinierte Nahost-Kaffeetasse und Untertasse Parameter<\/h2>\n<table data-path-to-node=\"4\">\n<thead>\n<tr>\n<td><strong>Artikel<\/strong><\/td>\n<td><strong>Technische Details<\/strong><\/td>\n<\/tr>\n<\/thead>\n<tbody>\n<tr>\n<td><span data-path-to-node=\"4,1,0,0\"><b data-path-to-node=\"4,1,0,0\" data-index-in-node=\"0\">Produktname<\/b><\/span><\/td>\n<td><span data-path-to-node=\"4,1,1,0\">Nah\u00f6stliche Kaffeetasse und Untertasse<\/span><\/td>\n<\/tr>\n<tr>\n<td><span data-path-to-node=\"4,2,0,0\"><b data-path-to-node=\"4,2,0,0\" data-index-in-node=\"0\">Material<\/b><\/span><\/td>\n<td><span data-path-to-node=\"4,2,1,0\">Hochwertiger umweltfreundlicher Ton \/ Hochgebranntes Steinzeug<\/span><\/td>\n<\/tr>\n<tr>\n<td><span data-path-to-node=\"4,3,0,0\"><b data-path-to-node=\"4,3,0,0\" data-index-in-node=\"0\">Design-Motiv<\/b><\/span><\/td>\n<td><span data-path-to-node=\"4,3,1,0\">Ge\u00e4tzte Palmen-Symbolik (Arabic Heritage Design)<\/span><\/td>\n<\/tr>\n<tr>\n<td><span data-path-to-node=\"4,4,0,0\"><b data-path-to-node=\"4,4,0,0\" data-index-in-node=\"0\">Fertigstellung<\/b><\/span><\/td>\n<td><span data-path-to-node=\"4,4,1,0\">Bi-tonale Glasur (Matte strukturierte Basis + glatter farbiger Rand)<\/span><\/td>\n<\/tr>\n<tr>\n<td><span data-path-to-node=\"4,5,0,0\"><b data-path-to-node=\"4,5,0,0\" data-index-in-node=\"0\">Farbpalette<\/b><\/span><\/td>\n<td><span data-path-to-node=\"4,5,1,0\">Schieferblau, W\u00fcstensand, Erdiges Beige, Terrakotta<\/span><\/td>\n<\/tr>\n<tr>\n<td><span data-path-to-node=\"4,6,0,0\"><b data-path-to-node=\"4,6,0,0\" data-index-in-node=\"0\">Design der Griffe<\/b><\/span><\/td>\n<td><span data-path-to-node=\"4,6,1,0\">Einzigartiger geometrischer, rechteckiger Griff f\u00fcr ergonomisches Greifen<\/span><\/td>\n<\/tr>\n<tr>\n<td><span data-path-to-node=\"4,7,0,0\"><b data-path-to-node=\"4,7,0,0\" data-index-in-node=\"0\">Komponenten<\/b><\/span><\/td>\n<td><span data-path-to-node=\"4,7,1,0\">Einzelne hoch-konische Tasse + passende kreisf\u00f6rmige Untertasse<\/span><\/td>\n<\/tr>\n<tr>\n<td><span data-path-to-node=\"4,8,0,0\"><b data-path-to-node=\"4,8,0,0\" data-index-in-node=\"0\">Handwerkliches K\u00f6nnen<\/b><\/span><\/td>\n<td><span data-path-to-node=\"4,8,1,0\">Hochtemperatur gebrannt f\u00fcr verbesserte Haltbarkeit und Sp\u00e4nebest\u00e4ndigkeit<\/span><\/td>\n<\/tr>\n<tr>\n<td><span data-path-to-node=\"4,9,0,0\"><b data-path-to-node=\"4,9,0,0\" data-index-in-node=\"0\">Wesentliche Merkmale<\/b><\/span><\/td>\n<td><span data-path-to-node=\"4,9,1,0\"><b data-path-to-node=\"4,9,1,0\" data-index-in-node=\"0\">W\u00e4rmer\u00fcckhaltung<\/b>, <b data-path-to-node=\"4,9,1,0\" data-index-in-node=\"16\">Stapelbare Struktur<\/b>, <b data-path-to-node=\"4,9,1,0\" data-index-in-node=\"37\">Rutschfeste Bodentextur<\/b><\/span><\/td>\n<\/tr>\n<tr>\n<td><span data-path-to-node=\"4,10,0,0\"><b data-path-to-node=\"4,10,0,0\" data-index-in-node=\"0\">Personalisierung<\/b><\/span><\/td>\n<td><span data-path-to-node=\"4,10,1,0\">Unterst\u00fctzt Bulk OEM\/ODM (kundenspezifisches Logo, Farben und Muster)<\/span><\/td>\n<\/tr>\n<tr>\n<td><span data-path-to-node=\"4,11,0,0\"><b data-path-to-node=\"4,11,0,0\" data-index-in-node=\"0\">Sicherheitsstandard<\/b><\/span><\/td>\n<td><span data-path-to-node=\"4,11,1,0\">Bleifrei, kadmiumfrei und lebensmittelecht zertifiziert<\/span><\/td>\n<\/tr>\n<\/tbody>\n<\/table>","protected":false},"featured_media":1615,"comment_status":"closed","ping_status":"closed","template":"","meta":{"_acf_changed":false},"market":[42],"product_brand":[],"product_cat":[29,17],"product_tag":[],"class_list":{"0":"post-1610","1":"product","2":"type-product","3":"status-publish","4":"has-post-thumbnail","6":"market-middle-east-market","7":"product_cat-wholesale-cup-and-saucer-sets","8":"product_cat-custom-coffee-cups","10":"first","11":"instock","12":"shipping-taxable","13":"product-type-simple"},"acf":[],"_links":{"self":[{"href":"https:\/\/www.qingfaceramic.com\/de\/wp-json\/wp\/v2\/product\/1610","targetHints":{"allow":["GET"]}}],"collection":[{"href":"https:\/\/www.qingfaceramic.com\/de\/wp-json\/wp\/v2\/product"}],"about":[{"href":"https:\/\/www.qingfaceramic.com\/de\/wp-json\/wp\/v2\/types\/product"}],"replies":[{"embeddable":true,"href":"https:\/\/www.qingfaceramic.com\/de\/wp-json\/wp\/v2\/comments?post=1610"}],"wp:featuredmedia":[{"embeddable":true,"href":"https:\/\/www.qingfaceramic.com\/de\/wp-json\/wp\/v2\/media\/1615"}],"wp:attachment":[{"href":"https:\/\/www.qingfaceramic.com\/de\/wp-json\/wp\/v2\/media?parent=1610"}],"wp:term":[{"taxonomy":"market","embeddable":true,"href":"https:\/\/www.qingfaceramic.com\/de\/wp-json\/wp\/v2\/market?post=1610"},{"taxonomy":"product_brand","embeddable":true,"href":"https:\/\/www.qingfaceramic.com\/de\/wp-json\/wp\/v2\/product_brand?post=1610"},{"taxonomy":"product_cat","embeddable":true,"href":"https:\/\/www.qingfaceramic.com\/de\/wp-json\/wp\/v2\/product_cat?post=1610"},{"taxonomy":"product_tag","embeddable":true,"href":"https:\/\/www.qingfaceramic.com\/de\/wp-json\/wp\/v2\/product_tag?post=1610"}],"curies":[{"name":"wp","href":"https:\/\/api.w.org\/{rel}","templated":true}]}}