{"id":1601,"date":"2026-04-18T09:35:42","date_gmt":"2026-04-18T09:35:42","guid":{"rendered":"https:\/\/www.qingfaceramic.com\/?post_type=product&#038;p=1601"},"modified":"2026-04-18T09:43:30","modified_gmt":"2026-04-18T09:43:30","slug":"custom-ceramic-middle-eastern-bakhoor-burner-with-metal-tray","status":"publish","type":"product","link":"https:\/\/www.qingfaceramic.com\/de\/produkt\/custom-ceramic-middle-eastern-bakhoor-burner-with-metal-tray\/","title":{"rendered":"Kundenspezifischer keramischer Bakhoor-Brenner aus dem Nahen Osten mit Metalltablett"},"content":{"rendered":"<h2 class=\"wp-block-heading\">Merkmale des Custom Ceramic Middle Eastern Bakhoor Burner <\/h2>\n\n\n\n<div class=\"wp-block-columns is-layout-flex wp-container-core-columns-is-layout-9d6595d7 wp-block-columns-is-layout-flex\">\n<div class=\"wp-block-column is-layout-flow wp-block-column-is-layout-flow\">\n<p><strong>Klassische architektonische Silhouette<\/strong>: Mit der ikonischen kannelierten Struktur einer antiken r\u00f6mischen S\u00e4ule, die ein Gef\u00fchl von Tradition und strukturierter Eleganz in moderne Innenr\u00e4ume bringt.<\/p>\n\n\n\n<p><strong>Kunstvoll handbemalte Details<\/strong>: Jedes St\u00fcck ist mit einzigartigen, von Hand aufgetragenen Streifen und Motiven verziert, die dem Luxuseinzelhandel ein ma\u00dfgeschneidertes, einzigartiges Gef\u00fchl verleihen.<\/p>\n\n\n\n<p><strong>Gewichtete strukturelle Stabilit\u00e4t<\/strong>: Mit einem breiten, stabilen Sockel, der hohe Spitzkerzen oder Stumpenkerzen sicher h\u00e4lt, ohne dass die Gefahr des Umkippens besteht.<\/p>\n\n\n\n<p><strong>Vielseitige Dekor-Funktionalit\u00e4t<\/strong>: Er ist sowohl ein funktionaler Kerzenhalter als auch ein eigenst\u00e4ndiges skulpturales Kunstwerk, das sich perfekt f\u00fcr Kaminsimse, Couchtische oder Hotellobbys eignet.<\/p>\n\n\n\n<p><strong>Ma\u00dfgeschneiderte Veredelungsdienstleistungen<\/strong>: Die vollst\u00e4ndige OEM\/ODM-Unterst\u00fctzung erm\u00f6glicht individuelle H\u00f6henanpassungen, Glasurfarben und markenspezifische Muster, die zum Thema Ihrer Kollektion passen.<\/p>\n<\/div>\n\n\n\n<div class=\"wp-block-column is-layout-flow wp-block-column-is-layout-flow\">\n<figure class=\"wp-block-image size-full\"><img decoding=\"async\" width=\"800\" height=\"800\" src=\"https:\/\/www.qingfaceramic.com\/wp-content\/uploads\/2026\/04\/Custom-Ceramic-Middle-Eastern-Bakhoor-Burner-3.webp\" alt=\"Kundenspezifischer keramischer Bakhoor-Brenner aus dem Nahen Osten 3\" class=\"wp-image-1604\" srcset=\"https:\/\/www.qingfaceramic.com\/wp-content\/uploads\/2026\/04\/Custom-Ceramic-Middle-Eastern-Bakhoor-Burner-3.webp 800w, https:\/\/www.qingfaceramic.com\/wp-content\/uploads\/2026\/04\/Custom-Ceramic-Middle-Eastern-Bakhoor-Burner-3-300x300.webp 300w, https:\/\/www.qingfaceramic.com\/wp-content\/uploads\/2026\/04\/Custom-Ceramic-Middle-Eastern-Bakhoor-Burner-3-150x150.webp 150w, https:\/\/www.qingfaceramic.com\/wp-content\/uploads\/2026\/04\/Custom-Ceramic-Middle-Eastern-Bakhoor-Burner-3-768x768.webp 768w, https:\/\/www.qingfaceramic.com\/wp-content\/uploads\/2026\/04\/Custom-Ceramic-Middle-Eastern-Bakhoor-Burner-3-12x12.webp 12w, https:\/\/www.qingfaceramic.com\/wp-content\/uploads\/2026\/04\/Custom-Ceramic-Middle-Eastern-Bakhoor-Burner-3-600x600.webp 600w, https:\/\/www.qingfaceramic.com\/wp-content\/uploads\/2026\/04\/Custom-Ceramic-Middle-Eastern-Bakhoor-Burner-3-100x100.webp 100w\" sizes=\"(max-width: 800px) 100vw, 800px\" \/><\/figure>\n<\/div>\n<\/div>\n\n\n\n<div class=\"wp-block-columns is-layout-flex wp-container-core-columns-is-layout-9d6595d7 wp-block-columns-is-layout-flex\">\n<div class=\"wp-block-column is-layout-flow wp-block-column-is-layout-flow\"><\/div>\n\n\n\n<div class=\"wp-block-column is-layout-flow wp-block-column-is-layout-flow\"><\/div>\n<\/div>","protected":false},"excerpt":{"rendered":"<p data-start=\"428\" data-end=\"756\">Unser kundenspezifischer Bakhoor-Keramikbrenner aus dem Nahen Osten wurde f\u00fcr traditionelle R\u00e4ucherrituale entwickelt und kombiniert von der arabischen Kultur inspirierte Motive mit bei hoher Temperatur gebranntem Keramikhandwerk - ideal f\u00fcr Luxuswohnungen, Hotels und kulturelle Geschenkm\u00e4rkte.<\/p>\n<h2>Benutzerdefinierte keramische Nahost Bakhoor Brenner Parameter<\/h2>\n<table data-path-to-node=\"4\">\n<thead>\n<tr>\n<td><strong>Artikel<\/strong><\/td>\n<td><strong>Technische Details<\/strong><\/td>\n<\/tr>\n<\/thead>\n<tbody>\n<tr>\n<td><span data-path-to-node=\"4,1,0,0\"><b data-path-to-node=\"4,1,0,0\" data-index-in-node=\"0\">Produktname<\/b><\/span><\/td>\n<td><span data-path-to-node=\"4,1,1,0\">Kundenspezifischer keramischer Bakhoor-Brenner aus dem Nahen Osten (Mabkhara)<\/span><\/td>\n<\/tr>\n<tr>\n<td><span data-path-to-node=\"4,2,0,0\"><b data-path-to-node=\"4,2,0,0\" data-index-in-node=\"0\">Material<\/b><\/span><\/td>\n<td><span data-path-to-node=\"4,2,1,0\">Premium-Keramik mit hoher Dichte \/ hitzebest\u00e4ndiges Porzellan<\/span><\/td>\n<\/tr>\n<tr>\n<td><span data-path-to-node=\"4,3,0,0\"><b data-path-to-node=\"4,3,0,0\" data-index-in-node=\"0\">Einsatzfach<\/b><\/span><\/td>\n<td><span data-path-to-node=\"4,3,1,0\">Abnehmbarer perforierter goldener Metall-R\u00e4ucherst\u00e4bchenhalter<\/span><\/td>\n<\/tr>\n<tr>\n<td><span data-path-to-node=\"4,4,0,0\"><b data-path-to-node=\"4,4,0,0\" data-index-in-node=\"0\">Design-Motiv<\/b><\/span><\/td>\n<td><span data-path-to-node=\"4,4,1,0\">Traditionelle arabische Kulturerbe-Symbole (Kamel, L\u00f6we, Gepard)<\/span><\/td>\n<\/tr>\n<tr>\n<td><span data-path-to-node=\"4,5,0,0\"><b data-path-to-node=\"4,5,0,0\" data-index-in-node=\"0\">Fertigstellung<\/b><\/span><\/td>\n<td><span data-path-to-node=\"4,5,1,0\">Hochgl\u00e4nzende keramische Glasur mit Kulturmuster-Akzenten<\/span><\/td>\n<\/tr>\n<tr>\n<td><span data-path-to-node=\"4,6,0,0\"><b data-path-to-node=\"4,6,0,0\" data-index-in-node=\"0\">Farboptionen<\/b><\/span><\/td>\n<td><span data-path-to-node=\"4,6,1,0\">K\u00f6nigsblau, Smaragdgr\u00fcn, Rubinrot, Tiefviolett<\/span><\/td>\n<\/tr>\n<tr>\n<td><span data-path-to-node=\"4,7,0,0\"><b data-path-to-node=\"4,7,0,0\" data-index-in-node=\"0\">Struktur<\/b><\/span><\/td>\n<td><span data-path-to-node=\"4,7,1,0\">Abnehmbares zweiteiliges System (bel\u00fcftete Platte + Sockel)<\/span><\/td>\n<\/tr>\n<tr>\n<td><span data-path-to-node=\"4,8,0,0\"><b data-path-to-node=\"4,8,0,0\" data-index-in-node=\"0\">Wesentliche Merkmale<\/b><\/span><\/td>\n<td><span data-path-to-node=\"4,8,1,0\"><b data-path-to-node=\"4,8,1,0\" data-index-in-node=\"0\">Gleichm\u00e4\u00dfige Rauchdiffusion<\/b>, <b data-path-to-node=\"4,8,1,0\" data-index-in-node=\"22\">W\u00e4rmeisolierter Keramiksockel<\/b>, <b data-path-to-node=\"4,8,1,0\" data-index-in-node=\"51\">Leicht zu reinigende Oberfl\u00e4che<\/b><\/span><\/td>\n<\/tr>\n<tr>\n<td><span data-path-to-node=\"4,9,0,0\"><b data-path-to-node=\"4,9,0,0\" data-index-in-node=\"0\">Handwerkliches K\u00f6nnen<\/b><\/span><\/td>\n<td><span data-path-to-node=\"4,9,1,0\">Bei hoher Temperatur gebrannte Keramik mit handaufgetragenen Abziehbildern<\/span><\/td>\n<\/tr>\n<tr>\n<td><span data-path-to-node=\"4,10,0,0\"><b data-path-to-node=\"4,10,0,0\" data-index-in-node=\"0\">Personalisierung<\/b><\/span><\/td>\n<td><span data-path-to-node=\"4,10,1,0\">Unterst\u00fctzt Bulk OEM\/ODM, ma\u00dfgeschneiderte Muster und Logo-Branding<\/span><\/td>\n<\/tr>\n<tr>\n<td><span data-path-to-node=\"4,11,0,0\"><b data-path-to-node=\"4,11,0,0\" data-index-in-node=\"0\">Sicherheitsstandard<\/b><\/span><\/td>\n<td><span data-path-to-node=\"4,11,1,0\">Blei- und cadmiumfreie umweltfreundliche Glasur<\/span><\/td>\n<\/tr>\n<\/tbody>\n<\/table>\n<p>&nbsp;<\/p>","protected":false},"featured_media":1609,"comment_status":"closed","ping_status":"closed","template":"","meta":{"_acf_changed":false},"market":[42],"product_brand":[],"product_cat":[18,31],"product_tag":[],"class_list":{"0":"post-1601","1":"product","2":"type-product","3":"status-publish","4":"has-post-thumbnail","6":"market-middle-east-market","7":"product_cat-custom-home-decor","8":"product_cat-custom-candle-jars","10":"first","11":"instock","12":"shipping-taxable","13":"product-type-simple"},"acf":[],"_links":{"self":[{"href":"https:\/\/www.qingfaceramic.com\/de\/wp-json\/wp\/v2\/product\/1601","targetHints":{"allow":["GET"]}}],"collection":[{"href":"https:\/\/www.qingfaceramic.com\/de\/wp-json\/wp\/v2\/product"}],"about":[{"href":"https:\/\/www.qingfaceramic.com\/de\/wp-json\/wp\/v2\/types\/product"}],"replies":[{"embeddable":true,"href":"https:\/\/www.qingfaceramic.com\/de\/wp-json\/wp\/v2\/comments?post=1601"}],"wp:featuredmedia":[{"embeddable":true,"href":"https:\/\/www.qingfaceramic.com\/de\/wp-json\/wp\/v2\/media\/1609"}],"wp:attachment":[{"href":"https:\/\/www.qingfaceramic.com\/de\/wp-json\/wp\/v2\/media?parent=1601"}],"wp:term":[{"taxonomy":"market","embeddable":true,"href":"https:\/\/www.qingfaceramic.com\/de\/wp-json\/wp\/v2\/market?post=1601"},{"taxonomy":"product_brand","embeddable":true,"href":"https:\/\/www.qingfaceramic.com\/de\/wp-json\/wp\/v2\/product_brand?post=1601"},{"taxonomy":"product_cat","embeddable":true,"href":"https:\/\/www.qingfaceramic.com\/de\/wp-json\/wp\/v2\/product_cat?post=1601"},{"taxonomy":"product_tag","embeddable":true,"href":"https:\/\/www.qingfaceramic.com\/de\/wp-json\/wp\/v2\/product_tag?post=1601"}],"curies":[{"name":"wp","href":"https:\/\/api.w.org\/{rel}","templated":true}]}}