{"id":1592,"date":"2026-04-18T09:12:34","date_gmt":"2026-04-18T09:12:34","guid":{"rendered":"https:\/\/www.qingfaceramic.com\/?post_type=product&#038;p=1592"},"modified":"2026-04-18T09:27:25","modified_gmt":"2026-04-18T09:27:25","slug":"custom-middle-east-coffee-set-with-palm-tree-motif","status":"publish","type":"product","link":"https:\/\/www.qingfaceramic.com\/de\/produkt\/custom-middle-east-coffee-set-with-palm-tree-motif\/","title":{"rendered":"Kundenspezifisches Nahost-Kaffeeset mit Palmenmotiv"},"content":{"rendered":"<h2 class=\"wp-block-heading\">Eigenschaften von Custom Middle East Coffee Set<\/h2>\n\n\n\n<div class=\"wp-block-columns is-layout-flex wp-container-core-columns-is-layout-9d6595d7 wp-block-columns-is-layout-flex\">\n<div class=\"wp-block-column is-layout-flow wp-block-column-is-layout-flow\">\n<div style=\"height:0px\" aria-hidden=\"true\" class=\"wp-block-spacer\"><\/div>\n\n\n\n<p><strong>Kulturelles Motiv der ikonischen Palme:<\/strong><br>Das raffinierte, von der Symbolik des Nahen Ostens inspirierte Palmenmotiv verleiht dem Produkt eine starke kulturelle Identit\u00e4t und einen hohen Wiedererkennungswert.<\/p>\n\n\n\n<p><strong>Dekorative Premium-Kaffeepr\u00e4sentation:<\/strong><br>Er wurde entwickelt, um die \u00c4sthetik des Kaffeeausschanks zu verbessern und ein visuell raffiniertes Erlebnis f\u00fcr die Luxusgastronomie und f\u00fcr besondere Tischkultur zu schaffen.<\/p>\n\n\n\n<p><strong>Elegante Fusion von Tradition und Moderne:<\/strong><br>Eine Mischung aus traditionellen Kulturelementen des Nahen Ostens und modernem Keramikdesign sorgt f\u00fcr einen zeitlosen und vielseitigen Stil.<\/p>\n\n\n\n<p><strong>Hochwertiges Geschenk &amp; Gastfreundschaft Appeal:<\/strong><br>Perfekt geeignet f\u00fcr Luxusgeschenke, Boutiquehotels und gehobene Caf\u00e9s, die eine unverwechselbare kulturelle Geschirrkollektion suchen.<\/p>\n\n\n\n<p><strong>Vollst\u00e4ndig anpassbare OEM\/ODM-L\u00f6sung:<\/strong><br>Unterst\u00fctzt flexible Anpassungen, einschlie\u00dflich Motivanpassung, Farbentwicklung und Branding f\u00fcr Gro\u00dfhandels- und Eigenmarkenprojekte.<\/p>\n<\/div>\n\n\n\n<div class=\"wp-block-column is-layout-flow wp-block-column-is-layout-flow\">\n<figure class=\"wp-block-image size-full\"><img decoding=\"async\" width=\"800\" height=\"800\" src=\"https:\/\/www.qingfaceramic.com\/wp-content\/uploads\/2026\/04\/Custom-Middle-East-Coffee-Set-with-Palm-Tree-Motif3.webp\" alt=\"Kundenspezifisches Nahost-Kaffeeset mit Palmenmotiv3\" class=\"wp-image-1595\" srcset=\"https:\/\/www.qingfaceramic.com\/wp-content\/uploads\/2026\/04\/Custom-Middle-East-Coffee-Set-with-Palm-Tree-Motif3.webp 800w, https:\/\/www.qingfaceramic.com\/wp-content\/uploads\/2026\/04\/Custom-Middle-East-Coffee-Set-with-Palm-Tree-Motif3-300x300.webp 300w, https:\/\/www.qingfaceramic.com\/wp-content\/uploads\/2026\/04\/Custom-Middle-East-Coffee-Set-with-Palm-Tree-Motif3-150x150.webp 150w, https:\/\/www.qingfaceramic.com\/wp-content\/uploads\/2026\/04\/Custom-Middle-East-Coffee-Set-with-Palm-Tree-Motif3-768x768.webp 768w, https:\/\/www.qingfaceramic.com\/wp-content\/uploads\/2026\/04\/Custom-Middle-East-Coffee-Set-with-Palm-Tree-Motif3-12x12.webp 12w, https:\/\/www.qingfaceramic.com\/wp-content\/uploads\/2026\/04\/Custom-Middle-East-Coffee-Set-with-Palm-Tree-Motif3-600x600.webp 600w, https:\/\/www.qingfaceramic.com\/wp-content\/uploads\/2026\/04\/Custom-Middle-East-Coffee-Set-with-Palm-Tree-Motif3-100x100.webp 100w\" sizes=\"(max-width: 800px) 100vw, 800px\" \/><\/figure>\n<\/div>\n<\/div>\n\n\n\n<div class=\"wp-block-columns is-layout-flex wp-container-core-columns-is-layout-9d6595d7 wp-block-columns-is-layout-flex\">\n<div class=\"wp-block-column is-layout-flow wp-block-column-is-layout-flow\">\n<figure class=\"wp-block-image size-full\"><img decoding=\"async\" width=\"988\" height=\"988\" src=\"https:\/\/www.qingfaceramic.com\/wp-content\/uploads\/2026\/01\/Custom-Ceramic-Coffee-Mug1.webp\" alt=\"Individueller Keramik-Kaffeebecher1\" class=\"wp-image-608\" srcset=\"https:\/\/www.qingfaceramic.com\/wp-content\/uploads\/2026\/01\/Custom-Ceramic-Coffee-Mug1.webp 988w, https:\/\/www.qingfaceramic.com\/wp-content\/uploads\/2026\/01\/Custom-Ceramic-Coffee-Mug1-300x300.webp 300w, https:\/\/www.qingfaceramic.com\/wp-content\/uploads\/2026\/01\/Custom-Ceramic-Coffee-Mug1-150x150.webp 150w, https:\/\/www.qingfaceramic.com\/wp-content\/uploads\/2026\/01\/Custom-Ceramic-Coffee-Mug1-768x768.webp 768w, https:\/\/www.qingfaceramic.com\/wp-content\/uploads\/2026\/01\/Custom-Ceramic-Coffee-Mug1-600x600.webp 600w, https:\/\/www.qingfaceramic.com\/wp-content\/uploads\/2026\/01\/Custom-Ceramic-Coffee-Mug1-100x100.webp 100w\" sizes=\"(max-width: 988px) 100vw, 988px\" \/><\/figure>\n<\/div>\n\n\n\n<div class=\"wp-block-column is-layout-flow wp-block-column-is-layout-flow\">\n<figure class=\"wp-block-image size-full\"><img decoding=\"async\" width=\"750\" height=\"582\" src=\"https:\/\/www.qingfaceramic.com\/wp-content\/uploads\/2026\/01\/custom-ceramic-coffee-mug8.webp\" alt=\"individuelle Keramik-Kaffeetasse8\" class=\"wp-image-611\" srcset=\"https:\/\/www.qingfaceramic.com\/wp-content\/uploads\/2026\/01\/custom-ceramic-coffee-mug8.webp 750w, https:\/\/www.qingfaceramic.com\/wp-content\/uploads\/2026\/01\/custom-ceramic-coffee-mug8-300x233.webp 300w, https:\/\/www.qingfaceramic.com\/wp-content\/uploads\/2026\/01\/custom-ceramic-coffee-mug8-600x466.webp 600w\" sizes=\"(max-width: 750px) 100vw, 750px\" \/><\/figure>\n<\/div>\n<\/div>\n\n\n\n<p><\/p>","protected":false},"excerpt":{"rendered":"<p data-start=\"503\" data-end=\"756\">Unser individuelles Kaffeeservice mit Palmenmotiv kombiniert raffinierte Keramikkunst mit ikonischer orientalischer Symbolik und bietet ein kulturell inspiriertes Design, das sich ideal f\u00fcr Luxusgastronomie, Boutique-Caf\u00e9s und Premium-Geschenkm\u00e4rkte eignet.<\/p>\n<h2>Benutzerdefinierte Nahost-Kaffee-Set Parameter<\/h2>\n<table data-path-to-node=\"2\">\n<thead>\n<tr>\n<td><strong>Artikel<\/strong><\/td>\n<td><strong>Technische Details<\/strong><\/td>\n<\/tr>\n<\/thead>\n<tbody>\n<tr>\n<td><span data-path-to-node=\"2,1,0,0\"><b data-path-to-node=\"2,1,0,0\" data-index-in-node=\"0\">Produktname<\/b><\/span><\/td>\n<td>Kundenspezifisches Nahost-Kaffee-Set<\/td>\n<\/tr>\n<tr>\n<td><span data-path-to-node=\"2,2,0,0\"><b data-path-to-node=\"2,2,0,0\" data-index-in-node=\"0\">Material<\/b><\/span><\/td>\n<td><span data-path-to-node=\"2,2,1,0\">Hochwertige handwerklich hergestellte Keramik \/ Steingut<\/span><\/td>\n<\/tr>\n<tr>\n<td><span data-path-to-node=\"2,3,0,0\"><b data-path-to-node=\"2,3,0,0\" data-index-in-node=\"0\">Design-Stil<\/b><\/span><\/td>\n<td><span data-path-to-node=\"2,3,1,0\">Klassisch griechisch inspiriert \/ Architektonisch \/ Neoklassisch<\/span><\/td>\n<\/tr>\n<tr>\n<td><span data-path-to-node=\"2,4,0,0\"><b data-path-to-node=\"2,4,0,0\" data-index-in-node=\"0\">Textur\/Verarbeitung<\/b><\/span><\/td>\n<td><span data-path-to-node=\"2,4,1,0\">Matte gesprenkelte Glasur &amp; glatte satinierte Oberfl\u00e4chen<\/span><\/td>\n<\/tr>\n<tr>\n<td><span data-path-to-node=\"2,5,0,0\"><b data-path-to-node=\"2,5,0,0\" data-index-in-node=\"0\">Farboptionen<\/b><\/span><\/td>\n<td><span data-path-to-node=\"2,5,1,0\">Sandbeige, Elfenbeinwei\u00df, Creme gesprenkelt, Softgrau<\/span><\/td>\n<\/tr>\n<tr>\n<td><span data-path-to-node=\"2,6,0,0\"><b data-path-to-node=\"2,6,0,0\" data-index-in-node=\"0\">Struktur<\/b><\/span><\/td>\n<td><span data-path-to-node=\"2,6,1,0\">Kannelierter S\u00e4ulenk\u00f6rper mit gestuften architektonischen Sockeln<\/span><\/td>\n<\/tr>\n<tr>\n<td><span data-path-to-node=\"2,7,0,0\"><b data-path-to-node=\"2,7,0,0\" data-index-in-node=\"0\">Wesentliche Merkmale<\/b><\/span><\/td>\n<td><span data-path-to-node=\"2,7,1,0\"><b data-path-to-node=\"2,7,1,0\" data-index-in-node=\"0\">Hitzebest\u00e4ndig<\/b>, <b data-path-to-node=\"2,7,1,0\" data-index-in-node=\"16\">Gewichtete Basis f\u00fcr Stabilit\u00e4t<\/b>, <b data-path-to-node=\"2,7,1,0\" data-index-in-node=\"45\">Handgefertigt<\/b><\/span><\/td>\n<\/tr>\n<tr>\n<td><span data-path-to-node=\"2,8,0,0\"><b data-path-to-node=\"2,8,0,0\" data-index-in-node=\"0\">Personalisierung<\/b><\/span><\/td>\n<td><span data-path-to-node=\"2,8,1,0\">Unterst\u00fctzt Bulk OEM\/ODM (H\u00f6he, Breite und Farbe nach Kundenwunsch)<\/span><\/td>\n<\/tr>\n<\/tbody>\n<\/table>","protected":false},"featured_media":1593,"comment_status":"closed","ping_status":"closed","template":"","meta":{"_acf_changed":false},"market":[42],"product_brand":[],"product_cat":[17,28],"product_tag":[],"class_list":{"0":"post-1592","1":"product","2":"type-product","3":"status-publish","4":"has-post-thumbnail","6":"market-middle-east-market","7":"product_cat-custom-coffee-cups","8":"product_cat-custom-coffee-mugs","10":"first","11":"instock","12":"shipping-taxable","13":"product-type-simple"},"acf":[],"_links":{"self":[{"href":"https:\/\/www.qingfaceramic.com\/de\/wp-json\/wp\/v2\/product\/1592","targetHints":{"allow":["GET"]}}],"collection":[{"href":"https:\/\/www.qingfaceramic.com\/de\/wp-json\/wp\/v2\/product"}],"about":[{"href":"https:\/\/www.qingfaceramic.com\/de\/wp-json\/wp\/v2\/types\/product"}],"replies":[{"embeddable":true,"href":"https:\/\/www.qingfaceramic.com\/de\/wp-json\/wp\/v2\/comments?post=1592"}],"wp:featuredmedia":[{"embeddable":true,"href":"https:\/\/www.qingfaceramic.com\/de\/wp-json\/wp\/v2\/media\/1593"}],"wp:attachment":[{"href":"https:\/\/www.qingfaceramic.com\/de\/wp-json\/wp\/v2\/media?parent=1592"}],"wp:term":[{"taxonomy":"market","embeddable":true,"href":"https:\/\/www.qingfaceramic.com\/de\/wp-json\/wp\/v2\/market?post=1592"},{"taxonomy":"product_brand","embeddable":true,"href":"https:\/\/www.qingfaceramic.com\/de\/wp-json\/wp\/v2\/product_brand?post=1592"},{"taxonomy":"product_cat","embeddable":true,"href":"https:\/\/www.qingfaceramic.com\/de\/wp-json\/wp\/v2\/product_cat?post=1592"},{"taxonomy":"product_tag","embeddable":true,"href":"https:\/\/www.qingfaceramic.com\/de\/wp-json\/wp\/v2\/product_tag?post=1592"}],"curies":[{"name":"wp","href":"https:\/\/api.w.org\/{rel}","templated":true}]}}