{"id":1584,"date":"2026-04-18T09:00:56","date_gmt":"2026-04-18T09:00:56","guid":{"rendered":"https:\/\/www.qingfaceramic.com\/?post_type=product&#038;p=1584"},"modified":"2026-04-18T09:09:36","modified_gmt":"2026-04-18T09:09:36","slug":"custom-retro-middle-eastern-coffee-cup-without-handle","status":"publish","type":"product","link":"https:\/\/www.qingfaceramic.com\/de\/produkt\/custom-retro-middle-eastern-coffee-cup-without-handle\/","title":{"rendered":"Benutzerdefinierte Retro Nahost-Kaffeetasse ohne Henkel"},"content":{"rendered":"<h2 class=\"wp-block-heading\">Merkmale der Custom Retro Middle Eastern Kaffeetasse<\/h2>\n\n\n\n<div class=\"wp-block-columns is-layout-flex wp-container-core-columns-is-layout-9d6595d7 wp-block-columns-is-layout-flex\">\n<div class=\"wp-block-column is-layout-flow wp-block-column-is-layout-flow\">\n<div style=\"height:0px\" aria-hidden=\"true\" class=\"wp-block-spacer\"><\/div>\n\n\n\n<p><strong>Unverwechselbares nah\u00f6stliches Retro-Design:<\/strong><br>Inspiriert von traditionellen Motiven aus dem Nahen Osten mit einer modernen industriellen Interpretation, schafft es eine starke visuelle Identit\u00e4t und einen erstklassigen kulturellen Reiz.<\/p>\n\n\n\n<p><strong>Luxuri\u00f6se Metallic-Glasur-Ausr\u00fcstung:<\/strong><br>Galvanisch vergoldete und antik bronzene Oberfl\u00e4chen bieten eine hochwertige, reflektierende Oberfl\u00e4che mit eleganter Tiefe und luxuri\u00f6ser Textur.<\/p>\n\n\n\n<p><strong>K\u00fcnstlerisches 3D-Oberfl\u00e4chenhandwerk:<\/strong><br>Geometrische Facetten, gepr\u00e4gte Ziegelsteinmuster und Stammesreliefstrukturen sorgen f\u00fcr eine verbesserte Haptik und visuellen Reichtum.<\/p>\n\n\n\n<p><strong>Hochwertige funktionale Keramikstruktur:<\/strong><br>Hergestellt aus hochverdichtetem Steinzeug mit dickwandiger Konstruktion, die W\u00e4rmeisolierung, Haltbarkeit und Kratzfestigkeit gew\u00e4hrleistet.<\/p>\n\n\n\n<p><strong>Flexible OEM\/ODM-Anpassung:<\/strong><br>Unterst\u00fctzt kundenspezifische Logogravur, ma\u00dfgeschneiderte Oberfl\u00e4chentexturen und Farbentwicklung f\u00fcr Branding- und Massengastronomieprojekte.<\/p>\n<\/div>\n\n\n\n<div class=\"wp-block-column is-layout-flow wp-block-column-is-layout-flow\">\n<figure class=\"wp-block-image size-full\"><img decoding=\"async\" width=\"800\" height=\"800\" src=\"https:\/\/www.qingfaceramic.com\/wp-content\/uploads\/2026\/04\/Custom-Retro-Middle-Eastern-Coffee-Cup5.webp\" alt=\"Benutzerdefinierte Retro Nahost-Kaffeetasse5\" class=\"wp-image-1589\" srcset=\"https:\/\/www.qingfaceramic.com\/wp-content\/uploads\/2026\/04\/Custom-Retro-Middle-Eastern-Coffee-Cup5.webp 800w, https:\/\/www.qingfaceramic.com\/wp-content\/uploads\/2026\/04\/Custom-Retro-Middle-Eastern-Coffee-Cup5-300x300.webp 300w, https:\/\/www.qingfaceramic.com\/wp-content\/uploads\/2026\/04\/Custom-Retro-Middle-Eastern-Coffee-Cup5-150x150.webp 150w, https:\/\/www.qingfaceramic.com\/wp-content\/uploads\/2026\/04\/Custom-Retro-Middle-Eastern-Coffee-Cup5-768x768.webp 768w, https:\/\/www.qingfaceramic.com\/wp-content\/uploads\/2026\/04\/Custom-Retro-Middle-Eastern-Coffee-Cup5-12x12.webp 12w, https:\/\/www.qingfaceramic.com\/wp-content\/uploads\/2026\/04\/Custom-Retro-Middle-Eastern-Coffee-Cup5-600x600.webp 600w, https:\/\/www.qingfaceramic.com\/wp-content\/uploads\/2026\/04\/Custom-Retro-Middle-Eastern-Coffee-Cup5-100x100.webp 100w\" sizes=\"(max-width: 800px) 100vw, 800px\" \/><\/figure>\n<\/div>\n<\/div>\n\n\n\n<div class=\"wp-block-columns is-layout-flex wp-container-core-columns-is-layout-9d6595d7 wp-block-columns-is-layout-flex\">\n<div class=\"wp-block-column is-layout-flow wp-block-column-is-layout-flow\">\n<figure class=\"wp-block-image size-full\"><img decoding=\"async\" width=\"988\" height=\"988\" src=\"https:\/\/www.qingfaceramic.com\/wp-content\/uploads\/2026\/01\/Custom-Ceramic-Coffee-Mug1.webp\" alt=\"Individueller Keramik-Kaffeebecher1\" class=\"wp-image-608\" srcset=\"https:\/\/www.qingfaceramic.com\/wp-content\/uploads\/2026\/01\/Custom-Ceramic-Coffee-Mug1.webp 988w, https:\/\/www.qingfaceramic.com\/wp-content\/uploads\/2026\/01\/Custom-Ceramic-Coffee-Mug1-300x300.webp 300w, https:\/\/www.qingfaceramic.com\/wp-content\/uploads\/2026\/01\/Custom-Ceramic-Coffee-Mug1-150x150.webp 150w, https:\/\/www.qingfaceramic.com\/wp-content\/uploads\/2026\/01\/Custom-Ceramic-Coffee-Mug1-768x768.webp 768w, https:\/\/www.qingfaceramic.com\/wp-content\/uploads\/2026\/01\/Custom-Ceramic-Coffee-Mug1-600x600.webp 600w, https:\/\/www.qingfaceramic.com\/wp-content\/uploads\/2026\/01\/Custom-Ceramic-Coffee-Mug1-100x100.webp 100w\" sizes=\"(max-width: 988px) 100vw, 988px\" \/><\/figure>\n<\/div>\n\n\n\n<div class=\"wp-block-column is-layout-flow wp-block-column-is-layout-flow\">\n<figure class=\"wp-block-image size-full\"><img decoding=\"async\" width=\"750\" height=\"582\" src=\"https:\/\/www.qingfaceramic.com\/wp-content\/uploads\/2026\/01\/custom-ceramic-coffee-mug8.webp\" alt=\"individuelle Keramik-Kaffeetasse8\" class=\"wp-image-611\" srcset=\"https:\/\/www.qingfaceramic.com\/wp-content\/uploads\/2026\/01\/custom-ceramic-coffee-mug8.webp 750w, https:\/\/www.qingfaceramic.com\/wp-content\/uploads\/2026\/01\/custom-ceramic-coffee-mug8-300x233.webp 300w, https:\/\/www.qingfaceramic.com\/wp-content\/uploads\/2026\/01\/custom-ceramic-coffee-mug8-600x466.webp 600w\" sizes=\"(max-width: 750px) 100vw, 750px\" \/><\/figure>\n<\/div>\n<\/div>\n\n\n\n<p><\/p>","protected":false},"excerpt":{"rendered":"<p data-start=\"503\" data-end=\"756\">Unsere ma\u00dfgefertigte orientalische Kaffeetasse ohne Henkel hat ein luxuri\u00f6ses, von der Industrie inspiriertes Design mit Metallic-Glasur und geometrischen Strukturen und bietet eine raffinierte kulturelle \u00c4sthetik f\u00fcr die gehobene Gastronomie, Boutique-Caf\u00e9s und Premium-Geschenkprojekte.<\/p>\n<h2>Benutzerdefinierte Retro Nahost-Kaffeetasse Parameter<\/h2>\n<table data-path-to-node=\"1\">\n<thead>\n<tr>\n<td><strong>Artikel<\/strong><\/td>\n<td><strong>Einzelheiten<\/strong><\/td>\n<\/tr>\n<\/thead>\n<tbody>\n<tr>\n<td><span data-path-to-node=\"1,1,0,0\"><b data-path-to-node=\"1,1,0,0\" data-index-in-node=\"0\">Produktname<\/b><\/span><\/td>\n<td>Benutzerdefinierte Retro Nahost-Kaffeetasse ohne Henkel<\/td>\n<\/tr>\n<tr>\n<td><span data-path-to-node=\"1,2,0,0\"><b data-path-to-node=\"1,2,0,0\" data-index-in-node=\"0\">Material<\/b><\/span><\/td>\n<td><span data-path-to-node=\"1,2,1,0\">Hochwertige verst\u00e4rkte Keramik \/ hochdichtes Steinzeug<\/span><\/td>\n<\/tr>\n<tr>\n<td><span data-path-to-node=\"1,3,0,0\"><b data-path-to-node=\"1,3,0,0\" data-index-in-node=\"0\">Fertigstellung<\/b><\/span><\/td>\n<td><span data-path-to-node=\"1,3,1,0\">Galvanische Metallic-Glasur \/ Mattes Satin-Gold-Finish<\/span><\/td>\n<\/tr>\n<tr>\n<td><span data-path-to-node=\"1,4,0,0\"><b data-path-to-node=\"1,4,0,0\" data-index-in-node=\"0\">Oberfl\u00e4chentexturen<\/b><\/span><\/td>\n<td><span data-path-to-node=\"1,4,1,0\">Geometrische 3D-Facetten, gepr\u00e4gte Ziegel, Stammesrelief-Muster<\/span><\/td>\n<\/tr>\n<tr>\n<td><span data-path-to-node=\"1,5,0,0\"><b data-path-to-node=\"1,5,0,0\" data-index-in-node=\"0\">Farbpalette<\/b><\/span><\/td>\n<td><span data-path-to-node=\"1,5,1,0\">Antike Bronze, K\u00f6nigliches Gold, Tiefes Espressobraun<\/span><\/td>\n<\/tr>\n<tr>\n<td><span data-path-to-node=\"1,6,0,0\"><b data-path-to-node=\"1,6,0,0\" data-index-in-node=\"0\">Design-Stil<\/b><\/span><\/td>\n<td><span data-path-to-node=\"1,6,1,0\">Moderne nah\u00f6stliche \/ luxuri\u00f6se industrielle \u00c4sthetik<\/span><\/td>\n<\/tr>\n<tr>\n<td><span data-path-to-node=\"1,7,0,0\"><b data-path-to-node=\"1,7,0,0\" data-index-in-node=\"0\">Wesentliche Merkmale<\/b><\/span><\/td>\n<td><span data-path-to-node=\"1,7,1,0\"><b data-path-to-node=\"1,7,1,0\" data-index-in-node=\"0\">W\u00e4rmed\u00e4mmende dicke Mauern<\/b>, <b data-path-to-node=\"1,7,1,0\" data-index-in-node=\"29\">Ergonomischer taktiler Griff<\/b>, <b data-path-to-node=\"1,7,1,0\" data-index-in-node=\"53\">Kratzfeste Glasur<\/b><\/span><\/td>\n<\/tr>\n<tr>\n<td><span data-path-to-node=\"1,8,0,0\"><b data-path-to-node=\"1,8,0,0\" data-index-in-node=\"0\">Anmeldung<\/b><\/span><\/td>\n<td><span data-path-to-node=\"1,8,1,0\">High-End-Business-Lounges, Boutique-Caf\u00e9s, gehobene Gastronomie, luxuri\u00f6se Geschenkartikel<\/span><\/td>\n<\/tr>\n<tr>\n<td><span data-path-to-node=\"1,9,0,0\"><b data-path-to-node=\"1,9,0,0\" data-index-in-node=\"0\">Personalisierung<\/b><\/span><\/td>\n<td><span data-path-to-node=\"1,9,1,0\">Unterst\u00fctzt Bulk OEM\/ODM, kundenspezifische Logo-Gravur, ma\u00dfgeschneiderte Texturen<\/span><\/td>\n<\/tr>\n<tr>\n<td><span data-path-to-node=\"1,10,0,0\"><b data-path-to-node=\"1,10,0,0\" data-index-in-node=\"0\">Sicherheitsstandards<\/b><\/span><\/td>\n<td><span data-path-to-node=\"1,10,1,0\">Bleifrei, kadmiumfrei, lebensmittelecht zertifiziert<\/span><\/td>\n<\/tr>\n<\/tbody>\n<\/table>","protected":false},"featured_media":1591,"comment_status":"closed","ping_status":"closed","template":"","meta":{"_acf_changed":false},"market":[42],"product_brand":[],"product_cat":[17,28],"product_tag":[],"class_list":{"0":"post-1584","1":"product","2":"type-product","3":"status-publish","4":"has-post-thumbnail","6":"market-middle-east-market","7":"product_cat-custom-coffee-cups","8":"product_cat-custom-coffee-mugs","10":"first","11":"instock","12":"shipping-taxable","13":"product-type-simple"},"acf":[],"_links":{"self":[{"href":"https:\/\/www.qingfaceramic.com\/de\/wp-json\/wp\/v2\/product\/1584","targetHints":{"allow":["GET"]}}],"collection":[{"href":"https:\/\/www.qingfaceramic.com\/de\/wp-json\/wp\/v2\/product"}],"about":[{"href":"https:\/\/www.qingfaceramic.com\/de\/wp-json\/wp\/v2\/types\/product"}],"replies":[{"embeddable":true,"href":"https:\/\/www.qingfaceramic.com\/de\/wp-json\/wp\/v2\/comments?post=1584"}],"wp:featuredmedia":[{"embeddable":true,"href":"https:\/\/www.qingfaceramic.com\/de\/wp-json\/wp\/v2\/media\/1591"}],"wp:attachment":[{"href":"https:\/\/www.qingfaceramic.com\/de\/wp-json\/wp\/v2\/media?parent=1584"}],"wp:term":[{"taxonomy":"market","embeddable":true,"href":"https:\/\/www.qingfaceramic.com\/de\/wp-json\/wp\/v2\/market?post=1584"},{"taxonomy":"product_brand","embeddable":true,"href":"https:\/\/www.qingfaceramic.com\/de\/wp-json\/wp\/v2\/product_brand?post=1584"},{"taxonomy":"product_cat","embeddable":true,"href":"https:\/\/www.qingfaceramic.com\/de\/wp-json\/wp\/v2\/product_cat?post=1584"},{"taxonomy":"product_tag","embeddable":true,"href":"https:\/\/www.qingfaceramic.com\/de\/wp-json\/wp\/v2\/product_tag?post=1584"}],"curies":[{"name":"wp","href":"https:\/\/api.w.org\/{rel}","templated":true}]}}