{"id":1576,"date":"2026-04-18T08:37:06","date_gmt":"2026-04-18T08:37:06","guid":{"rendered":"https:\/\/www.qingfaceramic.com\/?post_type=product&#038;p=1576"},"modified":"2026-04-18T09:55:13","modified_gmt":"2026-04-18T09:55:13","slug":"custom-arabic-coffee-cup-set-with-camel-print","status":"publish","type":"product","link":"https:\/\/www.qingfaceramic.com\/de\/produkt\/custom-arabic-coffee-cup-set-with-camel-print\/","title":{"rendered":"Individuelles arabisches Kaffeetassen-Set mit Kamel-Druck"},"content":{"rendered":"<h2 class=\"wp-block-heading\">Eigenschaften von Custom Arabic Coffee Cup Set<\/h2>\n\n\n\n<div class=\"wp-block-columns is-layout-flex wp-container-core-columns-is-layout-9d6595d7 wp-block-columns-is-layout-flex\">\n<div class=\"wp-block-column is-layout-flow wp-block-column-is-layout-flow\">\n<div style=\"height:0px\" aria-hidden=\"true\" class=\"wp-block-spacer\"><\/div>\n\n\n\n<p><strong>Authentisches arabisches Kulturdesign:<\/strong><br>Handapplizierte Kamelsilhouetten, die von der traditionellen Kunst des Nahen Ostens inspiriert sind, bieten eine starke kulturelle Identit\u00e4t und eine klare Marktdifferenzierung.<\/p>\n\n\n\n<p><strong>Erstklassige handgefertigte Keramikqualit\u00e4t:<\/strong><br>Hergestellt aus umweltfreundlichem Ton und bei hoher Temperatur gebranntem Steingut, das eine hervorragende Haltbarkeit, Widerstandsf\u00e4higkeit gegen Absplitterungen und eine lange Lebensdauer bietet.<\/p>\n\n\n\n<p><strong>Elegantes Gastgewerbe Pr\u00e4sentation:<\/strong><br>Eine raffinierte, minimalistische Form mit einer passenden Untertasse, die ein erstklassiges Tafelerlebnis f\u00fcr die gehobene Gastronomie und Caf\u00e9s schafft.<\/p>\n\n\n\n<p><strong>Funktionelle, ergonomische Handwerkskunst:<\/strong><br>Der bequeme Ringgriff und die stabile Basisstruktur sorgen f\u00fcr praktische Nutzbarkeit bei gleichzeitiger Beibehaltung einer schlanken, modernen \u00e4sthetischen Balance.<\/p>\n\n\n\n<p><strong>Flexible OEM\/ODM-Anpassung:<\/strong><br>Vollst\u00e4ndig anpassbare L\u00f6sungen einschlie\u00dflich Logoanwendung, Farbentwicklung und Designanpassung zur Unterst\u00fctzung von Branding- und Gro\u00dfhandelsprojekten.<\/p>\n<\/div>\n\n\n\n<div class=\"wp-block-column is-layout-flow wp-block-column-is-layout-flow\">\n<figure class=\"wp-block-image size-full\"><img decoding=\"async\" width=\"800\" height=\"800\" src=\"https:\/\/www.qingfaceramic.com\/wp-content\/uploads\/2026\/04\/Custom-Arabic-Coffee-Cup-Set-with-Camel-Print5.webp\" alt=\"Individuelles arabisches Kaffeetassen-Set mit Kamel-Aufdruck5\" class=\"wp-image-1581\" srcset=\"https:\/\/www.qingfaceramic.com\/wp-content\/uploads\/2026\/04\/Custom-Arabic-Coffee-Cup-Set-with-Camel-Print5.webp 800w, https:\/\/www.qingfaceramic.com\/wp-content\/uploads\/2026\/04\/Custom-Arabic-Coffee-Cup-Set-with-Camel-Print5-300x300.webp 300w, https:\/\/www.qingfaceramic.com\/wp-content\/uploads\/2026\/04\/Custom-Arabic-Coffee-Cup-Set-with-Camel-Print5-150x150.webp 150w, https:\/\/www.qingfaceramic.com\/wp-content\/uploads\/2026\/04\/Custom-Arabic-Coffee-Cup-Set-with-Camel-Print5-768x768.webp 768w, https:\/\/www.qingfaceramic.com\/wp-content\/uploads\/2026\/04\/Custom-Arabic-Coffee-Cup-Set-with-Camel-Print5-12x12.webp 12w, https:\/\/www.qingfaceramic.com\/wp-content\/uploads\/2026\/04\/Custom-Arabic-Coffee-Cup-Set-with-Camel-Print5-600x600.webp 600w, https:\/\/www.qingfaceramic.com\/wp-content\/uploads\/2026\/04\/Custom-Arabic-Coffee-Cup-Set-with-Camel-Print5-100x100.webp 100w\" sizes=\"(max-width: 800px) 100vw, 800px\" \/><\/figure>\n<\/div>\n<\/div>\n\n\n\n<div class=\"wp-block-columns is-layout-flex wp-container-core-columns-is-layout-9d6595d7 wp-block-columns-is-layout-flex\">\n<div class=\"wp-block-column is-layout-flow wp-block-column-is-layout-flow\">\n<figure class=\"wp-block-image size-full\"><img decoding=\"async\" width=\"988\" height=\"988\" src=\"https:\/\/www.qingfaceramic.com\/wp-content\/uploads\/2026\/01\/Custom-Ceramic-Coffee-Mug1.webp\" alt=\"Individueller Keramik-Kaffeebecher1\" class=\"wp-image-608\" srcset=\"https:\/\/www.qingfaceramic.com\/wp-content\/uploads\/2026\/01\/Custom-Ceramic-Coffee-Mug1.webp 988w, https:\/\/www.qingfaceramic.com\/wp-content\/uploads\/2026\/01\/Custom-Ceramic-Coffee-Mug1-300x300.webp 300w, https:\/\/www.qingfaceramic.com\/wp-content\/uploads\/2026\/01\/Custom-Ceramic-Coffee-Mug1-150x150.webp 150w, https:\/\/www.qingfaceramic.com\/wp-content\/uploads\/2026\/01\/Custom-Ceramic-Coffee-Mug1-768x768.webp 768w, https:\/\/www.qingfaceramic.com\/wp-content\/uploads\/2026\/01\/Custom-Ceramic-Coffee-Mug1-600x600.webp 600w, https:\/\/www.qingfaceramic.com\/wp-content\/uploads\/2026\/01\/Custom-Ceramic-Coffee-Mug1-100x100.webp 100w\" sizes=\"(max-width: 988px) 100vw, 988px\" \/><\/figure>\n<\/div>\n\n\n\n<div class=\"wp-block-column is-layout-flow wp-block-column-is-layout-flow\">\n<figure class=\"wp-block-image size-full\"><img decoding=\"async\" width=\"750\" height=\"582\" src=\"https:\/\/www.qingfaceramic.com\/wp-content\/uploads\/2026\/01\/custom-ceramic-coffee-mug8.webp\" alt=\"individuelle Keramik-Kaffeetasse8\" class=\"wp-image-611\" srcset=\"https:\/\/www.qingfaceramic.com\/wp-content\/uploads\/2026\/01\/custom-ceramic-coffee-mug8.webp 750w, https:\/\/www.qingfaceramic.com\/wp-content\/uploads\/2026\/01\/custom-ceramic-coffee-mug8-300x233.webp 300w, https:\/\/www.qingfaceramic.com\/wp-content\/uploads\/2026\/01\/custom-ceramic-coffee-mug8-600x466.webp 600w\" sizes=\"(max-width: 750px) 100vw, 750px\" \/><\/figure>\n<\/div>\n<\/div>\n\n\n\n<p><\/p>","protected":false},"excerpt":{"rendered":"<p data-start=\"503\" data-end=\"756\">Unser individuelles arabisches Kaffeetassenset ist aus umweltfreundlichem Ton gefertigt und mit traditionellen Kamelmotiven versehen. Es verbindet kulturelle \u00c4sthetik mit moderner Funktionalit\u00e4t und ist ideal f\u00fcr Caf\u00e9s, Hotels und Premium-Geschenkem\u00e4rkte.<\/p>\n<h2>Benutzerdefinierte Arabische Kaffeetasse Set Parameter<\/h2>\n<table>\n<thead>\n<tr>\n<th>Artikel<\/th>\n<th>Einzelheiten<\/th>\n<\/tr>\n<\/thead>\n<tbody>\n<tr>\n<td>Produktname<\/td>\n<td>Individuelles arabisches Kaffeetassen-Set<\/td>\n<\/tr>\n<tr>\n<td>Material<\/td>\n<td>Hochwertiger umweltfreundlicher Ton \/ Steinzeug<\/td>\n<\/tr>\n<tr>\n<td>Design-Motiv<\/td>\n<td>Traditionelle arabische Kamel-Silhouetten (handappliziert)<\/td>\n<\/tr>\n<tr>\n<td>Oberfl\u00e4che<\/td>\n<td>Matt gesprenkelte Textur mit glatter glasierter Innenseite<\/td>\n<\/tr>\n<tr>\n<td>Farbpalette<\/td>\n<td>Pastellmint, Staubblau, Sandbeige, Gedecktes Gelb<\/td>\n<\/tr>\n<tr>\n<td>Komponenten<\/td>\n<td>1 hochkonische Tasse + 1 passende runde Untertasse<\/td>\n<\/tr>\n<tr>\n<td>Handwerkliches K\u00f6nnen<\/td>\n<td>Hochtemperatur gebrannte Keramik (spanfest)<\/td>\n<\/tr>\n<tr>\n<td>Eigenschaften<\/td>\n<td>Ergonomischer Ringgriff, W\u00e4rmespeicherung, rutschfester Boden<\/td>\n<\/tr>\n<tr>\n<td>Verwendungsszenarien<\/td>\n<td>Luxushotels, moderne Caf\u00e9s, Ramadan-Geschenke, Majlis<\/td>\n<\/tr>\n<tr>\n<td>Kundenspezifischer Service<\/td>\n<td>Bulk OEM\/ODM verf\u00fcgbar (Logo, Farbe und Musteranpassung)<\/td>\n<\/tr>\n<\/tbody>\n<\/table>","protected":false},"featured_media":1579,"comment_status":"closed","ping_status":"closed","template":"","meta":{"_acf_changed":false},"market":[42],"product_brand":[],"product_cat":[17,29],"product_tag":[],"class_list":{"0":"post-1576","1":"product","2":"type-product","3":"status-publish","4":"has-post-thumbnail","6":"market-middle-east-market","7":"product_cat-custom-coffee-cups","8":"product_cat-wholesale-cup-and-saucer-sets","10":"first","11":"instock","12":"shipping-taxable","13":"product-type-simple"},"acf":[],"_links":{"self":[{"href":"https:\/\/www.qingfaceramic.com\/de\/wp-json\/wp\/v2\/product\/1576","targetHints":{"allow":["GET"]}}],"collection":[{"href":"https:\/\/www.qingfaceramic.com\/de\/wp-json\/wp\/v2\/product"}],"about":[{"href":"https:\/\/www.qingfaceramic.com\/de\/wp-json\/wp\/v2\/types\/product"}],"replies":[{"embeddable":true,"href":"https:\/\/www.qingfaceramic.com\/de\/wp-json\/wp\/v2\/comments?post=1576"}],"wp:featuredmedia":[{"embeddable":true,"href":"https:\/\/www.qingfaceramic.com\/de\/wp-json\/wp\/v2\/media\/1579"}],"wp:attachment":[{"href":"https:\/\/www.qingfaceramic.com\/de\/wp-json\/wp\/v2\/media?parent=1576"}],"wp:term":[{"taxonomy":"market","embeddable":true,"href":"https:\/\/www.qingfaceramic.com\/de\/wp-json\/wp\/v2\/market?post=1576"},{"taxonomy":"product_brand","embeddable":true,"href":"https:\/\/www.qingfaceramic.com\/de\/wp-json\/wp\/v2\/product_brand?post=1576"},{"taxonomy":"product_cat","embeddable":true,"href":"https:\/\/www.qingfaceramic.com\/de\/wp-json\/wp\/v2\/product_cat?post=1576"},{"taxonomy":"product_tag","embeddable":true,"href":"https:\/\/www.qingfaceramic.com\/de\/wp-json\/wp\/v2\/product_tag?post=1576"}],"curies":[{"name":"wp","href":"https:\/\/api.w.org\/{rel}","templated":true}]}}