{"id":1567,"date":"2026-04-18T08:23:25","date_gmt":"2026-04-18T08:23:25","guid":{"rendered":"https:\/\/www.qingfaceramic.com\/?post_type=product&#038;p=1567"},"modified":"2026-04-18T09:55:02","modified_gmt":"2026-04-18T09:55:02","slug":"custom-middle-eastern-clay-coffee-cup-saucer-set","status":"publish","type":"product","link":"https:\/\/www.qingfaceramic.com\/de\/produkt\/custom-middle-eastern-clay-coffee-cup-saucer-set\/","title":{"rendered":"Benutzerdefinierte Nahost-Ton Kaffeetasse &amp; Untertasse Set"},"content":{"rendered":"<h2 class=\"wp-block-heading\">Merkmale des Sets aus Kaffeetasse und Untertasse aus nah\u00f6stlichem Ton<\/h2>\n\n\n\n<div class=\"wp-block-columns is-layout-flex wp-container-core-columns-is-layout-9d6595d7 wp-block-columns-is-layout-flex\">\n<div class=\"wp-block-column is-layout-flow wp-block-column-is-layout-flow\">\n<ol class=\"wp-block-list\">\n<li><strong>Authentisches Kulturdesign<\/strong>\uff1a Der nah\u00f6stliche Stil mit goldenen Kamelaufklebern spiegelt die regionale Identit\u00e4t wider und erh\u00f6ht die kulturelle Anziehungskraft f\u00fcr die Zielm\u00e4rkte.<\/li>\n\n\n\n<li><strong>Handgefertigte handwerkliche Qualit\u00e4t<\/strong>Handgedreht und bei hoher Temperatur gebrannt, weist jede Tasse und jeder Teller einzigartige Texturen und nat\u00fcrliche Variationen auf.<\/li>\n\n\n\n<li><strong>Hervorragende W\u00e4rmespeicherung<\/strong>\uff1a Aus hochwertigem Naturton hergestellt, speichert das Set die W\u00e4rme effektiv und verbessert das traditionelle Kaffeetrinken.<\/li>\n\n\n\n<li><strong>Flexible Anpassungsm\u00f6glichkeiten\uff1a<\/strong> Unterst\u00fctzt OEM\/ODM, einschlie\u00dflich Logo, Farbe und Musteranpassung, um Marken- und Marktanforderungen zu erf\u00fcllen.<\/li>\n\n\n\n<li><strong>Ausgewogene Textur und Funktionalit\u00e4t<\/strong>\uff1a Der matt strukturierte Korpus in Kombination mit dem glatten, glasierten Rand gew\u00e4hrleistet sowohl \u00c4sthetik als auch Komfort im t\u00e4glichen Gebrauch.<\/li>\n<\/ol>\n\n\n\n<div style=\"height:0px\" aria-hidden=\"true\" class=\"wp-block-spacer\"><\/div>\n<\/div>\n\n\n\n<div class=\"wp-block-column is-layout-flow wp-block-column-is-layout-flow\">\n<figure class=\"wp-block-image size-full\"><img decoding=\"async\" width=\"800\" height=\"800\" src=\"https:\/\/www.qingfaceramic.com\/wp-content\/uploads\/2026\/04\/Custom-Middle-Eastern-Clay-Coffee-Cup-Saucer-Set5.webp\" alt=\"Benutzerdefinierte Nahost-Ton Kaffeetasse &amp; Untertasse Set5\" class=\"wp-image-1572\" srcset=\"https:\/\/www.qingfaceramic.com\/wp-content\/uploads\/2026\/04\/Custom-Middle-Eastern-Clay-Coffee-Cup-Saucer-Set5.webp 800w, https:\/\/www.qingfaceramic.com\/wp-content\/uploads\/2026\/04\/Custom-Middle-Eastern-Clay-Coffee-Cup-Saucer-Set5-300x300.webp 300w, https:\/\/www.qingfaceramic.com\/wp-content\/uploads\/2026\/04\/Custom-Middle-Eastern-Clay-Coffee-Cup-Saucer-Set5-150x150.webp 150w, https:\/\/www.qingfaceramic.com\/wp-content\/uploads\/2026\/04\/Custom-Middle-Eastern-Clay-Coffee-Cup-Saucer-Set5-768x768.webp 768w, https:\/\/www.qingfaceramic.com\/wp-content\/uploads\/2026\/04\/Custom-Middle-Eastern-Clay-Coffee-Cup-Saucer-Set5-12x12.webp 12w, https:\/\/www.qingfaceramic.com\/wp-content\/uploads\/2026\/04\/Custom-Middle-Eastern-Clay-Coffee-Cup-Saucer-Set5-600x600.webp 600w, https:\/\/www.qingfaceramic.com\/wp-content\/uploads\/2026\/04\/Custom-Middle-Eastern-Clay-Coffee-Cup-Saucer-Set5-100x100.webp 100w\" sizes=\"(max-width: 800px) 100vw, 800px\" \/><\/figure>\n<\/div>\n<\/div>\n\n\n\n<div class=\"wp-block-columns is-layout-flex wp-container-core-columns-is-layout-9d6595d7 wp-block-columns-is-layout-flex\">\n<div class=\"wp-block-column is-layout-flow wp-block-column-is-layout-flow\">\n<figure class=\"wp-block-image size-full\"><img decoding=\"async\" width=\"988\" height=\"988\" src=\"https:\/\/www.qingfaceramic.com\/wp-content\/uploads\/2026\/01\/Custom-Ceramic-Coffee-Mug1.webp\" alt=\"Individueller Keramik-Kaffeebecher1\" class=\"wp-image-608\" srcset=\"https:\/\/www.qingfaceramic.com\/wp-content\/uploads\/2026\/01\/Custom-Ceramic-Coffee-Mug1.webp 988w, https:\/\/www.qingfaceramic.com\/wp-content\/uploads\/2026\/01\/Custom-Ceramic-Coffee-Mug1-300x300.webp 300w, https:\/\/www.qingfaceramic.com\/wp-content\/uploads\/2026\/01\/Custom-Ceramic-Coffee-Mug1-150x150.webp 150w, https:\/\/www.qingfaceramic.com\/wp-content\/uploads\/2026\/01\/Custom-Ceramic-Coffee-Mug1-768x768.webp 768w, https:\/\/www.qingfaceramic.com\/wp-content\/uploads\/2026\/01\/Custom-Ceramic-Coffee-Mug1-600x600.webp 600w, https:\/\/www.qingfaceramic.com\/wp-content\/uploads\/2026\/01\/Custom-Ceramic-Coffee-Mug1-100x100.webp 100w\" sizes=\"(max-width: 988px) 100vw, 988px\" \/><\/figure>\n<\/div>\n\n\n\n<div class=\"wp-block-column is-layout-flow wp-block-column-is-layout-flow\">\n<figure class=\"wp-block-image size-full\"><img decoding=\"async\" width=\"750\" height=\"582\" src=\"https:\/\/www.qingfaceramic.com\/wp-content\/uploads\/2026\/01\/custom-ceramic-coffee-mug8.webp\" alt=\"individuelle Keramik-Kaffeetasse8\" class=\"wp-image-611\" srcset=\"https:\/\/www.qingfaceramic.com\/wp-content\/uploads\/2026\/01\/custom-ceramic-coffee-mug8.webp 750w, https:\/\/www.qingfaceramic.com\/wp-content\/uploads\/2026\/01\/custom-ceramic-coffee-mug8-300x233.webp 300w, https:\/\/www.qingfaceramic.com\/wp-content\/uploads\/2026\/01\/custom-ceramic-coffee-mug8-600x466.webp 600w\" sizes=\"(max-width: 750px) 100vw, 750px\" \/><\/figure>\n<\/div>\n<\/div>\n\n\n\n<p><\/p>","protected":false},"excerpt":{"rendered":"<p data-start=\"503\" data-end=\"756\">Unsere ma\u00dfgefertigten Kaffeetassen und Untertassen aus nah\u00f6stlichem Ton werden aus hochwertigem Naturton hergestellt und von Hand gedreht. Sie zeichnen sich durch ein authentisches kulturelles Design und eine hervorragende W\u00e4rmespeicherung aus und sind ideal f\u00fcr Caf\u00e9s, Gastst\u00e4tten und Markenkollektionen.<\/p>\n<h2>Benutzerdefinierte Nahost-Ton Kaffeetasse &amp; Untertasse Set Parameter<\/h2>\n<table data-path-to-node=\"7\">\n<thead>\n<tr>\n<td><strong>Artikel<\/strong><\/td>\n<td><strong>Einzelheiten<\/strong><\/td>\n<\/tr>\n<\/thead>\n<tbody>\n<tr>\n<td><span data-path-to-node=\"7,1,0,0\"><b data-path-to-node=\"7,1,0,0\" data-index-in-node=\"0\">Material<\/b><\/span><\/td>\n<td><span data-path-to-node=\"7,1,1,0\">Hochwertiger Naturton \/ Steingut<\/span><\/td>\n<\/tr>\n<tr>\n<td><span data-path-to-node=\"7,2,0,0\"><b data-path-to-node=\"7,2,0,0\" data-index-in-node=\"0\">Technik<\/b><\/span><\/td>\n<td><span data-path-to-node=\"7,2,1,0\">Handgedreht, Hochtemperatur-Brennverfahren<\/span><\/td>\n<\/tr>\n<tr>\n<td><span data-path-to-node=\"7,3,0,0\"><b data-path-to-node=\"7,3,0,0\" data-index-in-node=\"0\">Gestaltung<\/b><\/span><\/td>\n<td><span data-path-to-node=\"7,3,1,0\">Nah\u00f6stlicher Stil mit goldenen Kamelaufklebern<\/span><\/td>\n<\/tr>\n<tr>\n<td><span data-path-to-node=\"7,4,0,0\"><b data-path-to-node=\"7,4,0,0\" data-index-in-node=\"0\">Das Set enth\u00e4lt<\/b><\/span><\/td>\n<td><span data-path-to-node=\"7,4,1,0\">1 Kaffeetasse &amp; 1 passender Teller (Untertasse)<\/span><\/td>\n<\/tr>\n<tr>\n<td><span data-path-to-node=\"7,5,0,0\"><b data-path-to-node=\"7,5,0,0\" data-index-in-node=\"0\">Oberfl\u00e4che<\/b><\/span><\/td>\n<td><span data-path-to-node=\"7,5,1,0\">Matt strukturierter K\u00f6rper mit glattem glasiertem Rand<\/span><\/td>\n<\/tr>\n<tr>\n<td><span data-path-to-node=\"7,6,0,0\"><b data-path-to-node=\"7,6,0,0\" data-index-in-node=\"0\">Farbe<\/b><\/span><\/td>\n<td><span data-path-to-node=\"7,6,1,0\">Erdiger Sand, Moosgr\u00fcn, Cremewei\u00df<\/span><\/td>\n<\/tr>\n<tr>\n<td><span data-path-to-node=\"7,7,0,0\"><b data-path-to-node=\"7,7,0,0\" data-index-in-node=\"0\">Personalisierung<\/b><\/span><\/td>\n<td><span data-path-to-node=\"7,7,1,0\">Logo, Farbe und Muster k\u00f6nnen individuell angepasst werden<\/span><\/td>\n<\/tr>\n<tr>\n<td><span data-path-to-node=\"7,8,0,0\"><b data-path-to-node=\"7,8,0,0\" data-index-in-node=\"0\">Merkmal<\/b><\/span><\/td>\n<td><span data-path-to-node=\"7,8,1,0\">Umweltfreundlich, W\u00e4rmer\u00fcckhaltung, einzigartige Textur<\/span><\/td>\n<\/tr>\n<\/tbody>\n<\/table>\n<p>&nbsp;<\/p>","protected":false},"featured_media":1574,"comment_status":"closed","ping_status":"closed","template":"","meta":{"_acf_changed":false},"market":[42],"product_brand":[],"product_cat":[17,29],"product_tag":[],"class_list":{"0":"post-1567","1":"product","2":"type-product","3":"status-publish","4":"has-post-thumbnail","6":"market-middle-east-market","7":"product_cat-custom-coffee-cups","8":"product_cat-wholesale-cup-and-saucer-sets","10":"first","11":"instock","12":"shipping-taxable","13":"product-type-simple"},"acf":[],"_links":{"self":[{"href":"https:\/\/www.qingfaceramic.com\/de\/wp-json\/wp\/v2\/product\/1567","targetHints":{"allow":["GET"]}}],"collection":[{"href":"https:\/\/www.qingfaceramic.com\/de\/wp-json\/wp\/v2\/product"}],"about":[{"href":"https:\/\/www.qingfaceramic.com\/de\/wp-json\/wp\/v2\/types\/product"}],"replies":[{"embeddable":true,"href":"https:\/\/www.qingfaceramic.com\/de\/wp-json\/wp\/v2\/comments?post=1567"}],"wp:featuredmedia":[{"embeddable":true,"href":"https:\/\/www.qingfaceramic.com\/de\/wp-json\/wp\/v2\/media\/1574"}],"wp:attachment":[{"href":"https:\/\/www.qingfaceramic.com\/de\/wp-json\/wp\/v2\/media?parent=1567"}],"wp:term":[{"taxonomy":"market","embeddable":true,"href":"https:\/\/www.qingfaceramic.com\/de\/wp-json\/wp\/v2\/market?post=1567"},{"taxonomy":"product_brand","embeddable":true,"href":"https:\/\/www.qingfaceramic.com\/de\/wp-json\/wp\/v2\/product_brand?post=1567"},{"taxonomy":"product_cat","embeddable":true,"href":"https:\/\/www.qingfaceramic.com\/de\/wp-json\/wp\/v2\/product_cat?post=1567"},{"taxonomy":"product_tag","embeddable":true,"href":"https:\/\/www.qingfaceramic.com\/de\/wp-json\/wp\/v2\/product_tag?post=1567"}],"curies":[{"name":"wp","href":"https:\/\/api.w.org\/{rel}","templated":true}]}}