{"id":1344,"date":"2026-03-18T01:52:36","date_gmt":"2026-03-18T01:52:36","guid":{"rendered":"https:\/\/www.qingfaceramic.com\/?post_type=product&#038;p=1344"},"modified":"2026-03-18T02:07:28","modified_gmt":"2026-03-18T02:07:28","slug":"custom-vintage-coffee-mugs","status":"publish","type":"product","link":"https:\/\/www.qingfaceramic.com\/de\/produkt\/custom-vintage-coffee-mugs\/","title":{"rendered":"Benutzerdefinierte Vintage Kaffeebecher Nordic Cross-Weave strukturierte Keramikbecher"},"content":{"rendered":"<h2 class=\"wp-block-heading\">Merkmale von Custom Vintage Kaffeebechern<\/h2>\n\n\n\n<div class=\"wp-block-columns is-layout-flex wp-container-core-columns-is-layout-9d6595d7 wp-block-columns-is-layout-flex\">\n<div class=\"wp-block-column is-layout-flow wp-block-column-is-layout-flow\">\n<p><strong>Leinen-Gewebe Taktile Oberfl\u00e4che:<\/strong> Im Gegensatz zu glatten, glasierten Oberfl\u00e4chen bietet die einzigartige \u201cKreuzgewebe\u201d-Textur eine au\u00dfergew\u00f6hnliche rutschfeste Griffigkeit und eine reichhaltige taktile Tiefe, die das Produkt im Industriedesign deutlich aufwertet.<\/p>\n\n\n\n<p><strong>Kunsthandwerkliche Weizenmotive: <\/strong>Mit seinen handgemalten Weizen\u00e4hrenmustern, die Natur und \u00dcberfluss symbolisieren, zielt dieses Design genau auf den Markt der gehobenen Restaurants und Bio-Caf\u00e9s, die sich der \u201cFarm-to-Table\u201d-\u00c4sthetik verschrieben haben.<\/p>\n\n\n\n<p><strong>W\u00e4rmetr\u00e4gheit hoher Dichte: <\/strong>Im Vergleich zu Standard-Porzellantassen weist das hochdichte Steinzeugmaterial eine h\u00f6here thermische Tr\u00e4gheit auf, die das Abk\u00fchlen des Kaffees effektiv verlangsamt und so ein l\u00e4ngeres und zufriedenstellendes professionelles Geschmackserlebnis gew\u00e4hrleistet.<\/p>\n\n\n\n<p><strong>Ergonomischer \u201cComfort-Arch\u201d-Griff: <\/strong>Der hochgew\u00f6lbte Henkel sorgt f\u00fcr ein mechanisches Gleichgewicht, um das Gef\u00fchl von Schwere zu mindern, wenn die Tasse mit Fl\u00fcssigkeit gef\u00fcllt ist - ein ideales Merkmal f\u00fcr den h\u00e4ufigen Gebrauch in der professionellen Gastronomie.<\/p>\n\n\n\n<p><strong>Organisches Branding-Potenzial: <\/strong>Die rustikale Oberfl\u00e4chenstruktur eignet sich perfekt f\u00fcr Lasergravuren oder gepr\u00e4gte Logos, die einen hochdimensionalen und raffinierten Branding-Effekt erzeugen, der in starkem Kontrast zu billigem Flachdruck steht.<\/p>\n<\/div>\n\n\n\n<div class=\"wp-block-column is-layout-flow wp-block-column-is-layout-flow\">\n<figure class=\"wp-block-image size-full\"><img decoding=\"async\" width=\"1244\" height=\"984\" src=\"https:\/\/www.qingfaceramic.com\/wp-content\/uploads\/2026\/03\/Custom-Vintage-Coffee-Mugs.webp\" alt=\"Individuelle Vintage-Kaffeetassen\" class=\"wp-image-1345\" srcset=\"https:\/\/www.qingfaceramic.com\/wp-content\/uploads\/2026\/03\/Custom-Vintage-Coffee-Mugs.webp 1244w, https:\/\/www.qingfaceramic.com\/wp-content\/uploads\/2026\/03\/Custom-Vintage-Coffee-Mugs-300x237.webp 300w, https:\/\/www.qingfaceramic.com\/wp-content\/uploads\/2026\/03\/Custom-Vintage-Coffee-Mugs-768x607.webp 768w, https:\/\/www.qingfaceramic.com\/wp-content\/uploads\/2026\/03\/Custom-Vintage-Coffee-Mugs-15x12.webp 15w, https:\/\/www.qingfaceramic.com\/wp-content\/uploads\/2026\/03\/Custom-Vintage-Coffee-Mugs-1200x949.webp 1200w, https:\/\/www.qingfaceramic.com\/wp-content\/uploads\/2026\/03\/Custom-Vintage-Coffee-Mugs-600x475.webp 600w\" sizes=\"(max-width: 1244px) 100vw, 1244px\" \/><\/figure>\n<\/div>\n<\/div>\n\n\n\n<div class=\"wp-block-columns is-layout-flex wp-container-core-columns-is-layout-9d6595d7 wp-block-columns-is-layout-flex\">\n<div class=\"wp-block-column is-layout-flow wp-block-column-is-layout-flow\">\n<figure class=\"wp-block-image size-full\"><img decoding=\"async\" width=\"750\" height=\"1694\" src=\"https:\/\/www.qingfaceramic.com\/wp-content\/uploads\/2026\/01\/Custom-Ceramic-Coffee-Mug-in-Bulk4.webp\" alt=\"Individueller Keramik-Kaffeebecher in Bulk4\" class=\"wp-image-591\" srcset=\"https:\/\/www.qingfaceramic.com\/wp-content\/uploads\/2026\/01\/Custom-Ceramic-Coffee-Mug-in-Bulk4.webp 750w, https:\/\/www.qingfaceramic.com\/wp-content\/uploads\/2026\/01\/Custom-Ceramic-Coffee-Mug-in-Bulk4-133x300.webp 133w, https:\/\/www.qingfaceramic.com\/wp-content\/uploads\/2026\/01\/Custom-Ceramic-Coffee-Mug-in-Bulk4-600x1355.webp 600w\" sizes=\"(max-width: 750px) 100vw, 750px\" \/><\/figure>\n<\/div>\n\n\n\n<div class=\"wp-block-column is-layout-flow wp-block-column-is-layout-flow\">\n<figure class=\"wp-block-image size-full\"><img decoding=\"async\" width=\"750\" height=\"1166\" src=\"https:\/\/www.qingfaceramic.com\/wp-content\/uploads\/2026\/01\/Custom-Ceramic-Coffee-Mug-in-Bulk5.webp\" alt=\"Individuelle Keramik-Kaffeebecher in Bulk5\" class=\"wp-image-592\" srcset=\"https:\/\/www.qingfaceramic.com\/wp-content\/uploads\/2026\/01\/Custom-Ceramic-Coffee-Mug-in-Bulk5.webp 750w, https:\/\/www.qingfaceramic.com\/wp-content\/uploads\/2026\/01\/Custom-Ceramic-Coffee-Mug-in-Bulk5-193x300.webp 193w, https:\/\/www.qingfaceramic.com\/wp-content\/uploads\/2026\/01\/Custom-Ceramic-Coffee-Mug-in-Bulk5-600x933.webp 600w\" sizes=\"(max-width: 750px) 100vw, 750px\" \/><\/figure>\n\n\n\n<figure class=\"wp-block-image size-full\"><img decoding=\"async\" width=\"1707\" height=\"1280\" src=\"https:\/\/www.qingfaceramic.com\/wp-content\/uploads\/2026\/01\/Integrated-Craftsmanship-Capability-1.webp\" alt=\"Integrierte handwerkliche F\u00e4higkeiten\" class=\"wp-image-571\" srcset=\"https:\/\/www.qingfaceramic.com\/wp-content\/uploads\/2026\/01\/Integrated-Craftsmanship-Capability-1.webp 1707w, https:\/\/www.qingfaceramic.com\/wp-content\/uploads\/2026\/01\/Integrated-Craftsmanship-Capability-1-300x225.webp 300w, https:\/\/www.qingfaceramic.com\/wp-content\/uploads\/2026\/01\/Integrated-Craftsmanship-Capability-1-768x576.webp 768w, https:\/\/www.qingfaceramic.com\/wp-content\/uploads\/2026\/01\/Integrated-Craftsmanship-Capability-1-1200x900.webp 1200w, https:\/\/www.qingfaceramic.com\/wp-content\/uploads\/2026\/01\/Integrated-Craftsmanship-Capability-1-600x450.webp 600w\" sizes=\"(max-width: 1707px) 100vw, 1707px\" \/><\/figure>\n<\/div>\n<\/div>","protected":false},"excerpt":{"rendered":"<p data-start=\"428\" data-end=\"756\">Unsere ma\u00dfgefertigten Vintage-Kaffeebecher zeichnen sich durch eine einzigartige, taktile Kreuzgeflecht-Textur und handgemalte botanische Motive aus. Diese Tassen im nordischen Stil werden aus hochgebranntem Steingut hergestellt und bieten einen rustikalen Charme und eine hervorragende Haltbarkeit, die perfekt f\u00fcr Spezialit\u00e4tencaf\u00e9s und den handwerklichen Einzelhandel sind.<\/p>\n<h2>Benutzerdefinierte Vintage-Kaffeebecher Parameter<\/h2>\n<table data-path-to-node=\"12\">\n<thead>\n<tr>\n<td><strong>Feld<\/strong><\/td>\n<td><strong>Einzelheiten<\/strong><\/td>\n<\/tr>\n<\/thead>\n<tbody>\n<tr>\n<td><span data-path-to-node=\"12,1,0,0\"><b data-path-to-node=\"12,1,0,0\" data-index-in-node=\"0\">Hersteller<\/b><\/span><\/td>\n<td><span data-path-to-node=\"12,1,1,0\">Qingfa Keramiken<\/span><\/td>\n<\/tr>\n<tr>\n<td><span data-path-to-node=\"12,2,0,0\"><b data-path-to-node=\"12,2,0,0\" data-index-in-node=\"0\">Produktname<\/b><\/span><\/td>\n<td><span data-path-to-node=\"12,2,1,0\">Benutzerdefinierte Vintage-Kaffeebecher \/ Nordic Cross-Weave Becher<\/span><\/td>\n<\/tr>\n<tr>\n<td><span data-path-to-node=\"12,3,0,0\"><b data-path-to-node=\"12,3,0,0\" data-index-in-node=\"0\">Material<\/b><\/span><\/td>\n<td><span data-path-to-node=\"12,3,1,0\">Hochwertiges Steingut \/ Porzellan<\/span><\/td>\n<\/tr>\n<tr>\n<td><span data-path-to-node=\"12,4,0,0\"><b data-path-to-node=\"12,4,0,0\" data-index-in-node=\"0\">Kapazit\u00e4t<\/b><\/span><\/td>\n<td><span data-path-to-node=\"12,4,1,0\">\u00a0400ml<\/span><\/td>\n<\/tr>\n<tr>\n<td><span data-path-to-node=\"12,5,0,0\"><b data-path-to-node=\"12,5,0,0\" data-index-in-node=\"0\">Design \/ Stil<\/b><\/span><\/td>\n<td><span data-path-to-node=\"12,5,1,0\">Nordic Vintage; Kreuzgewebestruktur mit Weizenmotiven<\/span><\/td>\n<\/tr>\n<tr>\n<td><span data-path-to-node=\"12,6,0,0\"><b data-path-to-node=\"12,6,0,0\" data-index-in-node=\"0\">Oberfl\u00e4che<\/b><\/span><\/td>\n<td><span data-path-to-node=\"12,6,1,0\">Matte Strukturglasur mit handgemalten Details<\/span><\/td>\n<\/tr>\n<tr>\n<td><span data-path-to-node=\"12,7,0,0\"><b data-path-to-node=\"12,7,0,0\" data-index-in-node=\"0\">Farboptionen<\/b><\/span><\/td>\n<td><span data-path-to-node=\"12,7,1,0\">Haferflockenbeige, Steingrau, Olivgr\u00fcn (anpassbar)<\/span><\/td>\n<\/tr>\n<tr>\n<td><span data-path-to-node=\"12,8,0,0\"><b data-path-to-node=\"12,8,0,0\" data-index-in-node=\"0\">Handgriff<\/b><\/span><\/td>\n<td><span data-path-to-node=\"12,8,1,0\">Integrierter ergonomischer Hochbogengriff<\/span><\/td>\n<\/tr>\n<tr>\n<td><span data-path-to-node=\"12,9,0,0\"><b data-path-to-node=\"12,9,0,0\" data-index-in-node=\"0\">Personalisierung<\/b><\/span><\/td>\n<td><span data-path-to-node=\"12,9,1,0\">Logo, Musterdesign, Glasurfarbe, Verpackung (OEM\/ODM)<\/span><\/td>\n<\/tr>\n<tr>\n<td><span data-path-to-node=\"12,10,0,0\"><b data-path-to-node=\"12,10,0,0\" data-index-in-node=\"0\">Verwendung<\/b><\/span><\/td>\n<td><span data-path-to-node=\"12,10,1,0\">Spezialit\u00e4tencaf\u00e9s, Boutique-Hotels und Gesch\u00e4fte f\u00fcr rustikalen Lebensstil<\/span><\/td>\n<\/tr>\n<tr>\n<td><span data-path-to-node=\"12,11,0,0\"><b data-path-to-node=\"12,11,0,0\" data-index-in-node=\"0\">Zertifizierungen<\/b><\/span><\/td>\n<td><span data-path-to-node=\"12,11,1,0\">FDA, LFGB, CE \/ EU, CIQ<\/span><\/td>\n<\/tr>\n<\/tbody>\n<\/table>\n<p>&nbsp;<\/p>","protected":false},"featured_media":1346,"comment_status":"closed","ping_status":"closed","template":"","meta":{"_acf_changed":false},"market":[],"product_brand":[],"product_cat":[17,28],"product_tag":[],"class_list":{"0":"post-1344","1":"product","2":"type-product","3":"status-publish","4":"has-post-thumbnail","6":"product_cat-custom-coffee-cups","7":"product_cat-custom-coffee-mugs","9":"first","10":"instock","11":"shipping-taxable","12":"product-type-simple"},"acf":[],"_links":{"self":[{"href":"https:\/\/www.qingfaceramic.com\/de\/wp-json\/wp\/v2\/product\/1344","targetHints":{"allow":["GET"]}}],"collection":[{"href":"https:\/\/www.qingfaceramic.com\/de\/wp-json\/wp\/v2\/product"}],"about":[{"href":"https:\/\/www.qingfaceramic.com\/de\/wp-json\/wp\/v2\/types\/product"}],"replies":[{"embeddable":true,"href":"https:\/\/www.qingfaceramic.com\/de\/wp-json\/wp\/v2\/comments?post=1344"}],"wp:featuredmedia":[{"embeddable":true,"href":"https:\/\/www.qingfaceramic.com\/de\/wp-json\/wp\/v2\/media\/1346"}],"wp:attachment":[{"href":"https:\/\/www.qingfaceramic.com\/de\/wp-json\/wp\/v2\/media?parent=1344"}],"wp:term":[{"taxonomy":"market","embeddable":true,"href":"https:\/\/www.qingfaceramic.com\/de\/wp-json\/wp\/v2\/market?post=1344"},{"taxonomy":"product_brand","embeddable":true,"href":"https:\/\/www.qingfaceramic.com\/de\/wp-json\/wp\/v2\/product_brand?post=1344"},{"taxonomy":"product_cat","embeddable":true,"href":"https:\/\/www.qingfaceramic.com\/de\/wp-json\/wp\/v2\/product_cat?post=1344"},{"taxonomy":"product_tag","embeddable":true,"href":"https:\/\/www.qingfaceramic.com\/de\/wp-json\/wp\/v2\/product_tag?post=1344"}],"curies":[{"name":"wp","href":"https:\/\/api.w.org\/{rel}","templated":true}]}}