{"id":1336,"date":"2026-03-18T01:41:32","date_gmt":"2026-03-18T01:41:32","guid":{"rendered":"https:\/\/www.qingfaceramic.com\/?post_type=product&#038;p=1336"},"modified":"2026-03-18T01:50:58","modified_gmt":"2026-03-18T01:50:58","slug":"custom-handmade-ceramic-mugs","status":"publish","type":"product","link":"https:\/\/www.qingfaceramic.com\/de\/produkt\/custom-handmade-ceramic-mugs\/","title":{"rendered":"Benutzerdefinierte handgemachte Keramik Becher Vintage Leinen Textur grobe Keramik Becher"},"content":{"rendered":"<h2 class=\"wp-block-heading\">Eigenschaften von handgefertigten Keramikbechern<\/h2>\n\n\n\n<div class=\"wp-block-columns is-layout-flex wp-container-core-columns-is-layout-9d6595d7 wp-block-columns-is-layout-flex\">\n<div class=\"wp-block-column is-layout-flow wp-block-column-is-layout-flow\">\n<p><strong>Leinen-Presse Textil Textur<\/strong>: Die unverwechselbare, stoff\u00e4hnliche Oberfl\u00e4chenstruktur bietet einen hervorragenden, rutschfesten Griff und eine hochwertige, handwerkliche Haptik.<\/p>\n\n\n\n<p><strong>Erdt\u00f6ne Grobkeramik<\/strong>: Hergestellt aus nat\u00fcrlichem, eisenhaltigem Ton, der jedem modernen Tisch oder professionellen Caf\u00e9 eine urspr\u00fcngliche, geerdete \u00c4sthetik verleiht.<\/p>\n\n\n\n<p><strong>Handaufgetragene botanische Abziehbilder<\/strong>: Verziert mit Vintage-Blattmotiven, die individuell angebracht werden und jedem St\u00fcck eine einzigartige, handgefertigte Pers\u00f6nlichkeit verleihen.<\/p>\n\n\n\n<p><strong>Professionelle W\u00e4rmespeicherung<\/strong>: Das hochdichte, grobk\u00f6rnige Tonmaterial h\u00e4lt die Getr\u00e4nketemperatur hervorragend aufrecht und eignet sich daher perfekt f\u00fcr langsam schl\u00fcrfende Tees und Kaffees.<\/p>\n\n\n\n<p><strong>Organisches Branding-Potenzial<\/strong>: Vollst\u00e4ndige OEM\/ODM-Unterst\u00fctzung f\u00fcr die Integration individueller Logos in die strukturierte Oberfl\u00e4che, perfekt f\u00fcr umweltbewusste oder historische Marken.<\/p>\n<\/div>\n\n\n\n<div class=\"wp-block-column is-layout-flow wp-block-column-is-layout-flow\">\n<figure class=\"wp-block-image size-full\"><img decoding=\"async\" width=\"1252\" height=\"990\" src=\"https:\/\/www.qingfaceramic.com\/wp-content\/uploads\/2026\/03\/Custom-Handmade-Ceramic-Mugs.webp\" alt=\"Handgefertigte Keramikbecher\" class=\"wp-image-1337\" srcset=\"https:\/\/www.qingfaceramic.com\/wp-content\/uploads\/2026\/03\/Custom-Handmade-Ceramic-Mugs.webp 1252w, https:\/\/www.qingfaceramic.com\/wp-content\/uploads\/2026\/03\/Custom-Handmade-Ceramic-Mugs-300x237.webp 300w, https:\/\/www.qingfaceramic.com\/wp-content\/uploads\/2026\/03\/Custom-Handmade-Ceramic-Mugs-768x607.webp 768w, https:\/\/www.qingfaceramic.com\/wp-content\/uploads\/2026\/03\/Custom-Handmade-Ceramic-Mugs-15x12.webp 15w, https:\/\/www.qingfaceramic.com\/wp-content\/uploads\/2026\/03\/Custom-Handmade-Ceramic-Mugs-1200x949.webp 1200w, https:\/\/www.qingfaceramic.com\/wp-content\/uploads\/2026\/03\/Custom-Handmade-Ceramic-Mugs-600x474.webp 600w\" sizes=\"(max-width: 1252px) 100vw, 1252px\" \/><\/figure>\n<\/div>\n<\/div>\n\n\n\n<div class=\"wp-block-columns is-layout-flex wp-container-core-columns-is-layout-9d6595d7 wp-block-columns-is-layout-flex\">\n<div class=\"wp-block-column is-layout-flow wp-block-column-is-layout-flow\">\n<figure class=\"wp-block-image size-full\"><img decoding=\"async\" width=\"750\" height=\"1694\" src=\"https:\/\/www.qingfaceramic.com\/wp-content\/uploads\/2026\/01\/Custom-Ceramic-Coffee-Mug-in-Bulk4.webp\" alt=\"Individueller Keramik-Kaffeebecher in Bulk4\" class=\"wp-image-591\" srcset=\"https:\/\/www.qingfaceramic.com\/wp-content\/uploads\/2026\/01\/Custom-Ceramic-Coffee-Mug-in-Bulk4.webp 750w, https:\/\/www.qingfaceramic.com\/wp-content\/uploads\/2026\/01\/Custom-Ceramic-Coffee-Mug-in-Bulk4-133x300.webp 133w, https:\/\/www.qingfaceramic.com\/wp-content\/uploads\/2026\/01\/Custom-Ceramic-Coffee-Mug-in-Bulk4-600x1355.webp 600w\" sizes=\"(max-width: 750px) 100vw, 750px\" \/><\/figure>\n<\/div>\n\n\n\n<div class=\"wp-block-column is-layout-flow wp-block-column-is-layout-flow\">\n<figure class=\"wp-block-image size-full\"><img decoding=\"async\" width=\"750\" height=\"1166\" src=\"https:\/\/www.qingfaceramic.com\/wp-content\/uploads\/2026\/01\/Custom-Ceramic-Coffee-Mug-in-Bulk5.webp\" alt=\"Individuelle Keramik-Kaffeebecher in Bulk5\" class=\"wp-image-592\" srcset=\"https:\/\/www.qingfaceramic.com\/wp-content\/uploads\/2026\/01\/Custom-Ceramic-Coffee-Mug-in-Bulk5.webp 750w, https:\/\/www.qingfaceramic.com\/wp-content\/uploads\/2026\/01\/Custom-Ceramic-Coffee-Mug-in-Bulk5-193x300.webp 193w, https:\/\/www.qingfaceramic.com\/wp-content\/uploads\/2026\/01\/Custom-Ceramic-Coffee-Mug-in-Bulk5-600x933.webp 600w\" sizes=\"(max-width: 750px) 100vw, 750px\" \/><\/figure>\n\n\n\n<figure class=\"wp-block-image size-full\"><img decoding=\"async\" width=\"1707\" height=\"1280\" src=\"https:\/\/www.qingfaceramic.com\/wp-content\/uploads\/2026\/01\/Integrated-Craftsmanship-Capability-1.webp\" alt=\"Integrierte handwerkliche F\u00e4higkeiten\" class=\"wp-image-571\" srcset=\"https:\/\/www.qingfaceramic.com\/wp-content\/uploads\/2026\/01\/Integrated-Craftsmanship-Capability-1.webp 1707w, https:\/\/www.qingfaceramic.com\/wp-content\/uploads\/2026\/01\/Integrated-Craftsmanship-Capability-1-300x225.webp 300w, https:\/\/www.qingfaceramic.com\/wp-content\/uploads\/2026\/01\/Integrated-Craftsmanship-Capability-1-768x576.webp 768w, https:\/\/www.qingfaceramic.com\/wp-content\/uploads\/2026\/01\/Integrated-Craftsmanship-Capability-1-1200x900.webp 1200w, https:\/\/www.qingfaceramic.com\/wp-content\/uploads\/2026\/01\/Integrated-Craftsmanship-Capability-1-600x450.webp 600w\" sizes=\"(max-width: 1707px) 100vw, 1707px\" \/><\/figure>\n<\/div>\n<\/div>","protected":false},"excerpt":{"rendered":"<p data-start=\"428\" data-end=\"756\">Unsere handgefertigten Keramikbecher sind aus nat\u00fcrlichem Grobkeramikmaterial mit einer einzigartigen Leinen-Press-Struktur gefertigt. Diese Teetassen aus Ton im Vintage-Stil bieten ein rustikales, haptisches Erlebnis und eine hervorragende thermische Stabilit\u00e4t, ideal f\u00fcr spezielle Teestuben, Boutique-Caf\u00e9s und handwerkliche Geschenksammlungen.<\/p>\n<h2>Handgefertigte Keramikbecher Parameter<\/h2>\n<table data-path-to-node=\"12\">\n<thead>\n<tr>\n<td><strong>Feld<\/strong><\/td>\n<td><strong>Einzelheiten<\/strong><\/td>\n<\/tr>\n<\/thead>\n<tbody>\n<tr>\n<td><span data-path-to-node=\"12,1,0,0\"><b data-path-to-node=\"12,1,0,0\" data-index-in-node=\"0\">Hersteller<\/b><\/span><\/td>\n<td><span data-path-to-node=\"12,1,1,0\">Qingfa Keramiken<\/span><\/td>\n<\/tr>\n<tr>\n<td><span data-path-to-node=\"12,2,0,0\"><b data-path-to-node=\"12,2,0,0\" data-index-in-node=\"0\">Produktname<\/b><\/span><\/td>\n<td><span data-path-to-node=\"12,2,1,0\">Handgefertigte Keramikbecher \/ Grobkeramik Teetasse<\/span><\/td>\n<\/tr>\n<tr>\n<td><span data-path-to-node=\"12,3,0,0\"><b data-path-to-node=\"12,3,0,0\" data-index-in-node=\"0\">Material<\/b><\/span><\/td>\n<td><span data-path-to-node=\"12,3,1,0\">Hochwertige Grobkeramik \/ Naturton<\/span><\/td>\n<\/tr>\n<tr>\n<td><span data-path-to-node=\"12,4,0,0\"><b data-path-to-node=\"12,4,0,0\" data-index-in-node=\"0\">Kapazit\u00e4t<\/b><\/span><\/td>\n<td><span data-path-to-node=\"12,4,1,0\">Ca. 400ml<\/span><\/td>\n<\/tr>\n<tr>\n<td><span data-path-to-node=\"12,5,0,0\"><b data-path-to-node=\"12,5,0,0\" data-index-in-node=\"0\">Design \/ Stil<\/b><\/span><\/td>\n<td><span data-path-to-node=\"12,5,1,0\">Rustikal im Vintage-Stil; Leinenstruktur mit Bl\u00e4ttermustern<\/span><\/td>\n<\/tr>\n<tr>\n<td><span data-path-to-node=\"12,6,0,0\"><b data-path-to-node=\"12,6,0,0\" data-index-in-node=\"0\">Oberfl\u00e4che<\/b><\/span><\/td>\n<td><span data-path-to-node=\"12,6,1,0\">Matte, grobe Textur mit k\u00fcnstlerischen Glasurakzenten<\/span><\/td>\n<\/tr>\n<tr>\n<td><span data-path-to-node=\"12,7,0,0\"><b data-path-to-node=\"12,7,0,0\" data-index-in-node=\"0\">Farboptionen<\/b><\/span><\/td>\n<td><span data-path-to-node=\"12,7,1,0\">Natursand, erdiges Braun, Aschgrau (anpassbar)<\/span><\/td>\n<\/tr>\n<tr>\n<td><span data-path-to-node=\"12,8,0,0\"><b data-path-to-node=\"12,8,0,0\" data-index-in-node=\"0\">Handgriff<\/b><\/span><\/td>\n<td><span data-path-to-node=\"12,8,1,0\">Integrierter ergonomischer Griff mit passender Textur<\/span><\/td>\n<\/tr>\n<tr>\n<td><span data-path-to-node=\"12,9,0,0\"><b data-path-to-node=\"12,9,0,0\" data-index-in-node=\"0\">Personalisierung<\/b><\/span><\/td>\n<td><span data-path-to-node=\"12,9,1,0\">Logo, Texturanpassung, Muster, Verpackung (OEM\/ODM)<\/span><\/td>\n<\/tr>\n<tr>\n<td><span data-path-to-node=\"12,10,0,0\"><b data-path-to-node=\"12,10,0,0\" data-index-in-node=\"0\">Verwendung<\/b><\/span><\/td>\n<td><span data-path-to-node=\"12,10,1,0\">Spezialisierter Teeservice, handwerklich gef\u00fchrte Caf\u00e9s, Heritage Hotels<\/span><\/td>\n<\/tr>\n<tr>\n<td><span data-path-to-node=\"12,11,0,0\"><b data-path-to-node=\"12,11,0,0\" data-index-in-node=\"0\">Zertifizierungen<\/b><\/span><\/td>\n<td><span data-path-to-node=\"12,11,1,0\">FDA, LFGB, CE\/EU-konform<\/span><\/td>\n<\/tr>\n<\/tbody>\n<\/table>\n<p>&nbsp;<\/p>","protected":false},"featured_media":1339,"comment_status":"closed","ping_status":"closed","template":"","meta":{"_acf_changed":false},"market":[],"product_brand":[],"product_cat":[17,28],"product_tag":[],"class_list":{"0":"post-1336","1":"product","2":"type-product","3":"status-publish","4":"has-post-thumbnail","6":"product_cat-custom-coffee-cups","7":"product_cat-custom-coffee-mugs","9":"first","10":"instock","11":"shipping-taxable","12":"product-type-simple"},"acf":[],"_links":{"self":[{"href":"https:\/\/www.qingfaceramic.com\/de\/wp-json\/wp\/v2\/product\/1336","targetHints":{"allow":["GET"]}}],"collection":[{"href":"https:\/\/www.qingfaceramic.com\/de\/wp-json\/wp\/v2\/product"}],"about":[{"href":"https:\/\/www.qingfaceramic.com\/de\/wp-json\/wp\/v2\/types\/product"}],"replies":[{"embeddable":true,"href":"https:\/\/www.qingfaceramic.com\/de\/wp-json\/wp\/v2\/comments?post=1336"}],"wp:featuredmedia":[{"embeddable":true,"href":"https:\/\/www.qingfaceramic.com\/de\/wp-json\/wp\/v2\/media\/1339"}],"wp:attachment":[{"href":"https:\/\/www.qingfaceramic.com\/de\/wp-json\/wp\/v2\/media?parent=1336"}],"wp:term":[{"taxonomy":"market","embeddable":true,"href":"https:\/\/www.qingfaceramic.com\/de\/wp-json\/wp\/v2\/market?post=1336"},{"taxonomy":"product_brand","embeddable":true,"href":"https:\/\/www.qingfaceramic.com\/de\/wp-json\/wp\/v2\/product_brand?post=1336"},{"taxonomy":"product_cat","embeddable":true,"href":"https:\/\/www.qingfaceramic.com\/de\/wp-json\/wp\/v2\/product_cat?post=1336"},{"taxonomy":"product_tag","embeddable":true,"href":"https:\/\/www.qingfaceramic.com\/de\/wp-json\/wp\/v2\/product_tag?post=1336"}],"curies":[{"name":"wp","href":"https:\/\/api.w.org\/{rel}","templated":true}]}}