{"id":1326,"date":"2026-03-17T09:47:13","date_gmt":"2026-03-17T09:47:13","guid":{"rendered":"https:\/\/www.qingfaceramic.com\/?post_type=product&#038;p=1326"},"modified":"2026-03-18T03:59:14","modified_gmt":"2026-03-18T03:59:14","slug":"custom-rustic-coffee-mugs","status":"publish","type":"product","link":"https:\/\/www.qingfaceramic.com\/de\/produkt\/custom-rustic-coffee-mugs\/","title":{"rendered":"Benutzerdefinierte rustikale Kaffeebecher Vintage gesprenkelt floralen Latte Cup"},"content":{"rendered":"<h2 class=\"wp-block-heading\">Eigenschaften von Custom Rustic Kaffeebechern<\/h2>\n\n\n\n<div class=\"wp-block-columns is-layout-flex wp-container-core-columns-is-layout-9d6595d7 wp-block-columns-is-layout-flex\">\n<div class=\"wp-block-column is-layout-flow wp-block-column-is-layout-flow\">\n<p><strong>Authentische \u00c4sthetik des gesprenkelten Steins<\/strong>: Die spezielle, im Ofen gebrannte Oberfl\u00e4che ahmt die Textur von Naturstein nach und verleiht ihm einen bodenst\u00e4ndigen, rustikalen Charme, der die visuelle Pr\u00e4sentation von handwerklich hergestellten Getr\u00e4nken aufwertet.<\/p>\n\n\n\n<p><strong>Handgemalte botanische Details<\/strong>: Verschlungene, von Vintage inspirierte Blumenmotive, die dem Produkt eine einzigartige, handgefertigte Pers\u00f6nlichkeit verleihen - perfekt f\u00fcr Marken, die eine \u201cnat\u00fcrliche\u201d oder \u201chandgemachte\u201d Geschichte erz\u00e4hlen wollen.<\/p>\n\n\n\n<p><strong>Spezialisierte Latte-Art-Felge<\/strong>: Der breite, aufgeweitete Rand wurde speziell entwickelt, um ein gleichm\u00e4\u00dfiges Ausgie\u00dfen der Milch zu erm\u00f6glichen, was ihn zu einem unverzichtbaren Werkzeug f\u00fcr Baristas macht, die komplexe Latte Art kreieren.<\/p>\n\n\n\n<p><strong>Thermische Masse in kommerzieller Qualit\u00e4t<\/strong>: Hergestellt aus hochverdichtetem Ton, der eine hervorragende W\u00e4rmespeicherung gew\u00e4hrleistet und den Milchkaffee \u00fcber einen l\u00e4ngeren Zeitraum auf der perfekten Serviertemperatur h\u00e4lt.<\/p>\n\n\n\n<p><strong>Ma\u00dfgeschneiderte Glasuranpassung<\/strong>: Die vollst\u00e4ndige OEM\/ODM-Unterst\u00fctzung erm\u00f6glicht die Anpassung der gesprenkelten Dichte, des Blumenmusters oder die Integration des Markenlogos, ohne dass der organische Vintage-Charakter verloren geht.<\/p>\n<\/div>\n\n\n\n<div class=\"wp-block-column is-layout-flow wp-block-column-is-layout-flow\">\n<figure class=\"wp-block-image size-full\"><img decoding=\"async\" width=\"1246\" height=\"1222\" src=\"https:\/\/www.qingfaceramic.com\/wp-content\/uploads\/2026\/03\/Custom-Rustic-Coffee-Mugs.webp\" alt=\"Rustikale Kaffeebecher\" class=\"wp-image-1327\" srcset=\"https:\/\/www.qingfaceramic.com\/wp-content\/uploads\/2026\/03\/Custom-Rustic-Coffee-Mugs.webp 1246w, https:\/\/www.qingfaceramic.com\/wp-content\/uploads\/2026\/03\/Custom-Rustic-Coffee-Mugs-300x294.webp 300w, https:\/\/www.qingfaceramic.com\/wp-content\/uploads\/2026\/03\/Custom-Rustic-Coffee-Mugs-768x753.webp 768w, https:\/\/www.qingfaceramic.com\/wp-content\/uploads\/2026\/03\/Custom-Rustic-Coffee-Mugs-12x12.webp 12w, https:\/\/www.qingfaceramic.com\/wp-content\/uploads\/2026\/03\/Custom-Rustic-Coffee-Mugs-1200x1177.webp 1200w, https:\/\/www.qingfaceramic.com\/wp-content\/uploads\/2026\/03\/Custom-Rustic-Coffee-Mugs-600x588.webp 600w\" sizes=\"(max-width: 1246px) 100vw, 1246px\" \/><\/figure>\n<\/div>\n<\/div>\n\n\n\n<div class=\"wp-block-columns is-layout-flex wp-container-core-columns-is-layout-9d6595d7 wp-block-columns-is-layout-flex\">\n<div class=\"wp-block-column is-layout-flow wp-block-column-is-layout-flow\">\n<figure class=\"wp-block-image size-full\"><img decoding=\"async\" width=\"750\" height=\"1694\" src=\"https:\/\/www.qingfaceramic.com\/wp-content\/uploads\/2026\/01\/Custom-Ceramic-Coffee-Mug-in-Bulk4.webp\" alt=\"Individueller Keramik-Kaffeebecher in Bulk4\" class=\"wp-image-591\" srcset=\"https:\/\/www.qingfaceramic.com\/wp-content\/uploads\/2026\/01\/Custom-Ceramic-Coffee-Mug-in-Bulk4.webp 750w, https:\/\/www.qingfaceramic.com\/wp-content\/uploads\/2026\/01\/Custom-Ceramic-Coffee-Mug-in-Bulk4-133x300.webp 133w, https:\/\/www.qingfaceramic.com\/wp-content\/uploads\/2026\/01\/Custom-Ceramic-Coffee-Mug-in-Bulk4-600x1355.webp 600w\" sizes=\"(max-width: 750px) 100vw, 750px\" \/><\/figure>\n<\/div>\n\n\n\n<div class=\"wp-block-column is-layout-flow wp-block-column-is-layout-flow\">\n<figure class=\"wp-block-image size-full\"><img decoding=\"async\" width=\"750\" height=\"1166\" src=\"https:\/\/www.qingfaceramic.com\/wp-content\/uploads\/2026\/01\/Custom-Ceramic-Coffee-Mug-in-Bulk5.webp\" alt=\"Individuelle Keramik-Kaffeebecher in Bulk5\" class=\"wp-image-592\" srcset=\"https:\/\/www.qingfaceramic.com\/wp-content\/uploads\/2026\/01\/Custom-Ceramic-Coffee-Mug-in-Bulk5.webp 750w, https:\/\/www.qingfaceramic.com\/wp-content\/uploads\/2026\/01\/Custom-Ceramic-Coffee-Mug-in-Bulk5-193x300.webp 193w, https:\/\/www.qingfaceramic.com\/wp-content\/uploads\/2026\/01\/Custom-Ceramic-Coffee-Mug-in-Bulk5-600x933.webp 600w\" sizes=\"(max-width: 750px) 100vw, 750px\" \/><\/figure>\n\n\n\n<figure class=\"wp-block-image size-full\"><img decoding=\"async\" width=\"1707\" height=\"1280\" src=\"https:\/\/www.qingfaceramic.com\/wp-content\/uploads\/2026\/01\/Integrated-Craftsmanship-Capability-1.webp\" alt=\"Integrierte handwerkliche F\u00e4higkeiten\" class=\"wp-image-571\" srcset=\"https:\/\/www.qingfaceramic.com\/wp-content\/uploads\/2026\/01\/Integrated-Craftsmanship-Capability-1.webp 1707w, https:\/\/www.qingfaceramic.com\/wp-content\/uploads\/2026\/01\/Integrated-Craftsmanship-Capability-1-300x225.webp 300w, https:\/\/www.qingfaceramic.com\/wp-content\/uploads\/2026\/01\/Integrated-Craftsmanship-Capability-1-768x576.webp 768w, https:\/\/www.qingfaceramic.com\/wp-content\/uploads\/2026\/01\/Integrated-Craftsmanship-Capability-1-1200x900.webp 1200w, https:\/\/www.qingfaceramic.com\/wp-content\/uploads\/2026\/01\/Integrated-Craftsmanship-Capability-1-600x450.webp 600w\" sizes=\"(max-width: 1707px) 100vw, 1707px\" \/><\/figure>\n<\/div>\n<\/div>","protected":false},"excerpt":{"rendered":"<p data-start=\"428\" data-end=\"756\">Unsere individuellen, rustikalen Kaffeebecher mit einer charmanten, gesprenkelten Steinoberfl\u00e4che und Vintage-Blumenmotiven. Diese Tassen aus Steingut mit hoher Dichte bieten eine handgefertigte \u00c4sthetik und eine hervorragende W\u00e4rmespeicherung, die sich perfekt f\u00fcr rustikale Caf\u00e9s und Boutique-Geschenke eignet.<\/p>\n<h2>Rustikale Kaffeebecher Parameter<\/h2>\n<table data-path-to-node=\"12\">\n<thead>\n<tr>\n<td><strong>Feld<\/strong><\/td>\n<td><strong>Einzelheiten<\/strong><\/td>\n<\/tr>\n<\/thead>\n<tbody>\n<tr>\n<td><span data-path-to-node=\"12,1,0,0\"><b data-path-to-node=\"12,1,0,0\" data-index-in-node=\"0\">Hersteller<\/b><\/span><\/td>\n<td><span data-path-to-node=\"12,1,1,0\">Qingfa Keramiken<\/span><\/td>\n<\/tr>\n<tr>\n<td><span data-path-to-node=\"12,2,0,0\"><b data-path-to-node=\"12,2,0,0\" data-index-in-node=\"0\">Produktname<\/b><\/span><\/td>\n<td><span data-path-to-node=\"12,2,1,0\">Benutzerdefinierte rustikale Kaffeebecher \/ Vintage gesprenkelt Latte Cup<\/span><\/td>\n<\/tr>\n<tr>\n<td><span data-path-to-node=\"12,3,0,0\"><b data-path-to-node=\"12,3,0,0\" data-index-in-node=\"0\">Material<\/b><\/span><\/td>\n<td><span data-path-to-node=\"12,3,1,0\">Hochverdichtetes gesprenkeltes Steinzeug \/ Keramik<\/span><\/td>\n<\/tr>\n<tr>\n<td><span data-path-to-node=\"12,4,0,0\"><b data-path-to-node=\"12,4,0,0\" data-index-in-node=\"0\">Kapazit\u00e4t<\/b><\/span><\/td>\n<td><span data-path-to-node=\"12,4,1,0\">400ml<\/span><\/td>\n<\/tr>\n<tr>\n<td><span data-path-to-node=\"12,5,0,0\"><b data-path-to-node=\"12,5,0,0\" data-index-in-node=\"0\">Design \/ Stil<\/b><\/span><\/td>\n<td><span data-path-to-node=\"12,5,1,0\">Rustikales Vintage; Glockenform mit Blumenmotiven<\/span><\/td>\n<\/tr>\n<tr>\n<td><span data-path-to-node=\"12,6,0,0\"><b data-path-to-node=\"12,6,0,0\" data-index-in-node=\"0\">Oberfl\u00e4che<\/b><\/span><\/td>\n<td><span data-path-to-node=\"12,6,1,0\">Matt gesprenkelte Glasur mit handaufgetragenen Abziehbildern<\/span><\/td>\n<\/tr>\n<tr>\n<td><span data-path-to-node=\"12,7,0,0\"><b data-path-to-node=\"12,7,0,0\" data-index-in-node=\"0\">Farboptionen<\/b><\/span><\/td>\n<td><span data-path-to-node=\"12,7,1,0\">Cremewei\u00df, Steingrau, Blass Ocker (anpassbar)<\/span><\/td>\n<\/tr>\n<tr>\n<td><span data-path-to-node=\"12,8,0,0\"><b data-path-to-node=\"12,8,0,0\" data-index-in-node=\"0\">Handgriff<\/b><\/span><\/td>\n<td><span data-path-to-node=\"12,8,1,0\">Ergonomischer Hochbogengriff f\u00fcr bequemes Tragen<\/span><\/td>\n<\/tr>\n<tr>\n<td><span data-path-to-node=\"12,9,0,0\"><b data-path-to-node=\"12,9,0,0\" data-index-in-node=\"0\">Personalisierung<\/b><\/span><\/td>\n<td><span data-path-to-node=\"12,9,1,0\">Musterdesign, Logodruck, Glasurfarbe (OEM\/ODM)<\/span><\/td>\n<\/tr>\n<tr>\n<td><span data-path-to-node=\"12,10,0,0\"><b data-path-to-node=\"12,10,0,0\" data-index-in-node=\"0\">Verwendung<\/b><\/span><\/td>\n<td><span data-path-to-node=\"12,10,1,0\">Spezialisierte Caf\u00e9s, rustikale Hotels und Geschenkartikel-Einzelhandel<\/span><\/td>\n<\/tr>\n<tr>\n<td><span data-path-to-node=\"12,11,0,0\"><b data-path-to-node=\"12,11,0,0\" data-index-in-node=\"0\">Zertifizierungen<\/b><\/span><\/td>\n<td><span data-path-to-node=\"12,11,1,0\">FDA, LFGB, CE\/EU, Prop 65-konform<\/span><\/td>\n<\/tr>\n<\/tbody>\n<\/table>\n<p>&nbsp;<\/p>","protected":false},"featured_media":1330,"comment_status":"closed","ping_status":"closed","template":"","meta":{"_acf_changed":false},"market":[],"product_brand":[],"product_cat":[17,28],"product_tag":[],"class_list":{"0":"post-1326","1":"product","2":"type-product","3":"status-publish","4":"has-post-thumbnail","6":"product_cat-custom-coffee-cups","7":"product_cat-custom-coffee-mugs","9":"first","10":"instock","11":"shipping-taxable","12":"product-type-simple"},"acf":[],"_links":{"self":[{"href":"https:\/\/www.qingfaceramic.com\/de\/wp-json\/wp\/v2\/product\/1326","targetHints":{"allow":["GET"]}}],"collection":[{"href":"https:\/\/www.qingfaceramic.com\/de\/wp-json\/wp\/v2\/product"}],"about":[{"href":"https:\/\/www.qingfaceramic.com\/de\/wp-json\/wp\/v2\/types\/product"}],"replies":[{"embeddable":true,"href":"https:\/\/www.qingfaceramic.com\/de\/wp-json\/wp\/v2\/comments?post=1326"}],"wp:featuredmedia":[{"embeddable":true,"href":"https:\/\/www.qingfaceramic.com\/de\/wp-json\/wp\/v2\/media\/1330"}],"wp:attachment":[{"href":"https:\/\/www.qingfaceramic.com\/de\/wp-json\/wp\/v2\/media?parent=1326"}],"wp:term":[{"taxonomy":"market","embeddable":true,"href":"https:\/\/www.qingfaceramic.com\/de\/wp-json\/wp\/v2\/market?post=1326"},{"taxonomy":"product_brand","embeddable":true,"href":"https:\/\/www.qingfaceramic.com\/de\/wp-json\/wp\/v2\/product_brand?post=1326"},{"taxonomy":"product_cat","embeddable":true,"href":"https:\/\/www.qingfaceramic.com\/de\/wp-json\/wp\/v2\/product_cat?post=1326"},{"taxonomy":"product_tag","embeddable":true,"href":"https:\/\/www.qingfaceramic.com\/de\/wp-json\/wp\/v2\/product_tag?post=1326"}],"curies":[{"name":"wp","href":"https:\/\/api.w.org\/{rel}","templated":true}]}}