{"id":1318,"date":"2026-03-17T09:25:34","date_gmt":"2026-03-17T09:25:34","guid":{"rendered":"https:\/\/www.qingfaceramic.com\/?post_type=product&#038;p=1318"},"modified":"2026-03-17T09:43:27","modified_gmt":"2026-03-17T09:43:27","slug":"custom-artisanal-coffee-mugs","status":"publish","type":"product","link":"https:\/\/www.qingfaceramic.com\/de\/produkt\/custom-artisanal-coffee-mugs\/","title":{"rendered":"Custom Artisanal Kaffeebecher stapelbar Nordic Steingut"},"content":{"rendered":"<h2 class=\"wp-block-heading\">Merkmale von Custom Artisanal Kaffeebechern<\/h2>\n\n\n\n<div class=\"wp-block-columns is-layout-flex wp-container-core-columns-is-layout-9d6595d7 wp-block-columns-is-layout-flex\">\n<div class=\"wp-block-column is-layout-flow wp-block-column-is-layout-flow\">\n<p><strong>Architektonische stapelbare Form<\/strong>: Der pr\u00e4zisionsgefertigte, versenkte Sockel erm\u00f6glicht eine sichere vertikale Verschachtelung, wodurch der Platzbedarf f\u00fcr die Aufbewahrung in Caf\u00e9s mit hohem Aufkommen drastisch reduziert wird.<\/p>\n\n\n\n<p><strong>Doppelt texturierter taktiler Kontrast<\/strong>: Kombiniert einen rohen, unglasierten \u201csandigen\u201d Boden mit einem glatten, matten Obermaterial und bietet so ein einzigartiges sensorisches Erlebnis, das die handwerkliche Qualit\u00e4t unterstreicht.<\/p>\n\n\n\n<p><strong>Wabi-Sabi inspirierte Motive<\/strong>: Handge\u00e4tzte Landhaus- und botanische Symbole, die unvollkommene Sch\u00f6nheit zeigen und Kunden ansprechen, die \u201cSlow Living\u201d und organische \u00c4sthetik suchen.<\/p>\n\n\n\n<p><strong>Gewerbliche W\u00e4rmetr\u00e4gheit<\/strong>: Die dichten W\u00e4nde aus Steinzeug minimieren Temperaturschwankungen und sorgen daf\u00fcr, dass die komplexen Noten der Espressospezialit\u00e4t vom ersten bis zum letzten Schluck erhalten bleiben.<\/p>\n\n\n\n<p><strong>Umweltbewusste Small-Batch-Attraktivit\u00e4t<\/strong>: Positioniert als nachhaltige Alternative zur Massenkeramik, mit vollst\u00e4ndiger OEM-Unterst\u00fctzung f\u00fcr Marken, die ihre eigene Geschichte durch individuelle Symbole erz\u00e4hlen k\u00f6nnen.<\/p>\n<\/div>\n\n\n\n<div class=\"wp-block-column is-layout-flow wp-block-column-is-layout-flow\">\n<figure class=\"wp-block-image size-full\"><img decoding=\"async\" width=\"1330\" height=\"1502\" src=\"https:\/\/www.qingfaceramic.com\/wp-content\/uploads\/2026\/03\/Custom-Artisanal-Coffee-Mugs.webp\" alt=\"Individuelle handwerkliche Kaffeebecher\" class=\"wp-image-1319\" srcset=\"https:\/\/www.qingfaceramic.com\/wp-content\/uploads\/2026\/03\/Custom-Artisanal-Coffee-Mugs.webp 1330w, https:\/\/www.qingfaceramic.com\/wp-content\/uploads\/2026\/03\/Custom-Artisanal-Coffee-Mugs-266x300.webp 266w, https:\/\/www.qingfaceramic.com\/wp-content\/uploads\/2026\/03\/Custom-Artisanal-Coffee-Mugs-768x867.webp 768w, https:\/\/www.qingfaceramic.com\/wp-content\/uploads\/2026\/03\/Custom-Artisanal-Coffee-Mugs-11x12.webp 11w, https:\/\/www.qingfaceramic.com\/wp-content\/uploads\/2026\/03\/Custom-Artisanal-Coffee-Mugs-1200x1355.webp 1200w, https:\/\/www.qingfaceramic.com\/wp-content\/uploads\/2026\/03\/Custom-Artisanal-Coffee-Mugs-600x678.webp 600w\" sizes=\"(max-width: 1330px) 100vw, 1330px\" \/><\/figure>\n<\/div>\n<\/div>\n\n\n\n<div class=\"wp-block-columns is-layout-flex wp-container-core-columns-is-layout-9d6595d7 wp-block-columns-is-layout-flex\">\n<div class=\"wp-block-column is-layout-flow wp-block-column-is-layout-flow\">\n<figure class=\"wp-block-image size-full\"><img decoding=\"async\" width=\"750\" height=\"1694\" src=\"https:\/\/www.qingfaceramic.com\/wp-content\/uploads\/2026\/01\/Custom-Ceramic-Coffee-Mug-in-Bulk4.webp\" alt=\"Individueller Keramik-Kaffeebecher in Bulk4\" class=\"wp-image-591\" srcset=\"https:\/\/www.qingfaceramic.com\/wp-content\/uploads\/2026\/01\/Custom-Ceramic-Coffee-Mug-in-Bulk4.webp 750w, https:\/\/www.qingfaceramic.com\/wp-content\/uploads\/2026\/01\/Custom-Ceramic-Coffee-Mug-in-Bulk4-133x300.webp 133w, https:\/\/www.qingfaceramic.com\/wp-content\/uploads\/2026\/01\/Custom-Ceramic-Coffee-Mug-in-Bulk4-600x1355.webp 600w\" sizes=\"(max-width: 750px) 100vw, 750px\" \/><\/figure>\n<\/div>\n\n\n\n<div class=\"wp-block-column is-layout-flow wp-block-column-is-layout-flow\">\n<figure class=\"wp-block-image size-full\"><img decoding=\"async\" width=\"750\" height=\"1166\" src=\"https:\/\/www.qingfaceramic.com\/wp-content\/uploads\/2026\/01\/Custom-Ceramic-Coffee-Mug-in-Bulk5.webp\" alt=\"Individuelle Keramik-Kaffeebecher in Bulk5\" class=\"wp-image-592\" srcset=\"https:\/\/www.qingfaceramic.com\/wp-content\/uploads\/2026\/01\/Custom-Ceramic-Coffee-Mug-in-Bulk5.webp 750w, https:\/\/www.qingfaceramic.com\/wp-content\/uploads\/2026\/01\/Custom-Ceramic-Coffee-Mug-in-Bulk5-193x300.webp 193w, https:\/\/www.qingfaceramic.com\/wp-content\/uploads\/2026\/01\/Custom-Ceramic-Coffee-Mug-in-Bulk5-600x933.webp 600w\" sizes=\"(max-width: 750px) 100vw, 750px\" \/><\/figure>\n\n\n\n<figure class=\"wp-block-image size-full\"><img decoding=\"async\" width=\"1707\" height=\"1280\" src=\"https:\/\/www.qingfaceramic.com\/wp-content\/uploads\/2026\/01\/Integrated-Craftsmanship-Capability-1.webp\" alt=\"Integrierte handwerkliche F\u00e4higkeiten\" class=\"wp-image-571\" srcset=\"https:\/\/www.qingfaceramic.com\/wp-content\/uploads\/2026\/01\/Integrated-Craftsmanship-Capability-1.webp 1707w, https:\/\/www.qingfaceramic.com\/wp-content\/uploads\/2026\/01\/Integrated-Craftsmanship-Capability-1-300x225.webp 300w, https:\/\/www.qingfaceramic.com\/wp-content\/uploads\/2026\/01\/Integrated-Craftsmanship-Capability-1-768x576.webp 768w, https:\/\/www.qingfaceramic.com\/wp-content\/uploads\/2026\/01\/Integrated-Craftsmanship-Capability-1-1200x900.webp 1200w, https:\/\/www.qingfaceramic.com\/wp-content\/uploads\/2026\/01\/Integrated-Craftsmanship-Capability-1-600x450.webp 600w\" sizes=\"(max-width: 1707px) 100vw, 1707px\" \/><\/figure>\n<\/div>\n<\/div>","protected":false},"excerpt":{"rendered":"<p data-start=\"428\" data-end=\"756\">Unsere individuellen Artisanal-Kaffeebecher haben ein stapelbares nordisches Design und handge\u00e4tzte Symbole. Diese platzsparenden Tassen aus strapazierf\u00e4higem Steingut eignen sich perfekt f\u00fcr Spezialit\u00e4tencaf\u00e9s und Geschenkboutiquen.<\/p>\n<h2>Benutzerdefinierte handwerkliche Kaffeebecher Parameter<\/h2>\n<table data-path-to-node=\"12\">\n<thead>\n<tr>\n<td><strong>Feld<\/strong><\/td>\n<td><strong>Einzelheiten<\/strong><\/td>\n<\/tr>\n<\/thead>\n<tbody>\n<tr>\n<td><span data-path-to-node=\"12,1,0,0\"><b data-path-to-node=\"12,1,0,0\" data-index-in-node=\"0\">Hersteller<\/b><\/span><\/td>\n<td><span data-path-to-node=\"12,1,1,0\">Qingfa Keramiken<\/span><\/td>\n<\/tr>\n<tr>\n<td><span data-path-to-node=\"12,2,0,0\"><b data-path-to-node=\"12,2,0,0\" data-index-in-node=\"0\">Produktname<\/b><\/span><\/td>\n<td><span data-path-to-node=\"12,2,1,0\">Custom Artisanal Kaffeebecher \/ Stapelbare Retro-Ikonen Becher<\/span><\/td>\n<\/tr>\n<tr>\n<td><span data-path-to-node=\"12,3,0,0\"><b data-path-to-node=\"12,3,0,0\" data-index-in-node=\"0\">Material<\/b><\/span><\/td>\n<td><span data-path-to-node=\"12,3,1,0\">Schweres Steingut \/ Nat\u00fcrliche Tonerde<\/span><\/td>\n<\/tr>\n<tr>\n<td><span data-path-to-node=\"12,4,0,0\"><b data-path-to-node=\"12,4,0,0\" data-index-in-node=\"0\">Kapazit\u00e4t<\/b><\/span><\/td>\n<td><span data-path-to-node=\"12,4,1,0\">375ml (Ideal f\u00fcr Lattes und Flat Whites)<\/span><\/td>\n<\/tr>\n<tr>\n<td><span data-path-to-node=\"12,5,0,0\"><b data-path-to-node=\"12,5,0,0\" data-index-in-node=\"0\">Design \/ Stil<\/b><\/span><\/td>\n<td><span data-path-to-node=\"12,5,1,0\">Nordisch stapelbar; primitive handge\u00e4tzte \u00c4sthetik<\/span><\/td>\n<\/tr>\n<tr>\n<td><span data-path-to-node=\"12,6,0,0\"><b data-path-to-node=\"12,6,0,0\" data-index-in-node=\"0\">Oberfl\u00e4che<\/b><\/span><\/td>\n<td><span data-path-to-node=\"12,6,1,0\">Zweifarbig (unglasierte sandige Basis + matt glasierte Oberseite)<\/span><\/td>\n<\/tr>\n<tr>\n<td><span data-path-to-node=\"12,7,0,0\"><b data-path-to-node=\"12,7,0,0\" data-index-in-node=\"0\">Farboptionen<\/b><\/span><\/td>\n<td><span data-path-to-node=\"12,7,1,0\">Kreidewei\u00df, Moosgr\u00fcn, Erntegelb (anpassbar)<\/span><\/td>\n<\/tr>\n<tr>\n<td><span data-path-to-node=\"12,8,0,0\"><b data-path-to-node=\"12,8,0,0\" data-index-in-node=\"0\">Handgriff<\/b><\/span><\/td>\n<td><span data-path-to-node=\"12,8,1,0\">Integrierter \u201cComfort-Curve\u201d-Griff f\u00fcr ergonomische Balance<\/span><\/td>\n<\/tr>\n<tr>\n<td><span data-path-to-node=\"12,9,0,0\"><b data-path-to-node=\"12,9,0,0\" data-index-in-node=\"0\">Personalisierung<\/b><\/span><\/td>\n<td><span data-path-to-node=\"12,9,1,0\">Ge\u00e4tzte Logos, ma\u00dfgeschneiderte Icons, individuelle Pantone-Glasuren<\/span><\/td>\n<\/tr>\n<tr>\n<td><span data-path-to-node=\"12,10,0,0\"><b data-path-to-node=\"12,10,0,0\" data-index-in-node=\"0\">Verwendung<\/b><\/span><\/td>\n<td><span data-path-to-node=\"12,10,1,0\">Spezialit\u00e4tenkaffeer\u00f6ster, Boutique-Hotels, Konzeptl\u00e4den<\/span><\/td>\n<\/tr>\n<tr>\n<td><span data-path-to-node=\"12,11,0,0\"><b data-path-to-node=\"12,11,0,0\" data-index-in-node=\"0\">Zertifizierungen<\/b><\/span><\/td>\n<td><span data-path-to-node=\"12,11,1,0\">FDA-, LFGB- und Prop 65-konform<\/span><\/td>\n<\/tr>\n<\/tbody>\n<\/table>\n<p>&nbsp;<\/p>","protected":false},"featured_media":1324,"comment_status":"closed","ping_status":"closed","template":"","meta":{"_acf_changed":false},"market":[],"product_brand":[],"product_cat":[17,28],"product_tag":[],"class_list":{"0":"post-1318","1":"product","2":"type-product","3":"status-publish","4":"has-post-thumbnail","6":"product_cat-custom-coffee-cups","7":"product_cat-custom-coffee-mugs","9":"first","10":"instock","11":"shipping-taxable","12":"product-type-simple"},"acf":[],"_links":{"self":[{"href":"https:\/\/www.qingfaceramic.com\/de\/wp-json\/wp\/v2\/product\/1318","targetHints":{"allow":["GET"]}}],"collection":[{"href":"https:\/\/www.qingfaceramic.com\/de\/wp-json\/wp\/v2\/product"}],"about":[{"href":"https:\/\/www.qingfaceramic.com\/de\/wp-json\/wp\/v2\/types\/product"}],"replies":[{"embeddable":true,"href":"https:\/\/www.qingfaceramic.com\/de\/wp-json\/wp\/v2\/comments?post=1318"}],"wp:featuredmedia":[{"embeddable":true,"href":"https:\/\/www.qingfaceramic.com\/de\/wp-json\/wp\/v2\/media\/1324"}],"wp:attachment":[{"href":"https:\/\/www.qingfaceramic.com\/de\/wp-json\/wp\/v2\/media?parent=1318"}],"wp:term":[{"taxonomy":"market","embeddable":true,"href":"https:\/\/www.qingfaceramic.com\/de\/wp-json\/wp\/v2\/market?post=1318"},{"taxonomy":"product_brand","embeddable":true,"href":"https:\/\/www.qingfaceramic.com\/de\/wp-json\/wp\/v2\/product_brand?post=1318"},{"taxonomy":"product_cat","embeddable":true,"href":"https:\/\/www.qingfaceramic.com\/de\/wp-json\/wp\/v2\/product_cat?post=1318"},{"taxonomy":"product_tag","embeddable":true,"href":"https:\/\/www.qingfaceramic.com\/de\/wp-json\/wp\/v2\/product_tag?post=1318"}],"curies":[{"name":"wp","href":"https:\/\/api.w.org\/{rel}","templated":true}]}}