{"id":1295,"date":"2026-03-17T08:42:25","date_gmt":"2026-03-17T08:42:25","guid":{"rendered":"https:\/\/www.qingfaceramic.com\/?post_type=product&#038;p=1295"},"modified":"2026-03-17T09:03:34","modified_gmt":"2026-03-17T09:03:34","slug":"custom-stoneware-mugs","status":"publish","type":"product","link":"https:\/\/www.qingfaceramic.com\/de\/produkt\/custom-stoneware-mugs\/","title":{"rendered":"Benutzerdefinierte Steingutbecher Nordic Hand gezeichnete Illustration Stil"},"content":{"rendered":"<h2 class=\"wp-block-heading\">Merkmale von individuellen Steinzeugbechern<\/h2>\n\n\n\n<div class=\"wp-block-columns is-layout-flex wp-container-core-columns-is-layout-9d6595d7 wp-block-columns-is-layout-flex\">\n<div class=\"wp-block-column is-layout-flow wp-block-column-is-layout-flow\">\n<p><strong>Storytelling Visuelle \u00c4sthetik<\/strong>: Charmante handgezeichnete Illustrationen von \u201cBaumh\u00e4usern\u201d und botanischen Elementen, die dem Nutzer ein gem\u00fctliches, erz\u00e4hlerisches Erlebnis bieten.<\/p>\n\n\n\n<p><strong>Taktile \u201cKieselstein\u201d-Silhouette<\/strong>: Die abgerundete, organische Form passt perfekt in die Handfl\u00e4che und bietet ein angenehmes sensorisches Erlebnis, das an handgefertigte T\u00f6pferwaren erinnert.<\/p>\n\n\n\n<p><strong>Skurrile Mixed-Media-Glasur<\/strong>: Kombiniert eine glatte, hochgl\u00e4nzende Oberfl\u00e4che mit matten, handgemalten Details und sorgt so f\u00fcr einen raffinierten Kontrast zwischen den Texturen, der in der Auslage des Einzelhandels hervorsticht.<\/p>\n\n\n\n<p><strong>Thermostabiles Steingut<\/strong>: Hergestellt aus professionellem Steingut, das die W\u00e4rme effektiv speichert und Latte und Tee l\u00e4nger auf der idealen Temperatur h\u00e4lt.<\/p>\n\n\n\n<p><strong>Ma\u00dfgeschneidertes Brand Storytelling<\/strong>: Vollst\u00e4ndig anpassbar \u00fcber OEM\/ODM-Services, so dass Marken ihre eigenen individuellen Illustrationen oder Logos einbringen k\u00f6nnen, ohne den rustikalen nordischen Charme zu verlieren.<\/p>\n<\/div>\n\n\n\n<div class=\"wp-block-column is-layout-flow wp-block-column-is-layout-flow\">\n<figure class=\"wp-block-image size-full\"><img decoding=\"async\" width=\"1234\" height=\"912\" src=\"https:\/\/www.qingfaceramic.com\/wp-content\/uploads\/2026\/03\/Custom-Stoneware-Mugs.webp\" alt=\"Individuelle Steingutbecher\" class=\"wp-image-1296\" srcset=\"https:\/\/www.qingfaceramic.com\/wp-content\/uploads\/2026\/03\/Custom-Stoneware-Mugs.webp 1234w, https:\/\/www.qingfaceramic.com\/wp-content\/uploads\/2026\/03\/Custom-Stoneware-Mugs-300x222.webp 300w, https:\/\/www.qingfaceramic.com\/wp-content\/uploads\/2026\/03\/Custom-Stoneware-Mugs-768x568.webp 768w, https:\/\/www.qingfaceramic.com\/wp-content\/uploads\/2026\/03\/Custom-Stoneware-Mugs-16x12.webp 16w, https:\/\/www.qingfaceramic.com\/wp-content\/uploads\/2026\/03\/Custom-Stoneware-Mugs-1200x887.webp 1200w, https:\/\/www.qingfaceramic.com\/wp-content\/uploads\/2026\/03\/Custom-Stoneware-Mugs-600x443.webp 600w\" sizes=\"(max-width: 1234px) 100vw, 1234px\" \/><\/figure>\n<\/div>\n<\/div>\n\n\n\n<div class=\"wp-block-columns is-layout-flex wp-container-core-columns-is-layout-9d6595d7 wp-block-columns-is-layout-flex\">\n<div class=\"wp-block-column is-layout-flow wp-block-column-is-layout-flow\">\n<figure class=\"wp-block-image size-full\"><img decoding=\"async\" width=\"750\" height=\"1694\" src=\"https:\/\/www.qingfaceramic.com\/wp-content\/uploads\/2026\/01\/Custom-Ceramic-Coffee-Mug-in-Bulk4.webp\" alt=\"Individueller Keramik-Kaffeebecher in Bulk4\" class=\"wp-image-591\" srcset=\"https:\/\/www.qingfaceramic.com\/wp-content\/uploads\/2026\/01\/Custom-Ceramic-Coffee-Mug-in-Bulk4.webp 750w, https:\/\/www.qingfaceramic.com\/wp-content\/uploads\/2026\/01\/Custom-Ceramic-Coffee-Mug-in-Bulk4-133x300.webp 133w, https:\/\/www.qingfaceramic.com\/wp-content\/uploads\/2026\/01\/Custom-Ceramic-Coffee-Mug-in-Bulk4-600x1355.webp 600w\" sizes=\"(max-width: 750px) 100vw, 750px\" \/><\/figure>\n<\/div>\n\n\n\n<div class=\"wp-block-column is-layout-flow wp-block-column-is-layout-flow\">\n<figure class=\"wp-block-image size-full\"><img decoding=\"async\" width=\"750\" height=\"1166\" src=\"https:\/\/www.qingfaceramic.com\/wp-content\/uploads\/2026\/01\/Custom-Ceramic-Coffee-Mug-in-Bulk5.webp\" alt=\"Individuelle Keramik-Kaffeebecher in Bulk5\" class=\"wp-image-592\" srcset=\"https:\/\/www.qingfaceramic.com\/wp-content\/uploads\/2026\/01\/Custom-Ceramic-Coffee-Mug-in-Bulk5.webp 750w, https:\/\/www.qingfaceramic.com\/wp-content\/uploads\/2026\/01\/Custom-Ceramic-Coffee-Mug-in-Bulk5-193x300.webp 193w, https:\/\/www.qingfaceramic.com\/wp-content\/uploads\/2026\/01\/Custom-Ceramic-Coffee-Mug-in-Bulk5-600x933.webp 600w\" sizes=\"(max-width: 750px) 100vw, 750px\" \/><\/figure>\n\n\n\n<figure class=\"wp-block-image size-full\"><img decoding=\"async\" width=\"1707\" height=\"1280\" src=\"https:\/\/www.qingfaceramic.com\/wp-content\/uploads\/2026\/01\/Integrated-Craftsmanship-Capability-1.webp\" alt=\"Integrierte handwerkliche F\u00e4higkeiten\" class=\"wp-image-571\" srcset=\"https:\/\/www.qingfaceramic.com\/wp-content\/uploads\/2026\/01\/Integrated-Craftsmanship-Capability-1.webp 1707w, https:\/\/www.qingfaceramic.com\/wp-content\/uploads\/2026\/01\/Integrated-Craftsmanship-Capability-1-300x225.webp 300w, https:\/\/www.qingfaceramic.com\/wp-content\/uploads\/2026\/01\/Integrated-Craftsmanship-Capability-1-768x576.webp 768w, https:\/\/www.qingfaceramic.com\/wp-content\/uploads\/2026\/01\/Integrated-Craftsmanship-Capability-1-1200x900.webp 1200w, https:\/\/www.qingfaceramic.com\/wp-content\/uploads\/2026\/01\/Integrated-Craftsmanship-Capability-1-600x450.webp 600w\" sizes=\"(max-width: 1707px) 100vw, 1707px\" \/><\/figure>\n<\/div>\n<\/div>","protected":false},"excerpt":{"rendered":"<p data-start=\"428\" data-end=\"756\">Unsere individuellen Steingutbecher haben charmante handgezeichnete nordische Illustrationen. Diese Tassen aus Steinzeug mit hoher Dichte haben eine warme, gl\u00e4nzende Glasur und skurrile Motive, die sie zu einer gem\u00fctlichen Erg\u00e4nzung f\u00fcr Spezialit\u00e4tencaf\u00e9s und Lifestyle-Kollektionen machen.<\/p>\n<h2>Individuelle Steingutbecher Parameter<\/h2>\n<table data-path-to-node=\"11\">\n<thead>\n<tr>\n<td><strong>Feld<\/strong><\/td>\n<td><strong>Einzelheiten<\/strong><\/td>\n<\/tr>\n<\/thead>\n<tbody>\n<tr>\n<td><span data-path-to-node=\"11,1,0,0\"><b data-path-to-node=\"11,1,0,0\" data-index-in-node=\"0\">Hersteller<\/b><\/span><\/td>\n<td><span data-path-to-node=\"11,1,1,0\">Qingfa Keramiken<\/span><\/td>\n<\/tr>\n<tr>\n<td><span data-path-to-node=\"11,2,0,0\"><b data-path-to-node=\"11,2,0,0\" data-index-in-node=\"0\">Produktname<\/b><\/span><\/td>\n<td><span data-path-to-node=\"11,2,1,0\">Benutzerdefinierte Steingutbecher \/ Nordische handgezeichnete Illustration Becher<\/span><\/td>\n<\/tr>\n<tr>\n<td><span data-path-to-node=\"11,3,0,0\"><b data-path-to-node=\"11,3,0,0\" data-index-in-node=\"0\">Material<\/b><\/span><\/td>\n<td><span data-path-to-node=\"11,3,1,0\">Hochwertiges Steingut \/ Porzellan<\/span><\/td>\n<\/tr>\n<tr>\n<td><span data-path-to-node=\"11,4,0,0\"><b data-path-to-node=\"11,4,0,0\" data-index-in-node=\"0\">Kapazit\u00e4t<\/b><\/span><\/td>\n<td><span data-path-to-node=\"11,4,1,0\">400ml<\/span><\/td>\n<\/tr>\n<tr>\n<td><span data-path-to-node=\"11,5,0,0\"><b data-path-to-node=\"11,5,0,0\" data-index-in-node=\"0\">Design \/ Stil<\/b><\/span><\/td>\n<td><span data-path-to-node=\"11,5,1,0\">Nordischer, skurriler Stil mit handgezeichneten Pflanzen-\/Hausmotiven<\/span><\/td>\n<\/tr>\n<tr>\n<td><span data-path-to-node=\"11,6,0,0\"><b data-path-to-node=\"11,6,0,0\" data-index-in-node=\"0\">Oberfl\u00e4che<\/b><\/span><\/td>\n<td><span data-path-to-node=\"11,6,1,0\">Hochgl\u00e4nzende Glasur mit matten Illustrationsakzenten<\/span><\/td>\n<\/tr>\n<tr>\n<td><span data-path-to-node=\"11,7,0,0\"><b data-path-to-node=\"11,7,0,0\" data-index-in-node=\"0\">Farboptionen<\/b><\/span><\/td>\n<td><span data-path-to-node=\"11,7,1,0\">Senfgelb, Cremewei\u00df, Salbeigr\u00fcn (anpassbar)<\/span><\/td>\n<\/tr>\n<tr>\n<td><span data-path-to-node=\"11,8,0,0\"><b data-path-to-node=\"11,8,0,0\" data-index-in-node=\"0\">Handgriff<\/b><\/span><\/td>\n<td><span data-path-to-node=\"11,8,1,0\">Integrierter ergonomischer C-f\u00f6rmiger Griff f\u00fcr stabilen Halt<\/span><\/td>\n<\/tr>\n<tr>\n<td><span data-path-to-node=\"11,9,0,0\"><b data-path-to-node=\"11,9,0,0\" data-index-in-node=\"0\">Personalisierung<\/b><\/span><\/td>\n<td><span data-path-to-node=\"11,9,1,0\">Logo, Illustrationsdesign, Farbglasur, Verpackung (OEM\/ODM)<\/span><\/td>\n<\/tr>\n<tr>\n<td><span data-path-to-node=\"11,10,0,0\"><b data-path-to-node=\"11,10,0,0\" data-index-in-node=\"0\">Verwendung<\/b><\/span><\/td>\n<td><span data-path-to-node=\"11,10,1,0\">Spezialit\u00e4ten-Kaffeeh\u00e4user, Boutique-Hotels und Lifestyle-Geschenkartikel-Einzelhandel<\/span><\/td>\n<\/tr>\n<tr>\n<td><span data-path-to-node=\"11,11,0,0\"><b data-path-to-node=\"11,11,0,0\" data-index-in-node=\"0\">Zertifizierungen<\/b><\/span><\/td>\n<td><span data-path-to-node=\"11,11,1,0\">FDA, LFGB, CE \/ EU, CIQ, EEC<\/span><\/td>\n<\/tr>\n<\/tbody>\n<\/table>\n<p>&nbsp;<\/p>","protected":false},"featured_media":1305,"comment_status":"closed","ping_status":"closed","template":"","meta":{"_acf_changed":false},"market":[],"product_brand":[],"product_cat":[17,28],"product_tag":[],"class_list":{"0":"post-1295","1":"product","2":"type-product","3":"status-publish","4":"has-post-thumbnail","6":"product_cat-custom-coffee-cups","7":"product_cat-custom-coffee-mugs","9":"first","10":"instock","11":"shipping-taxable","12":"product-type-simple"},"acf":[],"_links":{"self":[{"href":"https:\/\/www.qingfaceramic.com\/de\/wp-json\/wp\/v2\/product\/1295","targetHints":{"allow":["GET"]}}],"collection":[{"href":"https:\/\/www.qingfaceramic.com\/de\/wp-json\/wp\/v2\/product"}],"about":[{"href":"https:\/\/www.qingfaceramic.com\/de\/wp-json\/wp\/v2\/types\/product"}],"replies":[{"embeddable":true,"href":"https:\/\/www.qingfaceramic.com\/de\/wp-json\/wp\/v2\/comments?post=1295"}],"wp:featuredmedia":[{"embeddable":true,"href":"https:\/\/www.qingfaceramic.com\/de\/wp-json\/wp\/v2\/media\/1305"}],"wp:attachment":[{"href":"https:\/\/www.qingfaceramic.com\/de\/wp-json\/wp\/v2\/media?parent=1295"}],"wp:term":[{"taxonomy":"market","embeddable":true,"href":"https:\/\/www.qingfaceramic.com\/de\/wp-json\/wp\/v2\/market?post=1295"},{"taxonomy":"product_brand","embeddable":true,"href":"https:\/\/www.qingfaceramic.com\/de\/wp-json\/wp\/v2\/product_brand?post=1295"},{"taxonomy":"product_cat","embeddable":true,"href":"https:\/\/www.qingfaceramic.com\/de\/wp-json\/wp\/v2\/product_cat?post=1295"},{"taxonomy":"product_tag","embeddable":true,"href":"https:\/\/www.qingfaceramic.com\/de\/wp-json\/wp\/v2\/product_tag?post=1295"}],"curies":[{"name":"wp","href":"https:\/\/api.w.org\/{rel}","templated":true}]}}