{"id":1257,"date":"2026-03-10T07:41:56","date_gmt":"2026-03-10T07:41:56","guid":{"rendered":"https:\/\/www.qingfaceramic.com\/?post_type=product&#038;p=1257"},"modified":"2026-03-10T07:50:10","modified_gmt":"2026-03-10T07:50:10","slug":"custom-modern-porcelain-dripper","status":"publish","type":"product","link":"https:\/\/www.qingfaceramic.com\/de\/produkt\/custom-modern-porcelain-dripper\/","title":{"rendered":"Custom Modern Porcelain Dripper &amp; Kaffeekanne mit k\u00fcnstlerischen Mustern"},"content":{"rendered":"<h2 class=\"wp-block-heading\">Eigenschaften von Custom Modern Porcelain Dripper<\/h2>\n\n\n\n<div class=\"wp-block-columns is-layout-flex wp-container-core-columns-is-layout-9d6595d7 wp-block-columns-is-layout-flex\">\n<div class=\"wp-block-column is-layout-flow wp-block-column-is-layout-flow\">\n<ol class=\"wp-block-list\">\n<li><strong>Zeitgen\u00f6ssische geometrische \u00c4sthetik<\/strong>: Einzigartige, moderne, k\u00fcnstlerische Muster, darunter Dreiecke und lineare, abstrakte Motive, die jedem Caf\u00e9 oder jeder K\u00fcche zu Hause eine raffinierte Note verleihen.<\/li>\n\n\n\n<li><strong>Professionelles Extraktionsdesign<\/strong>: Der pr\u00e4zisionsgefertigte V-f\u00f6rmige Keramiktropfer sorgt f\u00fcr einen optimalen Wasserfluss und eine gleichm\u00e4\u00dfige Temperaturkontrolle f\u00fcr eine hervorragende Extraktion des Kaffeearomas.<\/li>\n\n\n\n<li><strong>Hochwertiges Porzellan-Handwerk<\/strong>: Hergestellt aus hochgebranntem, lebensmittelechtem Porzellan, das langlebig und bleifrei ist und die W\u00e4rme besser speichert als Glas- oder Kunststoffbr\u00fchger\u00e4te.<\/li>\n\n\n\n<li><strong>Ergonomisch und praktisch<\/strong>: Die Kaffeekanne ist mit einem komfortablen, k\u00fchl bleibenden Griff und einem glatten Ausgie\u00dfer ausgestattet, um ein Nachtropfen zu verhindern und ein reibungsloses Servieren zu gew\u00e4hrleisten.<\/li>\n\n\n\n<li><strong>Vielseitige Stiloptionen<\/strong>: Erh\u00e4ltlich in verschiedenen Farbschemata und Mustern, die es Boutiquen und Hotelketten erm\u00f6glichen, eine vielf\u00e4ltige und stilvolle Produktlinie anzubieten.<\/li>\n\n\n\n<li><strong>B2B-Anpassung bereit<\/strong>: Wir bieten umfassende OEM\/ODM-Dienstleistungen an, die den Druck individueller Markenlogos und die Entwicklung einzigartiger Muster zur Anpassung an Ihre Markenidentit\u00e4t unterst\u00fctzen.<\/li>\n<\/ol>\n\n\n\n<div style=\"height:0px\" aria-hidden=\"true\" class=\"wp-block-spacer\"><\/div>\n<\/div>\n\n\n\n<div class=\"wp-block-column is-layout-flow wp-block-column-is-layout-flow\">\n<figure class=\"wp-block-image size-full\"><img decoding=\"async\" width=\"800\" height=\"800\" src=\"https:\/\/www.qingfaceramic.com\/wp-content\/uploads\/2026\/03\/Custom-Modern-Porcelain-Dripper6.webp\" alt=\"Custom Modern Porcelain Dripper6\" class=\"wp-image-1263\" srcset=\"https:\/\/www.qingfaceramic.com\/wp-content\/uploads\/2026\/03\/Custom-Modern-Porcelain-Dripper6.webp 800w, https:\/\/www.qingfaceramic.com\/wp-content\/uploads\/2026\/03\/Custom-Modern-Porcelain-Dripper6-300x300.webp 300w, https:\/\/www.qingfaceramic.com\/wp-content\/uploads\/2026\/03\/Custom-Modern-Porcelain-Dripper6-150x150.webp 150w, https:\/\/www.qingfaceramic.com\/wp-content\/uploads\/2026\/03\/Custom-Modern-Porcelain-Dripper6-768x768.webp 768w, https:\/\/www.qingfaceramic.com\/wp-content\/uploads\/2026\/03\/Custom-Modern-Porcelain-Dripper6-12x12.webp 12w, https:\/\/www.qingfaceramic.com\/wp-content\/uploads\/2026\/03\/Custom-Modern-Porcelain-Dripper6-600x600.webp 600w, https:\/\/www.qingfaceramic.com\/wp-content\/uploads\/2026\/03\/Custom-Modern-Porcelain-Dripper6-100x100.webp 100w\" sizes=\"(max-width: 800px) 100vw, 800px\" \/><\/figure>\n<\/div>\n<\/div>\n\n\n\n<div class=\"wp-block-columns is-layout-flex wp-container-core-columns-is-layout-9d6595d7 wp-block-columns-is-layout-flex\">\n<div class=\"wp-block-column is-layout-flow wp-block-column-is-layout-flow\"><\/div>\n\n\n\n<div class=\"wp-block-column is-layout-flow wp-block-column-is-layout-flow\"><\/div>\n<\/div>\n\n\n\n<p><\/p>","protected":false},"excerpt":{"rendered":"<p data-start=\"503\" data-end=\"756\">Verbessern Sie Ihre handwerkliche Zubereitung mit unserem modernen Porzellantrinkger\u00e4t. Mit seinen k\u00fchnen, modernen k\u00fcnstlerischen Mustern und der hochwertigen Porzellanoberfl\u00e4che kombiniert dieses professionelle Duo aus Tropfer und Kanne modernen Stil mit au\u00dfergew\u00f6hnlicher W\u00e4rmespeicherung f\u00fcr die perfekte Tasse Kaffee.<\/p>\n<p>&nbsp;<\/p>\n<p>&nbsp;<\/p>","protected":false},"featured_media":1258,"comment_status":"closed","ping_status":"closed","template":"","meta":{"_acf_changed":false},"market":[],"product_brand":[],"product_cat":[16,27],"product_tag":[],"class_list":{"0":"post-1257","1":"product","2":"type-product","3":"status-publish","4":"has-post-thumbnail","6":"product_cat-tea-and-coffee-sets-factory","7":"product_cat-custom-coffee-drippers","9":"first","10":"instock","11":"shipping-taxable","12":"product-type-simple"},"acf":[],"_links":{"self":[{"href":"https:\/\/www.qingfaceramic.com\/de\/wp-json\/wp\/v2\/product\/1257","targetHints":{"allow":["GET"]}}],"collection":[{"href":"https:\/\/www.qingfaceramic.com\/de\/wp-json\/wp\/v2\/product"}],"about":[{"href":"https:\/\/www.qingfaceramic.com\/de\/wp-json\/wp\/v2\/types\/product"}],"replies":[{"embeddable":true,"href":"https:\/\/www.qingfaceramic.com\/de\/wp-json\/wp\/v2\/comments?post=1257"}],"wp:featuredmedia":[{"embeddable":true,"href":"https:\/\/www.qingfaceramic.com\/de\/wp-json\/wp\/v2\/media\/1258"}],"wp:attachment":[{"href":"https:\/\/www.qingfaceramic.com\/de\/wp-json\/wp\/v2\/media?parent=1257"}],"wp:term":[{"taxonomy":"market","embeddable":true,"href":"https:\/\/www.qingfaceramic.com\/de\/wp-json\/wp\/v2\/market?post=1257"},{"taxonomy":"product_brand","embeddable":true,"href":"https:\/\/www.qingfaceramic.com\/de\/wp-json\/wp\/v2\/product_brand?post=1257"},{"taxonomy":"product_cat","embeddable":true,"href":"https:\/\/www.qingfaceramic.com\/de\/wp-json\/wp\/v2\/product_cat?post=1257"},{"taxonomy":"product_tag","embeddable":true,"href":"https:\/\/www.qingfaceramic.com\/de\/wp-json\/wp\/v2\/product_tag?post=1257"}],"curies":[{"name":"wp","href":"https:\/\/api.w.org\/{rel}","templated":true}]}}