{"id":1189,"date":"2026-02-11T03:19:51","date_gmt":"2026-02-11T03:19:51","guid":{"rendered":"https:\/\/www.qingfaceramic.com\/?post_type=product&#038;p=1189"},"modified":"2026-02-11T03:28:31","modified_gmt":"2026-02-11T03:28:31","slug":"custom-coffee-cup-in-arabic","status":"publish","type":"product","link":"https:\/\/www.qingfaceramic.com\/de\/produkt\/custom-coffee-cup-in-arabic\/","title":{"rendered":"Benutzerdefinierte Kaffeetasse in arabischen handgefertigten Muster Keramik 75 ml"},"content":{"rendered":"<h2 class=\"wp-block-heading\">Eigenschaften von Custom Coffee Cup in Arabisch<\/h2>\n\n\n\n<div class=\"wp-block-columns is-layout-flex wp-container-core-columns-is-layout-9d6595d7 wp-block-columns-is-layout-flex\">\n<div class=\"wp-block-column is-layout-flow wp-block-column-is-layout-flow\">\n<ol class=\"wp-block-list\">\n<li><strong>Authentische arabische Designelemente<\/strong> - Inspiriert von traditioneller arabischer Kunst und kulturellen Motiven, spiegelt diese Kaffeetasse die lokale \u00c4sthetik und das Erbe wider.<\/li>\n\n\n\n<li><strong>Handgefertigtes Muster Finish<\/strong> - Jede Tasse ist mit einem detaillierten Muster versehen, das ein einzigartiges handwerkliches Aussehen und eine angenehme Haptik bietet.<\/li>\n\n\n\n<li><strong>Individuelle Kaffeetasse auf Arabisch<\/strong> - Vollst\u00e4ndige OEM\/ODM-Unterst\u00fctzung f\u00fcr Logodruck, Oberfl\u00e4chenmuster, Glasurfarbe und Verpackung zur Anpassung an die Markenanforderungen.<\/li>\n\n\n\n<li><strong>Hochwertige keramische Konstruktion<\/strong> - Hergestellt aus langlebiger, lebensmittelechter Keramik, die eine gleichbleibende Leistung in gewerblichen und privaten Umgebungen gew\u00e4hrleistet.<\/li>\n\n\n\n<li><strong>Ideal f\u00fcr traditionellen arabischen Kaffee<\/strong> - Perfekte Gr\u00f6\u00dfe (\u224875 ml) zum Servieren von arabischem Kaffee oder Espresso, passend zu den kulturellen Getr\u00e4nkeritualen.<\/li>\n<\/ol>\n\n\n\n<div style=\"height:0px\" aria-hidden=\"true\" class=\"wp-block-spacer\"><\/div>\n<\/div>\n\n\n\n<div class=\"wp-block-column is-layout-flow wp-block-column-is-layout-flow\">\n<figure class=\"wp-block-image size-full\"><img decoding=\"async\" width=\"1048\" height=\"1048\" src=\"https:\/\/www.qingfaceramic.com\/wp-content\/uploads\/2026\/02\/Custom-Coffee-Cup-in-Arabic.webp\" alt=\"Individuelle Kaffeetasse auf Arabisch\" class=\"wp-image-1196\" srcset=\"https:\/\/www.qingfaceramic.com\/wp-content\/uploads\/2026\/02\/Custom-Coffee-Cup-in-Arabic.webp 1048w, https:\/\/www.qingfaceramic.com\/wp-content\/uploads\/2026\/02\/Custom-Coffee-Cup-in-Arabic-300x300.webp 300w, https:\/\/www.qingfaceramic.com\/wp-content\/uploads\/2026\/02\/Custom-Coffee-Cup-in-Arabic-150x150.webp 150w, https:\/\/www.qingfaceramic.com\/wp-content\/uploads\/2026\/02\/Custom-Coffee-Cup-in-Arabic-768x768.webp 768w, https:\/\/www.qingfaceramic.com\/wp-content\/uploads\/2026\/02\/Custom-Coffee-Cup-in-Arabic-12x12.webp 12w, https:\/\/www.qingfaceramic.com\/wp-content\/uploads\/2026\/02\/Custom-Coffee-Cup-in-Arabic-600x600.webp 600w, https:\/\/www.qingfaceramic.com\/wp-content\/uploads\/2026\/02\/Custom-Coffee-Cup-in-Arabic-100x100.webp 100w\" sizes=\"(max-width: 1048px) 100vw, 1048px\" \/><\/figure>\n<\/div>\n<\/div>\n\n\n\n<div class=\"wp-block-columns is-layout-flex wp-container-core-columns-is-layout-9d6595d7 wp-block-columns-is-layout-flex\">\n<div class=\"wp-block-column is-layout-flow wp-block-column-is-layout-flow\">\n<figure class=\"wp-block-image size-full\"><img decoding=\"async\" width=\"988\" height=\"988\" src=\"https:\/\/www.qingfaceramic.com\/wp-content\/uploads\/2026\/01\/Custom-Ceramic-Coffee-Mug1.webp\" alt=\"Individueller Keramik-Kaffeebecher1\" class=\"wp-image-608\" srcset=\"https:\/\/www.qingfaceramic.com\/wp-content\/uploads\/2026\/01\/Custom-Ceramic-Coffee-Mug1.webp 988w, https:\/\/www.qingfaceramic.com\/wp-content\/uploads\/2026\/01\/Custom-Ceramic-Coffee-Mug1-300x300.webp 300w, https:\/\/www.qingfaceramic.com\/wp-content\/uploads\/2026\/01\/Custom-Ceramic-Coffee-Mug1-150x150.webp 150w, https:\/\/www.qingfaceramic.com\/wp-content\/uploads\/2026\/01\/Custom-Ceramic-Coffee-Mug1-768x768.webp 768w, https:\/\/www.qingfaceramic.com\/wp-content\/uploads\/2026\/01\/Custom-Ceramic-Coffee-Mug1-600x600.webp 600w, https:\/\/www.qingfaceramic.com\/wp-content\/uploads\/2026\/01\/Custom-Ceramic-Coffee-Mug1-100x100.webp 100w\" sizes=\"(max-width: 988px) 100vw, 988px\" \/><\/figure>\n<\/div>\n\n\n\n<div class=\"wp-block-column is-layout-flow wp-block-column-is-layout-flow\">\n<figure class=\"wp-block-image size-full\"><img decoding=\"async\" width=\"750\" height=\"582\" src=\"https:\/\/www.qingfaceramic.com\/wp-content\/uploads\/2026\/01\/custom-ceramic-coffee-mug8.webp\" alt=\"individuelle Keramik-Kaffeetasse8\" class=\"wp-image-611\" srcset=\"https:\/\/www.qingfaceramic.com\/wp-content\/uploads\/2026\/01\/custom-ceramic-coffee-mug8.webp 750w, https:\/\/www.qingfaceramic.com\/wp-content\/uploads\/2026\/01\/custom-ceramic-coffee-mug8-300x233.webp 300w, https:\/\/www.qingfaceramic.com\/wp-content\/uploads\/2026\/01\/custom-ceramic-coffee-mug8-600x466.webp 600w\" sizes=\"(max-width: 750px) 100vw, 750px\" \/><\/figure>\n<\/div>\n<\/div>\n\n\n\n<p><\/p>","protected":false},"excerpt":{"rendered":"<p data-start=\"503\" data-end=\"756\">Unsere individuelle Kaffeetasse in arabischer Sprache verf\u00fcgt \u00fcber ein handgefertigtes Musterdesign auf hochwertiger Keramik mit einer authentischen arabischen \u00c4sthetik. Sie eignet sich ideal zum Servieren von traditionellem arabischem Kaffee, f\u00fcr Caf\u00e9s, Hotels, kulturelle Geschenke und OEM-Anfertigungen.<\/p>\n<h2>Benutzerdefinierte Kaffeetasse in Arabisch Parameter<\/h2>\n<table>\n<thead>\n<tr>\n<th>Hersteller<\/th>\n<th>Qingfa Keramiken<\/th>\n<\/tr>\n<\/thead>\n<tbody>\n<tr>\n<td>Produktname<\/td>\n<td>Handgemachte Muster Keramik-Kaffeebecher \/ Custom Coffee Cup in Arabisch<\/td>\n<\/tr>\n<tr>\n<td>Material<\/td>\n<td>Hochwertige glasierte Keramik<\/td>\n<\/tr>\n<tr>\n<td>Kapazit\u00e4t<\/td>\n<td>Ca. 75 ml (anpassbar)<\/td>\n<\/tr>\n<tr>\n<td>Design \/ Stil<\/td>\n<td>Handgefertigtes Muster mit arabischer Kultur\u00e4sthetik<\/td>\n<\/tr>\n<tr>\n<td>Oberfl\u00e4che<\/td>\n<td>Glatte glasierte Keramik mit handwerklichem Muster<\/td>\n<\/tr>\n<tr>\n<td>Farboptionen<\/td>\n<td>Kundenspezifische Glasur und Muster erh\u00e4ltlich<\/td>\n<\/tr>\n<tr>\n<td>Handgriff<\/td>\n<td>Griffe oder grifflose Optionen verf\u00fcgbar<\/td>\n<\/tr>\n<tr>\n<td>Personalisierung<\/td>\n<td>Logodruck, Oberfl\u00e4chenmusterdesign, Farbglasur, Verpackung, OEM\/ODM<\/td>\n<\/tr>\n<tr>\n<td>Verwendung<\/td>\n<td>Arabischer Kaffee, Espresso, Getr\u00e4nkespezialit\u00e4ten f\u00fcr Caf\u00e9s, Hotels und kulturelle Geschenkartikel<\/td>\n<\/tr>\n<tr>\n<td>Zertifizierungen<\/td>\n<td>FDA, LFGB, ISO (je nach Kundenanpassung)<\/td>\n<\/tr>\n<\/tbody>\n<\/table>\n<p>&nbsp;<\/p>","protected":false},"featured_media":1190,"comment_status":"closed","ping_status":"closed","template":"","meta":{"_acf_changed":false},"market":[42],"product_brand":[],"product_cat":[17,28],"product_tag":[],"class_list":{"0":"post-1189","1":"product","2":"type-product","3":"status-publish","4":"has-post-thumbnail","6":"market-middle-east-market","7":"product_cat-custom-coffee-cups","8":"product_cat-custom-coffee-mugs","10":"first","11":"instock","12":"shipping-taxable","13":"product-type-simple"},"acf":[],"_links":{"self":[{"href":"https:\/\/www.qingfaceramic.com\/de\/wp-json\/wp\/v2\/product\/1189","targetHints":{"allow":["GET"]}}],"collection":[{"href":"https:\/\/www.qingfaceramic.com\/de\/wp-json\/wp\/v2\/product"}],"about":[{"href":"https:\/\/www.qingfaceramic.com\/de\/wp-json\/wp\/v2\/types\/product"}],"replies":[{"embeddable":true,"href":"https:\/\/www.qingfaceramic.com\/de\/wp-json\/wp\/v2\/comments?post=1189"}],"wp:featuredmedia":[{"embeddable":true,"href":"https:\/\/www.qingfaceramic.com\/de\/wp-json\/wp\/v2\/media\/1190"}],"wp:attachment":[{"href":"https:\/\/www.qingfaceramic.com\/de\/wp-json\/wp\/v2\/media?parent=1189"}],"wp:term":[{"taxonomy":"market","embeddable":true,"href":"https:\/\/www.qingfaceramic.com\/de\/wp-json\/wp\/v2\/market?post=1189"},{"taxonomy":"product_brand","embeddable":true,"href":"https:\/\/www.qingfaceramic.com\/de\/wp-json\/wp\/v2\/product_brand?post=1189"},{"taxonomy":"product_cat","embeddable":true,"href":"https:\/\/www.qingfaceramic.com\/de\/wp-json\/wp\/v2\/product_cat?post=1189"},{"taxonomy":"product_tag","embeddable":true,"href":"https:\/\/www.qingfaceramic.com\/de\/wp-json\/wp\/v2\/product_tag?post=1189"}],"curies":[{"name":"wp","href":"https:\/\/api.w.org\/{rel}","templated":true}]}}