{"id":1164,"date":"2026-02-11T02:07:40","date_gmt":"2026-02-11T02:07:40","guid":{"rendered":"https:\/\/www.qingfaceramic.com\/?post_type=product&#038;p=1164"},"modified":"2026-02-11T02:16:59","modified_gmt":"2026-02-11T02:16:59","slug":"custom-arabian-coffee-cups-hand-made","status":"publish","type":"product","link":"https:\/\/www.qingfaceramic.com\/de\/produkt\/custom-arabian-coffee-cups-hand-made\/","title":{"rendered":"Benutzerdefinierte arabischen Kaffeetassen Hand Made raue Textur Keramik"},"content":{"rendered":"<h2 class=\"wp-block-heading\">Merkmale von Custom Arabian Kaffeetassen<\/h2>\n\n\n\n<div class=\"wp-block-columns is-layout-flex wp-container-core-columns-is-layout-9d6595d7 wp-block-columns-is-layout-flex\">\n<div class=\"wp-block-column is-layout-flow wp-block-column-is-layout-flow\">\n<ol class=\"wp-block-list\">\n<li>Durch die handwerkliche Verarbeitung entstehen nat\u00fcrliche Variationen in Textur und Form, die jeder Tasse einen einzigartigen, handwerklichen Charakter verleihen und nicht wie Massenware aussehen.<\/li>\n\n\n\n<li>Die raue Keramikoberfl\u00e4che vermittelt ein raues, taktiles Gef\u00fchl, das die traditionelle arabische \u00c4sthetik und den handwerklichen Wert unterstreicht.<\/li>\n\n\n\n<li>Die minimalistische Form im finnischen Stil unterstreicht die kulturelle Authentizit\u00e4t und ist ideal f\u00fcr das Servieren von erstklassigem arabischem Kaffee.<\/li>\n\n\n\n<li>Die nat\u00fcrliche Glasur hebt die erdige Textur hervor und ist gleichzeitig lebensmittelecht und f\u00fcr den t\u00e4glichen Gebrauch in der Gastronomie geeignet.<\/li>\n\n\n\n<li>Konzipiert f\u00fcr gehobene Caf\u00e9s, kulturelle Einrichtungen und Lifestyle-Marken, die handgefertigte Produkte anstelle von Hochglanzdrucken suchen.<\/li>\n\n\n\n<li>Die OEM\/ODM-Unterst\u00fctzung konzentriert sich auf die Anpassung von Form, Glasurton und Textur anstelle von schwerem Grafikdruck, was ideal f\u00fcr handwerkliche Kollektionen ist.<\/li>\n<\/ol>\n\n\n\n<div style=\"height:0px\" aria-hidden=\"true\" class=\"wp-block-spacer\"><\/div>\n<\/div>\n\n\n\n<div class=\"wp-block-column is-layout-flow wp-block-column-is-layout-flow\">\n<figure class=\"wp-block-image size-full\"><img decoding=\"async\" width=\"1334\" height=\"1376\" src=\"https:\/\/www.qingfaceramic.com\/wp-content\/uploads\/2026\/02\/Custom-Arabian-Coffee-Cups-Hand-Made-Rough-Texture-Ceramic1.1.webp\" alt=\"Benutzerdefinierte arabischen Kaffeetassen Hand Made raue Textur Keramik1.1\" class=\"wp-image-1165\" srcset=\"https:\/\/www.qingfaceramic.com\/wp-content\/uploads\/2026\/02\/Custom-Arabian-Coffee-Cups-Hand-Made-Rough-Texture-Ceramic1.1.webp 1334w, https:\/\/www.qingfaceramic.com\/wp-content\/uploads\/2026\/02\/Custom-Arabian-Coffee-Cups-Hand-Made-Rough-Texture-Ceramic1.1-291x300.webp 291w, https:\/\/www.qingfaceramic.com\/wp-content\/uploads\/2026\/02\/Custom-Arabian-Coffee-Cups-Hand-Made-Rough-Texture-Ceramic1.1-768x792.webp 768w, https:\/\/www.qingfaceramic.com\/wp-content\/uploads\/2026\/02\/Custom-Arabian-Coffee-Cups-Hand-Made-Rough-Texture-Ceramic1.1-12x12.webp 12w, https:\/\/www.qingfaceramic.com\/wp-content\/uploads\/2026\/02\/Custom-Arabian-Coffee-Cups-Hand-Made-Rough-Texture-Ceramic1.1-1200x1238.webp 1200w, https:\/\/www.qingfaceramic.com\/wp-content\/uploads\/2026\/02\/Custom-Arabian-Coffee-Cups-Hand-Made-Rough-Texture-Ceramic1.1-600x619.webp 600w\" sizes=\"(max-width: 1334px) 100vw, 1334px\" \/><\/figure>\n<\/div>\n<\/div>\n\n\n\n<div class=\"wp-block-columns is-layout-flex wp-container-core-columns-is-layout-9d6595d7 wp-block-columns-is-layout-flex\">\n<div class=\"wp-block-column is-layout-flow wp-block-column-is-layout-flow\">\n<figure class=\"wp-block-image size-full\"><img decoding=\"async\" width=\"988\" height=\"988\" src=\"https:\/\/www.qingfaceramic.com\/wp-content\/uploads\/2026\/01\/Custom-Ceramic-Coffee-Mug1.webp\" alt=\"Individueller Keramik-Kaffeebecher1\" class=\"wp-image-608\" srcset=\"https:\/\/www.qingfaceramic.com\/wp-content\/uploads\/2026\/01\/Custom-Ceramic-Coffee-Mug1.webp 988w, https:\/\/www.qingfaceramic.com\/wp-content\/uploads\/2026\/01\/Custom-Ceramic-Coffee-Mug1-300x300.webp 300w, https:\/\/www.qingfaceramic.com\/wp-content\/uploads\/2026\/01\/Custom-Ceramic-Coffee-Mug1-150x150.webp 150w, https:\/\/www.qingfaceramic.com\/wp-content\/uploads\/2026\/01\/Custom-Ceramic-Coffee-Mug1-768x768.webp 768w, https:\/\/www.qingfaceramic.com\/wp-content\/uploads\/2026\/01\/Custom-Ceramic-Coffee-Mug1-600x600.webp 600w, https:\/\/www.qingfaceramic.com\/wp-content\/uploads\/2026\/01\/Custom-Ceramic-Coffee-Mug1-100x100.webp 100w\" sizes=\"(max-width: 988px) 100vw, 988px\" \/><\/figure>\n<\/div>\n\n\n\n<div class=\"wp-block-column is-layout-flow wp-block-column-is-layout-flow\">\n<figure class=\"wp-block-image size-full\"><img decoding=\"async\" width=\"750\" height=\"582\" src=\"https:\/\/www.qingfaceramic.com\/wp-content\/uploads\/2026\/01\/custom-ceramic-coffee-mug8.webp\" alt=\"individuelle Keramik-Kaffeetasse8\" class=\"wp-image-611\" srcset=\"https:\/\/www.qingfaceramic.com\/wp-content\/uploads\/2026\/01\/custom-ceramic-coffee-mug8.webp 750w, https:\/\/www.qingfaceramic.com\/wp-content\/uploads\/2026\/01\/custom-ceramic-coffee-mug8-300x233.webp 300w, https:\/\/www.qingfaceramic.com\/wp-content\/uploads\/2026\/01\/custom-ceramic-coffee-mug8-600x466.webp 600w\" sizes=\"(max-width: 750px) 100vw, 750px\" \/><\/figure>\n<\/div>\n<\/div>\n\n\n\n<p><\/p>","protected":false},"excerpt":{"rendered":"<p data-start=\"503\" data-end=\"756\">Unsere ma\u00dfgefertigten arabischen Kaffeetassen bestehen aus handgefertigter, grob strukturierter Keramik im traditionellen arabischen Finjan-Stil und eignen sich perfekt f\u00fcr Caf\u00e9s, Hotels, kulturelle Veranstaltungen und OEM\/ODM-Gro\u00dfauftr\u00e4ge mit anpassbaren Logos und Mustern.<\/p>\n<h2>Individuelle arabische Kaffeetassen Parameter<\/h2>\n<table>\n<thead>\n<tr>\n<th>Hersteller<\/th>\n<th>Qingfa Keramiken<\/th>\n<\/tr>\n<\/thead>\n<tbody>\n<tr>\n<td>Produktname<\/td>\n<td>Handgemachte raue Textur Keramik Finjan \/ Custom Arabian Kaffeetassen<\/td>\n<\/tr>\n<tr>\n<td>Material<\/td>\n<td>Hochwertige Keramik<\/td>\n<\/tr>\n<tr>\n<td>Kapazit\u00e4t<\/td>\n<td>Ca. 150 ml (arabische Kaffeegr\u00f6\u00dfe, anpassbar)<\/td>\n<\/tr>\n<tr>\n<td>Design-Stil<\/td>\n<td>Handgefertigter finnischer Stil mit rauer Textur<\/td>\n<\/tr>\n<tr>\n<td>Oberfl\u00e4che<\/td>\n<td>Nat\u00fcrliche raue Textur mit lebensmittelechter Glasur<\/td>\n<\/tr>\n<tr>\n<td>Farboptionen<\/td>\n<td>Nat\u00fcrliche Keramikt\u00f6ne oder individuelle Glasurfarben<\/td>\n<\/tr>\n<tr>\n<td>Handgriff<\/td>\n<td>Griffloses, traditionelles Finjan-Design<\/td>\n<\/tr>\n<tr>\n<td>Personalisierung<\/td>\n<td>Form, Textur, Glasurfarbe, OEM\/ODM-Produktion<\/td>\n<\/tr>\n<tr>\n<td>Verwendung<\/td>\n<td>Arabischer Kaffee, Kaffeespezialit\u00e4ten, kulturelle Gastfreundschaft<\/td>\n<\/tr>\n<tr>\n<td>Zielmarkt<\/td>\n<td>Naher Osten, Boutique-Caf\u00e9s, Premium-Gastronomie<\/td>\n<\/tr>\n<tr>\n<td>Zertifizierungen<\/td>\n<td>FDA \/ LFGB \/ ISO (auf Anfrage)<\/td>\n<\/tr>\n<\/tbody>\n<\/table>\n<p>&nbsp;<\/p>","protected":false},"featured_media":1172,"comment_status":"closed","ping_status":"closed","template":"","meta":{"_acf_changed":false},"market":[42],"product_brand":[],"product_cat":[17,28],"product_tag":[],"class_list":{"0":"post-1164","1":"product","2":"type-product","3":"status-publish","4":"has-post-thumbnail","6":"market-middle-east-market","7":"product_cat-custom-coffee-cups","8":"product_cat-custom-coffee-mugs","10":"first","11":"instock","12":"shipping-taxable","13":"product-type-simple"},"acf":[],"_links":{"self":[{"href":"https:\/\/www.qingfaceramic.com\/de\/wp-json\/wp\/v2\/product\/1164","targetHints":{"allow":["GET"]}}],"collection":[{"href":"https:\/\/www.qingfaceramic.com\/de\/wp-json\/wp\/v2\/product"}],"about":[{"href":"https:\/\/www.qingfaceramic.com\/de\/wp-json\/wp\/v2\/types\/product"}],"replies":[{"embeddable":true,"href":"https:\/\/www.qingfaceramic.com\/de\/wp-json\/wp\/v2\/comments?post=1164"}],"wp:featuredmedia":[{"embeddable":true,"href":"https:\/\/www.qingfaceramic.com\/de\/wp-json\/wp\/v2\/media\/1172"}],"wp:attachment":[{"href":"https:\/\/www.qingfaceramic.com\/de\/wp-json\/wp\/v2\/media?parent=1164"}],"wp:term":[{"taxonomy":"market","embeddable":true,"href":"https:\/\/www.qingfaceramic.com\/de\/wp-json\/wp\/v2\/market?post=1164"},{"taxonomy":"product_brand","embeddable":true,"href":"https:\/\/www.qingfaceramic.com\/de\/wp-json\/wp\/v2\/product_brand?post=1164"},{"taxonomy":"product_cat","embeddable":true,"href":"https:\/\/www.qingfaceramic.com\/de\/wp-json\/wp\/v2\/product_cat?post=1164"},{"taxonomy":"product_tag","embeddable":true,"href":"https:\/\/www.qingfaceramic.com\/de\/wp-json\/wp\/v2\/product_tag?post=1164"}],"curies":[{"name":"wp","href":"https:\/\/api.w.org\/{rel}","templated":true}]}}