{"id":1148,"date":"2026-02-11T01:48:04","date_gmt":"2026-02-11T01:48:04","guid":{"rendered":"https:\/\/www.qingfaceramic.com\/?post_type=product&#038;p=1148"},"modified":"2026-02-11T02:00:16","modified_gmt":"2026-02-11T02:00:16","slug":"custom-arabia-coffee-cups","status":"publish","type":"product","link":"https:\/\/www.qingfaceramic.com\/de\/produkt\/custom-arabia-coffee-cups\/","title":{"rendered":"Benutzerdefinierte Arabien Kaffeetassen Kreative Griff 50 ml Arabisch Keramik Kaffeebecher"},"content":{"rendered":"<h2 class=\"wp-block-heading\">Merkmale von Custom Arabia Kaffeetassen<\/h2>\n\n\n\n<div class=\"wp-block-columns is-layout-flex wp-container-core-columns-is-layout-9d6595d7 wp-block-columns-is-layout-flex\">\n<div class=\"wp-block-column is-layout-flow wp-block-column-is-layout-flow\">\n<ol class=\"wp-block-list\">\n<li><strong>Individuelle Arabien-Kaffeetassen<\/strong> - Unterst\u00fctzung der vollst\u00e4ndigen OEM\/ODM-Anpassung, einschlie\u00dflich Logodruck, Mustervorlagen und Verpackungen, die Ihren Markenanforderungen entsprechen.<\/li>\n\n\n\n<li><strong>Kreatives Griffdesign<\/strong> - Ein ergonomischer und stilvoller Griff verbessert die Griffigkeit und verleiht dem Ger\u00e4t eine orientalische \u00c4sthetik.<\/li>\n\n\n\n<li><strong>Authentischer arabischer Stil<\/strong> - Das Design spiegelt die saudi-arabische Kaffeekultur mit ihren traditionellen Formen und Proportionen wider.<\/li>\n\n\n\n<li><strong>Hochwertige keramische Konstruktion<\/strong> - Die haltbare, lebensmittelechte Glasur gew\u00e4hrleistet eine lange Lebensdauer in Caf\u00e9s, Hotels oder Gastst\u00e4tten.<\/li>\n\n\n\n<li><strong>Ideal f\u00fcr Kaffeerituale<\/strong> - Das kleine Fassungsverm\u00f6gen von 50 ml entspricht den traditionellen arabischen Kaffee-Serviergewohnheiten und verleiht kulturelle Authentizit\u00e4t.<\/li>\n\n\n\n<li><strong>Gro\u00dfhandel &amp; Bulk Ready<\/strong> - Dank der konsequenten Qualit\u00e4tskontrolle und der skalierbaren Produktion eignen sich diese Becher f\u00fcr Distributoren, Einzelh\u00e4ndler und Gro\u00dfauftr\u00e4ge.<\/li>\n<\/ol>\n\n\n\n<div style=\"height:0px\" aria-hidden=\"true\" class=\"wp-block-spacer\"><\/div>\n<\/div>\n\n\n\n<div class=\"wp-block-column is-layout-flow wp-block-column-is-layout-flow\">\n<figure class=\"wp-block-image size-full\"><img decoding=\"async\" width=\"1278\" height=\"2514\" src=\"https:\/\/www.qingfaceramic.com\/wp-content\/uploads\/2026\/02\/Custom-Arabia-Coffee-Cups1.1.webp\" alt=\"Custom Arabia Kaffeetassen1.1\" class=\"wp-image-1149\" srcset=\"https:\/\/www.qingfaceramic.com\/wp-content\/uploads\/2026\/02\/Custom-Arabia-Coffee-Cups1.1.webp 1278w, https:\/\/www.qingfaceramic.com\/wp-content\/uploads\/2026\/02\/Custom-Arabia-Coffee-Cups1.1-153x300.webp 153w, https:\/\/www.qingfaceramic.com\/wp-content\/uploads\/2026\/02\/Custom-Arabia-Coffee-Cups1.1-768x1511.webp 768w, https:\/\/www.qingfaceramic.com\/wp-content\/uploads\/2026\/02\/Custom-Arabia-Coffee-Cups1.1-6x12.webp 6w, https:\/\/www.qingfaceramic.com\/wp-content\/uploads\/2026\/02\/Custom-Arabia-Coffee-Cups1.1-1200x2361.webp 1200w, https:\/\/www.qingfaceramic.com\/wp-content\/uploads\/2026\/02\/Custom-Arabia-Coffee-Cups1.1-600x1180.webp 600w\" sizes=\"(max-width: 1278px) 100vw, 1278px\" \/><\/figure>\n<\/div>\n<\/div>\n\n\n\n<div class=\"wp-block-columns is-layout-flex wp-container-core-columns-is-layout-9d6595d7 wp-block-columns-is-layout-flex\">\n<div class=\"wp-block-column is-layout-flow wp-block-column-is-layout-flow\">\n<figure class=\"wp-block-image size-full\"><img decoding=\"async\" width=\"988\" height=\"988\" src=\"https:\/\/www.qingfaceramic.com\/wp-content\/uploads\/2026\/01\/Custom-Ceramic-Coffee-Mug1.webp\" alt=\"Individueller Keramik-Kaffeebecher1\" class=\"wp-image-608\" srcset=\"https:\/\/www.qingfaceramic.com\/wp-content\/uploads\/2026\/01\/Custom-Ceramic-Coffee-Mug1.webp 988w, https:\/\/www.qingfaceramic.com\/wp-content\/uploads\/2026\/01\/Custom-Ceramic-Coffee-Mug1-300x300.webp 300w, https:\/\/www.qingfaceramic.com\/wp-content\/uploads\/2026\/01\/Custom-Ceramic-Coffee-Mug1-150x150.webp 150w, https:\/\/www.qingfaceramic.com\/wp-content\/uploads\/2026\/01\/Custom-Ceramic-Coffee-Mug1-768x768.webp 768w, https:\/\/www.qingfaceramic.com\/wp-content\/uploads\/2026\/01\/Custom-Ceramic-Coffee-Mug1-600x600.webp 600w, https:\/\/www.qingfaceramic.com\/wp-content\/uploads\/2026\/01\/Custom-Ceramic-Coffee-Mug1-100x100.webp 100w\" sizes=\"(max-width: 988px) 100vw, 988px\" \/><\/figure>\n<\/div>\n\n\n\n<div class=\"wp-block-column is-layout-flow wp-block-column-is-layout-flow\">\n<figure class=\"wp-block-image size-full\"><img decoding=\"async\" width=\"750\" height=\"582\" src=\"https:\/\/www.qingfaceramic.com\/wp-content\/uploads\/2026\/01\/custom-ceramic-coffee-mug8.webp\" alt=\"individuelle Keramik-Kaffeetasse8\" class=\"wp-image-611\" srcset=\"https:\/\/www.qingfaceramic.com\/wp-content\/uploads\/2026\/01\/custom-ceramic-coffee-mug8.webp 750w, https:\/\/www.qingfaceramic.com\/wp-content\/uploads\/2026\/01\/custom-ceramic-coffee-mug8-300x233.webp 300w, https:\/\/www.qingfaceramic.com\/wp-content\/uploads\/2026\/01\/custom-ceramic-coffee-mug8-600x466.webp 600w\" sizes=\"(max-width: 750px) 100vw, 750px\" \/><\/figure>\n<\/div>\n<\/div>","protected":false},"excerpt":{"rendered":"<p>Unsere ma\u00dfgefertigten Arabia-Kaffeebecher mit kreativem Henkel und authentischem orientalischem Design in 50-ml-Keramikform sind ideal f\u00fcr Caf\u00e9s, Hotels, kulturelle Veranstaltungen und OEM-Gro\u00dfbestellungen mit anpassbaren Logos und Mustern.<\/p>\n<h2>Benutzerdefinierte Arabien Kaffeetassen Parameter<\/h2>\n<table>\n<thead>\n<tr>\n<th>Hersteller<\/th>\n<th>Qingfa Keramiken<\/th>\n<\/tr>\n<\/thead>\n<tbody>\n<tr>\n<td>Produktname<\/td>\n<td>Kreative Griff Arabisch Keramik Kaffeetasse \/ Custom Arabien Kaffeetassen<\/td>\n<\/tr>\n<tr>\n<td>Material<\/td>\n<td>Hochwertige glasierte Keramik<\/td>\n<\/tr>\n<tr>\n<td>Kapazit\u00e4t<\/td>\n<td>Ca. 50 ml (typische arabische Kaffeetassengr\u00f6\u00dfe)<\/td>\n<\/tr>\n<tr>\n<td>Design \/ Stil<\/td>\n<td>Arabisch\/nah\u00f6stlich inspiriert mit einem kreativen Griff<\/td>\n<\/tr>\n<tr>\n<td>Oberfl\u00e4che<\/td>\n<td>Glatt glasierte Keramik, lebensmittelecht<\/td>\n<\/tr>\n<tr>\n<td>Farboptionen<\/td>\n<td>Individuelle Glasur- und Druckmusteroptionen verf\u00fcgbar<\/td>\n<\/tr>\n<tr>\n<td>Handgriff<\/td>\n<td>Kreativer ergonomischer Keramikgriff<\/td>\n<\/tr>\n<tr>\n<td>Personalisierung<\/td>\n<td>Logodruck, Aufklebervorlagen, Verpackung, OEM\/ODM<\/td>\n<\/tr>\n<tr>\n<td>Verwendung<\/td>\n<td>Arabischer Kaffee, Espresso, Tee und Getr\u00e4nke f\u00fcr Caf\u00e9s, Hotels und kulturelle Veranstaltungen<\/td>\n<\/tr>\n<tr>\n<td>Zertifizierungen<\/td>\n<td>FDA, LFGB, ISO (je nach Kundenanpassung)<\/td>\n<\/tr>\n<\/tbody>\n<\/table>\n<p>&nbsp;<\/p>","protected":false},"featured_media":1155,"comment_status":"closed","ping_status":"closed","template":"","meta":{"_acf_changed":false},"market":[42],"product_brand":[],"product_cat":[17,28],"product_tag":[],"class_list":{"0":"post-1148","1":"product","2":"type-product","3":"status-publish","4":"has-post-thumbnail","6":"market-middle-east-market","7":"product_cat-custom-coffee-cups","8":"product_cat-custom-coffee-mugs","10":"first","11":"instock","12":"shipping-taxable","13":"product-type-simple"},"acf":[],"_links":{"self":[{"href":"https:\/\/www.qingfaceramic.com\/de\/wp-json\/wp\/v2\/product\/1148","targetHints":{"allow":["GET"]}}],"collection":[{"href":"https:\/\/www.qingfaceramic.com\/de\/wp-json\/wp\/v2\/product"}],"about":[{"href":"https:\/\/www.qingfaceramic.com\/de\/wp-json\/wp\/v2\/types\/product"}],"replies":[{"embeddable":true,"href":"https:\/\/www.qingfaceramic.com\/de\/wp-json\/wp\/v2\/comments?post=1148"}],"wp:featuredmedia":[{"embeddable":true,"href":"https:\/\/www.qingfaceramic.com\/de\/wp-json\/wp\/v2\/media\/1155"}],"wp:attachment":[{"href":"https:\/\/www.qingfaceramic.com\/de\/wp-json\/wp\/v2\/media?parent=1148"}],"wp:term":[{"taxonomy":"market","embeddable":true,"href":"https:\/\/www.qingfaceramic.com\/de\/wp-json\/wp\/v2\/market?post=1148"},{"taxonomy":"product_brand","embeddable":true,"href":"https:\/\/www.qingfaceramic.com\/de\/wp-json\/wp\/v2\/product_brand?post=1148"},{"taxonomy":"product_cat","embeddable":true,"href":"https:\/\/www.qingfaceramic.com\/de\/wp-json\/wp\/v2\/product_cat?post=1148"},{"taxonomy":"product_tag","embeddable":true,"href":"https:\/\/www.qingfaceramic.com\/de\/wp-json\/wp\/v2\/product_tag?post=1148"}],"curies":[{"name":"wp","href":"https:\/\/api.w.org\/{rel}","templated":true}]}}