{"id":1118,"date":"2026-02-07T02:30:13","date_gmt":"2026-02-07T02:30:13","guid":{"rendered":"https:\/\/www.qingfaceramic.com\/?post_type=product&#038;p=1118"},"modified":"2026-02-07T06:43:41","modified_gmt":"2026-02-07T06:43:41","slug":"custom-ceramic-coffee-cups-arabic-hand-made","status":"publish","type":"product","link":"https:\/\/www.qingfaceramic.com\/de\/produkt\/custom-ceramic-coffee-cups-arabic-hand-made\/","title":{"rendered":"Benutzerdefinierte keramische Kaffeetassen Arabisch Hand Made Gro\u00dfhandel keramische Trinkgeschirr"},"content":{"rendered":"<h2 class=\"wp-block-heading\">Merkmale der individuellen Keramik-Kaffeetassen<\/h2>\n\n\n\n<div class=\"wp-block-columns is-layout-flex wp-container-core-columns-is-layout-9d6595d7 wp-block-columns-is-layout-flex\">\n<div class=\"wp-block-column is-layout-flow wp-block-column-is-layout-flow\">\n<ol class=\"wp-block-list\">\n<li><strong>Individuelle Keramik-Kaffeetassen<\/strong> - Unterst\u00fctzung der OEM\/ODM-Anpassung, einschlie\u00dflich Logodruck, Musterdesign und Verpackung zur Markendifferenzierung.<\/li>\n\n\n\n<li><strong>Arabisch Handmade Style<\/strong> - Spiegelt die traditionelle Kaffeekultur des Nahen Ostens mit handwerklichem Charme wider und ist ideal f\u00fcr eine authentische Pr\u00e4sentation.<\/li>\n\n\n\n<li><strong>Hochwertige glasierte Keramik<\/strong> - Strapazierf\u00e4higes Keramikmaterial mit glatter, lebensmittelechter Glasur, die die Benutzerfreundlichkeit und \u00c4sthetik verbessert.<\/li>\n\n\n\n<li><strong>Kulturelle und gastgewerbliche Nutzung<\/strong> - Geeignet zum Servieren von arabischem Kaffee in Caf\u00e9s, Hotels, Restaurants und bei kulturellen Veranstaltungen.<\/li>\n\n\n\n<li><strong>Gro\u00dfhandel Bulk Supply<\/strong> - Konzipiert f\u00fcr Gro\u00dfauftr\u00e4ge mit gleichbleibender Qualit\u00e4t, die die Anforderungen von H\u00e4ndlern und Importeuren erf\u00fcllen.<\/li>\n\n\n\n<li><strong>Vielseitige Verwendung von Getr\u00e4nken<\/strong> - Ideal f\u00fcr Espresso, arabischen Kaffee, Tee und andere Hei\u00dfgetr\u00e4nke in gewerblichen Einrichtungen.<\/li>\n<\/ol>\n<\/div>\n\n\n\n<div class=\"wp-block-column is-layout-flow wp-block-column-is-layout-flow\">\n<figure class=\"wp-block-image size-full\"><img decoding=\"async\" width=\"1382\" height=\"1694\" src=\"https:\/\/www.qingfaceramic.com\/wp-content\/uploads\/2026\/02\/Custom-Ceramic-Coffee-Cups-Arabic-Hand-Made15.webp\" alt=\"Individuelle Keramik-Kaffeetassen Arabisch Hand Made15\" class=\"wp-image-1119\" srcset=\"https:\/\/www.qingfaceramic.com\/wp-content\/uploads\/2026\/02\/Custom-Ceramic-Coffee-Cups-Arabic-Hand-Made15.webp 1382w, https:\/\/www.qingfaceramic.com\/wp-content\/uploads\/2026\/02\/Custom-Ceramic-Coffee-Cups-Arabic-Hand-Made15-245x300.webp 245w, https:\/\/www.qingfaceramic.com\/wp-content\/uploads\/2026\/02\/Custom-Ceramic-Coffee-Cups-Arabic-Hand-Made15-768x941.webp 768w, https:\/\/www.qingfaceramic.com\/wp-content\/uploads\/2026\/02\/Custom-Ceramic-Coffee-Cups-Arabic-Hand-Made15-10x12.webp 10w, https:\/\/www.qingfaceramic.com\/wp-content\/uploads\/2026\/02\/Custom-Ceramic-Coffee-Cups-Arabic-Hand-Made15-1200x1471.webp 1200w, https:\/\/www.qingfaceramic.com\/wp-content\/uploads\/2026\/02\/Custom-Ceramic-Coffee-Cups-Arabic-Hand-Made15-600x735.webp 600w\" sizes=\"(max-width: 1382px) 100vw, 1382px\" \/><\/figure>\n<\/div>\n<\/div>\n\n\n\n<div class=\"wp-block-columns is-layout-flex wp-container-core-columns-is-layout-9d6595d7 wp-block-columns-is-layout-flex\">\n<div class=\"wp-block-column is-layout-flow wp-block-column-is-layout-flow\">\n<figure class=\"wp-block-image size-full\"><img decoding=\"async\" width=\"750\" height=\"582\" src=\"https:\/\/www.qingfaceramic.com\/wp-content\/uploads\/2026\/01\/custom-ceramic-coffee-mug8.webp\" alt=\"individuelle Keramik-Kaffeetasse8\" class=\"wp-image-611\" srcset=\"https:\/\/www.qingfaceramic.com\/wp-content\/uploads\/2026\/01\/custom-ceramic-coffee-mug8.webp 750w, https:\/\/www.qingfaceramic.com\/wp-content\/uploads\/2026\/01\/custom-ceramic-coffee-mug8-300x233.webp 300w, https:\/\/www.qingfaceramic.com\/wp-content\/uploads\/2026\/01\/custom-ceramic-coffee-mug8-600x466.webp 600w\" sizes=\"(max-width: 750px) 100vw, 750px\" \/><\/figure>\n<\/div>\n\n\n\n<div class=\"wp-block-column is-layout-flow wp-block-column-is-layout-flow\">\n<figure class=\"wp-block-image size-full\"><img decoding=\"async\" width=\"988\" height=\"988\" src=\"https:\/\/www.qingfaceramic.com\/wp-content\/uploads\/2026\/01\/Custom-Ceramic-Coffee-Mug1.webp\" alt=\"Individueller Keramik-Kaffeebecher1\" class=\"wp-image-608\" srcset=\"https:\/\/www.qingfaceramic.com\/wp-content\/uploads\/2026\/01\/Custom-Ceramic-Coffee-Mug1.webp 988w, https:\/\/www.qingfaceramic.com\/wp-content\/uploads\/2026\/01\/Custom-Ceramic-Coffee-Mug1-300x300.webp 300w, https:\/\/www.qingfaceramic.com\/wp-content\/uploads\/2026\/01\/Custom-Ceramic-Coffee-Mug1-150x150.webp 150w, https:\/\/www.qingfaceramic.com\/wp-content\/uploads\/2026\/01\/Custom-Ceramic-Coffee-Mug1-768x768.webp 768w, https:\/\/www.qingfaceramic.com\/wp-content\/uploads\/2026\/01\/Custom-Ceramic-Coffee-Mug1-600x600.webp 600w, https:\/\/www.qingfaceramic.com\/wp-content\/uploads\/2026\/01\/Custom-Ceramic-Coffee-Mug1-100x100.webp 100w\" sizes=\"(max-width: 988px) 100vw, 988px\" \/><\/figure>\n<\/div>\n<\/div>","protected":false},"excerpt":{"rendered":"<p>Unsere ma\u00dfgefertigten Keramik-Kaffeebecher verf\u00fcgen \u00fcber ein handgefertigtes Design im arabischen Stil und sind aus hochwertiger glasierter Keramik gefertigt. Diese Tassen eignen sich perfekt f\u00fcr Caf\u00e9s, Hotels, kulturelle Veranstaltungen und den Einzelhandel und k\u00f6nnen bei Gro\u00dfbestellungen mit Logos, Mustern und Verpackungen individuell gestaltet werden (OEM\/ODM).<\/p>\n<h2>Individuelle Keramik-Kaffeetassen Parameter<\/h2>\n<table>\n<thead>\n<tr>\n<th>Hersteller<\/th>\n<th>Qingfa Keramiken<\/th>\n<\/tr>\n<\/thead>\n<tbody>\n<tr>\n<td>Produktname<\/td>\n<td>Arabische handgemachte Keramik-Kaffeetassen \/ Individuelle Keramik-Kaffeetassen<\/td>\n<\/tr>\n<tr>\n<td>Material<\/td>\n<td>Hochwertige glasierte Keramik<\/td>\n<\/tr>\n<tr>\n<td>Kapazit\u00e4t<\/td>\n<td>Ca. 150 ml (typische arabische Tassengr\u00f6\u00dfe, anpassbar)<\/td>\n<\/tr>\n<tr>\n<td>Design \/ Stil<\/td>\n<td>Handgefertigte arabische Kaffeetasse mit traditionellen Motiven<\/td>\n<\/tr>\n<tr>\n<td>Oberfl\u00e4che<\/td>\n<td>Glatte, lebensmittelechte Glasur<\/td>\n<\/tr>\n<tr>\n<td>Farboptionen<\/td>\n<td>Individuelle Glasur- und Musteroptionen verf\u00fcgbar<\/td>\n<\/tr>\n<tr>\n<td>Personalisierung<\/td>\n<td>Logodruck, Oberfl\u00e4chengestaltung, Verpackung, OEM\/ODM<\/td>\n<\/tr>\n<tr>\n<td>Handgriff<\/td>\n<td>Griffe oder grifflose Optionen verf\u00fcgbar<\/td>\n<\/tr>\n<tr>\n<td>Verwendung<\/td>\n<td>Arabischer Kaffee, Espresso, Tee f\u00fcr Caf\u00e9s, Hotels, kulturelle Veranstaltungen, Einzelhandel<\/td>\n<\/tr>\n<tr>\n<td>Zertifizierungen<\/td>\n<td>FDA, LFGB, ISO (je nach Kundenanpassung)<\/td>\n<\/tr>\n<\/tbody>\n<\/table>\n<p>&nbsp;<\/p>","protected":false},"featured_media":1126,"comment_status":"closed","ping_status":"closed","template":"","meta":{"_acf_changed":false},"market":[42],"product_brand":[],"product_cat":[17,28],"product_tag":[],"class_list":{"0":"post-1118","1":"product","2":"type-product","3":"status-publish","4":"has-post-thumbnail","6":"market-middle-east-market","7":"product_cat-custom-coffee-cups","8":"product_cat-custom-coffee-mugs","10":"first","11":"instock","12":"shipping-taxable","13":"product-type-simple"},"acf":[],"_links":{"self":[{"href":"https:\/\/www.qingfaceramic.com\/de\/wp-json\/wp\/v2\/product\/1118","targetHints":{"allow":["GET"]}}],"collection":[{"href":"https:\/\/www.qingfaceramic.com\/de\/wp-json\/wp\/v2\/product"}],"about":[{"href":"https:\/\/www.qingfaceramic.com\/de\/wp-json\/wp\/v2\/types\/product"}],"replies":[{"embeddable":true,"href":"https:\/\/www.qingfaceramic.com\/de\/wp-json\/wp\/v2\/comments?post=1118"}],"wp:featuredmedia":[{"embeddable":true,"href":"https:\/\/www.qingfaceramic.com\/de\/wp-json\/wp\/v2\/media\/1126"}],"wp:attachment":[{"href":"https:\/\/www.qingfaceramic.com\/de\/wp-json\/wp\/v2\/media?parent=1118"}],"wp:term":[{"taxonomy":"market","embeddable":true,"href":"https:\/\/www.qingfaceramic.com\/de\/wp-json\/wp\/v2\/market?post=1118"},{"taxonomy":"product_brand","embeddable":true,"href":"https:\/\/www.qingfaceramic.com\/de\/wp-json\/wp\/v2\/product_brand?post=1118"},{"taxonomy":"product_cat","embeddable":true,"href":"https:\/\/www.qingfaceramic.com\/de\/wp-json\/wp\/v2\/product_cat?post=1118"},{"taxonomy":"product_tag","embeddable":true,"href":"https:\/\/www.qingfaceramic.com\/de\/wp-json\/wp\/v2\/product_tag?post=1118"}],"curies":[{"name":"wp","href":"https:\/\/api.w.org\/{rel}","templated":true}]}}