{"id":1088,"date":"2026-01-31T02:59:34","date_gmt":"2026-01-31T02:59:34","guid":{"rendered":"https:\/\/www.qingfaceramic.com\/?post_type=product&#038;p=1088"},"modified":"2026-01-31T03:04:00","modified_gmt":"2026-01-31T03:04:00","slug":"custom-ceramic-storage-holders","status":"publish","type":"product","link":"https:\/\/www.qingfaceramic.com\/de\/produkt\/custom-ceramic-storage-holders\/","title":{"rendered":"Custom Ceramic Storage Holders, Gestreifte Ton-Besteck-Organizer"},"content":{"rendered":"<h2 class=\"wp-block-heading\">Merkmale der Custom Ceramic Storage Holders<\/h2>\n\n\n\n<div class=\"wp-block-columns is-layout-flex wp-container-core-columns-is-layout-9d6595d7 wp-block-columns-is-layout-flex\">\n<div class=\"wp-block-column is-layout-flow wp-block-column-is-layout-flow\">\n<ol class=\"wp-block-list\">\n<li><strong>Kundenspezifische Keramik-Aufbewahrungsboxen<\/strong> - Unterst\u00fctzung der OEM\/ODM-Anpassung, einschlie\u00dflich Logo, Muster, Glasurfarbe und Verpackung f\u00fcr markenspezifische Anforderungen.<\/li>\n\n\n\n<li><strong>Einzigartiges Streifendesign<\/strong> - Die k\u00fcnstlerische \u00c4sthetik des gestreiften Tons verleiht K\u00fcchentheken und Essbereichen Charakter und visuellen Reiz.<\/li>\n\n\n\n<li><strong>Hochwertiges keramisches Material<\/strong> - Langlebige, glasierte Keramikkonstruktion f\u00fcr lang anhaltende Leistung und einfache Reinigung.<\/li>\n\n\n\n<li><strong>Vielseitiger Einsatz f\u00fcr die Lagerung<\/strong> - Ideal zum Ordnen von Besteck, Utensilien, K\u00fcchenwerkzeugen, Stiften, Pinseln und kleinen Haushaltsgegenst\u00e4nden.<\/li>\n\n\n\n<li><strong>Perfekt f\u00fcr Bulk &amp; Gro\u00dfhandel<\/strong> - Konzipiert f\u00fcr Gro\u00dfbestellungen mit zuverl\u00e4ssiger Qualit\u00e4tskontrolle in der Produktion, geeignet f\u00fcr Distributoren und Einzelh\u00e4ndler.<\/li>\n\n\n\n<li><strong>Stilvoll und funktionell<\/strong> - Kombiniert Praktisches mit modernem K\u00fcchendekor und verbessert sowohl die Funktionalit\u00e4t als auch die \u00c4sthetik.<\/li>\n<\/ol>\n\n\n\n<figure class=\"wp-block-image size-full\"><img decoding=\"async\" width=\"1000\" height=\"1000\" src=\"https:\/\/www.qingfaceramic.com\/wp-content\/uploads\/2026\/01\/custom-ceramic-storage-holders1.webp\" alt=\"\" class=\"wp-image-675\" srcset=\"https:\/\/www.qingfaceramic.com\/wp-content\/uploads\/2026\/01\/custom-ceramic-storage-holders1.webp 1000w, https:\/\/www.qingfaceramic.com\/wp-content\/uploads\/2026\/01\/custom-ceramic-storage-holders1-300x300.webp 300w, https:\/\/www.qingfaceramic.com\/wp-content\/uploads\/2026\/01\/custom-ceramic-storage-holders1-150x150.webp 150w, https:\/\/www.qingfaceramic.com\/wp-content\/uploads\/2026\/01\/custom-ceramic-storage-holders1-768x768.webp 768w, https:\/\/www.qingfaceramic.com\/wp-content\/uploads\/2026\/01\/custom-ceramic-storage-holders1-600x600.webp 600w, https:\/\/www.qingfaceramic.com\/wp-content\/uploads\/2026\/01\/custom-ceramic-storage-holders1-100x100.webp 100w\" sizes=\"(max-width: 1000px) 100vw, 1000px\" \/><\/figure>\n<\/div>\n\n\n\n<div class=\"wp-block-column is-layout-flow wp-block-column-is-layout-flow\">\n<figure class=\"wp-block-image size-full\"><img decoding=\"async\" width=\"790\" height=\"1493\" src=\"https:\/\/www.qingfaceramic.com\/wp-content\/uploads\/2026\/01\/custom-ceramic-storage-holders5.webp\" alt=\"kundenspezifische keramische Aufbewahrungsbeh\u00e4lter5\" class=\"wp-image-677\" srcset=\"https:\/\/www.qingfaceramic.com\/wp-content\/uploads\/2026\/01\/custom-ceramic-storage-holders5.webp 790w, https:\/\/www.qingfaceramic.com\/wp-content\/uploads\/2026\/01\/custom-ceramic-storage-holders5-159x300.webp 159w, https:\/\/www.qingfaceramic.com\/wp-content\/uploads\/2026\/01\/custom-ceramic-storage-holders5-768x1451.webp 768w, https:\/\/www.qingfaceramic.com\/wp-content\/uploads\/2026\/01\/custom-ceramic-storage-holders5-600x1134.webp 600w\" sizes=\"(max-width: 790px) 100vw, 790px\" \/><\/figure>\n<\/div>\n<\/div>\n\n\n\n<div class=\"wp-block-columns is-layout-flex wp-container-core-columns-is-layout-9d6595d7 wp-block-columns-is-layout-flex\">\n<div class=\"wp-block-column is-layout-flow wp-block-column-is-layout-flow\"><\/div>\n\n\n\n<div class=\"wp-block-column is-layout-flow wp-block-column-is-layout-flow\"><\/div>\n\n\n\n<div class=\"wp-block-column is-layout-flow wp-block-column-is-layout-flow\"><\/div>\n<\/div>\n\n\n\n<div class=\"wp-block-columns is-layout-flex wp-container-core-columns-is-layout-9d6595d7 wp-block-columns-is-layout-flex\">\n<div class=\"wp-block-column is-layout-flow wp-block-column-is-layout-flow\"><\/div>\n\n\n\n<div class=\"wp-block-column is-layout-flow wp-block-column-is-layout-flow\"><\/div>\n<\/div>","protected":false},"excerpt":{"rendered":"<p data-start=\"441\" data-end=\"787\">Unsere individuell gestalteten Aufbewahrungsbeh\u00e4lter aus Keramik verf\u00fcgen \u00fcber ein einzigartiges Streifendesign aus Ton, das sich perfekt f\u00fcr die Aufbewahrung von Besteck, K\u00fcchenwerkzeugen und Utensilien eignet. Sie sind aus hochwertiger Keramik mit stilvollem Finish und OEM\/ODM-Kundenanpassungsunterst\u00fctzung gefertigt und eignen sich ideal f\u00fcr Gro\u00dfhandelsl\u00f6sungen zur K\u00fcchenaufbewahrung und Haushaltsorganisation.<\/p>\n<h2>Individuelle Keramik-Aufbewahrungsbeh\u00e4lter Parameter<\/h2>\n<table>\n<thead>\n<tr>\n<th>Hersteller<\/th>\n<th>Qingfa Keramiken<\/th>\n<\/tr>\n<\/thead>\n<tbody>\n<tr>\n<td>Produktname<\/td>\n<td>Unique Striped Clay Ceramic Cutlery &amp; Utensil Holder \/ Custom Ceramic Storage Holders<\/td>\n<\/tr>\n<tr>\n<td>Material<\/td>\n<td>Hochwertige glasierte Keramik<\/td>\n<\/tr>\n<tr>\n<td>Design\/Gestaltung<\/td>\n<td>Einzigartiges gestreiftes Tonmuster, oben offenes Aufbewahrungsdesign<\/td>\n<\/tr>\n<tr>\n<td>Oberfl\u00e4che<\/td>\n<td>Glatte glasierte Keramikoberfl\u00e4che<\/td>\n<\/tr>\n<tr>\n<td>Farboptionen<\/td>\n<td>Kundenspezifische Glasurfarben und Streifendesigns erh\u00e4ltlich<\/td>\n<\/tr>\n<tr>\n<td>Personalisierung<\/td>\n<td>Logodruck, Farbglasur, Oberfl\u00e4chenmuster, Verpackung, OEM\/ODM<\/td>\n<\/tr>\n<tr>\n<td>Verwendung<\/td>\n<td>K\u00fcchenbesteck, Utensilienorganisation, Aufbewahrung von Stiften und Werkzeugen, Theken im Haushalt und in Caf\u00e9s<\/td>\n<\/tr>\n<tr>\n<td>Funktion<\/td>\n<td>Aufbewahrung und Organisation f\u00fcr kleine K\u00fcchen- und Haushaltsgegenst\u00e4nde<\/td>\n<\/tr>\n<tr>\n<td>Zertifizierungen<\/td>\n<td>FDA, LFGB, ISO (je nach Kundenanpassung)<\/td>\n<\/tr>\n<\/tbody>\n<\/table>\n<p>&nbsp;<\/p>\n<p>&nbsp;<\/p>","protected":false},"featured_media":675,"comment_status":"closed","ping_status":"closed","template":"","meta":{"_acf_changed":false},"market":[],"product_brand":[],"product_cat":[20,37],"product_tag":[],"class_list":{"0":"post-1088","1":"product","2":"type-product","3":"status-publish","4":"has-post-thumbnail","6":"product_cat-ceramic-kitchenware-wholesale","7":"product_cat-custom-kitchen-tools","9":"first","10":"instock","11":"shipping-taxable","12":"product-type-simple"},"acf":[],"_links":{"self":[{"href":"https:\/\/www.qingfaceramic.com\/de\/wp-json\/wp\/v2\/product\/1088","targetHints":{"allow":["GET"]}}],"collection":[{"href":"https:\/\/www.qingfaceramic.com\/de\/wp-json\/wp\/v2\/product"}],"about":[{"href":"https:\/\/www.qingfaceramic.com\/de\/wp-json\/wp\/v2\/types\/product"}],"replies":[{"embeddable":true,"href":"https:\/\/www.qingfaceramic.com\/de\/wp-json\/wp\/v2\/comments?post=1088"}],"wp:featuredmedia":[{"embeddable":true,"href":"https:\/\/www.qingfaceramic.com\/de\/wp-json\/wp\/v2\/media\/675"}],"wp:attachment":[{"href":"https:\/\/www.qingfaceramic.com\/de\/wp-json\/wp\/v2\/media?parent=1088"}],"wp:term":[{"taxonomy":"market","embeddable":true,"href":"https:\/\/www.qingfaceramic.com\/de\/wp-json\/wp\/v2\/market?post=1088"},{"taxonomy":"product_brand","embeddable":true,"href":"https:\/\/www.qingfaceramic.com\/de\/wp-json\/wp\/v2\/product_brand?post=1088"},{"taxonomy":"product_cat","embeddable":true,"href":"https:\/\/www.qingfaceramic.com\/de\/wp-json\/wp\/v2\/product_cat?post=1088"},{"taxonomy":"product_tag","embeddable":true,"href":"https:\/\/www.qingfaceramic.com\/de\/wp-json\/wp\/v2\/product_tag?post=1088"}],"curies":[{"name":"wp","href":"https:\/\/api.w.org\/{rel}","templated":true}]}}