{"id":1072,"date":"2026-01-29T09:39:00","date_gmt":"2026-01-29T09:39:00","guid":{"rendered":"https:\/\/www.qingfaceramic.com\/?post_type=product&#038;p=1072"},"modified":"2026-01-31T03:30:10","modified_gmt":"2026-01-31T03:30:10","slug":"custom-vintage-ceramic-vases","status":"publish","type":"product","link":"https:\/\/www.qingfaceramic.com\/de\/produkt\/custom-vintage-ceramic-vases\/","title":{"rendered":"Benutzerdefinierte Vintage-Keramik-Vasen | Gro\u00dfhandel Retro chinesischen Stil Blument\u00f6pfe"},"content":{"rendered":"<h2 class=\"wp-block-heading\">Eigenschaften von Custom Matte Terracotta Blumenvasen<\/h2>\n\n\n\n<div class=\"wp-block-columns is-layout-flex wp-container-core-columns-is-layout-9d6595d7 wp-block-columns-is-layout-flex\">\n<div class=\"wp-block-column is-layout-flow wp-block-column-is-layout-flow\">\n<p><strong>Authentische orientalische Retro-\u00c4sthetik:<\/strong> Inspiriert von klassischen chinesischen Formen, weisen diese Vasen eine einzigartige \u201cgerippte\u201d Textur und eine gealterte Glasur auf, die antike Eleganz ausstrahlt.<\/p>\n\n\n\n<p><strong>Handwerklich handglasierte Oberfl\u00e4che:<\/strong> Jedes St\u00fcck wird mit einer raffinierten reaktiven Glasur veredelt, wodurch subtile Farbvariationen entstehen, die jeder Vase ein einzigartiges, handgefertigtes Aussehen verleihen.<\/p>\n\n\n\n<p><strong>Vielseitige Gr\u00f6\u00dfen und Silhouetten:<\/strong> Die Kollektion umfasst eine gro\u00dfe Vielfalt an Formen - von Gl\u00e4sern mit breiter \u00d6ffnung bis hin zu schlanken Flaschen - und bietet unendlich viele M\u00f6glichkeiten f\u00fcr kreative Blumenarrangements.<\/p>\n\n\n\n<p><strong>Langlebige und hochwertige Handwerkskunst:<\/strong> Sie werden bei hohen Temperaturen gebrannt, um eine au\u00dfergew\u00f6hnliche Festigkeit zu erreichen, die gew\u00e4hrleistet, dass diese dekorativen St\u00fccke f\u00fcr die gewerbliche oder private Nutzung ebenso haltbar wie sch\u00f6n sind.<\/p>\n\n\n\n<p><strong>Elegantes Dekor Vielseitigkeit:<\/strong> Ihr dezentes und doch farbenfrohes Design macht sie perfekt f\u00fcr Hotellobbys, gehobene Restaurants oder als Herzst\u00fcck in modernen Wohnungen.<\/p>\n\n\n\n<p><strong>Skalierbare B2B-Anpassung:<\/strong> Wir bieten professionelle OEM\/ODM-Dienstleistungen an, die kundenspezifische Farbglasuren, Branding und ma\u00dfgeschneiderte Verpackungen erm\u00f6glichen, um spezifische Projektanforderungen zu erf\u00fcllen.<\/p>\n<\/div>\n\n\n\n<div class=\"wp-block-column is-layout-flow wp-block-column-is-layout-flow\">\n<figure class=\"wp-block-image size-full\"><img decoding=\"async\" width=\"4160\" height=\"4160\" src=\"https:\/\/www.qingfaceramic.com\/wp-content\/uploads\/2026\/01\/Custom-Vintage-Ceramic-Vases1.webp\" alt=\"Kundenspezifische Vintage-Keramik-Vasen1\" class=\"wp-image-1073\" srcset=\"https:\/\/www.qingfaceramic.com\/wp-content\/uploads\/2026\/01\/Custom-Vintage-Ceramic-Vases1.webp 4160w, https:\/\/www.qingfaceramic.com\/wp-content\/uploads\/2026\/01\/Custom-Vintage-Ceramic-Vases1-300x300.webp 300w, https:\/\/www.qingfaceramic.com\/wp-content\/uploads\/2026\/01\/Custom-Vintage-Ceramic-Vases1-150x150.webp 150w, https:\/\/www.qingfaceramic.com\/wp-content\/uploads\/2026\/01\/Custom-Vintage-Ceramic-Vases1-768x768.webp 768w, https:\/\/www.qingfaceramic.com\/wp-content\/uploads\/2026\/01\/Custom-Vintage-Ceramic-Vases1-12x12.webp 12w, https:\/\/www.qingfaceramic.com\/wp-content\/uploads\/2026\/01\/Custom-Vintage-Ceramic-Vases1-1200x1200.webp 1200w, https:\/\/www.qingfaceramic.com\/wp-content\/uploads\/2026\/01\/Custom-Vintage-Ceramic-Vases1-600x600.webp 600w, https:\/\/www.qingfaceramic.com\/wp-content\/uploads\/2026\/01\/Custom-Vintage-Ceramic-Vases1-100x100.webp 100w\" sizes=\"(max-width: 4160px) 100vw, 4160px\" \/><\/figure>\n<\/div>\n<\/div>\n\n\n\n<div class=\"wp-block-columns is-layout-flex wp-container-core-columns-is-layout-9d6595d7 wp-block-columns-is-layout-flex\">\n<div class=\"wp-block-column is-layout-flow wp-block-column-is-layout-flow\"><\/div>\n\n\n\n<div class=\"wp-block-column is-layout-flow wp-block-column-is-layout-flow\"><\/div>\n<\/div>","protected":false},"excerpt":{"rendered":"<p data-start=\"428\" data-end=\"756\">Erweitern Sie Ihre Sammlung mit unseren ma\u00dfgeschneiderten Vintage-Keramikvasen, die traditionelle chinesische Kunst mit einem modernen Retro-Finish verbinden. Diese handglasierten Vasen zeichnen sich durch elegante, gerippte Strukturen und eine vielf\u00e4ltige Farbpalette aus und eignen sich perfekt f\u00fcr die gehobene Gastronomie oder Blumengesch\u00e4fte, die zeitlosen orientalischen Charme suchen.<\/p>\n<h2 data-start=\"428\" data-end=\"756\">Kundenspezifische Vintage-Keramikvasen Parameter<\/h2>\n<table data-path-to-node=\"11\">\n<thead>\n<tr>\n<td><strong>Artikel<\/strong><\/td>\n<td><strong>Spezifikationen<\/strong><\/td>\n<\/tr>\n<\/thead>\n<tbody>\n<tr>\n<td><span data-path-to-node=\"11,1,0,0\"><b data-path-to-node=\"11,1,0,0\" data-index-in-node=\"0\">Hersteller<\/b><\/span><\/td>\n<td><span data-path-to-node=\"11,1,1,0\">Qingfa Keramiken<\/span><\/td>\n<\/tr>\n<tr>\n<td><span data-path-to-node=\"11,2,0,0\"><b data-path-to-node=\"11,2,0,0\" data-index-in-node=\"0\">Produktname<\/b><\/span><\/td>\n<td><span data-path-to-node=\"11,2,1,0\">Handglasierte Vase im chinesischen Retro-Stil Serie<\/span><\/td>\n<\/tr>\n<tr>\n<td><span data-path-to-node=\"11,3,0,0\"><b data-path-to-node=\"11,3,0,0\" data-index-in-node=\"0\">Material<\/b><\/span><\/td>\n<td><span data-path-to-node=\"11,3,1,0\">Hochtemperatur-gebrannte Premium-Keramik<\/span><\/td>\n<\/tr>\n<tr>\n<td><span data-path-to-node=\"11,4,0,0\"><b data-path-to-node=\"11,4,0,0\" data-index-in-node=\"0\">Oberfl\u00e4che<\/b><\/span><\/td>\n<td><span data-path-to-node=\"11,4,1,0\">Reaktive Glasur mit gerippten\/strukturierten Details<\/span><\/td>\n<\/tr>\n<tr>\n<td><span data-path-to-node=\"11,5,0,0\"><b data-path-to-node=\"11,5,0,0\" data-index-in-node=\"0\">Design-Stil<\/b><\/span><\/td>\n<td><span data-path-to-node=\"11,5,1,0\">Vintage Chinesisch \/ Retro Orientalisch \/ Klassisch Zen<\/span><\/td>\n<\/tr>\n<tr>\n<td><span data-path-to-node=\"11,6,0,0\"><b data-path-to-node=\"11,6,0,0\" data-index-in-node=\"0\">Farboptionen<\/b><\/span><\/td>\n<td><span data-path-to-node=\"11,6,1,0\">Moosgr\u00fcn, Senfgelb, Zartrosa, Erdiges Beige (benutzerdefinierte Farben verf\u00fcgbar)<\/span><\/td>\n<\/tr>\n<tr>\n<td><span data-path-to-node=\"11,7,0,0\"><b data-path-to-node=\"11,7,0,0\" data-index-in-node=\"0\">Verwendung<\/b><\/span><\/td>\n<td><span data-path-to-node=\"11,7,1,0\">Blumenarrangements, luxuri\u00f6se Wohndekoration, Inneneinrichtung von Hotels und B\u00fcros<\/span><\/td>\n<\/tr>\n<tr>\n<td><span data-path-to-node=\"11,8,0,0\"><b data-path-to-node=\"11,8,0,0\" data-index-in-node=\"0\">Personalisierung<\/b><\/span><\/td>\n<td><span data-path-to-node=\"11,8,1,0\">\u00a0OEM\/ODM, kundenspezifische Farben, Logoplatzierung<\/span><\/td>\n<\/tr>\n<tr>\n<td><span data-path-to-node=\"11,9,0,0\"><b data-path-to-node=\"11,9,0,0\" data-index-in-node=\"0\">Eigenschaften<\/b><\/span><\/td>\n<td><span data-path-to-node=\"11,9,1,0\">Handgefertigte Haptik, lichtechte Glasur, dauerhafte Struktur<\/span><\/td>\n<\/tr>\n<tr>\n<td><span data-path-to-node=\"11,10,0,0\"><b data-path-to-node=\"11,10,0,0\" data-index-in-node=\"0\">Zertifizierungen<\/b><\/span><\/td>\n<td><span data-path-to-node=\"11,10,1,0\">ISO- und BSCI-konforme, lebensmittelechte Glasuren auf Anfrage erh\u00e4ltlich<\/span><\/td>\n<\/tr>\n<\/tbody>\n<\/table>\n<p>&nbsp;<\/p>","protected":false},"featured_media":1073,"comment_status":"closed","ping_status":"closed","template":"","meta":{"_acf_changed":false},"market":[],"product_brand":[],"product_cat":[18,32],"product_tag":[],"class_list":{"0":"post-1072","1":"product","2":"type-product","3":"status-publish","4":"has-post-thumbnail","6":"product_cat-custom-home-decor","7":"product_cat-custom-vases","9":"first","10":"instock","11":"shipping-taxable","12":"product-type-simple"},"acf":[],"_links":{"self":[{"href":"https:\/\/www.qingfaceramic.com\/de\/wp-json\/wp\/v2\/product\/1072","targetHints":{"allow":["GET"]}}],"collection":[{"href":"https:\/\/www.qingfaceramic.com\/de\/wp-json\/wp\/v2\/product"}],"about":[{"href":"https:\/\/www.qingfaceramic.com\/de\/wp-json\/wp\/v2\/types\/product"}],"replies":[{"embeddable":true,"href":"https:\/\/www.qingfaceramic.com\/de\/wp-json\/wp\/v2\/comments?post=1072"}],"wp:featuredmedia":[{"embeddable":true,"href":"https:\/\/www.qingfaceramic.com\/de\/wp-json\/wp\/v2\/media\/1073"}],"wp:attachment":[{"href":"https:\/\/www.qingfaceramic.com\/de\/wp-json\/wp\/v2\/media?parent=1072"}],"wp:term":[{"taxonomy":"market","embeddable":true,"href":"https:\/\/www.qingfaceramic.com\/de\/wp-json\/wp\/v2\/market?post=1072"},{"taxonomy":"product_brand","embeddable":true,"href":"https:\/\/www.qingfaceramic.com\/de\/wp-json\/wp\/v2\/product_brand?post=1072"},{"taxonomy":"product_cat","embeddable":true,"href":"https:\/\/www.qingfaceramic.com\/de\/wp-json\/wp\/v2\/product_cat?post=1072"},{"taxonomy":"product_tag","embeddable":true,"href":"https:\/\/www.qingfaceramic.com\/de\/wp-json\/wp\/v2\/product_tag?post=1072"}],"curies":[{"name":"wp","href":"https:\/\/api.w.org\/{rel}","templated":true}]}}