{"id":1064,"date":"2026-01-29T09:25:03","date_gmt":"2026-01-29T09:25:03","guid":{"rendered":"https:\/\/www.qingfaceramic.com\/?post_type=product&#038;p=1064"},"modified":"2026-01-31T03:27:38","modified_gmt":"2026-01-31T03:27:38","slug":"custom-matte-terracotta-flower-vases","status":"publish","type":"product","link":"https:\/\/www.qingfaceramic.com\/de\/produkt\/custom-matte-terracotta-flower-vases\/","title":{"rendered":"Custom Matte Terracotta Blumenvasen in Bulk | Natural Earthy Clay Vasen"},"content":{"rendered":"<h2 class=\"wp-block-heading\">Eigenschaften von Custom Matte Terracotta Blumenvasen<\/h2>\n\n\n\n<div class=\"wp-block-columns is-layout-flex wp-container-core-columns-is-layout-9d6595d7 wp-block-columns-is-layout-flex\">\n<div class=\"wp-block-column is-layout-flow wp-block-column-is-layout-flow\">\n<p><strong>Authentische rohe Textur:<\/strong> Das unverwechselbare, sandfarbene, matte Terrakotta-Finish verleiht jedem Raum ein taktiles, erdiges Element.<\/p>\n\n\n\n<p><strong>Minimalistische organische Formen:<\/strong> Erh\u00e4ltlich in einer Vielzahl von Silhouetten, von schlanken Zylindern bis hin zu eleganten, von Amphoren inspirierten Formen, die den unterschiedlichsten floristischen Anforderungen gerecht werden.<\/p>\n\n\n\n<p><strong>Zeitlose Wabi-sabi-\u00c4sthetik:<\/strong> Die unglasierte, nat\u00fcrliche Tonoptik zelebriert die Sch\u00f6nheit der Einfachheit und Unvollkommenheit und passt perfekt zu modernen nordischen oder rustikalen Dekoren.<\/p>\n\n\n\n<p><strong>Hochwertige Handwerkskunst:<\/strong> Die Vasen werden bei hoher Temperatur gebrannt, um eine hohe Festigkeit zu erreichen. Dadurch sind sie ebenso haltbar wie sch\u00f6n und k\u00f6nnen langfristig ausgestellt werden.<\/p>\n\n\n\n<p><strong>Vielseitiger Dekor-Akzent:<\/strong> Ideal f\u00fcr die Pr\u00e4sentation von getrocknetem Pampasgras, frischen St\u00e4ngeln oder als freistehende Skulptur in Hotels, B\u00fcros und Wohnungen.<\/p>\n\n\n\n<p><strong>Umfassende Massenanpassung:<\/strong> Wir bieten professionelle OEM\/ODM-Dienstleistungen an, einschlie\u00dflich kundenspezifischer Gr\u00f6\u00dfen, einzigartiger Formen und privater Beschriftungen, die mit Ihrer Markenidentit\u00e4t \u00fcbereinstimmen.<\/p>\n<\/div>\n\n\n\n<div class=\"wp-block-column is-layout-flow wp-block-column-is-layout-flow\">\n<figure class=\"wp-block-image size-full\"><img decoding=\"async\" width=\"4160\" height=\"4160\" src=\"https:\/\/www.qingfaceramic.com\/wp-content\/uploads\/2026\/01\/Custom-Matte-Terracotta-Flower-Vases5.webp\" alt=\"Benutzerdefinierte matte Terrakotta-Blumenvasen5\" class=\"wp-image-1069\" srcset=\"https:\/\/www.qingfaceramic.com\/wp-content\/uploads\/2026\/01\/Custom-Matte-Terracotta-Flower-Vases5.webp 4160w, https:\/\/www.qingfaceramic.com\/wp-content\/uploads\/2026\/01\/Custom-Matte-Terracotta-Flower-Vases5-300x300.webp 300w, https:\/\/www.qingfaceramic.com\/wp-content\/uploads\/2026\/01\/Custom-Matte-Terracotta-Flower-Vases5-150x150.webp 150w, https:\/\/www.qingfaceramic.com\/wp-content\/uploads\/2026\/01\/Custom-Matte-Terracotta-Flower-Vases5-768x768.webp 768w, https:\/\/www.qingfaceramic.com\/wp-content\/uploads\/2026\/01\/Custom-Matte-Terracotta-Flower-Vases5-12x12.webp 12w, https:\/\/www.qingfaceramic.com\/wp-content\/uploads\/2026\/01\/Custom-Matte-Terracotta-Flower-Vases5-1200x1200.webp 1200w, https:\/\/www.qingfaceramic.com\/wp-content\/uploads\/2026\/01\/Custom-Matte-Terracotta-Flower-Vases5-600x600.webp 600w, https:\/\/www.qingfaceramic.com\/wp-content\/uploads\/2026\/01\/Custom-Matte-Terracotta-Flower-Vases5-100x100.webp 100w\" sizes=\"(max-width: 4160px) 100vw, 4160px\" \/><\/figure>\n<\/div>\n<\/div>\n\n\n\n<div class=\"wp-block-columns is-layout-flex wp-container-core-columns-is-layout-9d6595d7 wp-block-columns-is-layout-flex\">\n<div class=\"wp-block-column is-layout-flow wp-block-column-is-layout-flow\"><\/div>\n\n\n\n<div class=\"wp-block-column is-layout-flow wp-block-column-is-layout-flow\"><\/div>\n<\/div>","protected":false},"excerpt":{"rendered":"<p data-start=\"428\" data-end=\"756\">Setzen Sie auf nat\u00fcrliche Eleganz mit unseren ma\u00dfgefertigten matten Terrakotta-Blumenvasen. Mit ihrer rauen, unglasierten sandigen Textur und ihren organischen Silhouetten fangen diese minimalistischen Keramikst\u00fccke die Wabi-Sabi-\u00c4sthetik perfekt ein. Sie sind auf Langlebigkeit und zeitlose Attraktivit\u00e4t ausgelegt und die ideale Wahl f\u00fcr moderne Blumenarrangements in Innenr\u00e4umen und Boutique-Dekor-Kollektionen.<\/p>\n<h2>Individuelle matte Terrakotta-Blumenvasen Parameter<\/h2>\n<table data-path-to-node=\"11\">\n<thead>\n<tr>\n<td><strong>Artikel<\/strong><\/td>\n<td><strong>Spezifikationen<\/strong><\/td>\n<\/tr>\n<\/thead>\n<tbody>\n<tr>\n<td><span data-path-to-node=\"11,1,0,0\"><b data-path-to-node=\"11,1,0,0\" data-index-in-node=\"0\">Hersteller<\/b><\/span><\/td>\n<td><span data-path-to-node=\"11,1,1,0\">Qingfa Keramiken<\/span><\/td>\n<\/tr>\n<tr>\n<td><span data-path-to-node=\"11,2,0,0\"><b data-path-to-node=\"11,2,0,0\" data-index-in-node=\"0\">Produktname<\/b><\/span><\/td>\n<td><span data-path-to-node=\"11,2,1,0\">Terracotta Matte Sandy Vase Serie<\/span><\/td>\n<\/tr>\n<tr>\n<td><span data-path-to-node=\"11,3,0,0\"><b data-path-to-node=\"11,3,0,0\" data-index-in-node=\"0\">Material<\/b><\/span><\/td>\n<td><span data-path-to-node=\"11,3,1,0\">Hochwertiger Naturton \/ Terrakotta<\/span><\/td>\n<\/tr>\n<tr>\n<td><span data-path-to-node=\"11,4,0,0\"><b data-path-to-node=\"11,4,0,0\" data-index-in-node=\"0\">Oberfl\u00e4che<\/b><\/span><\/td>\n<td><span data-path-to-node=\"11,4,1,0\">Unglasierte rohe sandig-matte Textur<\/span><\/td>\n<\/tr>\n<tr>\n<td><span data-path-to-node=\"11,5,0,0\"><b data-path-to-node=\"11,5,0,0\" data-index-in-node=\"0\">Design-Stil<\/b><\/span><\/td>\n<td><span data-path-to-node=\"11,5,1,0\">Minimalistisch \/ Wabi-sabi \/ \u00d6kologisch nordisch<\/span><\/td>\n<\/tr>\n<tr>\n<td><span data-path-to-node=\"11,6,0,0\"><b data-path-to-node=\"11,6,0,0\" data-index-in-node=\"0\">Sorte<\/b><\/span><\/td>\n<td><span data-path-to-node=\"11,6,1,0\">Multi-Silhouetten-Kollektion (zylindrisch, krugf\u00f6rmig, flaschenf\u00f6rmig)<\/span><\/td>\n<\/tr>\n<tr>\n<td><span data-path-to-node=\"11,7,0,0\"><b data-path-to-node=\"11,7,0,0\" data-index-in-node=\"0\">Farboptionen<\/b><\/span><\/td>\n<td><span data-path-to-node=\"11,7,1,0\">Nat\u00fcrliches erdiges Terrakotta (kundenspezifische Farben auf Anfrage erh\u00e4ltlich)<\/span><\/td>\n<\/tr>\n<tr>\n<td><span data-path-to-node=\"11,8,0,0\"><b data-path-to-node=\"11,8,0,0\" data-index-in-node=\"0\">Verwendung<\/b><\/span><\/td>\n<td><span data-path-to-node=\"11,8,1,0\">Heimdekoration, Blumenarrangements, Inneneinrichtung von Hotels und B\u00fcros<\/span><\/td>\n<\/tr>\n<tr>\n<td><span data-path-to-node=\"11,9,0,0\"><b data-path-to-node=\"11,9,0,0\" data-index-in-node=\"0\">Personalisierung<\/b><\/span><\/td>\n<td><span data-path-to-node=\"11,9,1,0\">OEM\/ODM, kundenspezifische Formen, Gr\u00f6\u00dfen und Branding<\/span><\/td>\n<\/tr>\n<tr>\n<td><span data-path-to-node=\"11,10,0,0\"><b data-path-to-node=\"11,10,0,0\" data-index-in-node=\"0\">Dauerhaftigkeit<\/b><\/span><\/td>\n<td><span data-path-to-node=\"11,10,1,0\">Bei hoher Temperatur gebrannt f\u00fcr erh\u00f6hte Festigkeit<\/span><\/td>\n<\/tr>\n<tr>\n<td><span data-path-to-node=\"11,11,0,0\"><b data-path-to-node=\"11,11,0,0\" data-index-in-node=\"0\">Zertifizierungen<\/b><\/span><\/td>\n<td><span data-path-to-node=\"11,11,1,0\">ISO- und BSCI-konform (basierend auf Werksnormen)<\/span><\/td>\n<\/tr>\n<\/tbody>\n<\/table>\n<p>&nbsp;<\/p>","protected":false},"featured_media":1065,"comment_status":"closed","ping_status":"closed","template":"","meta":{"_acf_changed":false},"market":[],"product_brand":[],"product_cat":[18,32],"product_tag":[],"class_list":{"0":"post-1064","1":"product","2":"type-product","3":"status-publish","4":"has-post-thumbnail","6":"product_cat-custom-home-decor","7":"product_cat-custom-vases","9":"first","10":"instock","11":"shipping-taxable","12":"product-type-simple"},"acf":[],"_links":{"self":[{"href":"https:\/\/www.qingfaceramic.com\/de\/wp-json\/wp\/v2\/product\/1064","targetHints":{"allow":["GET"]}}],"collection":[{"href":"https:\/\/www.qingfaceramic.com\/de\/wp-json\/wp\/v2\/product"}],"about":[{"href":"https:\/\/www.qingfaceramic.com\/de\/wp-json\/wp\/v2\/types\/product"}],"replies":[{"embeddable":true,"href":"https:\/\/www.qingfaceramic.com\/de\/wp-json\/wp\/v2\/comments?post=1064"}],"wp:featuredmedia":[{"embeddable":true,"href":"https:\/\/www.qingfaceramic.com\/de\/wp-json\/wp\/v2\/media\/1065"}],"wp:attachment":[{"href":"https:\/\/www.qingfaceramic.com\/de\/wp-json\/wp\/v2\/media?parent=1064"}],"wp:term":[{"taxonomy":"market","embeddable":true,"href":"https:\/\/www.qingfaceramic.com\/de\/wp-json\/wp\/v2\/market?post=1064"},{"taxonomy":"product_brand","embeddable":true,"href":"https:\/\/www.qingfaceramic.com\/de\/wp-json\/wp\/v2\/product_brand?post=1064"},{"taxonomy":"product_cat","embeddable":true,"href":"https:\/\/www.qingfaceramic.com\/de\/wp-json\/wp\/v2\/product_cat?post=1064"},{"taxonomy":"product_tag","embeddable":true,"href":"https:\/\/www.qingfaceramic.com\/de\/wp-json\/wp\/v2\/product_tag?post=1064"}],"curies":[{"name":"wp","href":"https:\/\/api.w.org\/{rel}","templated":true}]}}