{"id":1048,"date":"2026-01-29T07:55:49","date_gmt":"2026-01-29T07:55:49","guid":{"rendered":"https:\/\/www.qingfaceramic.com\/?post_type=product&#038;p=1048"},"modified":"2026-01-31T03:25:55","modified_gmt":"2026-01-31T03:25:55","slug":"custom-ceramic-jars-fragrance-container","status":"publish","type":"product","link":"https:\/\/www.qingfaceramic.com\/de\/produkt\/custom-ceramic-jars-fragrance-container\/","title":{"rendered":"Benutzerdefinierte keramische Gl\u00e4ser in Bulk, Gro\u00dfhandel benutzerdefinierte Duft-Container"},"content":{"rendered":"<h2 class=\"wp-block-heading\">Merkmale von Custom Ceramic Jars in Bulk<\/h2>\n\n\n\n<div class=\"wp-block-columns is-layout-flex wp-container-core-columns-is-layout-9d6595d7 wp-block-columns-is-layout-flex\">\n<div class=\"wp-block-column is-layout-flow wp-block-column-is-layout-flow\">\n<p><strong>\u00c4sthetische Anziehungskraft:<\/strong> Der trendige Wabi-Sabi-Stil mit der einzigartigen gesprenkelten Glasur verleiht Ihrer Kerzenmarke ein hochwertiges, handwerkliches Flair.<\/p>\n\n\n\n<p><strong>Funktioneller Deckel:<\/strong> Inklusive passendem Keramikdeckel, der den Duft bewahrt, Staub verhindert und Flammen sicher und ohne Rauch l\u00f6scht.<\/p>\n\n\n\n<p><strong>Sicherheit geht vor:<\/strong> Hergestellt aus hochwertiger, bei hoher Temperatur gebrannter Keramik, die eine ausgezeichnete Hitzebest\u00e4ndigkeit und Haltbarkeit bei langen Brennzeiten gew\u00e4hrleistet.<\/p>\n\n\n\n<p><strong>Perfekte Dimensionierung:<\/strong> Die Abmessungen von 9,4 cm x 7,4 cm sind f\u00fcr Standardkerzen von 8-10 Unzen optimiert und entsprechen den meisten Anforderungen des Luxusmarktes.<\/p>\n\n\n\n<p><strong>Umweltfreundlich und wiederverwendbar:<\/strong> Auf Nachhaltigkeit ausgelegt: Wenn die Kerze fertig ist, kann das Gef\u00e4\u00df als stilvoller Aufbewahrungsbeh\u00e4lter oder Becher weiterverwendet werden.<\/p>\n\n\n\n<p><strong>B2B-Anpassung:<\/strong> Vollst\u00e4ndig anpassbar mit Ihrem Logo (Laser oder Aufkleber) und spezifischen Pantone-Farben, die zu Ihrer Markenidentit\u00e4t passen.<\/p>\n<\/div>\n\n\n\n<div class=\"wp-block-column is-layout-flow wp-block-column-is-layout-flow\">\n<figure class=\"wp-block-image size-full\"><img decoding=\"async\" width=\"800\" height=\"800\" src=\"https:\/\/www.qingfaceramic.com\/wp-content\/uploads\/2026\/01\/Custom-Ceramic-Jars-in-Bulk-Wholesale-Custom-Fragrance-Containers3.webp\" alt=\"Benutzerdefinierte keramische Gl\u00e4ser in Bulk, Gro\u00dfhandel benutzerdefinierte Duft-Container3\" class=\"wp-image-1051\" srcset=\"https:\/\/www.qingfaceramic.com\/wp-content\/uploads\/2026\/01\/Custom-Ceramic-Jars-in-Bulk-Wholesale-Custom-Fragrance-Containers3.webp 800w, https:\/\/www.qingfaceramic.com\/wp-content\/uploads\/2026\/01\/Custom-Ceramic-Jars-in-Bulk-Wholesale-Custom-Fragrance-Containers3-300x300.webp 300w, https:\/\/www.qingfaceramic.com\/wp-content\/uploads\/2026\/01\/Custom-Ceramic-Jars-in-Bulk-Wholesale-Custom-Fragrance-Containers3-150x150.webp 150w, https:\/\/www.qingfaceramic.com\/wp-content\/uploads\/2026\/01\/Custom-Ceramic-Jars-in-Bulk-Wholesale-Custom-Fragrance-Containers3-768x768.webp 768w, https:\/\/www.qingfaceramic.com\/wp-content\/uploads\/2026\/01\/Custom-Ceramic-Jars-in-Bulk-Wholesale-Custom-Fragrance-Containers3-12x12.webp 12w, https:\/\/www.qingfaceramic.com\/wp-content\/uploads\/2026\/01\/Custom-Ceramic-Jars-in-Bulk-Wholesale-Custom-Fragrance-Containers3-600x600.webp 600w, https:\/\/www.qingfaceramic.com\/wp-content\/uploads\/2026\/01\/Custom-Ceramic-Jars-in-Bulk-Wholesale-Custom-Fragrance-Containers3-100x100.webp 100w\" sizes=\"(max-width: 800px) 100vw, 800px\" \/><\/figure>\n<\/div>\n<\/div>\n\n\n\n<div class=\"wp-block-columns is-layout-flex wp-container-core-columns-is-layout-9d6595d7 wp-block-columns-is-layout-flex\">\n<div class=\"wp-block-column is-layout-flow wp-block-column-is-layout-flow\"><\/div>\n\n\n\n<div class=\"wp-block-column is-layout-flow wp-block-column-is-layout-flow\"><\/div>\n<\/div>","protected":false},"excerpt":{"rendered":"<p data-start=\"428\" data-end=\"756\">Heben Sie Ihre Marke mit unseren individuellen Keramikdosen in gro\u00dfen Mengen hervor. Als f\u00fchrender Hersteller bieten wir Gro\u00dfhandel benutzerdefinierte Duftbeh\u00e4lter mit einzigartigen gesprenkelten Glasuren und individuellem Logodruck. FDA\/LFGB-zertifiziert.<\/p>\n<h2>Kundenspezifische Keramikgef\u00e4\u00dfe in gro\u00dfen Mengen Parameter<\/h2>\n<table data-path-to-node=\"3\">\n<thead>\n<tr>\n<td><strong>Artikel<\/strong><\/td>\n<td><strong>Spezifikationen<\/strong><\/td>\n<\/tr>\n<\/thead>\n<tbody>\n<tr>\n<td><span data-path-to-node=\"3,1,0,0\"><b data-path-to-node=\"3,1,0,0\" data-index-in-node=\"0\">Hersteller<\/b><\/span><\/td>\n<td><span data-path-to-node=\"3,1,1,0\">Qingfa Keramiken<\/span><\/td>\n<\/tr>\n<tr>\n<td><span data-path-to-node=\"3,2,0,0\"><b data-path-to-node=\"3,2,0,0\" data-index-in-node=\"0\">Produktname<\/b><\/span><\/td>\n<td><span data-path-to-node=\"3,2,1,0\">Retro gesprenkelt Keramik Kerze Jar mit Deckel \/ Custom Fragrance Container<\/span><\/td>\n<\/tr>\n<tr>\n<td><span data-path-to-node=\"3,3,0,0\"><b data-path-to-node=\"3,3,0,0\" data-index-in-node=\"0\">Material<\/b><\/span><\/td>\n<td><span data-path-to-node=\"3,3,1,0\">Hochwertige hitzebest\u00e4ndige glasierte Keramik<\/span><\/td>\n<\/tr>\n<tr>\n<td><span data-path-to-node=\"3,4,0,0\"><b data-path-to-node=\"3,4,0,0\" data-index-in-node=\"0\">Abmessungen<\/b><\/span><\/td>\n<td><span data-path-to-node=\"3,4,1,0\">Oberseite: 9,4 cm<\/span><\/td>\n<\/tr>\n<tr>\n<td><span data-path-to-node=\"3,5,0,0\"><b data-path-to-node=\"3,5,0,0\" data-index-in-node=\"0\">Design \/ Stil<\/b><\/span><\/td>\n<td><span data-path-to-node=\"3,5,1,0\">Minimalistischer Wabi-sabi \/ Japanischer Retro-Stil mit gesprenkelter Oberfl\u00e4che<\/span><\/td>\n<\/tr>\n<tr>\n<td><span data-path-to-node=\"3,6,0,0\"><b data-path-to-node=\"3,6,0,0\" data-index-in-node=\"0\">Oberfl\u00e4che<\/b><\/span><\/td>\n<td><span data-path-to-node=\"3,6,1,0\">Glatte reaktive Glasur, hitzebest\u00e4ndig und langlebig<\/span><\/td>\n<\/tr>\n<tr>\n<td><span data-path-to-node=\"3,7,0,0\"><b data-path-to-node=\"3,7,0,0\" data-index-in-node=\"0\">Deckeltyp<\/b><\/span><\/td>\n<td><span data-path-to-node=\"3,7,1,0\">Passender staubdichter Keramikdeckel (rauchl\u00f6schf\u00e4hig)<\/span><\/td>\n<\/tr>\n<tr>\n<td><span data-path-to-node=\"3,8,0,0\"><b data-path-to-node=\"3,8,0,0\" data-index-in-node=\"0\">Farboptionen<\/b><\/span><\/td>\n<td><span data-path-to-node=\"3,8,1,0\">Nat\u00fcrliches Beige, gesprenkeltes Wei\u00df oder kundenspezifische Pantone-Farbglasuren<\/span><\/td>\n<\/tr>\n<tr>\n<td><span data-path-to-node=\"3,9,0,0\"><b data-path-to-node=\"3,9,0,0\" data-index-in-node=\"0\">Personalisierung<\/b><\/span><\/td>\n<td><span data-path-to-node=\"3,9,1,0\">Logo (Laser\/Decal), individuelle Glasurfarben, Musterdesign, ma\u00dfgeschneiderte Verpackungen<\/span><\/td>\n<\/tr>\n<tr>\n<td><span data-path-to-node=\"3,10,0,0\"><b data-path-to-node=\"3,10,0,0\" data-index-in-node=\"0\">Verwendung<\/b><\/span><\/td>\n<td><span data-path-to-node=\"3,10,1,0\">Herstellung von Duftkerzen, Aromatherapie, Aufbewahrung von Heimdekor und hochwertige Geschenke<\/span><\/td>\n<\/tr>\n<tr>\n<td><span data-path-to-node=\"3,11,0,0\"><b data-path-to-node=\"3,11,0,0\" data-index-in-node=\"0\">OEM \/ ODM<\/b><\/span><\/td>\n<td><span data-path-to-node=\"3,11,1,0\">Umfassende Unterst\u00fctzung (mehr als 30 F&amp;E-Spezialisten stehen f\u00fcr die Entwicklung neuer Formen zur Verf\u00fcgung)<\/span><\/td>\n<\/tr>\n<tr>\n<td><span data-path-to-node=\"3,12,0,0\"><b data-path-to-node=\"3,12,0,0\" data-index-in-node=\"0\">Zertifizierungen<\/b><\/span><\/td>\n<td><span data-path-to-node=\"3,12,1,0\">FDA, LFGB, ISO (je nach Anpassungsanforderungen)<\/span><\/td>\n<\/tr>\n<\/tbody>\n<\/table>\n<p>&nbsp;<\/p>","protected":false},"featured_media":1049,"comment_status":"closed","ping_status":"closed","template":"","meta":{"_acf_changed":false},"market":[],"product_brand":[],"product_cat":[18,31],"product_tag":[],"class_list":{"0":"post-1048","1":"product","2":"type-product","3":"status-publish","4":"has-post-thumbnail","6":"product_cat-custom-home-decor","7":"product_cat-custom-candle-jars","9":"first","10":"instock","11":"shipping-taxable","12":"product-type-simple"},"acf":[],"_links":{"self":[{"href":"https:\/\/www.qingfaceramic.com\/de\/wp-json\/wp\/v2\/product\/1048","targetHints":{"allow":["GET"]}}],"collection":[{"href":"https:\/\/www.qingfaceramic.com\/de\/wp-json\/wp\/v2\/product"}],"about":[{"href":"https:\/\/www.qingfaceramic.com\/de\/wp-json\/wp\/v2\/types\/product"}],"replies":[{"embeddable":true,"href":"https:\/\/www.qingfaceramic.com\/de\/wp-json\/wp\/v2\/comments?post=1048"}],"wp:featuredmedia":[{"embeddable":true,"href":"https:\/\/www.qingfaceramic.com\/de\/wp-json\/wp\/v2\/media\/1049"}],"wp:attachment":[{"href":"https:\/\/www.qingfaceramic.com\/de\/wp-json\/wp\/v2\/media?parent=1048"}],"wp:term":[{"taxonomy":"market","embeddable":true,"href":"https:\/\/www.qingfaceramic.com\/de\/wp-json\/wp\/v2\/market?post=1048"},{"taxonomy":"product_brand","embeddable":true,"href":"https:\/\/www.qingfaceramic.com\/de\/wp-json\/wp\/v2\/product_brand?post=1048"},{"taxonomy":"product_cat","embeddable":true,"href":"https:\/\/www.qingfaceramic.com\/de\/wp-json\/wp\/v2\/product_cat?post=1048"},{"taxonomy":"product_tag","embeddable":true,"href":"https:\/\/www.qingfaceramic.com\/de\/wp-json\/wp\/v2\/product_tag?post=1048"}],"curies":[{"name":"wp","href":"https:\/\/api.w.org\/{rel}","templated":true}]}}