{"id":1035,"date":"2026-01-29T07:33:04","date_gmt":"2026-01-29T07:33:04","guid":{"rendered":"https:\/\/www.qingfaceramic.com\/?post_type=product&#038;p=1035"},"modified":"2026-01-31T03:18:05","modified_gmt":"2026-01-31T03:18:05","slug":"customized-coffee-mugs-japanese-style","status":"publish","type":"product","link":"https:\/\/www.qingfaceramic.com\/de\/produkt\/customized-coffee-mugs-japanese-style\/","title":{"rendered":"Customized Kaffeebecher neues Design glasiert gro\u00dfe Retro japanischen Stil"},"content":{"rendered":"<h2 class=\"wp-block-heading\">Eigenschaften von personalisierten Kaffeebechern<\/h2>\n\n\n\n<div class=\"wp-block-columns is-layout-flex wp-container-core-columns-is-layout-9d6595d7 wp-block-columns-is-layout-flex\">\n<div class=\"wp-block-column is-layout-flow wp-block-column-is-layout-flow\">\n<p><strong>Individuell gestaltete Kaffeebecher f\u00fcr Gro\u00dfbestellungen<\/strong> - Vollst\u00e4ndige Unterst\u00fctzung der OEM\/ODM-Anpassung, einschlie\u00dflich Logodruck, Farboptionen und auf Ihre Markenidentit\u00e4t zugeschnittene Verpackungen.<\/p>\n\n\n\n<p><strong>Gro\u00dfer japanischer Retro-Stil<\/strong> - Neues Design mit Retro-\u00c4sthetik, das die Pr\u00e4sentation von Getr\u00e4nken optisch ansprechend und charakteristisch macht.<\/p>\n\n\n\n<p><strong>Hochwertige keramische Konstruktion<\/strong> - Aus haltbarer Keramik mit einer glatten Glasur, die lebensmittelecht und f\u00fcr den t\u00e4glichen Gebrauch geeignet ist.<\/p>\n\n\n\n<p><strong>Reaktive Glasur<\/strong> - Die Glasur reagiert w\u00e4hrend des Brennens auf einzigartige Weise, wodurch subtile Variationen und k\u00fcnstlerische Oberfl\u00e4cheneffekte entstehen, die jeden Becher unverwechselbar machen.<\/p>\n\n\n\n<p><strong>Vielseitige Verwendung<\/strong> - Perfekt f\u00fcr Kaffee, Tee, Milchkaffee, Cappuccino und andere Hei\u00dfgetr\u00e4nke in Caf\u00e9s, Hotels, Privathaushalten und Gastgewerbebetrieben.<\/p>\n\n\n\n<p><strong>Gro\u00dfhandel &amp; Bulk Ready<\/strong> - Konzipiert, um den Anforderungen der Massenversorgung gerecht zu werden, mit gleichbleibender Qualit\u00e4tskontrolle und effizienter Produktionskapazit\u00e4t.<\/p>\n\n\n\n<figure class=\"wp-block-image size-full\"><img decoding=\"async\" width=\"1204\" height=\"558\" src=\"https:\/\/www.qingfaceramic.com\/wp-content\/uploads\/2026\/01\/Customized-Coffee-Mugs8.webp\" alt=\"Individuell gestaltete Kaffeebecher8\" class=\"wp-image-1043\" srcset=\"https:\/\/www.qingfaceramic.com\/wp-content\/uploads\/2026\/01\/Customized-Coffee-Mugs8.webp 1204w, https:\/\/www.qingfaceramic.com\/wp-content\/uploads\/2026\/01\/Customized-Coffee-Mugs8-300x139.webp 300w, https:\/\/www.qingfaceramic.com\/wp-content\/uploads\/2026\/01\/Customized-Coffee-Mugs8-768x356.webp 768w, https:\/\/www.qingfaceramic.com\/wp-content\/uploads\/2026\/01\/Customized-Coffee-Mugs8-18x8.webp 18w, https:\/\/www.qingfaceramic.com\/wp-content\/uploads\/2026\/01\/Customized-Coffee-Mugs8-1200x556.webp 1200w, https:\/\/www.qingfaceramic.com\/wp-content\/uploads\/2026\/01\/Customized-Coffee-Mugs8-600x278.webp 600w\" sizes=\"(max-width: 1204px) 100vw, 1204px\" \/><\/figure>\n<\/div>\n\n\n\n<div class=\"wp-block-column is-layout-flow wp-block-column-is-layout-flow\">\n<figure class=\"wp-block-image size-full\"><img decoding=\"async\" width=\"1242\" height=\"736\" src=\"https:\/\/www.qingfaceramic.com\/wp-content\/uploads\/2026\/01\/Customized-Coffee-Mugs9.webp\" alt=\"Individuell gestaltete Kaffeebecher9\" class=\"wp-image-1044\" srcset=\"https:\/\/www.qingfaceramic.com\/wp-content\/uploads\/2026\/01\/Customized-Coffee-Mugs9.webp 1242w, https:\/\/www.qingfaceramic.com\/wp-content\/uploads\/2026\/01\/Customized-Coffee-Mugs9-300x178.webp 300w, https:\/\/www.qingfaceramic.com\/wp-content\/uploads\/2026\/01\/Customized-Coffee-Mugs9-768x455.webp 768w, https:\/\/www.qingfaceramic.com\/wp-content\/uploads\/2026\/01\/Customized-Coffee-Mugs9-18x12.webp 18w, https:\/\/www.qingfaceramic.com\/wp-content\/uploads\/2026\/01\/Customized-Coffee-Mugs9-1200x711.webp 1200w, https:\/\/www.qingfaceramic.com\/wp-content\/uploads\/2026\/01\/Customized-Coffee-Mugs9-600x356.webp 600w\" sizes=\"(max-width: 1242px) 100vw, 1242px\" \/><\/figure>\n\n\n\n<figure class=\"wp-block-image size-full\"><img decoding=\"async\" width=\"650\" height=\"652\" src=\"https:\/\/www.qingfaceramic.com\/wp-content\/uploads\/2026\/01\/Customized-Ceramic-Mugs11.webp\" alt=\"Individuell gestaltete Keramikbecher11\" class=\"wp-image-1045\" srcset=\"https:\/\/www.qingfaceramic.com\/wp-content\/uploads\/2026\/01\/Customized-Ceramic-Mugs11.webp 650w, https:\/\/www.qingfaceramic.com\/wp-content\/uploads\/2026\/01\/Customized-Ceramic-Mugs11-300x300.webp 300w, https:\/\/www.qingfaceramic.com\/wp-content\/uploads\/2026\/01\/Customized-Ceramic-Mugs11-150x150.webp 150w, https:\/\/www.qingfaceramic.com\/wp-content\/uploads\/2026\/01\/Customized-Ceramic-Mugs11-12x12.webp 12w, https:\/\/www.qingfaceramic.com\/wp-content\/uploads\/2026\/01\/Customized-Ceramic-Mugs11-600x602.webp 600w, https:\/\/www.qingfaceramic.com\/wp-content\/uploads\/2026\/01\/Customized-Ceramic-Mugs11-100x100.webp 100w\" sizes=\"(max-width: 650px) 100vw, 650px\" \/><\/figure>\n<\/div>\n<\/div>\n\n\n\n<div class=\"wp-block-columns is-layout-flex wp-container-core-columns-is-layout-9d6595d7 wp-block-columns-is-layout-flex\">\n<div class=\"wp-block-column is-layout-flow wp-block-column-is-layout-flow\">\n<figure class=\"wp-block-image size-full\"><img decoding=\"async\" width=\"750\" height=\"1694\" src=\"https:\/\/www.qingfaceramic.com\/wp-content\/uploads\/2026\/01\/Custom-Ceramic-Coffee-Mug-in-Bulk4.webp\" alt=\"Individueller Keramik-Kaffeebecher in Bulk4\" class=\"wp-image-591\" srcset=\"https:\/\/www.qingfaceramic.com\/wp-content\/uploads\/2026\/01\/Custom-Ceramic-Coffee-Mug-in-Bulk4.webp 750w, https:\/\/www.qingfaceramic.com\/wp-content\/uploads\/2026\/01\/Custom-Ceramic-Coffee-Mug-in-Bulk4-133x300.webp 133w, https:\/\/www.qingfaceramic.com\/wp-content\/uploads\/2026\/01\/Custom-Ceramic-Coffee-Mug-in-Bulk4-600x1355.webp 600w\" sizes=\"(max-width: 750px) 100vw, 750px\" \/><\/figure>\n<\/div>\n\n\n\n<div class=\"wp-block-column is-layout-flow wp-block-column-is-layout-flow\">\n<figure class=\"wp-block-image size-full\"><img decoding=\"async\" width=\"750\" height=\"1166\" src=\"https:\/\/www.qingfaceramic.com\/wp-content\/uploads\/2026\/01\/Custom-Ceramic-Coffee-Mug-in-Bulk5.webp\" alt=\"Individuelle Keramik-Kaffeebecher in Bulk5\" class=\"wp-image-592\" srcset=\"https:\/\/www.qingfaceramic.com\/wp-content\/uploads\/2026\/01\/Custom-Ceramic-Coffee-Mug-in-Bulk5.webp 750w, https:\/\/www.qingfaceramic.com\/wp-content\/uploads\/2026\/01\/Custom-Ceramic-Coffee-Mug-in-Bulk5-193x300.webp 193w, https:\/\/www.qingfaceramic.com\/wp-content\/uploads\/2026\/01\/Custom-Ceramic-Coffee-Mug-in-Bulk5-600x933.webp 600w\" sizes=\"(max-width: 750px) 100vw, 750px\" \/><\/figure>\n\n\n\n<figure class=\"wp-block-image size-full\"><img decoding=\"async\" width=\"1707\" height=\"1280\" src=\"https:\/\/www.qingfaceramic.com\/wp-content\/uploads\/2026\/01\/Integrated-Craftsmanship-Capability-1.webp\" alt=\"Integrierte handwerkliche F\u00e4higkeiten\" class=\"wp-image-571\" srcset=\"https:\/\/www.qingfaceramic.com\/wp-content\/uploads\/2026\/01\/Integrated-Craftsmanship-Capability-1.webp 1707w, https:\/\/www.qingfaceramic.com\/wp-content\/uploads\/2026\/01\/Integrated-Craftsmanship-Capability-1-300x225.webp 300w, https:\/\/www.qingfaceramic.com\/wp-content\/uploads\/2026\/01\/Integrated-Craftsmanship-Capability-1-768x576.webp 768w, https:\/\/www.qingfaceramic.com\/wp-content\/uploads\/2026\/01\/Integrated-Craftsmanship-Capability-1-1200x900.webp 1200w, https:\/\/www.qingfaceramic.com\/wp-content\/uploads\/2026\/01\/Integrated-Craftsmanship-Capability-1-600x450.webp 600w\" sizes=\"(max-width: 1707px) 100vw, 1707px\" \/><\/figure>\n<\/div>\n<\/div>","protected":false},"excerpt":{"rendered":"<p data-start=\"428\" data-end=\"756\">Unsere kundenspezifischen Kaffeebecher haben einen neuen glasierten gro\u00dfen japanischen Retro-Stil, der aus hochwertiger Keramik mit einer einzigartigen reaktiven Glasur hergestellt wird. Diese Becher eignen sich ideal f\u00fcr Caf\u00e9s, Restaurants, Hotels und den Einzelhandel und k\u00f6nnen in Gro\u00dfbestellungen mit Logos, Farben und Verpackungen individuell gestaltet werden (OEM\/ODM).<\/p>\n<h2>Individuell gestaltete Kaffeebecher Parameter<\/h2>\n<table>\n<thead>\n<tr>\n<th>Hersteller<\/th>\n<th>Qingfa Keramiken<\/th>\n<\/tr>\n<\/thead>\n<tbody>\n<tr>\n<td>Produktname<\/td>\n<td>Gro\u00dfer Retro-Kaffeebecher aus Keramik im japanischen Stil \/ Individueller Kaffeebecher<\/td>\n<\/tr>\n<tr>\n<td>Material<\/td>\n<td>Hochwertige glasierte Keramik<\/td>\n<\/tr>\n<tr>\n<td>Kapazit\u00e4t<\/td>\n<td>Ca. 400 ml (anpassbar)<\/td>\n<\/tr>\n<tr>\n<td>Design \/ Stil<\/td>\n<td>Neue glasierte gro\u00dfe retro japanischen Stil<\/td>\n<\/tr>\n<tr>\n<td>Oberfl\u00e4che<\/td>\n<td>Glatte reaktive Glasur, lebensmittelecht<\/td>\n<\/tr>\n<tr>\n<td>Farboptionen<\/td>\n<td>Individuelle Farbglasuroptionen verf\u00fcgbar<\/td>\n<\/tr>\n<tr>\n<td>Handgriff<\/td>\n<td>Komfortabler ergonomischer Griff<\/td>\n<\/tr>\n<tr>\n<td>Personalisierung<\/td>\n<td>Logodruck, Farbglasur, Musterdesign, Verpackung, OEM\/ODM<\/td>\n<\/tr>\n<tr>\n<td>Verwendung<\/td>\n<td>Kaffee, Tee, Milchkaffee, Cappuccino in Caf\u00e9s, Hotels, Restaurants, Einzelhandel<\/td>\n<\/tr>\n<tr>\n<td>Zertifizierungen<\/td>\n<td>FDA, LFGB, ISO (je nach Kundenwunsch)<\/td>\n<\/tr>\n<\/tbody>\n<\/table>\n<p>&nbsp;<\/p>","protected":false},"featured_media":1038,"comment_status":"closed","ping_status":"closed","template":"","meta":{"_acf_changed":false},"market":[],"product_brand":[],"product_cat":[17,28],"product_tag":[],"class_list":{"0":"post-1035","1":"product","2":"type-product","3":"status-publish","4":"has-post-thumbnail","6":"product_cat-custom-coffee-cups","7":"product_cat-custom-coffee-mugs","9":"first","10":"instock","11":"shipping-taxable","12":"product-type-simple"},"acf":[],"_links":{"self":[{"href":"https:\/\/www.qingfaceramic.com\/de\/wp-json\/wp\/v2\/product\/1035","targetHints":{"allow":["GET"]}}],"collection":[{"href":"https:\/\/www.qingfaceramic.com\/de\/wp-json\/wp\/v2\/product"}],"about":[{"href":"https:\/\/www.qingfaceramic.com\/de\/wp-json\/wp\/v2\/types\/product"}],"replies":[{"embeddable":true,"href":"https:\/\/www.qingfaceramic.com\/de\/wp-json\/wp\/v2\/comments?post=1035"}],"wp:featuredmedia":[{"embeddable":true,"href":"https:\/\/www.qingfaceramic.com\/de\/wp-json\/wp\/v2\/media\/1038"}],"wp:attachment":[{"href":"https:\/\/www.qingfaceramic.com\/de\/wp-json\/wp\/v2\/media?parent=1035"}],"wp:term":[{"taxonomy":"market","embeddable":true,"href":"https:\/\/www.qingfaceramic.com\/de\/wp-json\/wp\/v2\/market?post=1035"},{"taxonomy":"product_brand","embeddable":true,"href":"https:\/\/www.qingfaceramic.com\/de\/wp-json\/wp\/v2\/product_brand?post=1035"},{"taxonomy":"product_cat","embeddable":true,"href":"https:\/\/www.qingfaceramic.com\/de\/wp-json\/wp\/v2\/product_cat?post=1035"},{"taxonomy":"product_tag","embeddable":true,"href":"https:\/\/www.qingfaceramic.com\/de\/wp-json\/wp\/v2\/product_tag?post=1035"}],"curies":[{"name":"wp","href":"https:\/\/api.w.org\/{rel}","templated":true}]}}